{"id":4376,"date":"2018-01-24T09:55:57","date_gmt":"2018-01-24T09:55:57","guid":{"rendered":"http:\/\/semanasantabraga.com\/?page_id=4376"},"modified":"2019-10-02T10:35:52","modified_gmt":"2019-10-02T10:35:52","slug":"geminations-and-protocols","status":"publish","type":"page","link":"https:\/\/semanasantabraga.com\/en\/holy-week\/geminations-and-protocols\/","title":{"rendered":"Geminations and Protocols"},"content":{"rendered":"<h3 style=\"text-align: left;\">European Network of Celebrations of the Holy Week and Easter<\/h3>\n<p>The Commission of the Holy week is involved in a project to applying for a future European Cultural Route of the Council of Europe.<\/p>\n<p>&nbsp;<\/p>\n<p>Led by the Andalusian route <a href=\"https:\/\/www.caminosdepasion.com\/\" target=\"_blank\" rel=\"noopener\">&#8220;Caminos de Passi\u00f3n&#8221;<\/a> (Passion Paths), the new network begins its journey with the founding partners Spain, Portugal (with the Holy Week of Braga), Malta, Slovenia and Italy, a total of nine entities, that organize, in their different geographica regions, ceremonies related to Holy Week and Easter.<\/p>\n<p>&nbsp;<\/p>\n<p><strong>About the Cultural Routes of the Council of Europe<\/strong><\/p>\n<p>The Cultural Routes program of the Council of Europe was launched in 1987 by the Council of Europe to demonstrate, through space and time travel, how Europe&#8217;s cultural heritage develops across borders.<\/p>\n<p>&nbsp;<\/p>\n<p>A European cultural itinerary is a route that covers countries and regions that is structured around a theme whose history, artistic and cultural interest is clearly European, either by its geographical location or its content and meaning.<\/p>\n<p>&nbsp;<\/p>\n<p>&nbsp;<\/p>\n<p><strong>About the &#8220;European Network of Celebrations of Holy Week of Easter&#8221;<\/strong><\/p>\n<p>This European network of Holy Week and Easter celebrations is formed as a non-profit association open to all those religions and believers that commemorate the passion and resurrection of Jesus Christ and whose cultural heritage is a point of reference in their respective region and\/or countries.<\/p>\n<p>&nbsp;<\/p>\n<p>The Association intends to join forces and to take advantage of synergies in the consolidation of a model of conservation and diffusion of the material and immaterial heritage of Holy Week and Easter, while promoting these expressions of the different members and geographic areas involved as quality tourist destinations.<\/p>\n<p>&nbsp;<\/p>\n<p>This association has, as founding partners, different entities, which promote and add value in the representation of traditions and emblematic festivals at European level, which are the following:<\/p>\n<p>\u2013 The Italian Frederick II Foundation, Sicily, Italy, representing the municipalities of Palermo and Caltanissetta<\/p>\n<p>\u2013 The municipality of Birgu, from Malta<\/p>\n<p>\u2013 The Lenten Commission and Holy Week Celebrations in Braga, Portugal<\/p>\n<p>\u2013 The representations of the Passion of Christ in Skofja Loka, Slovenia<\/p>\n<p>\u2013 The Andalusian route Cami\u00f1os de Passi\u00f3n, which represents the Holy Week celebrations of the municipalities of Alcal\u00e1 la Real, Ja\u00e9n; Baena, Cabra, Carmona, Lucena, Priego de C\u00f3rdoba and Puente Genil, in the province of C\u00f3rdoba; and still \u00c9cija, Osuna and Utrera, of the province of Seville<\/p>\n<p>\u2013 Within the Spanish geography, the Holy Week celebrations of Orihuela (Alicante), Lorca (Murcia) and Viveiro (Lugo)<\/p>\n<p>&nbsp;<\/p>\n<p>The project is presented <a href=\"http:\/\/holyweek-easter-routes.caminosdepasion.com\/\" target=\"_blank\" rel=\"noopener\">here<\/a>.<\/p>\n<p>&nbsp;<\/p>\n<p>&nbsp;<\/p>\n<p><strong>Reasons for the application<\/strong><br \/>\nThis Cultural Itinerary project is a challenging opportunity and a platform to broadcast and publicize the heritage related to the celebrations of Holy Week and Easter (where Braga will be inserted), giving it visibility at a European level and even worldwide.<\/p>\n<h3>\u00a0<\/h3>\n<p>&nbsp;<\/p>\n<p style=\"text-align: center;\"><strong>\u2013\u00a0\u00a0\u2013\u00a0\u00a0\u2013\u00a0\u00a0\u2013\u00a0\u00a0\u2013\u00a0\u00a0\u2013\u00a0\u00a0\u2013\u00a0\u00a0\u2013\u00a0\u00a0\u2013\u00a0\u00a0\u2013\u00a0\u2013\u00a0\u00a0\u2013\u00a0\u00a0\u2013\u00a0\u00a0\u2013\u00a0\u00a0\u2013\u00a0\u00a0\u2013\u00a0\u00a0\u2013\u00a0\u00a0\u2013\u00a0\u00a0\u2013\u00a0\u00a0\u2013\u00a0<\/strong><\/p>\n<p>&nbsp;<\/p>\n<p>&nbsp;<\/p>\n<p>&nbsp;<\/p>\n<h3 style=\"text-align: left;\">Twinned with Holy Week in Medina del Campo<\/h3>\n<p style=\"text-align: left;\">Holy Week of Braga is twinned with Holy Week of Medina del Campo (Valladolid, Spain), with whom it also signed the first cooperation and exchange agreement. Visit the\u00a0<a href=\"http:\/\/www.semanasantamedina.es\/\">website<\/a> of the Board of Holy Week of Medina del Campo, \u201cAs prociss\u00f5es de disciplina mais antigas de Espanha\u201d.<\/p>\n<p style=\"text-align: left;\">The Commission intends to carry out other cooperation and exchange agreements with other Holy Weeks, in particular in Spain, and works towards this.<\/p>\n","protected":false},"excerpt":{"rendered":"<p>European Network of Celebrations of the Holy Week and Easter The Commission of the Holy week is involved in a project to applying for a future European Cultural Route of the Council of Europe. &nbsp; Led by the Andalusian route &#8220;Caminos de Passi\u00f3n&#8221; (Passion Paths), the new network begins its journey with the founding partners [&hellip;]<\/p>\n","protected":false},"author":3,"featured_media":622,"parent":4348,"menu_order":0,"comment_status":"closed","ping_status":"closed","template":"template-paginasimples.php","meta":{"_acf_changed":false,"inline_featured_image":false,"footnotes":""},"class_list":["post-4376","page","type-page","status-publish","has-post-thumbnail","hentry"],"acf":{"titulo_banner":"","texto_banner":"","alias_slider":""},"yoast_head":"<!-- This site is optimized with the Yoast SEO plugin v27.3 - https:\/\/yoast.com\/product\/yoast-seo-wordpress\/ -->\n<title>Geminations and Protocols - Semana Santa de Braga - S\u00edtio Oficial<\/title>\n<meta name=\"robots\" content=\"index, follow, max-snippet:-1, max-image-preview:large, max-video-preview:-1\" \/>\n<link rel=\"canonical\" href=\"https:\/\/semanasantabraga.com\/en\/holy-week\/geminations-and-protocols\/\" \/>\n<meta name=\"twitter:card\" content=\"summary_large_image\" \/>\n<meta name=\"twitter:title\" content=\"Geminations and Protocols - Semana Santa de Braga - S\u00edtio Oficial\" \/>\n<meta name=\"twitter:description\" content=\"European Network of Celebrations of the Holy Week and Easter The Commission of the Holy week is involved in a project to applying for a future European Cultural Route of the Council of Europe. &nbsp; Led by the Andalusian route &#8220;Caminos de Passi\u00f3n&#8221; (Passion Paths), the new network begins its journey with the founding partners [&hellip;]\" \/>\n<meta name=\"twitter:image\" content=\"https:\/\/semanasantabraga.com\/wp-content\/uploads\/2017\/02\/geminacoes-medina-del-campo.jpg\" \/>\n<meta name=\"twitter:label1\" content=\"Est. reading time\" \/>\n\t<meta name=\"twitter:data1\" content=\"3 minutes\" \/>\n<script type=\"application\/ld+json\" class=\"yoast-schema-graph\">{\"@context\":\"https:\\\/\\\/schema.org\",\"@graph\":[{\"@type\":\"WebPage\",\"@id\":\"https:\\\/\\\/semanasantabraga.com\\\/en\\\/holy-week\\\/geminations-and-protocols\\\/\",\"url\":\"https:\\\/\\\/semanasantabraga.com\\\/en\\\/holy-week\\\/geminations-and-protocols\\\/\",\"name\":\"Geminations and Protocols - Semana Santa de Braga - S\u00edtio Oficial\",\"isPartOf\":{\"@id\":\"https:\\\/\\\/semanasantabraga.com\\\/#website\"},\"primaryImageOfPage\":{\"@id\":\"https:\\\/\\\/semanasantabraga.com\\\/en\\\/holy-week\\\/geminations-and-protocols\\\/#primaryimage\"},\"image\":{\"@id\":\"https:\\\/\\\/semanasantabraga.com\\\/en\\\/holy-week\\\/geminations-and-protocols\\\/#primaryimage\"},\"thumbnailUrl\":\"https:\\\/\\\/semanasantabraga.com\\\/wp-content\\\/uploads\\\/2017\\\/02\\\/geminacoes-medina-del-campo.jpg\",\"datePublished\":\"2018-01-24T09:55:57+00:00\",\"dateModified\":\"2019-10-02T10:35:52+00:00\",\"breadcrumb\":{\"@id\":\"https:\\\/\\\/semanasantabraga.com\\\/en\\\/holy-week\\\/geminations-and-protocols\\\/#breadcrumb\"},\"inLanguage\":\"en-US\",\"potentialAction\":[{\"@type\":\"ReadAction\",\"target\":[\"https:\\\/\\\/semanasantabraga.com\\\/en\\\/holy-week\\\/geminations-and-protocols\\\/\"]}]},{\"@type\":\"ImageObject\",\"inLanguage\":\"en-US\",\"@id\":\"https:\\\/\\\/semanasantabraga.com\\\/en\\\/holy-week\\\/geminations-and-protocols\\\/#primaryimage\",\"url\":\"https:\\\/\\\/semanasantabraga.com\\\/wp-content\\\/uploads\\\/2017\\\/02\\\/geminacoes-medina-del-campo.jpg\",\"contentUrl\":\"https:\\\/\\\/semanasantabraga.com\\\/wp-content\\\/uploads\\\/2017\\\/02\\\/geminacoes-medina-del-campo.jpg\",\"width\":1920,\"height\":400},{\"@type\":\"BreadcrumbList\",\"@id\":\"https:\\\/\\\/semanasantabraga.com\\\/en\\\/holy-week\\\/geminations-and-protocols\\\/#breadcrumb\",\"itemListElement\":[{\"@type\":\"ListItem\",\"position\":1,\"name\":\"In\u00edcio\",\"item\":\"https:\\\/\\\/semanasantabraga.com\\\/en\\\/\"},{\"@type\":\"ListItem\",\"position\":2,\"name\":\"Holy Week\",\"item\":\"https:\\\/\\\/semanasantabraga.com\\\/en\\\/holy-week\\\/\"},{\"@type\":\"ListItem\",\"position\":3,\"name\":\"Geminations and Protocols\"}]},{\"@type\":\"WebSite\",\"@id\":\"https:\\\/\\\/semanasantabraga.com\\\/#website\",\"url\":\"https:\\\/\\\/semanasantabraga.com\\\/\",\"name\":\"Semana Santa de Braga - S\u00edtio Oficial\",\"description\":\"\",\"potentialAction\":[{\"@type\":\"SearchAction\",\"target\":{\"@type\":\"EntryPoint\",\"urlTemplate\":\"https:\\\/\\\/semanasantabraga.com\\\/?s={search_term_string}\"},\"query-input\":{\"@type\":\"PropertyValueSpecification\",\"valueRequired\":true,\"valueName\":\"search_term_string\"}}],\"inLanguage\":\"en-US\"}]}<\/script>\n<!-- \/ Yoast SEO plugin. -->","yoast_head_json":{"title":"Geminations and Protocols - Semana Santa de Braga - S\u00edtio Oficial","robots":{"index":"index","follow":"follow","max-snippet":"max-snippet:-1","max-image-preview":"max-image-preview:large","max-video-preview":"max-video-preview:-1"},"canonical":"https:\/\/semanasantabraga.com\/en\/holy-week\/geminations-and-protocols\/","twitter_card":"summary_large_image","twitter_title":"Geminations and Protocols - Semana Santa de Braga - S\u00edtio Oficial","twitter_description":"European Network of Celebrations of the Holy Week and Easter The Commission of the Holy week is involved in a project to applying for a future European Cultural Route of the Council of Europe. &nbsp; Led by the Andalusian route &#8220;Caminos de Passi\u00f3n&#8221; (Passion Paths), the new network begins its journey with the founding partners [&hellip;]","twitter_image":"https:\/\/semanasantabraga.com\/wp-content\/uploads\/2017\/02\/geminacoes-medina-del-campo.jpg","twitter_misc":{"Est. reading time":"3 minutes"},"schema":{"@context":"https:\/\/schema.org","@graph":[{"@type":"WebPage","@id":"https:\/\/semanasantabraga.com\/en\/holy-week\/geminations-and-protocols\/","url":"https:\/\/semanasantabraga.com\/en\/holy-week\/geminations-and-protocols\/","name":"Geminations and Protocols - Semana Santa de Braga - S\u00edtio Oficial","isPartOf":{"@id":"https:\/\/semanasantabraga.com\/#website"},"primaryImageOfPage":{"@id":"https:\/\/semanasantabraga.com\/en\/holy-week\/geminations-and-protocols\/#primaryimage"},"image":{"@id":"https:\/\/semanasantabraga.com\/en\/holy-week\/geminations-and-protocols\/#primaryimage"},"thumbnailUrl":"https:\/\/semanasantabraga.com\/wp-content\/uploads\/2017\/02\/geminacoes-medina-del-campo.jpg","datePublished":"2018-01-24T09:55:57+00:00","dateModified":"2019-10-02T10:35:52+00:00","breadcrumb":{"@id":"https:\/\/semanasantabraga.com\/en\/holy-week\/geminations-and-protocols\/#breadcrumb"},"inLanguage":"en-US","potentialAction":[{"@type":"ReadAction","target":["https:\/\/semanasantabraga.com\/en\/holy-week\/geminations-and-protocols\/"]}]},{"@type":"ImageObject","inLanguage":"en-US","@id":"https:\/\/semanasantabraga.com\/en\/holy-week\/geminations-and-protocols\/#primaryimage","url":"https:\/\/semanasantabraga.com\/wp-content\/uploads\/2017\/02\/geminacoes-medina-del-campo.jpg","contentUrl":"https:\/\/semanasantabraga.com\/wp-content\/uploads\/2017\/02\/geminacoes-medina-del-campo.jpg","width":1920,"height":400},{"@type":"BreadcrumbList","@id":"https:\/\/semanasantabraga.com\/en\/holy-week\/geminations-and-protocols\/#breadcrumb","itemListElement":[{"@type":"ListItem","position":1,"name":"In\u00edcio","item":"https:\/\/semanasantabraga.com\/en\/"},{"@type":"ListItem","position":2,"name":"Holy Week","item":"https:\/\/semanasantabraga.com\/en\/holy-week\/"},{"@type":"ListItem","position":3,"name":"Geminations and Protocols"}]},{"@type":"WebSite","@id":"https:\/\/semanasantabraga.com\/#website","url":"https:\/\/semanasantabraga.com\/","name":"Semana Santa de Braga - S\u00edtio Oficial","description":"","potentialAction":[{"@type":"SearchAction","target":{"@type":"EntryPoint","urlTemplate":"https:\/\/semanasantabraga.com\/?s={search_term_string}"},"query-input":{"@type":"PropertyValueSpecification","valueRequired":true,"valueName":"search_term_string"}}],"inLanguage":"en-US"}]}},"_links":{"self":[{"href":"https:\/\/semanasantabraga.com\/en\/wp-json\/wp\/v2\/pages\/4376","targetHints":{"allow":["GET"]}}],"collection":[{"href":"https:\/\/semanasantabraga.com\/en\/wp-json\/wp\/v2\/pages"}],"about":[{"href":"https:\/\/semanasantabraga.com\/en\/wp-json\/wp\/v2\/types\/page"}],"author":[{"embeddable":true,"href":"https:\/\/semanasantabraga.com\/en\/wp-json\/wp\/v2\/users\/3"}],"replies":[{"embeddable":true,"href":"https:\/\/semanasantabraga.com\/en\/wp-json\/wp\/v2\/comments?post=4376"}],"version-history":[{"count":4,"href":"https:\/\/semanasantabraga.com\/en\/wp-json\/wp\/v2\/pages\/4376\/revisions"}],"predecessor-version":[{"id":6928,"href":"https:\/\/semanasantabraga.com\/en\/wp-json\/wp\/v2\/pages\/4376\/revisions\/6928"}],"up":[{"embeddable":true,"href":"https:\/\/semanasantabraga.com\/en\/wp-json\/wp\/v2\/pages\/4348"}],"wp:featuredmedia":[{"embeddable":true,"href":"https:\/\/semanasantabraga.com\/en\/wp-json\/wp\/v2\/media\/622"}],"wp:attachment":[{"href":"https:\/\/semanasantabraga.com\/en\/wp-json\/wp\/v2\/media?parent=4376"}],"curies":[{"name":"wp","href":"https:\/\/api.w.org\/{rel}","templated":true}]}}