{"id":9545,"date":"2023-03-09T16:38:50","date_gmt":"2023-03-09T16:38:50","guid":{"rendered":"https:\/\/semanasantabraga.com\/?page_id=9545"},"modified":"2023-03-15T11:47:03","modified_gmt":"2023-03-15T11:47:03","slug":"carmona-spain","status":"publish","type":"page","link":"https:\/\/semanasantabraga.com\/en\/carmona-spain\/","title":{"rendered":"Carmona, Spain"},"content":{"rendered":"<p><strong>PHOTO 1<\/strong><\/p>\n<p>&nbsp;<\/p>\n<p><em>Author<\/em>: Jos\u00e9 Ramos<\/p>\n<p>&nbsp;<\/p>\n<p>The undoubted artistic interest of the celebration of Holy Week in Carmona is reflected in its admirable images, of which the oldest dated piece carried in procession in Andalusian Holy Week stands out: El Se\u00f1or de la Amargura, made in 1521 by Fern\u00e1ndez Alem\u00e1n. Christian Marian sculptures produced by the hands of the most prestigious sculptors who have passed through western Andalusia.\u00a0 Also of note are works by sculptors such as Ocampo, Montes de Oca, Pedro and Francisca Rold\u00e1n, Castillo Lastrucci, Duque Cornejo, Hita del Castillo and the disciples of Carmona &#8211; Francisco Buiza and Antonio Eslava. In the image, we can see the Holy Christ of la Amargura passing through the Puerta de Sevilla, a unique enclave in the context of Holy Week in Carmona, since it is a construction that dates back to the time of Jesus Christ.<\/p>\n<p>&nbsp;<\/p>\n<p>&nbsp;<\/p>\n<p>&nbsp;<\/p>\n<p><strong>PHOTO 2<\/strong><\/p>\n<p>&nbsp;<\/p>\n<p><em>Author<\/em>: Ram\u00f3n Rodr\u00edguez<\/p>\n<p>&nbsp;<\/p>\n<p>Carmona&#8217;s Holy Week is a Via Crucis of the Passos distributed among its stone walls, narrow streets and hidden squares in an exercise of solemnity, devotion and beauty. The monumentality of the city itself is an exceptional setting for the eight brotherhoods. In the image we can see Nuestro Padre Jes\u00fas Nazareno inside the Church of the Priory of Santa Mar\u00eda de la Asunci\u00f3n, a temple built between the 15th and 16th centuries. Jesus of Nazareth is the work of the extraordinary sculptor Francisco de Ocampo, 1607. The goldsmith&#8217;s work and the cross made of silver and tortoiseshell are notable. It is important to mention that it is the first confraternity of the Brotherhood of the Silence of Seville.<\/p>\n<p>&nbsp;<\/p>\n<p>&nbsp;<\/p>\n<p>&nbsp;<\/p>\n<p><strong>PHOTO 3<\/strong><\/p>\n<p>&nbsp;<\/p>\n<p><em>Author<\/em>: Francisco J. P\u00e9rez Garc\u00eda<\/p>\n<p>&nbsp;<\/p>\n<p>As if they were a royal procession, the processions in Carmona are distinguished by their solemnity and reverence. The different stages of the procession are accompanied by a large group of Nazarenes, acolytes who scent the way with incense. The acolytes carry lit candlesticks and insignia symbolising the Passion of Christ. Can be observed in this image the &#8220;station&#8221; of the Coronation of Thorns in San Fernando Square joining the official procession a few metres from the Priory Church of Santa Maria.<\/p>\n<p>&nbsp;<\/p>\n<p>&nbsp;<\/p>\n<p>&nbsp;<\/p>\n<p><strong>PHOTO 4<\/strong><\/p>\n<p>&nbsp;<\/p>\n<p><em>Author<\/em>: Rafa Morales Mora<\/p>\n<p>&nbsp;<\/p>\n<p>The devotion for their Holy Week makes the people of Carmona live this tradition every year with great fervour. One of the most characteristic moments of Holy Week in Carmona is the throwing of flower petals over the images of virgins as they pass through the streets and squares.<\/p>\n<p>Every year, the San Francisco neighbourhood covers the streets with carpets of petals. In these streets and squares passes the palio of Nuestra Se\u00f1ora y Madre de las Angustias, an image by Castillo Lastrucci, 1963. The most striking features of Carmona&#8217;s Semana Santa are the array of vestments of the brotherhoods, the embroidery, the gold and silver details. The canopy is the work of Hijos de Olmo y Cayetano Gonz\u00e1lez, 1939, acquired from the Hermandad del Amor in 1966. The gold and silver work is by Manuel Villarreal.<\/p>\n<p>&nbsp;<\/p>\n","protected":false},"excerpt":{"rendered":"<p>PHOTO 1 &nbsp; Author: Jos\u00e9 Ramos &nbsp; The undoubted artistic interest of the celebration of Holy Week in Carmona is reflected in its admirable images, of which the oldest dated piece carried in procession in Andalusian Holy Week stands out: El Se\u00f1or de la Amargura, made in 1521 by Fern\u00e1ndez Alem\u00e1n. Christian Marian sculptures produced [&hellip;]<\/p>\n","protected":false},"author":3,"featured_media":0,"parent":0,"menu_order":0,"comment_status":"closed","ping_status":"closed","template":"template-paginaexposicao.php","meta":{"_acf_changed":false,"inline_featured_image":false,"footnotes":""},"class_list":["post-9545","page","type-page","status-publish","hentry"],"acf":{"subtitulo_do_tipo_de_pagina":"Photography exhibition","titulo_do_tipo_de_pagina":"Holy Week","texto_do_tipo_de_pagina":"a European perspective","organizadores":[{"ID":9328,"id":9328,"title":"organizacao","filename":"organizacao.png","filesize":"13732","url":"https:\/\/semanasantabraga.com\/wp-content\/uploads\/2023\/02\/organizacao.png","link":"https:\/\/semanasantabraga.com\/en\/alcalalareal-spain\/organizacao\/","alt":"","author":"12","description":"","caption":"","name":"organizacao","status":"inherit","uploaded_to":9312,"date":"2023-02-28 12:44:56","modified":"2023-02-28 12:44:56","menu_order":0,"mime_type":"image\/png","type":"image","subtype":"png","icon":"https:\/\/semanasantabraga.com\/wp-includes\/images\/media\/default.png","width":180,"height":164,"sizes":{"thumbnail":"https:\/\/semanasantabraga.com\/wp-content\/uploads\/2023\/02\/organizacao.png","thumbnail-width":180,"thumbnail-height":164,"medium":"https:\/\/semanasantabraga.com\/wp-content\/uploads\/2023\/02\/organizacao.png","medium-width":180,"medium-height":164,"medium_large":"https:\/\/semanasantabraga.com\/wp-content\/uploads\/2023\/02\/organizacao.png","medium_large-width":180,"medium_large-height":164,"large":"https:\/\/semanasantabraga.com\/wp-content\/uploads\/2023\/02\/organizacao.png","large-width":180,"large-height":164,"1536x1536":"https:\/\/semanasantabraga.com\/wp-content\/uploads\/2023\/02\/organizacao.png","1536x1536-width":180,"1536x1536-height":164,"2048x2048":"https:\/\/semanasantabraga.com\/wp-content\/uploads\/2023\/02\/organizacao.png","2048x2048-width":180,"2048x2048-height":164}},{"ID":9331,"id":9331,"title":"cabido-se-de-braga","filename":"cabido-se-de-braga.png","filesize":"13412","url":"https:\/\/semanasantabraga.com\/wp-content\/uploads\/2023\/02\/cabido-se-de-braga.png","link":"https:\/\/semanasantabraga.com\/en\/alcalalareal-spain\/cabido-se-de-braga\/","alt":"","author":"12","description":"","caption":"","name":"cabido-se-de-braga","status":"inherit","uploaded_to":9312,"date":"2023-02-28 12:44:58","modified":"2023-02-28 12:44:58","menu_order":0,"mime_type":"image\/png","type":"image","subtype":"png","icon":"https:\/\/semanasantabraga.com\/wp-includes\/images\/media\/default.png","width":90,"height":99,"sizes":{"thumbnail":"https:\/\/semanasantabraga.com\/wp-content\/uploads\/2023\/02\/cabido-se-de-braga.png","thumbnail-width":90,"thumbnail-height":99,"medium":"https:\/\/semanasantabraga.com\/wp-content\/uploads\/2023\/02\/cabido-se-de-braga.png","medium-width":90,"medium-height":99,"medium_large":"https:\/\/semanasantabraga.com\/wp-content\/uploads\/2023\/02\/cabido-se-de-braga.png","medium_large-width":90,"medium_large-height":99,"large":"https:\/\/semanasantabraga.com\/wp-content\/uploads\/2023\/02\/cabido-se-de-braga.png","large-width":90,"large-height":99,"1536x1536":"https:\/\/semanasantabraga.com\/wp-content\/uploads\/2023\/02\/cabido-se-de-braga.png","1536x1536-width":90,"1536x1536-height":99,"2048x2048":"https:\/\/semanasantabraga.com\/wp-content\/uploads\/2023\/02\/cabido-se-de-braga.png","2048x2048-width":90,"2048x2048-height":99}},{"ID":9334,"id":9334,"title":"irmandade-da-misericordia-1","filename":"irmandade-da-misericordia-1.png","filesize":"15724","url":"https:\/\/semanasantabraga.com\/wp-content\/uploads\/2023\/02\/irmandade-da-misericordia-1.png","link":"https:\/\/semanasantabraga.com\/en\/alcalalareal-spain\/irmandade-da-misericordia-1\/","alt":"","author":"12","description":"","caption":"","name":"irmandade-da-misericordia-1","status":"inherit","uploaded_to":9312,"date":"2023-02-28 12:45:00","modified":"2023-02-28 12:45:00","menu_order":0,"mime_type":"image\/png","type":"image","subtype":"png","icon":"https:\/\/semanasantabraga.com\/wp-includes\/images\/media\/default.png","width":83,"height":99,"sizes":{"thumbnail":"https:\/\/semanasantabraga.com\/wp-content\/uploads\/2023\/02\/irmandade-da-misericordia-1.png","thumbnail-width":83,"thumbnail-height":99,"medium":"https:\/\/semanasantabraga.com\/wp-content\/uploads\/2023\/02\/irmandade-da-misericordia-1.png","medium-width":83,"medium-height":99,"medium_large":"https:\/\/semanasantabraga.com\/wp-content\/uploads\/2023\/02\/irmandade-da-misericordia-1.png","medium_large-width":83,"medium_large-height":99,"large":"https:\/\/semanasantabraga.com\/wp-content\/uploads\/2023\/02\/irmandade-da-misericordia-1.png","large-width":83,"large-height":99,"1536x1536":"https:\/\/semanasantabraga.com\/wp-content\/uploads\/2023\/02\/irmandade-da-misericordia-1.png","1536x1536-width":83,"1536x1536-height":99,"2048x2048":"https:\/\/semanasantabraga.com\/wp-content\/uploads\/2023\/02\/irmandade-da-misericordia-1.png","2048x2048-width":83,"2048x2048-height":99}}],"titulo_botao":"Know more","link_externo":"https:\/\/www.holyweekeurope.com\/en\/european-network-of-holy-week-and-easter-celebrations\/"},"yoast_head":"<!-- This site is optimized with the Yoast SEO plugin v27.3 - https:\/\/yoast.com\/product\/yoast-seo-wordpress\/ -->\n<title>Carmona, Spain - Semana Santa de Braga - S\u00edtio Oficial<\/title>\n<meta name=\"robots\" content=\"index, follow, max-snippet:-1, max-image-preview:large, max-video-preview:-1\" \/>\n<link rel=\"canonical\" href=\"https:\/\/semanasantabraga.com\/en\/carmona-spain\/\" \/>\n<meta name=\"twitter:card\" content=\"summary_large_image\" \/>\n<meta name=\"twitter:title\" content=\"Carmona, Spain - Semana Santa de Braga - S\u00edtio Oficial\" \/>\n<meta name=\"twitter:description\" content=\"PHOTO 1 &nbsp; Author: Jos\u00e9 Ramos &nbsp; The undoubted artistic interest of the celebration of Holy Week in Carmona is reflected in its admirable images, of which the oldest dated piece carried in procession in Andalusian Holy Week stands out: El Se\u00f1or de la Amargura, made in 1521 by Fern\u00e1ndez Alem\u00e1n. Christian Marian sculptures produced [&hellip;]\" \/>\n<meta name=\"twitter:label1\" content=\"Est. reading time\" \/>\n\t<meta name=\"twitter:data1\" content=\"3 minutes\" \/>\n<script type=\"application\/ld+json\" class=\"yoast-schema-graph\">{\"@context\":\"https:\\\/\\\/schema.org\",\"@graph\":[{\"@type\":\"WebPage\",\"@id\":\"https:\\\/\\\/semanasantabraga.com\\\/en\\\/carmona-spain\\\/\",\"url\":\"https:\\\/\\\/semanasantabraga.com\\\/en\\\/carmona-spain\\\/\",\"name\":\"Carmona, Spain - Semana Santa de Braga - S\u00edtio Oficial\",\"isPartOf\":{\"@id\":\"https:\\\/\\\/semanasantabraga.com\\\/#website\"},\"datePublished\":\"2023-03-09T16:38:50+00:00\",\"dateModified\":\"2023-03-15T11:47:03+00:00\",\"breadcrumb\":{\"@id\":\"https:\\\/\\\/semanasantabraga.com\\\/en\\\/carmona-spain\\\/#breadcrumb\"},\"inLanguage\":\"en-US\",\"potentialAction\":[{\"@type\":\"ReadAction\",\"target\":[\"https:\\\/\\\/semanasantabraga.com\\\/en\\\/carmona-spain\\\/\"]}]},{\"@type\":\"BreadcrumbList\",\"@id\":\"https:\\\/\\\/semanasantabraga.com\\\/en\\\/carmona-spain\\\/#breadcrumb\",\"itemListElement\":[{\"@type\":\"ListItem\",\"position\":1,\"name\":\"In\u00edcio\",\"item\":\"https:\\\/\\\/semanasantabraga.com\\\/en\\\/\"},{\"@type\":\"ListItem\",\"position\":2,\"name\":\"Carmona, Spain\"}]},{\"@type\":\"WebSite\",\"@id\":\"https:\\\/\\\/semanasantabraga.com\\\/#website\",\"url\":\"https:\\\/\\\/semanasantabraga.com\\\/\",\"name\":\"Semana Santa de Braga - S\u00edtio Oficial\",\"description\":\"\",\"potentialAction\":[{\"@type\":\"SearchAction\",\"target\":{\"@type\":\"EntryPoint\",\"urlTemplate\":\"https:\\\/\\\/semanasantabraga.com\\\/?s={search_term_string}\"},\"query-input\":{\"@type\":\"PropertyValueSpecification\",\"valueRequired\":true,\"valueName\":\"search_term_string\"}}],\"inLanguage\":\"en-US\"}]}<\/script>\n<!-- \/ Yoast SEO plugin. -->","yoast_head_json":{"title":"Carmona, Spain - Semana Santa de Braga - S\u00edtio Oficial","robots":{"index":"index","follow":"follow","max-snippet":"max-snippet:-1","max-image-preview":"max-image-preview:large","max-video-preview":"max-video-preview:-1"},"canonical":"https:\/\/semanasantabraga.com\/en\/carmona-spain\/","twitter_card":"summary_large_image","twitter_title":"Carmona, Spain - Semana Santa de Braga - S\u00edtio Oficial","twitter_description":"PHOTO 1 &nbsp; Author: Jos\u00e9 Ramos &nbsp; The undoubted artistic interest of the celebration of Holy Week in Carmona is reflected in its admirable images, of which the oldest dated piece carried in procession in Andalusian Holy Week stands out: El Se\u00f1or de la Amargura, made in 1521 by Fern\u00e1ndez Alem\u00e1n. Christian Marian sculptures produced [&hellip;]","twitter_misc":{"Est. reading time":"3 minutes"},"schema":{"@context":"https:\/\/schema.org","@graph":[{"@type":"WebPage","@id":"https:\/\/semanasantabraga.com\/en\/carmona-spain\/","url":"https:\/\/semanasantabraga.com\/en\/carmona-spain\/","name":"Carmona, Spain - Semana Santa de Braga - S\u00edtio Oficial","isPartOf":{"@id":"https:\/\/semanasantabraga.com\/#website"},"datePublished":"2023-03-09T16:38:50+00:00","dateModified":"2023-03-15T11:47:03+00:00","breadcrumb":{"@id":"https:\/\/semanasantabraga.com\/en\/carmona-spain\/#breadcrumb"},"inLanguage":"en-US","potentialAction":[{"@type":"ReadAction","target":["https:\/\/semanasantabraga.com\/en\/carmona-spain\/"]}]},{"@type":"BreadcrumbList","@id":"https:\/\/semanasantabraga.com\/en\/carmona-spain\/#breadcrumb","itemListElement":[{"@type":"ListItem","position":1,"name":"In\u00edcio","item":"https:\/\/semanasantabraga.com\/en\/"},{"@type":"ListItem","position":2,"name":"Carmona, Spain"}]},{"@type":"WebSite","@id":"https:\/\/semanasantabraga.com\/#website","url":"https:\/\/semanasantabraga.com\/","name":"Semana Santa de Braga - S\u00edtio Oficial","description":"","potentialAction":[{"@type":"SearchAction","target":{"@type":"EntryPoint","urlTemplate":"https:\/\/semanasantabraga.com\/?s={search_term_string}"},"query-input":{"@type":"PropertyValueSpecification","valueRequired":true,"valueName":"search_term_string"}}],"inLanguage":"en-US"}]}},"_links":{"self":[{"href":"https:\/\/semanasantabraga.com\/en\/wp-json\/wp\/v2\/pages\/9545","targetHints":{"allow":["GET"]}}],"collection":[{"href":"https:\/\/semanasantabraga.com\/en\/wp-json\/wp\/v2\/pages"}],"about":[{"href":"https:\/\/semanasantabraga.com\/en\/wp-json\/wp\/v2\/types\/page"}],"author":[{"embeddable":true,"href":"https:\/\/semanasantabraga.com\/en\/wp-json\/wp\/v2\/users\/3"}],"replies":[{"embeddable":true,"href":"https:\/\/semanasantabraga.com\/en\/wp-json\/wp\/v2\/comments?post=9545"}],"version-history":[{"count":1,"href":"https:\/\/semanasantabraga.com\/en\/wp-json\/wp\/v2\/pages\/9545\/revisions"}],"predecessor-version":[{"id":9548,"href":"https:\/\/semanasantabraga.com\/en\/wp-json\/wp\/v2\/pages\/9545\/revisions\/9548"}],"wp:attachment":[{"href":"https:\/\/semanasantabraga.com\/en\/wp-json\/wp\/v2\/media?parent=9545"}],"curies":[{"name":"wp","href":"https:\/\/api.w.org\/{rel}","templated":true}]}}