{"id":9549,"date":"2023-03-09T16:43:21","date_gmt":"2023-03-09T16:43:21","guid":{"rendered":"https:\/\/semanasantabraga.com\/?page_id=9549"},"modified":"2023-03-15T11:46:22","modified_gmt":"2023-03-15T11:46:22","slug":"ecija-spain","status":"publish","type":"page","link":"https:\/\/semanasantabraga.com\/en\/ecija-spain\/","title":{"rendered":"\u00c9cija, Spain"},"content":{"rendered":"<p><strong>PHOTO 1<\/strong><\/p>\n<p>&nbsp;<\/p>\n<p><em>Author<\/em>: Nio G\u00f3mez<\/p>\n<p>&nbsp;<\/p>\n<p>Holy Week is, without a doubt, the most important celebration in \u00c9cija. Every year it is watched with fervour by citizens and visitors from all over the world, anxious to see the procession with its imposing artistic legacy that has centuries of history. Highlights include the sculpture of the Cristo de la Salud (Christ of Health) which dates back to 1500. Heirs to a centuries-old devotion, thirteen brotherhoods participate in \u00c9cija&#8217;s Semana Santa. The image shows the imposing carving of the Cristo de la Yedra, a work attributed to Juan de Mesa and one of the most popular in the city. It is venerated in the 18th century Church of Santa Ana. The Christ is the protagonist of Easter Monday in \u00c9cija and belongs to the Brotherhood of La Yedra, founded in 1959 by a group of residents of the Puente neighbourhood.<\/p>\n<p>&nbsp;<\/p>\n<p>&nbsp;<\/p>\n<p>&nbsp;<\/p>\n<p><strong>PHOTO 2<\/strong><\/p>\n<p>&nbsp;<\/p>\n<p><em>Author<\/em>: Nio G\u00f3mez<\/p>\n<p>&nbsp;<\/p>\n<p>Declared a Historic Site and considered one of the most important artistic centres in Andalusia, the City of Towers and Sun is surprising for its exceptional heritage. During Holy Week its rich baroque heritage stands out. In the image, we can see the titular figures of the Royal Brotherhood of Jes\u00fas Nazareno Hugging the Cross and Our Lady of Amargura (Brotherhood of Silence), founded in 1666. The image of Christ is part of the works of the workshop of Pedro Rold\u00e1n, while the image of Our Lady of Bitterness was made in 1964 by the Sevillian artist Antonio Castillo Lastrucci. They participate in the Holy Friday morning procession of the Mayor Parish of Santa Cruz, built between 1776 and 1836.<\/p>\n<p>&nbsp;<\/p>\n<p>&nbsp;<\/p>\n<p>&nbsp;<\/p>\n<p><strong>PHOTO 3<\/strong><\/p>\n<p>&nbsp;<\/p>\n<p><em>Author<\/em>: Nio G\u00f3mez<\/p>\n<p>&nbsp;<\/p>\n<p>The Holy Week processions of \u00c9cija stand out for their solemnity and baroque style. In these processions it is usual the participation of the Brothers with their accessories: guide cross, flags and insignia made with rich and ancestral embroidery. In the photo, we can see the group of Romans accompanying the coffin of Christ in his Holy Sepulchre, made in 1711 by the Sevillian Crist\u00f3bal de Yerpes in wood and covered with fine tortoiseshell leaves inlaid with sterling silver. The Jacent Christ, for its part, dates from the 14th and 15th centuries, and is part of the Real, Muy Ilustre, Antigua y Noble Cofrad\u00eda de Nazarenos de Nuestra Se\u00f1ora en la Consideraci\u00f3n de Sus Angustias y Soledad, Santo Entierro de Nuestro Se\u00f1or Jesucristo y del Dulce Nombre de Jes\u00fas.<\/p>\n<p>&nbsp;<\/p>\n<p>&nbsp;<\/p>\n<p>&nbsp;<\/p>\n<p><strong>PHOTO 4<\/strong><\/p>\n<p>&nbsp;<\/p>\n<p><em>Author<\/em>: Nio G\u00f3mez<\/p>\n<p>&nbsp;<\/p>\n<p>Among the numerous processions in \u00c9cija, some stand out for conserving in different degrees the so-called Ecijan style, as opposed to the Sevillian style. The Ecijan-style Passos were carried on the shoulders of men dressed in tunics and face covering. The images were placed on tall bases or baskets of square proportions as opposed to today&#8217;s rectangular baskets, and were lighted by glass chandeliers. The crowns of the Dolorosas had resplendours, as we can see on many of the virgins of Glory in processions today. In the image, we can see the Holy Christ of Confal\u00f3n, by an anonymous artist, sculpted in the 16th century. It is one of those carried in procession in the purest Ecijan style, especially because of its square proportions and because it is carried on the shoulders by a group of brothers dressed in the tunic of the Brotherhood and with their faces covered by a hood. It is carried on a 18th century gilded baroque base.<\/p>\n<p>&nbsp;<\/p>\n<p>&nbsp;<\/p>\n<p>&nbsp;<\/p>\n<p><strong>PHOTO 5<\/strong><\/p>\n<p>&nbsp;<\/p>\n<p><em>Author<\/em>: Nio G\u00f3mez<\/p>\n<p>&nbsp;<\/p>\n<p>Apart from the particular itineraries maintained by each brotherhood, \u00c9cija&#8217;s Semana Santa also stands out for maintaining an Official Procession through which all the floats have to parade during their paths. The photograph shows the Brotherhood of the Sant\u00edsimo Cristo de la Expiraci\u00f3n, Nuestra Se\u00f1ora de los Dolores and Jes\u00fas Nazareno de la Misericordia, founded in 1579, passing through the official path during their Holy Tuesday penitential procession. The Brotherhood preserves sculptures by Jos\u00e9 Montes de Oca, Rafael Amadeo Rojas, La Roldana and Pedro Rold\u00e1n, who sculpted the Christ of Expiration in 1680. We can also see how the procession is followed by a Band of Cornets and Drums, together with other Sevillian-style musical groups, in the procession parades that maintain the Sevillian style.<\/p>\n<p>&nbsp;<\/p>\n","protected":false},"excerpt":{"rendered":"<p>PHOTO 1 &nbsp; Author: Nio G\u00f3mez &nbsp; Holy Week is, without a doubt, the most important celebration in \u00c9cija. Every year it is watched with fervour by citizens and visitors from all over the world, anxious to see the procession with its imposing artistic legacy that has centuries of history. Highlights include the sculpture of [&hellip;]<\/p>\n","protected":false},"author":3,"featured_media":0,"parent":0,"menu_order":0,"comment_status":"closed","ping_status":"closed","template":"template-paginaexposicao.php","meta":{"_acf_changed":false,"inline_featured_image":false,"footnotes":""},"class_list":["post-9549","page","type-page","status-publish","hentry"],"acf":{"subtitulo_do_tipo_de_pagina":"Photography exhibition","titulo_do_tipo_de_pagina":"Holy Week","texto_do_tipo_de_pagina":"a European perspective","organizadores":[{"ID":9328,"id":9328,"title":"organizacao","filename":"organizacao.png","filesize":"13732","url":"https:\/\/semanasantabraga.com\/wp-content\/uploads\/2023\/02\/organizacao.png","link":"https:\/\/semanasantabraga.com\/en\/alcalalareal-spain\/organizacao\/","alt":"","author":"12","description":"","caption":"","name":"organizacao","status":"inherit","uploaded_to":9312,"date":"2023-02-28 12:44:56","modified":"2023-02-28 12:44:56","menu_order":0,"mime_type":"image\/png","type":"image","subtype":"png","icon":"https:\/\/semanasantabraga.com\/wp-includes\/images\/media\/default.png","width":180,"height":164,"sizes":{"thumbnail":"https:\/\/semanasantabraga.com\/wp-content\/uploads\/2023\/02\/organizacao.png","thumbnail-width":180,"thumbnail-height":164,"medium":"https:\/\/semanasantabraga.com\/wp-content\/uploads\/2023\/02\/organizacao.png","medium-width":180,"medium-height":164,"medium_large":"https:\/\/semanasantabraga.com\/wp-content\/uploads\/2023\/02\/organizacao.png","medium_large-width":180,"medium_large-height":164,"large":"https:\/\/semanasantabraga.com\/wp-content\/uploads\/2023\/02\/organizacao.png","large-width":180,"large-height":164,"1536x1536":"https:\/\/semanasantabraga.com\/wp-content\/uploads\/2023\/02\/organizacao.png","1536x1536-width":180,"1536x1536-height":164,"2048x2048":"https:\/\/semanasantabraga.com\/wp-content\/uploads\/2023\/02\/organizacao.png","2048x2048-width":180,"2048x2048-height":164}},{"ID":9331,"id":9331,"title":"cabido-se-de-braga","filename":"cabido-se-de-braga.png","filesize":"13412","url":"https:\/\/semanasantabraga.com\/wp-content\/uploads\/2023\/02\/cabido-se-de-braga.png","link":"https:\/\/semanasantabraga.com\/en\/alcalalareal-spain\/cabido-se-de-braga\/","alt":"","author":"12","description":"","caption":"","name":"cabido-se-de-braga","status":"inherit","uploaded_to":9312,"date":"2023-02-28 12:44:58","modified":"2023-02-28 12:44:58","menu_order":0,"mime_type":"image\/png","type":"image","subtype":"png","icon":"https:\/\/semanasantabraga.com\/wp-includes\/images\/media\/default.png","width":90,"height":99,"sizes":{"thumbnail":"https:\/\/semanasantabraga.com\/wp-content\/uploads\/2023\/02\/cabido-se-de-braga.png","thumbnail-width":90,"thumbnail-height":99,"medium":"https:\/\/semanasantabraga.com\/wp-content\/uploads\/2023\/02\/cabido-se-de-braga.png","medium-width":90,"medium-height":99,"medium_large":"https:\/\/semanasantabraga.com\/wp-content\/uploads\/2023\/02\/cabido-se-de-braga.png","medium_large-width":90,"medium_large-height":99,"large":"https:\/\/semanasantabraga.com\/wp-content\/uploads\/2023\/02\/cabido-se-de-braga.png","large-width":90,"large-height":99,"1536x1536":"https:\/\/semanasantabraga.com\/wp-content\/uploads\/2023\/02\/cabido-se-de-braga.png","1536x1536-width":90,"1536x1536-height":99,"2048x2048":"https:\/\/semanasantabraga.com\/wp-content\/uploads\/2023\/02\/cabido-se-de-braga.png","2048x2048-width":90,"2048x2048-height":99}},{"ID":9334,"id":9334,"title":"irmandade-da-misericordia-1","filename":"irmandade-da-misericordia-1.png","filesize":"15724","url":"https:\/\/semanasantabraga.com\/wp-content\/uploads\/2023\/02\/irmandade-da-misericordia-1.png","link":"https:\/\/semanasantabraga.com\/en\/alcalalareal-spain\/irmandade-da-misericordia-1\/","alt":"","author":"12","description":"","caption":"","name":"irmandade-da-misericordia-1","status":"inherit","uploaded_to":9312,"date":"2023-02-28 12:45:00","modified":"2023-02-28 12:45:00","menu_order":0,"mime_type":"image\/png","type":"image","subtype":"png","icon":"https:\/\/semanasantabraga.com\/wp-includes\/images\/media\/default.png","width":83,"height":99,"sizes":{"thumbnail":"https:\/\/semanasantabraga.com\/wp-content\/uploads\/2023\/02\/irmandade-da-misericordia-1.png","thumbnail-width":83,"thumbnail-height":99,"medium":"https:\/\/semanasantabraga.com\/wp-content\/uploads\/2023\/02\/irmandade-da-misericordia-1.png","medium-width":83,"medium-height":99,"medium_large":"https:\/\/semanasantabraga.com\/wp-content\/uploads\/2023\/02\/irmandade-da-misericordia-1.png","medium_large-width":83,"medium_large-height":99,"large":"https:\/\/semanasantabraga.com\/wp-content\/uploads\/2023\/02\/irmandade-da-misericordia-1.png","large-width":83,"large-height":99,"1536x1536":"https:\/\/semanasantabraga.com\/wp-content\/uploads\/2023\/02\/irmandade-da-misericordia-1.png","1536x1536-width":83,"1536x1536-height":99,"2048x2048":"https:\/\/semanasantabraga.com\/wp-content\/uploads\/2023\/02\/irmandade-da-misericordia-1.png","2048x2048-width":83,"2048x2048-height":99}}],"titulo_botao":"Know more","link_externo":"https:\/\/www.holyweekeurope.com\/en\/european-network-of-holy-week-and-easter-celebrations\/"},"yoast_head":"<!-- This site is optimized with the Yoast SEO plugin v27.3 - https:\/\/yoast.com\/product\/yoast-seo-wordpress\/ -->\n<title>\u00c9cija, Spain - Semana Santa de Braga - S\u00edtio Oficial<\/title>\n<meta name=\"robots\" content=\"index, follow, max-snippet:-1, max-image-preview:large, max-video-preview:-1\" \/>\n<link rel=\"canonical\" href=\"https:\/\/semanasantabraga.com\/en\/ecija-spain\/\" \/>\n<meta name=\"twitter:card\" content=\"summary_large_image\" \/>\n<meta name=\"twitter:title\" content=\"\u00c9cija, Spain - Semana Santa de Braga - S\u00edtio Oficial\" \/>\n<meta name=\"twitter:description\" content=\"PHOTO 1 &nbsp; Author: Nio G\u00f3mez &nbsp; Holy Week is, without a doubt, the most important celebration in \u00c9cija. Every year it is watched with fervour by citizens and visitors from all over the world, anxious to see the procession with its imposing artistic legacy that has centuries of history. Highlights include the sculpture of [&hellip;]\" \/>\n<meta name=\"twitter:label1\" content=\"Est. reading time\" \/>\n\t<meta name=\"twitter:data1\" content=\"4 minutes\" \/>\n<script type=\"application\/ld+json\" class=\"yoast-schema-graph\">{\"@context\":\"https:\\\/\\\/schema.org\",\"@graph\":[{\"@type\":\"WebPage\",\"@id\":\"https:\\\/\\\/semanasantabraga.com\\\/en\\\/ecija-spain\\\/\",\"url\":\"https:\\\/\\\/semanasantabraga.com\\\/en\\\/ecija-spain\\\/\",\"name\":\"\u00c9cija, Spain - Semana Santa de Braga - S\u00edtio Oficial\",\"isPartOf\":{\"@id\":\"https:\\\/\\\/semanasantabraga.com\\\/#website\"},\"datePublished\":\"2023-03-09T16:43:21+00:00\",\"dateModified\":\"2023-03-15T11:46:22+00:00\",\"breadcrumb\":{\"@id\":\"https:\\\/\\\/semanasantabraga.com\\\/en\\\/ecija-spain\\\/#breadcrumb\"},\"inLanguage\":\"en-US\",\"potentialAction\":[{\"@type\":\"ReadAction\",\"target\":[\"https:\\\/\\\/semanasantabraga.com\\\/en\\\/ecija-spain\\\/\"]}]},{\"@type\":\"BreadcrumbList\",\"@id\":\"https:\\\/\\\/semanasantabraga.com\\\/en\\\/ecija-spain\\\/#breadcrumb\",\"itemListElement\":[{\"@type\":\"ListItem\",\"position\":1,\"name\":\"In\u00edcio\",\"item\":\"https:\\\/\\\/semanasantabraga.com\\\/en\\\/\"},{\"@type\":\"ListItem\",\"position\":2,\"name\":\"\u00c9cija, Spain\"}]},{\"@type\":\"WebSite\",\"@id\":\"https:\\\/\\\/semanasantabraga.com\\\/#website\",\"url\":\"https:\\\/\\\/semanasantabraga.com\\\/\",\"name\":\"Semana Santa de Braga - S\u00edtio Oficial\",\"description\":\"\",\"potentialAction\":[{\"@type\":\"SearchAction\",\"target\":{\"@type\":\"EntryPoint\",\"urlTemplate\":\"https:\\\/\\\/semanasantabraga.com\\\/?s={search_term_string}\"},\"query-input\":{\"@type\":\"PropertyValueSpecification\",\"valueRequired\":true,\"valueName\":\"search_term_string\"}}],\"inLanguage\":\"en-US\"}]}<\/script>\n<!-- \/ Yoast SEO plugin. -->","yoast_head_json":{"title":"\u00c9cija, Spain - Semana Santa de Braga - S\u00edtio Oficial","robots":{"index":"index","follow":"follow","max-snippet":"max-snippet:-1","max-image-preview":"max-image-preview:large","max-video-preview":"max-video-preview:-1"},"canonical":"https:\/\/semanasantabraga.com\/en\/ecija-spain\/","twitter_card":"summary_large_image","twitter_title":"\u00c9cija, Spain - Semana Santa de Braga - S\u00edtio Oficial","twitter_description":"PHOTO 1 &nbsp; Author: Nio G\u00f3mez &nbsp; Holy Week is, without a doubt, the most important celebration in \u00c9cija. Every year it is watched with fervour by citizens and visitors from all over the world, anxious to see the procession with its imposing artistic legacy that has centuries of history. Highlights include the sculpture of [&hellip;]","twitter_misc":{"Est. reading time":"4 minutes"},"schema":{"@context":"https:\/\/schema.org","@graph":[{"@type":"WebPage","@id":"https:\/\/semanasantabraga.com\/en\/ecija-spain\/","url":"https:\/\/semanasantabraga.com\/en\/ecija-spain\/","name":"\u00c9cija, Spain - Semana Santa de Braga - S\u00edtio Oficial","isPartOf":{"@id":"https:\/\/semanasantabraga.com\/#website"},"datePublished":"2023-03-09T16:43:21+00:00","dateModified":"2023-03-15T11:46:22+00:00","breadcrumb":{"@id":"https:\/\/semanasantabraga.com\/en\/ecija-spain\/#breadcrumb"},"inLanguage":"en-US","potentialAction":[{"@type":"ReadAction","target":["https:\/\/semanasantabraga.com\/en\/ecija-spain\/"]}]},{"@type":"BreadcrumbList","@id":"https:\/\/semanasantabraga.com\/en\/ecija-spain\/#breadcrumb","itemListElement":[{"@type":"ListItem","position":1,"name":"In\u00edcio","item":"https:\/\/semanasantabraga.com\/en\/"},{"@type":"ListItem","position":2,"name":"\u00c9cija, Spain"}]},{"@type":"WebSite","@id":"https:\/\/semanasantabraga.com\/#website","url":"https:\/\/semanasantabraga.com\/","name":"Semana Santa de Braga - S\u00edtio Oficial","description":"","potentialAction":[{"@type":"SearchAction","target":{"@type":"EntryPoint","urlTemplate":"https:\/\/semanasantabraga.com\/?s={search_term_string}"},"query-input":{"@type":"PropertyValueSpecification","valueRequired":true,"valueName":"search_term_string"}}],"inLanguage":"en-US"}]}},"_links":{"self":[{"href":"https:\/\/semanasantabraga.com\/en\/wp-json\/wp\/v2\/pages\/9549","targetHints":{"allow":["GET"]}}],"collection":[{"href":"https:\/\/semanasantabraga.com\/en\/wp-json\/wp\/v2\/pages"}],"about":[{"href":"https:\/\/semanasantabraga.com\/en\/wp-json\/wp\/v2\/types\/page"}],"author":[{"embeddable":true,"href":"https:\/\/semanasantabraga.com\/en\/wp-json\/wp\/v2\/users\/3"}],"replies":[{"embeddable":true,"href":"https:\/\/semanasantabraga.com\/en\/wp-json\/wp\/v2\/comments?post=9549"}],"version-history":[{"count":1,"href":"https:\/\/semanasantabraga.com\/en\/wp-json\/wp\/v2\/pages\/9549\/revisions"}],"predecessor-version":[{"id":9551,"href":"https:\/\/semanasantabraga.com\/en\/wp-json\/wp\/v2\/pages\/9549\/revisions\/9551"}],"wp:attachment":[{"href":"https:\/\/semanasantabraga.com\/en\/wp-json\/wp\/v2\/media?parent=9549"}],"curies":[{"name":"wp","href":"https:\/\/api.w.org\/{rel}","templated":true}]}}