{"id":9573,"date":"2023-03-09T17:39:45","date_gmt":"2023-03-09T17:39:45","guid":{"rendered":"https:\/\/semanasantabraga.com\/?page_id=9573"},"modified":"2023-03-15T11:43:44","modified_gmt":"2023-03-15T11:43:44","slug":"skofjaloka-slovenia","status":"publish","type":"page","link":"https:\/\/semanasantabraga.com\/en\/skofjaloka-slovenia\/","title":{"rendered":"\u0160kofja Loka, Slovenia"},"content":{"rendered":"<p>\u0160kofja Loka is a small town located in the Gorenjska region, and is considered to be the best-preserved medieval town in Slovenia. The \u201c\u0160kofja Loka Passion Play\u201d is a live performance in the form of a procession through the streets of the town centre during Lent and Easter. Involving over 900 local artists and performers, it is based on a manuscript of father Romuald written in 18<sup>th<\/sup> Century. Spoken in the dialect that was used at the time it was written, the play involves the entire community. Due to the complexity of the organisation, it takes place only every six years. It was inscribed in UNESCO&#8217;s Representative List of the Intangible Cultural Heritage of Humanity in 2016.<\/p>\n","protected":false},"excerpt":{"rendered":"<p>\u0160kofja Loka is a small town located in the Gorenjska region, and is considered to be the best-preserved medieval town in Slovenia. The \u201c\u0160kofja Loka Passion Play\u201d is a live performance in the form of a procession through the streets of the town centre during Lent and Easter. Involving over 900 local artists and performers, [&hellip;]<\/p>\n","protected":false},"author":3,"featured_media":0,"parent":0,"menu_order":0,"comment_status":"closed","ping_status":"closed","template":"template-paginaexposicao.php","meta":{"_acf_changed":false,"inline_featured_image":false,"footnotes":""},"class_list":["post-9573","page","type-page","status-publish","hentry"],"acf":{"subtitulo_do_tipo_de_pagina":"Photography exhibition","titulo_do_tipo_de_pagina":"Holy Week","texto_do_tipo_de_pagina":"a European perspective","organizadores":[{"ID":9328,"id":9328,"title":"organizacao","filename":"organizacao.png","filesize":"13732","url":"https:\/\/semanasantabraga.com\/wp-content\/uploads\/2023\/02\/organizacao.png","link":"https:\/\/semanasantabraga.com\/en\/alcalalareal-spain\/organizacao\/","alt":"","author":"12","description":"","caption":"","name":"organizacao","status":"inherit","uploaded_to":9312,"date":"2023-02-28 12:44:56","modified":"2023-02-28 12:44:56","menu_order":0,"mime_type":"image\/png","type":"image","subtype":"png","icon":"https:\/\/semanasantabraga.com\/wp-includes\/images\/media\/default.png","width":180,"height":164,"sizes":{"thumbnail":"https:\/\/semanasantabraga.com\/wp-content\/uploads\/2023\/02\/organizacao.png","thumbnail-width":180,"thumbnail-height":164,"medium":"https:\/\/semanasantabraga.com\/wp-content\/uploads\/2023\/02\/organizacao.png","medium-width":180,"medium-height":164,"medium_large":"https:\/\/semanasantabraga.com\/wp-content\/uploads\/2023\/02\/organizacao.png","medium_large-width":180,"medium_large-height":164,"large":"https:\/\/semanasantabraga.com\/wp-content\/uploads\/2023\/02\/organizacao.png","large-width":180,"large-height":164,"1536x1536":"https:\/\/semanasantabraga.com\/wp-content\/uploads\/2023\/02\/organizacao.png","1536x1536-width":180,"1536x1536-height":164,"2048x2048":"https:\/\/semanasantabraga.com\/wp-content\/uploads\/2023\/02\/organizacao.png","2048x2048-width":180,"2048x2048-height":164}},{"ID":9331,"id":9331,"title":"cabido-se-de-braga","filename":"cabido-se-de-braga.png","filesize":"13412","url":"https:\/\/semanasantabraga.com\/wp-content\/uploads\/2023\/02\/cabido-se-de-braga.png","link":"https:\/\/semanasantabraga.com\/en\/alcalalareal-spain\/cabido-se-de-braga\/","alt":"","author":"12","description":"","caption":"","name":"cabido-se-de-braga","status":"inherit","uploaded_to":9312,"date":"2023-02-28 12:44:58","modified":"2023-02-28 12:44:58","menu_order":0,"mime_type":"image\/png","type":"image","subtype":"png","icon":"https:\/\/semanasantabraga.com\/wp-includes\/images\/media\/default.png","width":90,"height":99,"sizes":{"thumbnail":"https:\/\/semanasantabraga.com\/wp-content\/uploads\/2023\/02\/cabido-se-de-braga.png","thumbnail-width":90,"thumbnail-height":99,"medium":"https:\/\/semanasantabraga.com\/wp-content\/uploads\/2023\/02\/cabido-se-de-braga.png","medium-width":90,"medium-height":99,"medium_large":"https:\/\/semanasantabraga.com\/wp-content\/uploads\/2023\/02\/cabido-se-de-braga.png","medium_large-width":90,"medium_large-height":99,"large":"https:\/\/semanasantabraga.com\/wp-content\/uploads\/2023\/02\/cabido-se-de-braga.png","large-width":90,"large-height":99,"1536x1536":"https:\/\/semanasantabraga.com\/wp-content\/uploads\/2023\/02\/cabido-se-de-braga.png","1536x1536-width":90,"1536x1536-height":99,"2048x2048":"https:\/\/semanasantabraga.com\/wp-content\/uploads\/2023\/02\/cabido-se-de-braga.png","2048x2048-width":90,"2048x2048-height":99}},{"ID":9334,"id":9334,"title":"irmandade-da-misericordia-1","filename":"irmandade-da-misericordia-1.png","filesize":"15724","url":"https:\/\/semanasantabraga.com\/wp-content\/uploads\/2023\/02\/irmandade-da-misericordia-1.png","link":"https:\/\/semanasantabraga.com\/en\/alcalalareal-spain\/irmandade-da-misericordia-1\/","alt":"","author":"12","description":"","caption":"","name":"irmandade-da-misericordia-1","status":"inherit","uploaded_to":9312,"date":"2023-02-28 12:45:00","modified":"2023-02-28 12:45:00","menu_order":0,"mime_type":"image\/png","type":"image","subtype":"png","icon":"https:\/\/semanasantabraga.com\/wp-includes\/images\/media\/default.png","width":83,"height":99,"sizes":{"thumbnail":"https:\/\/semanasantabraga.com\/wp-content\/uploads\/2023\/02\/irmandade-da-misericordia-1.png","thumbnail-width":83,"thumbnail-height":99,"medium":"https:\/\/semanasantabraga.com\/wp-content\/uploads\/2023\/02\/irmandade-da-misericordia-1.png","medium-width":83,"medium-height":99,"medium_large":"https:\/\/semanasantabraga.com\/wp-content\/uploads\/2023\/02\/irmandade-da-misericordia-1.png","medium_large-width":83,"medium_large-height":99,"large":"https:\/\/semanasantabraga.com\/wp-content\/uploads\/2023\/02\/irmandade-da-misericordia-1.png","large-width":83,"large-height":99,"1536x1536":"https:\/\/semanasantabraga.com\/wp-content\/uploads\/2023\/02\/irmandade-da-misericordia-1.png","1536x1536-width":83,"1536x1536-height":99,"2048x2048":"https:\/\/semanasantabraga.com\/wp-content\/uploads\/2023\/02\/irmandade-da-misericordia-1.png","2048x2048-width":83,"2048x2048-height":99}}],"titulo_botao":"Know more","link_externo":"https:\/\/www.holyweekeurope.com\/en\/european-network-of-holy-week-and-easter-celebrations\/"},"yoast_head":"<!-- This site is optimized with the Yoast SEO plugin v27.5 - https:\/\/yoast.com\/product\/yoast-seo-wordpress\/ -->\n<title>\u0160kofja Loka, Slovenia - Semana Santa de Braga - S\u00edtio Oficial<\/title>\n<meta name=\"robots\" content=\"index, follow, max-snippet:-1, max-image-preview:large, max-video-preview:-1\" \/>\n<link rel=\"canonical\" href=\"https:\/\/semanasantabraga.com\/en\/skofjaloka-slovenia\/\" \/>\n<meta name=\"twitter:card\" content=\"summary_large_image\" \/>\n<meta name=\"twitter:title\" content=\"\u0160kofja Loka, Slovenia - Semana Santa de Braga - S\u00edtio Oficial\" \/>\n<meta name=\"twitter:description\" content=\"\u0160kofja Loka is a small town located in the Gorenjska region, and is considered to be the best-preserved medieval town in Slovenia. The \u201c\u0160kofja Loka Passion Play\u201d is a live performance in the form of a procession through the streets of the town centre during Lent and Easter. Involving over 900 local artists and performers, [&hellip;]\" \/>\n<meta name=\"twitter:label1\" content=\"Est. reading time\" \/>\n\t<meta name=\"twitter:data1\" content=\"1 minute\" \/>\n<script type=\"application\/ld+json\" class=\"yoast-schema-graph\">{\"@context\":\"https:\\\/\\\/schema.org\",\"@graph\":[{\"@type\":\"WebPage\",\"@id\":\"https:\\\/\\\/semanasantabraga.com\\\/en\\\/skofjaloka-slovenia\\\/\",\"url\":\"https:\\\/\\\/semanasantabraga.com\\\/en\\\/skofjaloka-slovenia\\\/\",\"name\":\"\u0160kofja Loka, Slovenia - Semana Santa de Braga - S\u00edtio Oficial\",\"isPartOf\":{\"@id\":\"https:\\\/\\\/semanasantabraga.com\\\/#website\"},\"datePublished\":\"2023-03-09T17:39:45+00:00\",\"dateModified\":\"2023-03-15T11:43:44+00:00\",\"breadcrumb\":{\"@id\":\"https:\\\/\\\/semanasantabraga.com\\\/en\\\/skofjaloka-slovenia\\\/#breadcrumb\"},\"inLanguage\":\"en-US\",\"potentialAction\":[{\"@type\":\"ReadAction\",\"target\":[\"https:\\\/\\\/semanasantabraga.com\\\/en\\\/skofjaloka-slovenia\\\/\"]}]},{\"@type\":\"BreadcrumbList\",\"@id\":\"https:\\\/\\\/semanasantabraga.com\\\/en\\\/skofjaloka-slovenia\\\/#breadcrumb\",\"itemListElement\":[{\"@type\":\"ListItem\",\"position\":1,\"name\":\"In\u00edcio\",\"item\":\"https:\\\/\\\/semanasantabraga.com\\\/en\\\/\"},{\"@type\":\"ListItem\",\"position\":2,\"name\":\"\u0160kofja Loka, Slovenia\"}]},{\"@type\":\"WebSite\",\"@id\":\"https:\\\/\\\/semanasantabraga.com\\\/#website\",\"url\":\"https:\\\/\\\/semanasantabraga.com\\\/\",\"name\":\"Semana Santa de Braga - S\u00edtio Oficial\",\"description\":\"\",\"potentialAction\":[{\"@type\":\"SearchAction\",\"target\":{\"@type\":\"EntryPoint\",\"urlTemplate\":\"https:\\\/\\\/semanasantabraga.com\\\/?s={search_term_string}\"},\"query-input\":{\"@type\":\"PropertyValueSpecification\",\"valueRequired\":true,\"valueName\":\"search_term_string\"}}],\"inLanguage\":\"en-US\"}]}<\/script>\n<!-- \/ Yoast SEO plugin. -->","yoast_head_json":{"title":"\u0160kofja Loka, Slovenia - Semana Santa de Braga - S\u00edtio Oficial","robots":{"index":"index","follow":"follow","max-snippet":"max-snippet:-1","max-image-preview":"max-image-preview:large","max-video-preview":"max-video-preview:-1"},"canonical":"https:\/\/semanasantabraga.com\/en\/skofjaloka-slovenia\/","twitter_card":"summary_large_image","twitter_title":"\u0160kofja Loka, Slovenia - Semana Santa de Braga - S\u00edtio Oficial","twitter_description":"\u0160kofja Loka is a small town located in the Gorenjska region, and is considered to be the best-preserved medieval town in Slovenia. The \u201c\u0160kofja Loka Passion Play\u201d is a live performance in the form of a procession through the streets of the town centre during Lent and Easter. Involving over 900 local artists and performers, [&hellip;]","twitter_misc":{"Est. reading time":"1 minute"},"schema":{"@context":"https:\/\/schema.org","@graph":[{"@type":"WebPage","@id":"https:\/\/semanasantabraga.com\/en\/skofjaloka-slovenia\/","url":"https:\/\/semanasantabraga.com\/en\/skofjaloka-slovenia\/","name":"\u0160kofja Loka, Slovenia - Semana Santa de Braga - S\u00edtio Oficial","isPartOf":{"@id":"https:\/\/semanasantabraga.com\/#website"},"datePublished":"2023-03-09T17:39:45+00:00","dateModified":"2023-03-15T11:43:44+00:00","breadcrumb":{"@id":"https:\/\/semanasantabraga.com\/en\/skofjaloka-slovenia\/#breadcrumb"},"inLanguage":"en-US","potentialAction":[{"@type":"ReadAction","target":["https:\/\/semanasantabraga.com\/en\/skofjaloka-slovenia\/"]}]},{"@type":"BreadcrumbList","@id":"https:\/\/semanasantabraga.com\/en\/skofjaloka-slovenia\/#breadcrumb","itemListElement":[{"@type":"ListItem","position":1,"name":"In\u00edcio","item":"https:\/\/semanasantabraga.com\/en\/"},{"@type":"ListItem","position":2,"name":"\u0160kofja Loka, Slovenia"}]},{"@type":"WebSite","@id":"https:\/\/semanasantabraga.com\/#website","url":"https:\/\/semanasantabraga.com\/","name":"Semana Santa de Braga - S\u00edtio Oficial","description":"","potentialAction":[{"@type":"SearchAction","target":{"@type":"EntryPoint","urlTemplate":"https:\/\/semanasantabraga.com\/?s={search_term_string}"},"query-input":{"@type":"PropertyValueSpecification","valueRequired":true,"valueName":"search_term_string"}}],"inLanguage":"en-US"}]}},"_links":{"self":[{"href":"https:\/\/semanasantabraga.com\/en\/wp-json\/wp\/v2\/pages\/9573","targetHints":{"allow":["GET"]}}],"collection":[{"href":"https:\/\/semanasantabraga.com\/en\/wp-json\/wp\/v2\/pages"}],"about":[{"href":"https:\/\/semanasantabraga.com\/en\/wp-json\/wp\/v2\/types\/page"}],"author":[{"embeddable":true,"href":"https:\/\/semanasantabraga.com\/en\/wp-json\/wp\/v2\/users\/3"}],"replies":[{"embeddable":true,"href":"https:\/\/semanasantabraga.com\/en\/wp-json\/wp\/v2\/comments?post=9573"}],"version-history":[{"count":1,"href":"https:\/\/semanasantabraga.com\/en\/wp-json\/wp\/v2\/pages\/9573\/revisions"}],"predecessor-version":[{"id":9575,"href":"https:\/\/semanasantabraga.com\/en\/wp-json\/wp\/v2\/pages\/9573\/revisions\/9575"}],"wp:attachment":[{"href":"https:\/\/semanasantabraga.com\/en\/wp-json\/wp\/v2\/media?parent=9573"}],"curies":[{"name":"wp","href":"https:\/\/api.w.org\/{rel}","templated":true}]}}