{"id":9576,"date":"2023-03-09T17:43:42","date_gmt":"2023-03-09T17:43:42","guid":{"rendered":"https:\/\/semanasantabraga.com\/?page_id=9576"},"modified":"2023-03-15T11:43:27","modified_gmt":"2023-03-15T11:43:27","slug":"utrera-spain","status":"publish","type":"page","link":"https:\/\/semanasantabraga.com\/en\/utrera-spain\/","title":{"rendered":"Utrera, Spain"},"content":{"rendered":"<p><strong>PHOTO 1<\/strong><\/p>\n<p>&nbsp;<\/p>\n<p><em>Author<\/em>: Rafael Pe\u00f1a<\/p>\n<p>&nbsp;<\/p>\n<p>Utrera&#8217;s Holy Week is one of the most important religious and festive events in the city. During the seven days of Passion Week, a total of 13 brotherhoods pass through the beautiful streets and squares in an official procession located in Plaza del Altozano.\u00a0 The religious and artistic legacy of Utrera&#8217;s brotherhoods, some of which were founded between the 16th and 18th centuries, can be appreciated in the processions. The image shows Our Lady of the Angels in her Solitude as she passes along Calle San Fernando on the afternoon of Palm Sunday, a work sculpted in the 20th century. She is preceded in the procession by a sculptural group from the Quinta Angustia, linked to the 18th century Granada School. In Utrera, it is traditional to welcome the images of Our Lady with a shower of petals as they pass through the streets of the town.<\/p>\n<p>&nbsp;<\/p>\n<p>&nbsp;<\/p>\n<p>&nbsp;<\/p>\n<p><strong>PHOTO 2<\/strong><\/p>\n<p>&nbsp;<\/p>\n<p><em>Author<\/em>: Caminos de Pasi\u00f3n Office<\/p>\n<p>&nbsp;<\/p>\n<p>In the early morning hours of Good Friday the &#8216;Madrug\u00e1 gitana&#8217; takes place, in which the gypsies of Utrera sing to their titular figures: the Sant\u00edsimo Cristo de la Buena Muerte, a work from the first half of the 17th century. This work belongs to the circle of Francisco de Ocampo, and Nuestra Se\u00f1ora de la Esperanza, a sad statue from 1952 sculpted two decades later by Luis \u00c1lvarez Duarte. Its penitential procession in the early hours of Holy Friday morning. This is one of the highlights of Holy Week in Utrera, due to the festive atmosphere of singing and applause with which the gypsies celebrate the departure of the allegorical religious litters from the Church of Santiago El Mayor, a Gothic temple dating from the late 13th century. This brotherhood also stands out for its charitable work and for organising the Potaje Gitano de Utrera, the oldest flamenco festival in the world that takes place in June.<\/p>\n<p>&nbsp;<\/p>\n<p>&nbsp;<\/p>\n<p>&nbsp;<\/p>\n<p><strong>PHOTO 3<\/strong><\/p>\n<p>&nbsp;<\/p>\n<p><em>Author<\/em>: Pablo Anaya<\/p>\n<p>&nbsp;<\/p>\n<p>The Very Old Brotherhood and Archconfraternity of the Nazarenes of Santo Veracruz is the oldest in the Holy Week in Utrera, dating from 1546. Among its titular figures are the Santo Entierro del Sant\u00edsimo Cristo Yacente y Nuestra Se\u00f1ora de los Dolores y en Soledad, made by Antonio Castillo Lastrucci in 1923, which is carried in procession. They invocate the Virgen de los Dolores y as Soledad on Holy Saturday, when we could see her in strict mourning under a black dossel, one of the jewels of Holy Week in Utrera.\u00a0 When the procession arrives at the Santiago Parish Church, the members of the Council of Brotherhoods and the authorities gather in order to accompany the mourning procession along the official route until its gathering at the Church of San Francisco.<\/p>\n<p>&nbsp;<\/p>\n<p>&nbsp;<\/p>\n<p>&nbsp;<\/p>\n<p><strong>PHOTO 4<\/strong><\/p>\n<p>&nbsp;<\/p>\n<p><em>Author<\/em>: Pablo Anaya<\/p>\n<p>&nbsp;<\/p>\n<p>The only existing brotherhood in Utrera is the illustrious Brotherhood of Nuestro Padre Jes\u00fas Atado a la Columna, Mar\u00eda Sant\u00edsima de la Paz and San Pedro Pr\u00edncipe de los Ap\u00f3stoles, known as Hermandad de los Aceituneros. It was founded in the 1950s, a time when the olive sector was the main industry in Utrera. The penitential procession happens every Holy Wednesday from the parish church of Santa Maria de la Mesa, a 15th century Gothic temple. The image shows Jesus tied to a column, attributed to Benito de Hita y Castillo and dated 1759.<\/p>\n<p>&nbsp;<\/p>\n","protected":false},"excerpt":{"rendered":"<p>PHOTO 1 &nbsp; Author: Rafael Pe\u00f1a &nbsp; Utrera&#8217;s Holy Week is one of the most important religious and festive events in the city. During the seven days of Passion Week, a total of 13 brotherhoods pass through the beautiful streets and squares in an official procession located in Plaza del Altozano.\u00a0 The religious and artistic [&hellip;]<\/p>\n","protected":false},"author":3,"featured_media":0,"parent":0,"menu_order":0,"comment_status":"closed","ping_status":"closed","template":"template-paginaexposicao.php","meta":{"_acf_changed":false,"inline_featured_image":false,"footnotes":""},"class_list":["post-9576","page","type-page","status-publish","hentry"],"acf":{"subtitulo_do_tipo_de_pagina":"Photography exhibition","titulo_do_tipo_de_pagina":"Holy Week","texto_do_tipo_de_pagina":"a European perspective","organizadores":[{"ID":9328,"id":9328,"title":"organizacao","filename":"organizacao.png","filesize":"13732","url":"https:\/\/semanasantabraga.com\/wp-content\/uploads\/2023\/02\/organizacao.png","link":"https:\/\/semanasantabraga.com\/en\/alcalalareal-spain\/organizacao\/","alt":"","author":"12","description":"","caption":"","name":"organizacao","status":"inherit","uploaded_to":9312,"date":"2023-02-28 12:44:56","modified":"2023-02-28 12:44:56","menu_order":0,"mime_type":"image\/png","type":"image","subtype":"png","icon":"https:\/\/semanasantabraga.com\/wp-includes\/images\/media\/default.png","width":180,"height":164,"sizes":{"thumbnail":"https:\/\/semanasantabraga.com\/wp-content\/uploads\/2023\/02\/organizacao.png","thumbnail-width":180,"thumbnail-height":164,"medium":"https:\/\/semanasantabraga.com\/wp-content\/uploads\/2023\/02\/organizacao.png","medium-width":180,"medium-height":164,"medium_large":"https:\/\/semanasantabraga.com\/wp-content\/uploads\/2023\/02\/organizacao.png","medium_large-width":180,"medium_large-height":164,"large":"https:\/\/semanasantabraga.com\/wp-content\/uploads\/2023\/02\/organizacao.png","large-width":180,"large-height":164,"1536x1536":"https:\/\/semanasantabraga.com\/wp-content\/uploads\/2023\/02\/organizacao.png","1536x1536-width":180,"1536x1536-height":164,"2048x2048":"https:\/\/semanasantabraga.com\/wp-content\/uploads\/2023\/02\/organizacao.png","2048x2048-width":180,"2048x2048-height":164}},{"ID":9331,"id":9331,"title":"cabido-se-de-braga","filename":"cabido-se-de-braga.png","filesize":"13412","url":"https:\/\/semanasantabraga.com\/wp-content\/uploads\/2023\/02\/cabido-se-de-braga.png","link":"https:\/\/semanasantabraga.com\/en\/alcalalareal-spain\/cabido-se-de-braga\/","alt":"","author":"12","description":"","caption":"","name":"cabido-se-de-braga","status":"inherit","uploaded_to":9312,"date":"2023-02-28 12:44:58","modified":"2023-02-28 12:44:58","menu_order":0,"mime_type":"image\/png","type":"image","subtype":"png","icon":"https:\/\/semanasantabraga.com\/wp-includes\/images\/media\/default.png","width":90,"height":99,"sizes":{"thumbnail":"https:\/\/semanasantabraga.com\/wp-content\/uploads\/2023\/02\/cabido-se-de-braga.png","thumbnail-width":90,"thumbnail-height":99,"medium":"https:\/\/semanasantabraga.com\/wp-content\/uploads\/2023\/02\/cabido-se-de-braga.png","medium-width":90,"medium-height":99,"medium_large":"https:\/\/semanasantabraga.com\/wp-content\/uploads\/2023\/02\/cabido-se-de-braga.png","medium_large-width":90,"medium_large-height":99,"large":"https:\/\/semanasantabraga.com\/wp-content\/uploads\/2023\/02\/cabido-se-de-braga.png","large-width":90,"large-height":99,"1536x1536":"https:\/\/semanasantabraga.com\/wp-content\/uploads\/2023\/02\/cabido-se-de-braga.png","1536x1536-width":90,"1536x1536-height":99,"2048x2048":"https:\/\/semanasantabraga.com\/wp-content\/uploads\/2023\/02\/cabido-se-de-braga.png","2048x2048-width":90,"2048x2048-height":99}},{"ID":9334,"id":9334,"title":"irmandade-da-misericordia-1","filename":"irmandade-da-misericordia-1.png","filesize":"15724","url":"https:\/\/semanasantabraga.com\/wp-content\/uploads\/2023\/02\/irmandade-da-misericordia-1.png","link":"https:\/\/semanasantabraga.com\/en\/alcalalareal-spain\/irmandade-da-misericordia-1\/","alt":"","author":"12","description":"","caption":"","name":"irmandade-da-misericordia-1","status":"inherit","uploaded_to":9312,"date":"2023-02-28 12:45:00","modified":"2023-02-28 12:45:00","menu_order":0,"mime_type":"image\/png","type":"image","subtype":"png","icon":"https:\/\/semanasantabraga.com\/wp-includes\/images\/media\/default.png","width":83,"height":99,"sizes":{"thumbnail":"https:\/\/semanasantabraga.com\/wp-content\/uploads\/2023\/02\/irmandade-da-misericordia-1.png","thumbnail-width":83,"thumbnail-height":99,"medium":"https:\/\/semanasantabraga.com\/wp-content\/uploads\/2023\/02\/irmandade-da-misericordia-1.png","medium-width":83,"medium-height":99,"medium_large":"https:\/\/semanasantabraga.com\/wp-content\/uploads\/2023\/02\/irmandade-da-misericordia-1.png","medium_large-width":83,"medium_large-height":99,"large":"https:\/\/semanasantabraga.com\/wp-content\/uploads\/2023\/02\/irmandade-da-misericordia-1.png","large-width":83,"large-height":99,"1536x1536":"https:\/\/semanasantabraga.com\/wp-content\/uploads\/2023\/02\/irmandade-da-misericordia-1.png","1536x1536-width":83,"1536x1536-height":99,"2048x2048":"https:\/\/semanasantabraga.com\/wp-content\/uploads\/2023\/02\/irmandade-da-misericordia-1.png","2048x2048-width":83,"2048x2048-height":99}}],"titulo_botao":"Know more","link_externo":"https:\/\/www.holyweekeurope.com\/en\/european-network-of-holy-week-and-easter-celebrations\/"},"yoast_head":"<!-- This site is optimized with the Yoast SEO plugin v27.4 - https:\/\/yoast.com\/product\/yoast-seo-wordpress\/ -->\n<title>Utrera, Spain - Semana Santa de Braga - S\u00edtio Oficial<\/title>\n<meta name=\"robots\" content=\"index, follow, max-snippet:-1, max-image-preview:large, max-video-preview:-1\" \/>\n<link rel=\"canonical\" href=\"https:\/\/semanasantabraga.com\/en\/utrera-spain\/\" \/>\n<meta name=\"twitter:card\" content=\"summary_large_image\" \/>\n<meta name=\"twitter:title\" content=\"Utrera, Spain - Semana Santa de Braga - S\u00edtio Oficial\" \/>\n<meta name=\"twitter:description\" content=\"PHOTO 1 &nbsp; Author: Rafael Pe\u00f1a &nbsp; Utrera&#8217;s Holy Week is one of the most important religious and festive events in the city. During the seven days of Passion Week, a total of 13 brotherhoods pass through the beautiful streets and squares in an official procession located in Plaza del Altozano.\u00a0 The religious and artistic [&hellip;]\" \/>\n<meta name=\"twitter:label1\" content=\"Est. reading time\" \/>\n\t<meta name=\"twitter:data1\" content=\"4 minutes\" \/>\n<script type=\"application\/ld+json\" class=\"yoast-schema-graph\">{\"@context\":\"https:\\\/\\\/schema.org\",\"@graph\":[{\"@type\":\"WebPage\",\"@id\":\"https:\\\/\\\/semanasantabraga.com\\\/en\\\/utrera-spain\\\/\",\"url\":\"https:\\\/\\\/semanasantabraga.com\\\/en\\\/utrera-spain\\\/\",\"name\":\"Utrera, Spain - Semana Santa de Braga - S\u00edtio Oficial\",\"isPartOf\":{\"@id\":\"https:\\\/\\\/semanasantabraga.com\\\/#website\"},\"datePublished\":\"2023-03-09T17:43:42+00:00\",\"dateModified\":\"2023-03-15T11:43:27+00:00\",\"breadcrumb\":{\"@id\":\"https:\\\/\\\/semanasantabraga.com\\\/en\\\/utrera-spain\\\/#breadcrumb\"},\"inLanguage\":\"en-US\",\"potentialAction\":[{\"@type\":\"ReadAction\",\"target\":[\"https:\\\/\\\/semanasantabraga.com\\\/en\\\/utrera-spain\\\/\"]}]},{\"@type\":\"BreadcrumbList\",\"@id\":\"https:\\\/\\\/semanasantabraga.com\\\/en\\\/utrera-spain\\\/#breadcrumb\",\"itemListElement\":[{\"@type\":\"ListItem\",\"position\":1,\"name\":\"In\u00edcio\",\"item\":\"https:\\\/\\\/semanasantabraga.com\\\/en\\\/\"},{\"@type\":\"ListItem\",\"position\":2,\"name\":\"Utrera, Spain\"}]},{\"@type\":\"WebSite\",\"@id\":\"https:\\\/\\\/semanasantabraga.com\\\/#website\",\"url\":\"https:\\\/\\\/semanasantabraga.com\\\/\",\"name\":\"Semana Santa de Braga - S\u00edtio Oficial\",\"description\":\"\",\"potentialAction\":[{\"@type\":\"SearchAction\",\"target\":{\"@type\":\"EntryPoint\",\"urlTemplate\":\"https:\\\/\\\/semanasantabraga.com\\\/?s={search_term_string}\"},\"query-input\":{\"@type\":\"PropertyValueSpecification\",\"valueRequired\":true,\"valueName\":\"search_term_string\"}}],\"inLanguage\":\"en-US\"}]}<\/script>\n<!-- \/ Yoast SEO plugin. -->","yoast_head_json":{"title":"Utrera, Spain - Semana Santa de Braga - S\u00edtio Oficial","robots":{"index":"index","follow":"follow","max-snippet":"max-snippet:-1","max-image-preview":"max-image-preview:large","max-video-preview":"max-video-preview:-1"},"canonical":"https:\/\/semanasantabraga.com\/en\/utrera-spain\/","twitter_card":"summary_large_image","twitter_title":"Utrera, Spain - Semana Santa de Braga - S\u00edtio Oficial","twitter_description":"PHOTO 1 &nbsp; Author: Rafael Pe\u00f1a &nbsp; Utrera&#8217;s Holy Week is one of the most important religious and festive events in the city. During the seven days of Passion Week, a total of 13 brotherhoods pass through the beautiful streets and squares in an official procession located in Plaza del Altozano.\u00a0 The religious and artistic [&hellip;]","twitter_misc":{"Est. reading time":"4 minutes"},"schema":{"@context":"https:\/\/schema.org","@graph":[{"@type":"WebPage","@id":"https:\/\/semanasantabraga.com\/en\/utrera-spain\/","url":"https:\/\/semanasantabraga.com\/en\/utrera-spain\/","name":"Utrera, Spain - Semana Santa de Braga - S\u00edtio Oficial","isPartOf":{"@id":"https:\/\/semanasantabraga.com\/#website"},"datePublished":"2023-03-09T17:43:42+00:00","dateModified":"2023-03-15T11:43:27+00:00","breadcrumb":{"@id":"https:\/\/semanasantabraga.com\/en\/utrera-spain\/#breadcrumb"},"inLanguage":"en-US","potentialAction":[{"@type":"ReadAction","target":["https:\/\/semanasantabraga.com\/en\/utrera-spain\/"]}]},{"@type":"BreadcrumbList","@id":"https:\/\/semanasantabraga.com\/en\/utrera-spain\/#breadcrumb","itemListElement":[{"@type":"ListItem","position":1,"name":"In\u00edcio","item":"https:\/\/semanasantabraga.com\/en\/"},{"@type":"ListItem","position":2,"name":"Utrera, Spain"}]},{"@type":"WebSite","@id":"https:\/\/semanasantabraga.com\/#website","url":"https:\/\/semanasantabraga.com\/","name":"Semana Santa de Braga - S\u00edtio Oficial","description":"","potentialAction":[{"@type":"SearchAction","target":{"@type":"EntryPoint","urlTemplate":"https:\/\/semanasantabraga.com\/?s={search_term_string}"},"query-input":{"@type":"PropertyValueSpecification","valueRequired":true,"valueName":"search_term_string"}}],"inLanguage":"en-US"}]}},"_links":{"self":[{"href":"https:\/\/semanasantabraga.com\/en\/wp-json\/wp\/v2\/pages\/9576","targetHints":{"allow":["GET"]}}],"collection":[{"href":"https:\/\/semanasantabraga.com\/en\/wp-json\/wp\/v2\/pages"}],"about":[{"href":"https:\/\/semanasantabraga.com\/en\/wp-json\/wp\/v2\/types\/page"}],"author":[{"embeddable":true,"href":"https:\/\/semanasantabraga.com\/en\/wp-json\/wp\/v2\/users\/3"}],"replies":[{"embeddable":true,"href":"https:\/\/semanasantabraga.com\/en\/wp-json\/wp\/v2\/comments?post=9576"}],"version-history":[{"count":1,"href":"https:\/\/semanasantabraga.com\/en\/wp-json\/wp\/v2\/pages\/9576\/revisions"}],"predecessor-version":[{"id":9578,"href":"https:\/\/semanasantabraga.com\/en\/wp-json\/wp\/v2\/pages\/9576\/revisions\/9578"}],"wp:attachment":[{"href":"https:\/\/semanasantabraga.com\/en\/wp-json\/wp\/v2\/media?parent=9576"}],"curies":[{"name":"wp","href":"https:\/\/api.w.org\/{rel}","templated":true}]}}