{"id":9579,"date":"2023-03-09T18:04:39","date_gmt":"2023-03-09T18:04:39","guid":{"rendered":"https:\/\/semanasantabraga.com\/?page_id=9579"},"modified":"2023-03-14T16:47:40","modified_gmt":"2023-03-14T16:47:40","slug":"viveiro-spain","status":"publish","type":"page","link":"https:\/\/semanasantabraga.com\/en\/viveiro-spain\/","title":{"rendered":"Viveiro, Spain"},"content":{"rendered":"<p><strong>PHOTO 1<\/strong><\/p>\n<p><strong>The meeting<\/strong><\/p>\n<p>&nbsp;<\/p>\n<p><em>Author<\/em>: Jos\u00e9 Miguel Soto L\u00f3pez<\/p>\n<p>&nbsp;<\/p>\n<p>On Holy Friday morning takes place The Gathering, the oldest moment of Holy Week in Viveiro. It has been held since time immemorial and is organised by the Venerable Franciscan Third Order. It consists of a sermon illustrated with articulated images that reproduce the mysteries of Calvary, following the biblical story that the priest pronounces from the pulpit. Four images participate in this act: Jesus with the cross on his shoulders (called &#8220;The Falling Christ&#8221;, anonymous, 16th century). La Dolorosa (anonymous-1741), San Juan and La Ver\u00f3nica (Juan Sarmiento-1775).<\/p>\n<p>&nbsp;<\/p>\n<p><em>Moment portrayed in the image<\/em>:<\/p>\n<p>The image captures the moment before the embracement of the Virgin of Sorrows (La Dolorosa) to Jesus, with the cross on her shoulders, in R\u00faa de la Amargura on the way to Mount Calvary. The Gathering takes place in the Plaza Mayor de Viveiro when Jesus fell the ground. After walking through the streets of the historic centre, the procession reaches the atrium of the church of Santa Maria del Campo when the third fall takes place.<\/p>\n<p>&nbsp;<\/p>\n<p>&nbsp;<\/p>\n<p>&nbsp;<\/p>\n<p><strong>PHOTO 2<\/strong><\/p>\n<p><strong>The Recumbent Holy Christ<\/strong><\/p>\n<p>&nbsp;<\/p>\n<p><em>Author<\/em>: Mar\u00eda San Isidro Rego<\/p>\n<p>&nbsp;<\/p>\n<p>On the afternoon of Holy Friday, after the descending of the Cross, the procession of the Holy Burial takes place, organized by the Illustrious and Venerable Brotherhood of the Holy Rosary. The saints of La Magdalena (Jos\u00e9 Tena-1916), San Juan (Jos\u00e9 Tena-1909), Sant\u00edsimo Cristo Yacente (Jos\u00e9 Tena-1909, Rodr\u00edguez y Puente-1955) and Virgen de la Soledad (Jos\u00e9 Rivas-s.XX) participate.<\/p>\n<p>&nbsp;<\/p>\n<p><em>Moment captured in the image<\/em>:<\/p>\n<p>Passing of the jacent Christ in procession through the main street of the historical centre, preceded by a group of Roman soldiers. The image shows Christ lying in the sepulchre on a rock covered with a white sheet. This representation becomes very real because Jesus is already escorted by four angels.<\/p>\n<p>&nbsp;<\/p>\n<p>&nbsp;<\/p>\n<p>&nbsp;<\/p>\n<p><strong>PHOTO 3<\/strong><\/p>\n<p><strong>Sant\u00edsimo Cristo de la Piedad (Holy Christ of Piety)<\/strong><\/p>\n<p>&nbsp;<\/p>\n<p><em>Author<\/em>: Sa\u00fal Jim\u00e9nez Rodr\u00edguez<\/p>\n<p>&nbsp;<\/p>\n<p>On the night of the Holy Friday, the Passion Procession takes place, which gathers around a thousand participants. They accompany the image of the Crucifixion or El Prendimiento (Jos\u00e9 Rivas-1947), El Calvario (Jos\u00e9 Rivas-1946\/1949 and Rodr\u00edguez y Puente-1952), Sant\u00edsimo Cristo de la Piedad (Jos\u00e9 Rivas-1945) and Mar\u00eda al pie de la Cruz (Modesto Quilis-1908). They are all religious litters, especially the one of the Calvary, which is carried through the narrow streets of the historic centre on a platform with wheels, carried by 100 men. The religious litter Mary under the cross is carried exclusively by women. It is very emotional to see the procession of the Holy Christ of the Piedad returning to the church.<\/p>\n<p>&nbsp;<\/p>\n<p><em>Portrayed moment of the image<\/em>:<\/p>\n<p>Sant\u00edsimo Cristo de la Piedad on his way through the Plaza Mayor is preceded by the Roman band of drums. It represents the Virgin Mary in pain holding Jesus in her arms after being taken down from the cross. It is very emotional to see this image in procession, illuminated by almost two hundred candles.<\/p>\n<p>&nbsp;<\/p>\n<p>&nbsp;<\/p>\n<p>&nbsp;<\/p>\n<p><strong>PHOTO 4<\/strong><\/p>\n<p><strong>El pendimiento<\/strong>\u00a0 \u00a0 \u00a0 \u00a0 \u00a0 \u00a0 \u00a0 \u00a0<\/p>\n<p>&nbsp;<\/p>\n<p><em>Author<\/em>: Mar\u00eda San Isidro Rego<\/p>\n<p>&nbsp;<\/p>\n<p>On the night of Holy Thursday, the procession of the Arrest of Jesus takes place, one of the most complete in which five images participate: El Prendimiento or &#8220;El Beso de Judas&#8221; (Jos\u00e9 Rivas-1947), Las Negaciones de San Pedro (Antonio Bernal-2010\/2019), Ecce-Homo &#8220;Coraz\u00f3n de Jes\u00fas&#8221; (17th century), Nuestro Padre Jes\u00fas Nazareno (Francisco Romero Zafra-2012) and the Virgen de los Dolores (early 19th century).<\/p>\n<p>&nbsp;<\/p>\n<p><em>Moment portrayed in the image<\/em>:<\/p>\n<p>Jesus&#8217; arrest or Judas&#8217; Kiss begins its journey at the entrance of a Museum. The image represents the betrayal of Judas at the moment of his kiss. This mystery step is also composed of a centurion and a sermon. The photo is taken a few metres from the Plaza Mayor, where the procession reaches its greatest splendour.<\/p>\n<p>&nbsp;<\/p>\n<p>&nbsp;<\/p>\n<p>&nbsp;<\/p>\n<p><strong>PHOTO 5<\/strong><\/p>\n<p><strong>Ecce Homo de La Misericordia<\/strong><\/p>\n<p>&nbsp;<\/p>\n<p><em>Author<\/em>: To\u00f1o Go\u00e1s<\/p>\n<p>&nbsp;<\/p>\n<p>In the early morning hours of Holy Friday, the Misericordia procession takes place. The procession begins in the Misericordia chapel and crosses the bridge of the same name with the participation of two images, the Ecce-Homo de la Misericordia (17th century) and Nuestra Se\u00f1ora de la Clemencia (Francisco Gij\u00f3n-2004).<\/p>\n<p>&nbsp;<\/p>\n<p><em>Moment portrayed in the image<\/em>:<\/p>\n<p>The image represents the entrance of the Ecce-Homo after passing over La Misericordia bridge to access the historic centre. It passes through the gate of Carlos V, one of the oldest gates of the wall, and the most representative monument of the city. It is preceded by Nazarenes with red candles, one of the colours of the brotherhood.<\/p>\n<p>&nbsp;<\/p>\n","protected":false},"excerpt":{"rendered":"<p>PHOTO 1 The meeting &nbsp; Author: Jos\u00e9 Miguel Soto L\u00f3pez &nbsp; On Holy Friday morning takes place The Gathering, the oldest moment of Holy Week in Viveiro. It has been held since time immemorial and is organised by the Venerable Franciscan Third Order. It consists of a sermon illustrated with articulated images that reproduce the [&hellip;]<\/p>\n","protected":false},"author":3,"featured_media":0,"parent":0,"menu_order":0,"comment_status":"closed","ping_status":"closed","template":"template-paginaexposicao.php","meta":{"_acf_changed":false,"inline_featured_image":false,"footnotes":""},"class_list":["post-9579","page","type-page","status-publish","hentry"],"acf":{"subtitulo_do_tipo_de_pagina":"Photography exhibition","titulo_do_tipo_de_pagina":"Holy Week","texto_do_tipo_de_pagina":"a European perspective","organizadores":[{"ID":9328,"id":9328,"title":"organizacao","filename":"organizacao.png","filesize":"13732","url":"https:\/\/semanasantabraga.com\/wp-content\/uploads\/2023\/02\/organizacao.png","link":"https:\/\/semanasantabraga.com\/en\/alcalalareal-spain\/organizacao\/","alt":"","author":"12","description":"","caption":"","name":"organizacao","status":"inherit","uploaded_to":9312,"date":"2023-02-28 12:44:56","modified":"2023-02-28 12:44:56","menu_order":0,"mime_type":"image\/png","type":"image","subtype":"png","icon":"https:\/\/semanasantabraga.com\/wp-includes\/images\/media\/default.png","width":180,"height":164,"sizes":{"thumbnail":"https:\/\/semanasantabraga.com\/wp-content\/uploads\/2023\/02\/organizacao.png","thumbnail-width":180,"thumbnail-height":164,"medium":"https:\/\/semanasantabraga.com\/wp-content\/uploads\/2023\/02\/organizacao.png","medium-width":180,"medium-height":164,"medium_large":"https:\/\/semanasantabraga.com\/wp-content\/uploads\/2023\/02\/organizacao.png","medium_large-width":180,"medium_large-height":164,"large":"https:\/\/semanasantabraga.com\/wp-content\/uploads\/2023\/02\/organizacao.png","large-width":180,"large-height":164,"1536x1536":"https:\/\/semanasantabraga.com\/wp-content\/uploads\/2023\/02\/organizacao.png","1536x1536-width":180,"1536x1536-height":164,"2048x2048":"https:\/\/semanasantabraga.com\/wp-content\/uploads\/2023\/02\/organizacao.png","2048x2048-width":180,"2048x2048-height":164}},{"ID":9331,"id":9331,"title":"cabido-se-de-braga","filename":"cabido-se-de-braga.png","filesize":"13412","url":"https:\/\/semanasantabraga.com\/wp-content\/uploads\/2023\/02\/cabido-se-de-braga.png","link":"https:\/\/semanasantabraga.com\/en\/alcalalareal-spain\/cabido-se-de-braga\/","alt":"","author":"12","description":"","caption":"","name":"cabido-se-de-braga","status":"inherit","uploaded_to":9312,"date":"2023-02-28 12:44:58","modified":"2023-02-28 12:44:58","menu_order":0,"mime_type":"image\/png","type":"image","subtype":"png","icon":"https:\/\/semanasantabraga.com\/wp-includes\/images\/media\/default.png","width":90,"height":99,"sizes":{"thumbnail":"https:\/\/semanasantabraga.com\/wp-content\/uploads\/2023\/02\/cabido-se-de-braga.png","thumbnail-width":90,"thumbnail-height":99,"medium":"https:\/\/semanasantabraga.com\/wp-content\/uploads\/2023\/02\/cabido-se-de-braga.png","medium-width":90,"medium-height":99,"medium_large":"https:\/\/semanasantabraga.com\/wp-content\/uploads\/2023\/02\/cabido-se-de-braga.png","medium_large-width":90,"medium_large-height":99,"large":"https:\/\/semanasantabraga.com\/wp-content\/uploads\/2023\/02\/cabido-se-de-braga.png","large-width":90,"large-height":99,"1536x1536":"https:\/\/semanasantabraga.com\/wp-content\/uploads\/2023\/02\/cabido-se-de-braga.png","1536x1536-width":90,"1536x1536-height":99,"2048x2048":"https:\/\/semanasantabraga.com\/wp-content\/uploads\/2023\/02\/cabido-se-de-braga.png","2048x2048-width":90,"2048x2048-height":99}},{"ID":9334,"id":9334,"title":"irmandade-da-misericordia-1","filename":"irmandade-da-misericordia-1.png","filesize":"15724","url":"https:\/\/semanasantabraga.com\/wp-content\/uploads\/2023\/02\/irmandade-da-misericordia-1.png","link":"https:\/\/semanasantabraga.com\/en\/alcalalareal-spain\/irmandade-da-misericordia-1\/","alt":"","author":"12","description":"","caption":"","name":"irmandade-da-misericordia-1","status":"inherit","uploaded_to":9312,"date":"2023-02-28 12:45:00","modified":"2023-02-28 12:45:00","menu_order":0,"mime_type":"image\/png","type":"image","subtype":"png","icon":"https:\/\/semanasantabraga.com\/wp-includes\/images\/media\/default.png","width":83,"height":99,"sizes":{"thumbnail":"https:\/\/semanasantabraga.com\/wp-content\/uploads\/2023\/02\/irmandade-da-misericordia-1.png","thumbnail-width":83,"thumbnail-height":99,"medium":"https:\/\/semanasantabraga.com\/wp-content\/uploads\/2023\/02\/irmandade-da-misericordia-1.png","medium-width":83,"medium-height":99,"medium_large":"https:\/\/semanasantabraga.com\/wp-content\/uploads\/2023\/02\/irmandade-da-misericordia-1.png","medium_large-width":83,"medium_large-height":99,"large":"https:\/\/semanasantabraga.com\/wp-content\/uploads\/2023\/02\/irmandade-da-misericordia-1.png","large-width":83,"large-height":99,"1536x1536":"https:\/\/semanasantabraga.com\/wp-content\/uploads\/2023\/02\/irmandade-da-misericordia-1.png","1536x1536-width":83,"1536x1536-height":99,"2048x2048":"https:\/\/semanasantabraga.com\/wp-content\/uploads\/2023\/02\/irmandade-da-misericordia-1.png","2048x2048-width":83,"2048x2048-height":99}}],"titulo_botao":"Know more","link_externo":"https:\/\/www.holyweekeurope.com\/en\/european-network-of-holy-week-and-easter-celebrations\/"},"yoast_head":"<!-- This site is optimized with the Yoast SEO plugin v27.3 - https:\/\/yoast.com\/product\/yoast-seo-wordpress\/ -->\n<title>Viveiro, Spain - Semana Santa de Braga - S\u00edtio Oficial<\/title>\n<meta name=\"robots\" content=\"index, follow, max-snippet:-1, max-image-preview:large, max-video-preview:-1\" \/>\n<link rel=\"canonical\" href=\"https:\/\/semanasantabraga.com\/en\/viveiro-spain\/\" \/>\n<meta name=\"twitter:card\" content=\"summary_large_image\" \/>\n<meta name=\"twitter:title\" content=\"Viveiro, Spain - Semana Santa de Braga - S\u00edtio Oficial\" \/>\n<meta name=\"twitter:description\" content=\"PHOTO 1 The meeting &nbsp; Author: Jos\u00e9 Miguel Soto L\u00f3pez &nbsp; On Holy Friday morning takes place The Gathering, the oldest moment of Holy Week in Viveiro. It has been held since time immemorial and is organised by the Venerable Franciscan Third Order. It consists of a sermon illustrated with articulated images that reproduce the [&hellip;]\" \/>\n<meta name=\"twitter:label1\" content=\"Est. reading time\" \/>\n\t<meta name=\"twitter:data1\" content=\"5 minutes\" \/>\n<script type=\"application\/ld+json\" class=\"yoast-schema-graph\">{\"@context\":\"https:\\\/\\\/schema.org\",\"@graph\":[{\"@type\":\"WebPage\",\"@id\":\"https:\\\/\\\/semanasantabraga.com\\\/en\\\/viveiro-spain\\\/\",\"url\":\"https:\\\/\\\/semanasantabraga.com\\\/en\\\/viveiro-spain\\\/\",\"name\":\"Viveiro, Spain - Semana Santa de Braga - S\u00edtio Oficial\",\"isPartOf\":{\"@id\":\"https:\\\/\\\/semanasantabraga.com\\\/#website\"},\"datePublished\":\"2023-03-09T18:04:39+00:00\",\"dateModified\":\"2023-03-14T16:47:40+00:00\",\"breadcrumb\":{\"@id\":\"https:\\\/\\\/semanasantabraga.com\\\/en\\\/viveiro-spain\\\/#breadcrumb\"},\"inLanguage\":\"en-US\",\"potentialAction\":[{\"@type\":\"ReadAction\",\"target\":[\"https:\\\/\\\/semanasantabraga.com\\\/en\\\/viveiro-spain\\\/\"]}]},{\"@type\":\"BreadcrumbList\",\"@id\":\"https:\\\/\\\/semanasantabraga.com\\\/en\\\/viveiro-spain\\\/#breadcrumb\",\"itemListElement\":[{\"@type\":\"ListItem\",\"position\":1,\"name\":\"In\u00edcio\",\"item\":\"https:\\\/\\\/semanasantabraga.com\\\/en\\\/\"},{\"@type\":\"ListItem\",\"position\":2,\"name\":\"Viveiro, Spain\"}]},{\"@type\":\"WebSite\",\"@id\":\"https:\\\/\\\/semanasantabraga.com\\\/#website\",\"url\":\"https:\\\/\\\/semanasantabraga.com\\\/\",\"name\":\"Semana Santa de Braga - S\u00edtio Oficial\",\"description\":\"\",\"potentialAction\":[{\"@type\":\"SearchAction\",\"target\":{\"@type\":\"EntryPoint\",\"urlTemplate\":\"https:\\\/\\\/semanasantabraga.com\\\/?s={search_term_string}\"},\"query-input\":{\"@type\":\"PropertyValueSpecification\",\"valueRequired\":true,\"valueName\":\"search_term_string\"}}],\"inLanguage\":\"en-US\"}]}<\/script>\n<!-- \/ Yoast SEO plugin. -->","yoast_head_json":{"title":"Viveiro, Spain - Semana Santa de Braga - S\u00edtio Oficial","robots":{"index":"index","follow":"follow","max-snippet":"max-snippet:-1","max-image-preview":"max-image-preview:large","max-video-preview":"max-video-preview:-1"},"canonical":"https:\/\/semanasantabraga.com\/en\/viveiro-spain\/","twitter_card":"summary_large_image","twitter_title":"Viveiro, Spain - Semana Santa de Braga - S\u00edtio Oficial","twitter_description":"PHOTO 1 The meeting &nbsp; Author: Jos\u00e9 Miguel Soto L\u00f3pez &nbsp; On Holy Friday morning takes place The Gathering, the oldest moment of Holy Week in Viveiro. It has been held since time immemorial and is organised by the Venerable Franciscan Third Order. It consists of a sermon illustrated with articulated images that reproduce the [&hellip;]","twitter_misc":{"Est. reading time":"5 minutes"},"schema":{"@context":"https:\/\/schema.org","@graph":[{"@type":"WebPage","@id":"https:\/\/semanasantabraga.com\/en\/viveiro-spain\/","url":"https:\/\/semanasantabraga.com\/en\/viveiro-spain\/","name":"Viveiro, Spain - Semana Santa de Braga - S\u00edtio Oficial","isPartOf":{"@id":"https:\/\/semanasantabraga.com\/#website"},"datePublished":"2023-03-09T18:04:39+00:00","dateModified":"2023-03-14T16:47:40+00:00","breadcrumb":{"@id":"https:\/\/semanasantabraga.com\/en\/viveiro-spain\/#breadcrumb"},"inLanguage":"en-US","potentialAction":[{"@type":"ReadAction","target":["https:\/\/semanasantabraga.com\/en\/viveiro-spain\/"]}]},{"@type":"BreadcrumbList","@id":"https:\/\/semanasantabraga.com\/en\/viveiro-spain\/#breadcrumb","itemListElement":[{"@type":"ListItem","position":1,"name":"In\u00edcio","item":"https:\/\/semanasantabraga.com\/en\/"},{"@type":"ListItem","position":2,"name":"Viveiro, Spain"}]},{"@type":"WebSite","@id":"https:\/\/semanasantabraga.com\/#website","url":"https:\/\/semanasantabraga.com\/","name":"Semana Santa de Braga - S\u00edtio Oficial","description":"","potentialAction":[{"@type":"SearchAction","target":{"@type":"EntryPoint","urlTemplate":"https:\/\/semanasantabraga.com\/?s={search_term_string}"},"query-input":{"@type":"PropertyValueSpecification","valueRequired":true,"valueName":"search_term_string"}}],"inLanguage":"en-US"}]}},"_links":{"self":[{"href":"https:\/\/semanasantabraga.com\/en\/wp-json\/wp\/v2\/pages\/9579","targetHints":{"allow":["GET"]}}],"collection":[{"href":"https:\/\/semanasantabraga.com\/en\/wp-json\/wp\/v2\/pages"}],"about":[{"href":"https:\/\/semanasantabraga.com\/en\/wp-json\/wp\/v2\/types\/page"}],"author":[{"embeddable":true,"href":"https:\/\/semanasantabraga.com\/en\/wp-json\/wp\/v2\/users\/3"}],"replies":[{"embeddable":true,"href":"https:\/\/semanasantabraga.com\/en\/wp-json\/wp\/v2\/comments?post=9579"}],"version-history":[{"count":3,"href":"https:\/\/semanasantabraga.com\/en\/wp-json\/wp\/v2\/pages\/9579\/revisions"}],"predecessor-version":[{"id":9613,"href":"https:\/\/semanasantabraga.com\/en\/wp-json\/wp\/v2\/pages\/9579\/revisions\/9613"}],"wp:attachment":[{"href":"https:\/\/semanasantabraga.com\/en\/wp-json\/wp\/v2\/media?parent=9579"}],"curies":[{"name":"wp","href":"https:\/\/api.w.org\/{rel}","templated":true}]}}