{"id":4417,"date":"2018-01-25T17:23:08","date_gmt":"2018-01-25T17:23:08","guid":{"rendered":"http:\/\/semanasantabraga.com\/?page_id=4417"},"modified":"2025-10-22T14:07:53","modified_gmt":"2025-10-22T14:07:53","slug":"carteles","status":"publish","type":"page","link":"https:\/\/semanasantabraga.com\/es\/archivo\/carteles\/","title":{"rendered":"Carteles"},"content":{"rendered":"<p>La historia gr\u00e1fica de la Semana Santa de Braga, podemos decir, se inici\u00f3 en alg\u00fan momento en la d\u00e9cada de 1940 con la concepci\u00f3n del primer cartel registrado de las celebraciones, con el objetivo de anunciar y promover la edici\u00f3n anual de las solemnidades de la Semana Santa de Braga.<\/p>\n<p>&nbsp;<\/p>\n<p>En esta p\u00e1gina figuran los carteles que ha sido posible conocer hasta la fecha. Como se puede constatar, hay lagunas en algunos a\u00f1os. Si conoce y tiene en su posesi\u00f3n un ejemplar, impreso o digital, de alg\u00fan otro cartel no listado aqu\u00ed, la Comisi\u00f3n agradece que env\u00ede un correo electr\u00f3nico a info@semanasantabraga.com.<\/p>\n<p>&nbsp;<\/p>\n<p>Hay una edici\u00f3n impresa en formato libro (formato A5, folleto, 72 p\u00e1ginas), de los carteles de la Semana Santa de Braga. Si est\u00e1 interesado en adquirirlo (coste: 5 \u20ac + portes), por favor env\u00edenos un email a info@semanasantabraga.com.<\/p>\n","protected":false},"excerpt":{"rendered":"<p>La historia gr\u00e1fica de la Semana Santa de Braga, podemos decir, se inici\u00f3 en alg\u00fan momento en la d\u00e9cada de 1940 con la concepci\u00f3n del primer cartel registrado de las celebraciones, con el objetivo de anunciar y promover la edici\u00f3n anual de las solemnidades de la Semana Santa de Braga. &nbsp; En esta p\u00e1gina figuran [&hellip;]<\/p>\n","protected":false},"author":3,"featured_media":689,"parent":4415,"menu_order":119,"comment_status":"closed","ping_status":"closed","template":"template-ProgramasCartazes.php","meta":{"_acf_changed":false,"inline_featured_image":false,"footnotes":""},"class_list":["post-4417","page","type-page","status-publish","has-post-thumbnail","hentry"],"acf":{"programa_cartaz":"cartaz","titulo_banner":"","texto_banner":"","alias_slider":""},"yoast_head":"<!-- This site is optimized with the Yoast SEO plugin v27.4 - https:\/\/yoast.com\/product\/yoast-seo-wordpress\/ -->\n<title>Carteles - Semana Santa de Braga - S\u00edtio Oficial<\/title>\n<meta name=\"robots\" content=\"index, follow, max-snippet:-1, max-image-preview:large, max-video-preview:-1\" \/>\n<link rel=\"canonical\" href=\"https:\/\/semanasantabraga.com\/es\/archivo\/carteles\/\" \/>\n<meta name=\"twitter:card\" content=\"summary_large_image\" \/>\n<meta name=\"twitter:title\" content=\"Carteles - Semana Santa de Braga - S\u00edtio Oficial\" \/>\n<meta name=\"twitter:description\" content=\"La historia gr\u00e1fica de la Semana Santa de Braga, podemos decir, se inici\u00f3 en alg\u00fan momento en la d\u00e9cada de 1940 con la concepci\u00f3n del primer cartel registrado de las celebraciones, con el objetivo de anunciar y promover la edici\u00f3n anual de las solemnidades de la Semana Santa de Braga. &nbsp; En esta p\u00e1gina figuran [&hellip;]\" \/>\n<meta name=\"twitter:image\" content=\"https:\/\/semanasantabraga.com\/wp-content\/uploads\/2017\/03\/Semana-Santa-1948.jpg\" \/>\n<meta name=\"twitter:label1\" content=\"Tiempo de lectura\" \/>\n\t<meta name=\"twitter:data1\" content=\"1 minuto\" \/>\n<script type=\"application\/ld+json\" class=\"yoast-schema-graph\">{\"@context\":\"https:\\\/\\\/schema.org\",\"@graph\":[{\"@type\":\"WebPage\",\"@id\":\"https:\\\/\\\/semanasantabraga.com\\\/es\\\/archivo\\\/carteles\\\/\",\"url\":\"https:\\\/\\\/semanasantabraga.com\\\/es\\\/archivo\\\/carteles\\\/\",\"name\":\"Carteles - Semana Santa de Braga - S\u00edtio Oficial\",\"isPartOf\":{\"@id\":\"https:\\\/\\\/semanasantabraga.com\\\/#website\"},\"primaryImageOfPage\":{\"@id\":\"https:\\\/\\\/semanasantabraga.com\\\/es\\\/archivo\\\/carteles\\\/#primaryimage\"},\"image\":{\"@id\":\"https:\\\/\\\/semanasantabraga.com\\\/es\\\/archivo\\\/carteles\\\/#primaryimage\"},\"thumbnailUrl\":\"https:\\\/\\\/semanasantabraga.com\\\/wp-content\\\/uploads\\\/2017\\\/03\\\/Semana-Santa-1948.jpg\",\"datePublished\":\"2018-01-25T17:23:08+00:00\",\"dateModified\":\"2025-10-22T14:07:53+00:00\",\"breadcrumb\":{\"@id\":\"https:\\\/\\\/semanasantabraga.com\\\/es\\\/archivo\\\/carteles\\\/#breadcrumb\"},\"inLanguage\":\"es\",\"potentialAction\":[{\"@type\":\"ReadAction\",\"target\":[\"https:\\\/\\\/semanasantabraga.com\\\/es\\\/archivo\\\/carteles\\\/\"]}]},{\"@type\":\"ImageObject\",\"inLanguage\":\"es\",\"@id\":\"https:\\\/\\\/semanasantabraga.com\\\/es\\\/archivo\\\/carteles\\\/#primaryimage\",\"url\":\"https:\\\/\\\/semanasantabraga.com\\\/wp-content\\\/uploads\\\/2017\\\/03\\\/Semana-Santa-1948.jpg\",\"contentUrl\":\"https:\\\/\\\/semanasantabraga.com\\\/wp-content\\\/uploads\\\/2017\\\/03\\\/Semana-Santa-1948.jpg\",\"width\":632,\"height\":900},{\"@type\":\"BreadcrumbList\",\"@id\":\"https:\\\/\\\/semanasantabraga.com\\\/es\\\/archivo\\\/carteles\\\/#breadcrumb\",\"itemListElement\":[{\"@type\":\"ListItem\",\"position\":1,\"name\":\"In\u00edcio\",\"item\":\"https:\\\/\\\/semanasantabraga.com\\\/es\\\/\"},{\"@type\":\"ListItem\",\"position\":2,\"name\":\"Archivo\",\"item\":\"https:\\\/\\\/semanasantabraga.com\\\/es\\\/archivo\\\/\"},{\"@type\":\"ListItem\",\"position\":3,\"name\":\"Carteles\"}]},{\"@type\":\"WebSite\",\"@id\":\"https:\\\/\\\/semanasantabraga.com\\\/#website\",\"url\":\"https:\\\/\\\/semanasantabraga.com\\\/\",\"name\":\"Semana Santa de Braga - S\u00edtio Oficial\",\"description\":\"\",\"potentialAction\":[{\"@type\":\"SearchAction\",\"target\":{\"@type\":\"EntryPoint\",\"urlTemplate\":\"https:\\\/\\\/semanasantabraga.com\\\/?s={search_term_string}\"},\"query-input\":{\"@type\":\"PropertyValueSpecification\",\"valueRequired\":true,\"valueName\":\"search_term_string\"}}],\"inLanguage\":\"es\"}]}<\/script>\n<!-- \/ Yoast SEO plugin. -->","yoast_head_json":{"title":"Carteles - Semana Santa de Braga - S\u00edtio Oficial","robots":{"index":"index","follow":"follow","max-snippet":"max-snippet:-1","max-image-preview":"max-image-preview:large","max-video-preview":"max-video-preview:-1"},"canonical":"https:\/\/semanasantabraga.com\/es\/archivo\/carteles\/","twitter_card":"summary_large_image","twitter_title":"Carteles - Semana Santa de Braga - S\u00edtio Oficial","twitter_description":"La historia gr\u00e1fica de la Semana Santa de Braga, podemos decir, se inici\u00f3 en alg\u00fan momento en la d\u00e9cada de 1940 con la concepci\u00f3n del primer cartel registrado de las celebraciones, con el objetivo de anunciar y promover la edici\u00f3n anual de las solemnidades de la Semana Santa de Braga. &nbsp; En esta p\u00e1gina figuran [&hellip;]","twitter_image":"https:\/\/semanasantabraga.com\/wp-content\/uploads\/2017\/03\/Semana-Santa-1948.jpg","twitter_misc":{"Tiempo de lectura":"1 minuto"},"schema":{"@context":"https:\/\/schema.org","@graph":[{"@type":"WebPage","@id":"https:\/\/semanasantabraga.com\/es\/archivo\/carteles\/","url":"https:\/\/semanasantabraga.com\/es\/archivo\/carteles\/","name":"Carteles - Semana Santa de Braga - S\u00edtio Oficial","isPartOf":{"@id":"https:\/\/semanasantabraga.com\/#website"},"primaryImageOfPage":{"@id":"https:\/\/semanasantabraga.com\/es\/archivo\/carteles\/#primaryimage"},"image":{"@id":"https:\/\/semanasantabraga.com\/es\/archivo\/carteles\/#primaryimage"},"thumbnailUrl":"https:\/\/semanasantabraga.com\/wp-content\/uploads\/2017\/03\/Semana-Santa-1948.jpg","datePublished":"2018-01-25T17:23:08+00:00","dateModified":"2025-10-22T14:07:53+00:00","breadcrumb":{"@id":"https:\/\/semanasantabraga.com\/es\/archivo\/carteles\/#breadcrumb"},"inLanguage":"es","potentialAction":[{"@type":"ReadAction","target":["https:\/\/semanasantabraga.com\/es\/archivo\/carteles\/"]}]},{"@type":"ImageObject","inLanguage":"es","@id":"https:\/\/semanasantabraga.com\/es\/archivo\/carteles\/#primaryimage","url":"https:\/\/semanasantabraga.com\/wp-content\/uploads\/2017\/03\/Semana-Santa-1948.jpg","contentUrl":"https:\/\/semanasantabraga.com\/wp-content\/uploads\/2017\/03\/Semana-Santa-1948.jpg","width":632,"height":900},{"@type":"BreadcrumbList","@id":"https:\/\/semanasantabraga.com\/es\/archivo\/carteles\/#breadcrumb","itemListElement":[{"@type":"ListItem","position":1,"name":"In\u00edcio","item":"https:\/\/semanasantabraga.com\/es\/"},{"@type":"ListItem","position":2,"name":"Archivo","item":"https:\/\/semanasantabraga.com\/es\/archivo\/"},{"@type":"ListItem","position":3,"name":"Carteles"}]},{"@type":"WebSite","@id":"https:\/\/semanasantabraga.com\/#website","url":"https:\/\/semanasantabraga.com\/","name":"Semana Santa de Braga - S\u00edtio Oficial","description":"","potentialAction":[{"@type":"SearchAction","target":{"@type":"EntryPoint","urlTemplate":"https:\/\/semanasantabraga.com\/?s={search_term_string}"},"query-input":{"@type":"PropertyValueSpecification","valueRequired":true,"valueName":"search_term_string"}}],"inLanguage":"es"}]}},"_links":{"self":[{"href":"https:\/\/semanasantabraga.com\/es\/wp-json\/wp\/v2\/pages\/4417","targetHints":{"allow":["GET"]}}],"collection":[{"href":"https:\/\/semanasantabraga.com\/es\/wp-json\/wp\/v2\/pages"}],"about":[{"href":"https:\/\/semanasantabraga.com\/es\/wp-json\/wp\/v2\/types\/page"}],"author":[{"embeddable":true,"href":"https:\/\/semanasantabraga.com\/es\/wp-json\/wp\/v2\/users\/3"}],"replies":[{"embeddable":true,"href":"https:\/\/semanasantabraga.com\/es\/wp-json\/wp\/v2\/comments?post=4417"}],"version-history":[{"count":2,"href":"https:\/\/semanasantabraga.com\/es\/wp-json\/wp\/v2\/pages\/4417\/revisions"}],"predecessor-version":[{"id":11699,"href":"https:\/\/semanasantabraga.com\/es\/wp-json\/wp\/v2\/pages\/4417\/revisions\/11699"}],"up":[{"embeddable":true,"href":"https:\/\/semanasantabraga.com\/es\/wp-json\/wp\/v2\/pages\/4415"}],"wp:featuredmedia":[{"embeddable":true,"href":"https:\/\/semanasantabraga.com\/es\/wp-json\/wp\/v2\/media\/689"}],"wp:attachment":[{"href":"https:\/\/semanasantabraga.com\/es\/wp-json\/wp\/v2\/media?parent=4417"}],"curies":[{"name":"wp","href":"https:\/\/api.w.org\/{rel}","templated":true}]}}