{"id":4419,"date":"2018-01-25T17:26:21","date_gmt":"2018-01-25T17:26:21","guid":{"rendered":"http:\/\/semanasantabraga.com\/?page_id=4419"},"modified":"2019-05-14T16:39:45","modified_gmt":"2019-05-14T16:39:45","slug":"fotos","status":"publish","type":"page","link":"https:\/\/semanasantabraga.com\/es\/archivo\/fotos\/","title":{"rendered":"Fotos"},"content":{"rendered":"<p>Esta p\u00e1gina es un repositorio de algunas de las fotograf\u00edas que sirven para conocer un poco mejor la historia visual de la Semana Santa de Braga. Son s\u00f3lo algunas del inmenso patrimonio perteneciente a la Comisi\u00f3n de la Semana Santa.<\/p>\n<p>&nbsp;<\/p>\n<p>La Comisi\u00f3n pide a las personas que posean otras fotograf\u00edas, especialmente anteriores a la d\u00e9cada de los 90, en formato digital o f\u00edsico, que se pongan en contacto con el correo electr\u00f3nico info@semanasantabraga.com.<\/p>\n","protected":false},"excerpt":{"rendered":"<p>Esta p\u00e1gina es un repositorio de algunas de las fotograf\u00edas que sirven para conocer un poco mejor la historia visual de la Semana Santa de Braga. Son s\u00f3lo algunas del inmenso patrimonio perteneciente a la Comisi\u00f3n de la Semana Santa. &nbsp; La Comisi\u00f3n pide a las personas que posean otras fotograf\u00edas, especialmente anteriores a la [&hellip;]<\/p>\n","protected":false},"author":3,"featured_media":1219,"parent":4415,"menu_order":47,"comment_status":"closed","ping_status":"closed","template":"template-albumFotografias.php","meta":{"_acf_changed":false,"inline_featured_image":false,"footnotes":""},"class_list":["post-4419","page","type-page","status-publish","has-post-thumbnail","hentry"],"acf":{"titulo_banner":null,"texto_banner":null,"alias_slider":null},"yoast_head":"<!-- This site is optimized with the Yoast SEO plugin v27.4 - https:\/\/yoast.com\/product\/yoast-seo-wordpress\/ -->\n<title>Fotos - Semana Santa de Braga - S\u00edtio Oficial<\/title>\n<meta name=\"robots\" content=\"index, follow, max-snippet:-1, max-image-preview:large, max-video-preview:-1\" \/>\n<link rel=\"canonical\" href=\"https:\/\/semanasantabraga.com\/es\/archivo\/fotos\/\" \/>\n<meta name=\"twitter:card\" content=\"summary_large_image\" \/>\n<meta name=\"twitter:title\" content=\"Fotos - Semana Santa de Braga - S\u00edtio Oficial\" \/>\n<meta name=\"twitter:description\" content=\"Esta p\u00e1gina es un repositorio de algunas de las fotograf\u00edas que sirven para conocer un poco mejor la historia visual de la Semana Santa de Braga. Son s\u00f3lo algunas del inmenso patrimonio perteneciente a la Comisi\u00f3n de la Semana Santa. &nbsp; La Comisi\u00f3n pide a las personas que posean otras fotograf\u00edas, especialmente anteriores a la [&hellip;]\" \/>\n<meta name=\"twitter:image\" content=\"https:\/\/semanasantabraga.com\/wp-content\/uploads\/2017\/03\/farricoco-semana-santa-braga.jpg\" \/>\n<script type=\"application\/ld+json\" class=\"yoast-schema-graph\">{\"@context\":\"https:\\\/\\\/schema.org\",\"@graph\":[{\"@type\":\"WebPage\",\"@id\":\"https:\\\/\\\/semanasantabraga.com\\\/es\\\/archivo\\\/fotos\\\/\",\"url\":\"https:\\\/\\\/semanasantabraga.com\\\/es\\\/archivo\\\/fotos\\\/\",\"name\":\"Fotos - Semana Santa de Braga - S\u00edtio Oficial\",\"isPartOf\":{\"@id\":\"https:\\\/\\\/semanasantabraga.com\\\/#website\"},\"primaryImageOfPage\":{\"@id\":\"https:\\\/\\\/semanasantabraga.com\\\/es\\\/archivo\\\/fotos\\\/#primaryimage\"},\"image\":{\"@id\":\"https:\\\/\\\/semanasantabraga.com\\\/es\\\/archivo\\\/fotos\\\/#primaryimage\"},\"thumbnailUrl\":\"https:\\\/\\\/semanasantabraga.com\\\/wp-content\\\/uploads\\\/2017\\\/03\\\/farricoco-semana-santa-braga.jpg\",\"datePublished\":\"2018-01-25T17:26:21+00:00\",\"dateModified\":\"2019-05-14T16:39:45+00:00\",\"breadcrumb\":{\"@id\":\"https:\\\/\\\/semanasantabraga.com\\\/es\\\/archivo\\\/fotos\\\/#breadcrumb\"},\"inLanguage\":\"es\",\"potentialAction\":[{\"@type\":\"ReadAction\",\"target\":[\"https:\\\/\\\/semanasantabraga.com\\\/es\\\/archivo\\\/fotos\\\/\"]}]},{\"@type\":\"ImageObject\",\"inLanguage\":\"es\",\"@id\":\"https:\\\/\\\/semanasantabraga.com\\\/es\\\/archivo\\\/fotos\\\/#primaryimage\",\"url\":\"https:\\\/\\\/semanasantabraga.com\\\/wp-content\\\/uploads\\\/2017\\\/03\\\/farricoco-semana-santa-braga.jpg\",\"contentUrl\":\"https:\\\/\\\/semanasantabraga.com\\\/wp-content\\\/uploads\\\/2017\\\/03\\\/farricoco-semana-santa-braga.jpg\",\"width\":1920,\"height\":350},{\"@type\":\"BreadcrumbList\",\"@id\":\"https:\\\/\\\/semanasantabraga.com\\\/es\\\/archivo\\\/fotos\\\/#breadcrumb\",\"itemListElement\":[{\"@type\":\"ListItem\",\"position\":1,\"name\":\"In\u00edcio\",\"item\":\"https:\\\/\\\/semanasantabraga.com\\\/es\\\/\"},{\"@type\":\"ListItem\",\"position\":2,\"name\":\"Archivo\",\"item\":\"https:\\\/\\\/semanasantabraga.com\\\/es\\\/archivo\\\/\"},{\"@type\":\"ListItem\",\"position\":3,\"name\":\"Fotos\"}]},{\"@type\":\"WebSite\",\"@id\":\"https:\\\/\\\/semanasantabraga.com\\\/#website\",\"url\":\"https:\\\/\\\/semanasantabraga.com\\\/\",\"name\":\"Semana Santa de Braga - S\u00edtio Oficial\",\"description\":\"\",\"potentialAction\":[{\"@type\":\"SearchAction\",\"target\":{\"@type\":\"EntryPoint\",\"urlTemplate\":\"https:\\\/\\\/semanasantabraga.com\\\/?s={search_term_string}\"},\"query-input\":{\"@type\":\"PropertyValueSpecification\",\"valueRequired\":true,\"valueName\":\"search_term_string\"}}],\"inLanguage\":\"es\"}]}<\/script>\n<!-- \/ Yoast SEO plugin. -->","yoast_head_json":{"title":"Fotos - Semana Santa de Braga - S\u00edtio Oficial","robots":{"index":"index","follow":"follow","max-snippet":"max-snippet:-1","max-image-preview":"max-image-preview:large","max-video-preview":"max-video-preview:-1"},"canonical":"https:\/\/semanasantabraga.com\/es\/archivo\/fotos\/","twitter_card":"summary_large_image","twitter_title":"Fotos - Semana Santa de Braga - S\u00edtio Oficial","twitter_description":"Esta p\u00e1gina es un repositorio de algunas de las fotograf\u00edas que sirven para conocer un poco mejor la historia visual de la Semana Santa de Braga. Son s\u00f3lo algunas del inmenso patrimonio perteneciente a la Comisi\u00f3n de la Semana Santa. &nbsp; La Comisi\u00f3n pide a las personas que posean otras fotograf\u00edas, especialmente anteriores a la [&hellip;]","twitter_image":"https:\/\/semanasantabraga.com\/wp-content\/uploads\/2017\/03\/farricoco-semana-santa-braga.jpg","schema":{"@context":"https:\/\/schema.org","@graph":[{"@type":"WebPage","@id":"https:\/\/semanasantabraga.com\/es\/archivo\/fotos\/","url":"https:\/\/semanasantabraga.com\/es\/archivo\/fotos\/","name":"Fotos - Semana Santa de Braga - S\u00edtio Oficial","isPartOf":{"@id":"https:\/\/semanasantabraga.com\/#website"},"primaryImageOfPage":{"@id":"https:\/\/semanasantabraga.com\/es\/archivo\/fotos\/#primaryimage"},"image":{"@id":"https:\/\/semanasantabraga.com\/es\/archivo\/fotos\/#primaryimage"},"thumbnailUrl":"https:\/\/semanasantabraga.com\/wp-content\/uploads\/2017\/03\/farricoco-semana-santa-braga.jpg","datePublished":"2018-01-25T17:26:21+00:00","dateModified":"2019-05-14T16:39:45+00:00","breadcrumb":{"@id":"https:\/\/semanasantabraga.com\/es\/archivo\/fotos\/#breadcrumb"},"inLanguage":"es","potentialAction":[{"@type":"ReadAction","target":["https:\/\/semanasantabraga.com\/es\/archivo\/fotos\/"]}]},{"@type":"ImageObject","inLanguage":"es","@id":"https:\/\/semanasantabraga.com\/es\/archivo\/fotos\/#primaryimage","url":"https:\/\/semanasantabraga.com\/wp-content\/uploads\/2017\/03\/farricoco-semana-santa-braga.jpg","contentUrl":"https:\/\/semanasantabraga.com\/wp-content\/uploads\/2017\/03\/farricoco-semana-santa-braga.jpg","width":1920,"height":350},{"@type":"BreadcrumbList","@id":"https:\/\/semanasantabraga.com\/es\/archivo\/fotos\/#breadcrumb","itemListElement":[{"@type":"ListItem","position":1,"name":"In\u00edcio","item":"https:\/\/semanasantabraga.com\/es\/"},{"@type":"ListItem","position":2,"name":"Archivo","item":"https:\/\/semanasantabraga.com\/es\/archivo\/"},{"@type":"ListItem","position":3,"name":"Fotos"}]},{"@type":"WebSite","@id":"https:\/\/semanasantabraga.com\/#website","url":"https:\/\/semanasantabraga.com\/","name":"Semana Santa de Braga - S\u00edtio Oficial","description":"","potentialAction":[{"@type":"SearchAction","target":{"@type":"EntryPoint","urlTemplate":"https:\/\/semanasantabraga.com\/?s={search_term_string}"},"query-input":{"@type":"PropertyValueSpecification","valueRequired":true,"valueName":"search_term_string"}}],"inLanguage":"es"}]}},"_links":{"self":[{"href":"https:\/\/semanasantabraga.com\/es\/wp-json\/wp\/v2\/pages\/4419","targetHints":{"allow":["GET"]}}],"collection":[{"href":"https:\/\/semanasantabraga.com\/es\/wp-json\/wp\/v2\/pages"}],"about":[{"href":"https:\/\/semanasantabraga.com\/es\/wp-json\/wp\/v2\/types\/page"}],"author":[{"embeddable":true,"href":"https:\/\/semanasantabraga.com\/es\/wp-json\/wp\/v2\/users\/3"}],"replies":[{"embeddable":true,"href":"https:\/\/semanasantabraga.com\/es\/wp-json\/wp\/v2\/comments?post=4419"}],"version-history":[{"count":1,"href":"https:\/\/semanasantabraga.com\/es\/wp-json\/wp\/v2\/pages\/4419\/revisions"}],"predecessor-version":[{"id":4420,"href":"https:\/\/semanasantabraga.com\/es\/wp-json\/wp\/v2\/pages\/4419\/revisions\/4420"}],"up":[{"embeddable":true,"href":"https:\/\/semanasantabraga.com\/es\/wp-json\/wp\/v2\/pages\/4415"}],"wp:featuredmedia":[{"embeddable":true,"href":"https:\/\/semanasantabraga.com\/es\/wp-json\/wp\/v2\/media\/1219"}],"wp:attachment":[{"href":"https:\/\/semanasantabraga.com\/es\/wp-json\/wp\/v2\/media?parent=4419"}],"curies":[{"name":"wp","href":"https:\/\/api.w.org\/{rel}","templated":true}]}}