{"id":4421,"date":"2018-01-25T17:27:56","date_gmt":"2018-01-25T17:27:56","guid":{"rendered":"http:\/\/semanasantabraga.com\/?page_id=4421"},"modified":"2025-09-30T16:14:10","modified_gmt":"2025-09-30T16:14:10","slug":"programas-2","status":"publish","type":"page","link":"https:\/\/semanasantabraga.com\/es\/archivo\/programas-2\/","title":{"rendered":"Programas"},"content":{"rendered":"<p>Folletos de programas, cubiertas de folletos, peque\u00f1os folletos y libritos &#8230; aqu\u00ed puede conocer un poco de la Semana Santa. Publicaciones de las diversas entidades que, a lo largo del siglo XX (y ya en el siglo XXI) fueron editando informaci\u00f3n sobre la programaci\u00f3n de la Semana Santa de Braga cada a\u00f1o.<\/p>\n<p>&nbsp;<\/p>\n<p>La Comisi\u00f3n acepta su contribuci\u00f3n. Si tiene en su poder este tipo de publicaciones y lo desea ver aqu\u00ed publicado, env\u00edenos un email a info@semanasantabraga.com.<\/p>\n","protected":false},"excerpt":{"rendered":"<p>Folletos de programas, cubiertas de folletos, peque\u00f1os folletos y libritos &#8230; aqu\u00ed puede conocer un poco de la Semana Santa. Publicaciones de las diversas entidades que, a lo largo del siglo XX (y ya en el siglo XXI) fueron editando informaci\u00f3n sobre la programaci\u00f3n de la Semana Santa de Braga cada a\u00f1o. &nbsp; La Comisi\u00f3n [&hellip;]<\/p>\n","protected":false},"author":3,"featured_media":625,"parent":4415,"menu_order":118,"comment_status":"closed","ping_status":"closed","template":"template-ProgramasCartazes.php","meta":{"_acf_changed":false,"inline_featured_image":false,"footnotes":""},"class_list":["post-4421","page","type-page","status-publish","has-post-thumbnail","hentry"],"acf":{"programa_cartaz":"programa","titulo_banner":"","texto_banner":"","alias_slider":""},"yoast_head":"<!-- This site is optimized with the Yoast SEO plugin v27.4 - https:\/\/yoast.com\/product\/yoast-seo-wordpress\/ -->\n<title>Programas - Semana Santa de Braga - S\u00edtio Oficial<\/title>\n<meta name=\"robots\" content=\"index, follow, max-snippet:-1, max-image-preview:large, max-video-preview:-1\" \/>\n<link rel=\"canonical\" href=\"https:\/\/semanasantabraga.com\/es\/archivo\/programas-2\/\" \/>\n<meta name=\"twitter:card\" content=\"summary_large_image\" \/>\n<meta name=\"twitter:title\" content=\"Programas - Semana Santa de Braga - S\u00edtio Oficial\" \/>\n<meta name=\"twitter:description\" content=\"Folletos de programas, cubiertas de folletos, peque\u00f1os folletos y libritos &#8230; aqu\u00ed puede conocer un poco de la Semana Santa. Publicaciones de las diversas entidades que, a lo largo del siglo XX (y ya en el siglo XXI) fueron editando informaci\u00f3n sobre la programaci\u00f3n de la Semana Santa de Braga cada a\u00f1o. &nbsp; La Comisi\u00f3n [&hellip;]\" \/>\n<meta name=\"twitter:image\" content=\"https:\/\/semanasantabraga.com\/wp-content\/uploads\/2017\/02\/programas-antigos-semana-santa-braga.jpg\" \/>\n<meta name=\"twitter:label1\" content=\"Tiempo de lectura\" \/>\n\t<meta name=\"twitter:data1\" content=\"1 minuto\" \/>\n<script type=\"application\/ld+json\" class=\"yoast-schema-graph\">{\"@context\":\"https:\\\/\\\/schema.org\",\"@graph\":[{\"@type\":\"WebPage\",\"@id\":\"https:\\\/\\\/semanasantabraga.com\\\/es\\\/archivo\\\/programas-2\\\/\",\"url\":\"https:\\\/\\\/semanasantabraga.com\\\/es\\\/archivo\\\/programas-2\\\/\",\"name\":\"Programas - Semana Santa de Braga - S\u00edtio Oficial\",\"isPartOf\":{\"@id\":\"https:\\\/\\\/semanasantabraga.com\\\/#website\"},\"primaryImageOfPage\":{\"@id\":\"https:\\\/\\\/semanasantabraga.com\\\/es\\\/archivo\\\/programas-2\\\/#primaryimage\"},\"image\":{\"@id\":\"https:\\\/\\\/semanasantabraga.com\\\/es\\\/archivo\\\/programas-2\\\/#primaryimage\"},\"thumbnailUrl\":\"https:\\\/\\\/semanasantabraga.com\\\/wp-content\\\/uploads\\\/2017\\\/02\\\/programas-antigos-semana-santa-braga.jpg\",\"datePublished\":\"2018-01-25T17:27:56+00:00\",\"dateModified\":\"2025-09-30T16:14:10+00:00\",\"breadcrumb\":{\"@id\":\"https:\\\/\\\/semanasantabraga.com\\\/es\\\/archivo\\\/programas-2\\\/#breadcrumb\"},\"inLanguage\":\"es\",\"potentialAction\":[{\"@type\":\"ReadAction\",\"target\":[\"https:\\\/\\\/semanasantabraga.com\\\/es\\\/archivo\\\/programas-2\\\/\"]}]},{\"@type\":\"ImageObject\",\"inLanguage\":\"es\",\"@id\":\"https:\\\/\\\/semanasantabraga.com\\\/es\\\/archivo\\\/programas-2\\\/#primaryimage\",\"url\":\"https:\\\/\\\/semanasantabraga.com\\\/wp-content\\\/uploads\\\/2017\\\/02\\\/programas-antigos-semana-santa-braga.jpg\",\"contentUrl\":\"https:\\\/\\\/semanasantabraga.com\\\/wp-content\\\/uploads\\\/2017\\\/02\\\/programas-antigos-semana-santa-braga.jpg\",\"width\":1920,\"height\":400},{\"@type\":\"BreadcrumbList\",\"@id\":\"https:\\\/\\\/semanasantabraga.com\\\/es\\\/archivo\\\/programas-2\\\/#breadcrumb\",\"itemListElement\":[{\"@type\":\"ListItem\",\"position\":1,\"name\":\"In\u00edcio\",\"item\":\"https:\\\/\\\/semanasantabraga.com\\\/es\\\/\"},{\"@type\":\"ListItem\",\"position\":2,\"name\":\"Archivo\",\"item\":\"https:\\\/\\\/semanasantabraga.com\\\/es\\\/archivo\\\/\"},{\"@type\":\"ListItem\",\"position\":3,\"name\":\"Programas\"}]},{\"@type\":\"WebSite\",\"@id\":\"https:\\\/\\\/semanasantabraga.com\\\/#website\",\"url\":\"https:\\\/\\\/semanasantabraga.com\\\/\",\"name\":\"Semana Santa de Braga - S\u00edtio Oficial\",\"description\":\"\",\"potentialAction\":[{\"@type\":\"SearchAction\",\"target\":{\"@type\":\"EntryPoint\",\"urlTemplate\":\"https:\\\/\\\/semanasantabraga.com\\\/?s={search_term_string}\"},\"query-input\":{\"@type\":\"PropertyValueSpecification\",\"valueRequired\":true,\"valueName\":\"search_term_string\"}}],\"inLanguage\":\"es\"}]}<\/script>\n<!-- \/ Yoast SEO plugin. -->","yoast_head_json":{"title":"Programas - Semana Santa de Braga - S\u00edtio Oficial","robots":{"index":"index","follow":"follow","max-snippet":"max-snippet:-1","max-image-preview":"max-image-preview:large","max-video-preview":"max-video-preview:-1"},"canonical":"https:\/\/semanasantabraga.com\/es\/archivo\/programas-2\/","twitter_card":"summary_large_image","twitter_title":"Programas - Semana Santa de Braga - S\u00edtio Oficial","twitter_description":"Folletos de programas, cubiertas de folletos, peque\u00f1os folletos y libritos &#8230; aqu\u00ed puede conocer un poco de la Semana Santa. Publicaciones de las diversas entidades que, a lo largo del siglo XX (y ya en el siglo XXI) fueron editando informaci\u00f3n sobre la programaci\u00f3n de la Semana Santa de Braga cada a\u00f1o. &nbsp; La Comisi\u00f3n [&hellip;]","twitter_image":"https:\/\/semanasantabraga.com\/wp-content\/uploads\/2017\/02\/programas-antigos-semana-santa-braga.jpg","twitter_misc":{"Tiempo de lectura":"1 minuto"},"schema":{"@context":"https:\/\/schema.org","@graph":[{"@type":"WebPage","@id":"https:\/\/semanasantabraga.com\/es\/archivo\/programas-2\/","url":"https:\/\/semanasantabraga.com\/es\/archivo\/programas-2\/","name":"Programas - Semana Santa de Braga - S\u00edtio Oficial","isPartOf":{"@id":"https:\/\/semanasantabraga.com\/#website"},"primaryImageOfPage":{"@id":"https:\/\/semanasantabraga.com\/es\/archivo\/programas-2\/#primaryimage"},"image":{"@id":"https:\/\/semanasantabraga.com\/es\/archivo\/programas-2\/#primaryimage"},"thumbnailUrl":"https:\/\/semanasantabraga.com\/wp-content\/uploads\/2017\/02\/programas-antigos-semana-santa-braga.jpg","datePublished":"2018-01-25T17:27:56+00:00","dateModified":"2025-09-30T16:14:10+00:00","breadcrumb":{"@id":"https:\/\/semanasantabraga.com\/es\/archivo\/programas-2\/#breadcrumb"},"inLanguage":"es","potentialAction":[{"@type":"ReadAction","target":["https:\/\/semanasantabraga.com\/es\/archivo\/programas-2\/"]}]},{"@type":"ImageObject","inLanguage":"es","@id":"https:\/\/semanasantabraga.com\/es\/archivo\/programas-2\/#primaryimage","url":"https:\/\/semanasantabraga.com\/wp-content\/uploads\/2017\/02\/programas-antigos-semana-santa-braga.jpg","contentUrl":"https:\/\/semanasantabraga.com\/wp-content\/uploads\/2017\/02\/programas-antigos-semana-santa-braga.jpg","width":1920,"height":400},{"@type":"BreadcrumbList","@id":"https:\/\/semanasantabraga.com\/es\/archivo\/programas-2\/#breadcrumb","itemListElement":[{"@type":"ListItem","position":1,"name":"In\u00edcio","item":"https:\/\/semanasantabraga.com\/es\/"},{"@type":"ListItem","position":2,"name":"Archivo","item":"https:\/\/semanasantabraga.com\/es\/archivo\/"},{"@type":"ListItem","position":3,"name":"Programas"}]},{"@type":"WebSite","@id":"https:\/\/semanasantabraga.com\/#website","url":"https:\/\/semanasantabraga.com\/","name":"Semana Santa de Braga - S\u00edtio Oficial","description":"","potentialAction":[{"@type":"SearchAction","target":{"@type":"EntryPoint","urlTemplate":"https:\/\/semanasantabraga.com\/?s={search_term_string}"},"query-input":{"@type":"PropertyValueSpecification","valueRequired":true,"valueName":"search_term_string"}}],"inLanguage":"es"}]}},"_links":{"self":[{"href":"https:\/\/semanasantabraga.com\/es\/wp-json\/wp\/v2\/pages\/4421","targetHints":{"allow":["GET"]}}],"collection":[{"href":"https:\/\/semanasantabraga.com\/es\/wp-json\/wp\/v2\/pages"}],"about":[{"href":"https:\/\/semanasantabraga.com\/es\/wp-json\/wp\/v2\/types\/page"}],"author":[{"embeddable":true,"href":"https:\/\/semanasantabraga.com\/es\/wp-json\/wp\/v2\/users\/3"}],"replies":[{"embeddable":true,"href":"https:\/\/semanasantabraga.com\/es\/wp-json\/wp\/v2\/comments?post=4421"}],"version-history":[{"count":1,"href":"https:\/\/semanasantabraga.com\/es\/wp-json\/wp\/v2\/pages\/4421\/revisions"}],"predecessor-version":[{"id":4422,"href":"https:\/\/semanasantabraga.com\/es\/wp-json\/wp\/v2\/pages\/4421\/revisions\/4422"}],"up":[{"embeddable":true,"href":"https:\/\/semanasantabraga.com\/es\/wp-json\/wp\/v2\/pages\/4415"}],"wp:featuredmedia":[{"embeddable":true,"href":"https:\/\/semanasantabraga.com\/es\/wp-json\/wp\/v2\/media\/625"}],"wp:attachment":[{"href":"https:\/\/semanasantabraga.com\/es\/wp-json\/wp\/v2\/media?parent=4421"}],"curies":[{"name":"wp","href":"https:\/\/api.w.org\/{rel}","templated":true}]}}