{"id":4425,"date":"2018-01-25T17:31:12","date_gmt":"2018-01-25T17:31:12","guid":{"rendered":"http:\/\/semanasantabraga.com\/?page_id=4425"},"modified":"2019-05-14T16:39:46","modified_gmt":"2019-05-14T16:39:46","slug":"cultura-2","status":"publish","type":"page","link":"https:\/\/semanasantabraga.com\/es\/programa\/cultura-2\/","title":{"rendered":"Cultura"},"content":{"rendered":"<h3>\n Una din\u00e1mica cultural destinada a todos los p\u00fablicos<\/h3>\n<p>La Comisi\u00f3n de la Semana Santa de Braga organiza todos los a\u00f1os, adem\u00e1s de los actos religiosos, un programa cultural rico y diversificado.<\/p>\n<p>&nbsp;<\/p>\n<p>Son varios los conciertos, y siempre llenos, con destaque para el concierto de la iglesia de San Marcos del Hospital, organizado por la Santa Casa de la Misericordia de Braga, el viernes anterior al Viernes Santo; para el concierto organizado por la Hermandad de Santa Cruz, en la iglesia con el mismo nombre, el lunes Santa; y el concierto coral sinf\u00f3nico, en la Catedral, el martes Santa, que es uno de los exponentes del programa.<\/p>\n<p>&nbsp;<\/p>\n<p>Tambi\u00e9n son varias las exposiciones (siempre arriba de la decena), que se suceden en varios espacios de la ciudad, y que versan la tem\u00e1tica de la Cuaresma, de la Semana Santa y de la Pascua.<\/p>\n<p>&nbsp;<\/p>\n<p>Otras iniciativas puntuales son anualmente llevadas a cabo, como las visitas guiadas, representaciones, y otras, con destaque para el Ciclo de Conferencias \u00abNova \u00c1gora\u00bb, organizadas por la Arquidi\u00f3cesis de Braga.<\/p>\n<p>&nbsp;<\/p>\n<p>&nbsp;<\/p>\n<p>&nbsp;<\/p>\n","protected":false},"excerpt":{"rendered":"<p>Una din\u00e1mica cultural destinada a todos los p\u00fablicos La Comisi\u00f3n de la Semana Santa de Braga organiza todos los a\u00f1os, adem\u00e1s de los actos religiosos, un programa cultural rico y diversificado. &nbsp; Son varios los conciertos, y siempre llenos, con destaque para el concierto de la iglesia de San Marcos del Hospital, organizado por la [&hellip;]<\/p>\n","protected":false},"author":3,"featured_media":626,"parent":4423,"menu_order":42,"comment_status":"closed","ping_status":"closed","template":"template-paginasimples.php","meta":{"_acf_changed":false,"inline_featured_image":false,"footnotes":""},"class_list":["post-4425","page","type-page","status-publish","has-post-thumbnail","hentry"],"acf":{"titulo_banner":null,"texto_banner":null,"alias_slider":null},"yoast_head":"<!-- This site is optimized with the Yoast SEO plugin v27.4 - https:\/\/yoast.com\/product\/yoast-seo-wordpress\/ -->\n<title>Cultura - Semana Santa de Braga - S\u00edtio Oficial<\/title>\n<meta name=\"robots\" content=\"index, follow, max-snippet:-1, max-image-preview:large, max-video-preview:-1\" \/>\n<link rel=\"canonical\" href=\"https:\/\/semanasantabraga.com\/es\/programa\/cultura-2\/\" \/>\n<meta name=\"twitter:card\" content=\"summary_large_image\" \/>\n<meta name=\"twitter:title\" content=\"Cultura - Semana Santa de Braga - S\u00edtio Oficial\" \/>\n<meta name=\"twitter:description\" content=\"Una din\u00e1mica cultural destinada a todos los p\u00fablicos La Comisi\u00f3n de la Semana Santa de Braga organiza todos los a\u00f1os, adem\u00e1s de los actos religiosos, un programa cultural rico y diversificado. &nbsp; Son varios los conciertos, y siempre llenos, con destaque para el concierto de la iglesia de San Marcos del Hospital, organizado por la [&hellip;]\" \/>\n<meta name=\"twitter:image\" content=\"https:\/\/semanasantabraga.com\/wp-content\/uploads\/2017\/02\/programa-cultural-semana-santa-braga.jpg\" \/>\n<meta name=\"twitter:label1\" content=\"Tiempo de lectura\" \/>\n\t<meta name=\"twitter:data1\" content=\"1 minuto\" \/>\n<script type=\"application\/ld+json\" class=\"yoast-schema-graph\">{\"@context\":\"https:\\\/\\\/schema.org\",\"@graph\":[{\"@type\":\"WebPage\",\"@id\":\"https:\\\/\\\/semanasantabraga.com\\\/es\\\/programa\\\/cultura-2\\\/\",\"url\":\"https:\\\/\\\/semanasantabraga.com\\\/es\\\/programa\\\/cultura-2\\\/\",\"name\":\"Cultura - Semana Santa de Braga - S\u00edtio Oficial\",\"isPartOf\":{\"@id\":\"https:\\\/\\\/semanasantabraga.com\\\/#website\"},\"primaryImageOfPage\":{\"@id\":\"https:\\\/\\\/semanasantabraga.com\\\/es\\\/programa\\\/cultura-2\\\/#primaryimage\"},\"image\":{\"@id\":\"https:\\\/\\\/semanasantabraga.com\\\/es\\\/programa\\\/cultura-2\\\/#primaryimage\"},\"thumbnailUrl\":\"https:\\\/\\\/semanasantabraga.com\\\/wp-content\\\/uploads\\\/2017\\\/02\\\/programa-cultural-semana-santa-braga.jpg\",\"datePublished\":\"2018-01-25T17:31:12+00:00\",\"dateModified\":\"2019-05-14T16:39:46+00:00\",\"breadcrumb\":{\"@id\":\"https:\\\/\\\/semanasantabraga.com\\\/es\\\/programa\\\/cultura-2\\\/#breadcrumb\"},\"inLanguage\":\"es\",\"potentialAction\":[{\"@type\":\"ReadAction\",\"target\":[\"https:\\\/\\\/semanasantabraga.com\\\/es\\\/programa\\\/cultura-2\\\/\"]}]},{\"@type\":\"ImageObject\",\"inLanguage\":\"es\",\"@id\":\"https:\\\/\\\/semanasantabraga.com\\\/es\\\/programa\\\/cultura-2\\\/#primaryimage\",\"url\":\"https:\\\/\\\/semanasantabraga.com\\\/wp-content\\\/uploads\\\/2017\\\/02\\\/programa-cultural-semana-santa-braga.jpg\",\"contentUrl\":\"https:\\\/\\\/semanasantabraga.com\\\/wp-content\\\/uploads\\\/2017\\\/02\\\/programa-cultural-semana-santa-braga.jpg\",\"width\":1920,\"height\":400},{\"@type\":\"BreadcrumbList\",\"@id\":\"https:\\\/\\\/semanasantabraga.com\\\/es\\\/programa\\\/cultura-2\\\/#breadcrumb\",\"itemListElement\":[{\"@type\":\"ListItem\",\"position\":1,\"name\":\"In\u00edcio\",\"item\":\"https:\\\/\\\/semanasantabraga.com\\\/es\\\/\"},{\"@type\":\"ListItem\",\"position\":2,\"name\":\"Programa\",\"item\":\"https:\\\/\\\/semanasantabraga.com\\\/es\\\/programa\\\/\"},{\"@type\":\"ListItem\",\"position\":3,\"name\":\"Cultura\"}]},{\"@type\":\"WebSite\",\"@id\":\"https:\\\/\\\/semanasantabraga.com\\\/#website\",\"url\":\"https:\\\/\\\/semanasantabraga.com\\\/\",\"name\":\"Semana Santa de Braga - S\u00edtio Oficial\",\"description\":\"\",\"potentialAction\":[{\"@type\":\"SearchAction\",\"target\":{\"@type\":\"EntryPoint\",\"urlTemplate\":\"https:\\\/\\\/semanasantabraga.com\\\/?s={search_term_string}\"},\"query-input\":{\"@type\":\"PropertyValueSpecification\",\"valueRequired\":true,\"valueName\":\"search_term_string\"}}],\"inLanguage\":\"es\"}]}<\/script>\n<!-- \/ Yoast SEO plugin. -->","yoast_head_json":{"title":"Cultura - Semana Santa de Braga - S\u00edtio Oficial","robots":{"index":"index","follow":"follow","max-snippet":"max-snippet:-1","max-image-preview":"max-image-preview:large","max-video-preview":"max-video-preview:-1"},"canonical":"https:\/\/semanasantabraga.com\/es\/programa\/cultura-2\/","twitter_card":"summary_large_image","twitter_title":"Cultura - Semana Santa de Braga - S\u00edtio Oficial","twitter_description":"Una din\u00e1mica cultural destinada a todos los p\u00fablicos La Comisi\u00f3n de la Semana Santa de Braga organiza todos los a\u00f1os, adem\u00e1s de los actos religiosos, un programa cultural rico y diversificado. &nbsp; Son varios los conciertos, y siempre llenos, con destaque para el concierto de la iglesia de San Marcos del Hospital, organizado por la [&hellip;]","twitter_image":"https:\/\/semanasantabraga.com\/wp-content\/uploads\/2017\/02\/programa-cultural-semana-santa-braga.jpg","twitter_misc":{"Tiempo de lectura":"1 minuto"},"schema":{"@context":"https:\/\/schema.org","@graph":[{"@type":"WebPage","@id":"https:\/\/semanasantabraga.com\/es\/programa\/cultura-2\/","url":"https:\/\/semanasantabraga.com\/es\/programa\/cultura-2\/","name":"Cultura - Semana Santa de Braga - S\u00edtio Oficial","isPartOf":{"@id":"https:\/\/semanasantabraga.com\/#website"},"primaryImageOfPage":{"@id":"https:\/\/semanasantabraga.com\/es\/programa\/cultura-2\/#primaryimage"},"image":{"@id":"https:\/\/semanasantabraga.com\/es\/programa\/cultura-2\/#primaryimage"},"thumbnailUrl":"https:\/\/semanasantabraga.com\/wp-content\/uploads\/2017\/02\/programa-cultural-semana-santa-braga.jpg","datePublished":"2018-01-25T17:31:12+00:00","dateModified":"2019-05-14T16:39:46+00:00","breadcrumb":{"@id":"https:\/\/semanasantabraga.com\/es\/programa\/cultura-2\/#breadcrumb"},"inLanguage":"es","potentialAction":[{"@type":"ReadAction","target":["https:\/\/semanasantabraga.com\/es\/programa\/cultura-2\/"]}]},{"@type":"ImageObject","inLanguage":"es","@id":"https:\/\/semanasantabraga.com\/es\/programa\/cultura-2\/#primaryimage","url":"https:\/\/semanasantabraga.com\/wp-content\/uploads\/2017\/02\/programa-cultural-semana-santa-braga.jpg","contentUrl":"https:\/\/semanasantabraga.com\/wp-content\/uploads\/2017\/02\/programa-cultural-semana-santa-braga.jpg","width":1920,"height":400},{"@type":"BreadcrumbList","@id":"https:\/\/semanasantabraga.com\/es\/programa\/cultura-2\/#breadcrumb","itemListElement":[{"@type":"ListItem","position":1,"name":"In\u00edcio","item":"https:\/\/semanasantabraga.com\/es\/"},{"@type":"ListItem","position":2,"name":"Programa","item":"https:\/\/semanasantabraga.com\/es\/programa\/"},{"@type":"ListItem","position":3,"name":"Cultura"}]},{"@type":"WebSite","@id":"https:\/\/semanasantabraga.com\/#website","url":"https:\/\/semanasantabraga.com\/","name":"Semana Santa de Braga - S\u00edtio Oficial","description":"","potentialAction":[{"@type":"SearchAction","target":{"@type":"EntryPoint","urlTemplate":"https:\/\/semanasantabraga.com\/?s={search_term_string}"},"query-input":{"@type":"PropertyValueSpecification","valueRequired":true,"valueName":"search_term_string"}}],"inLanguage":"es"}]}},"_links":{"self":[{"href":"https:\/\/semanasantabraga.com\/es\/wp-json\/wp\/v2\/pages\/4425","targetHints":{"allow":["GET"]}}],"collection":[{"href":"https:\/\/semanasantabraga.com\/es\/wp-json\/wp\/v2\/pages"}],"about":[{"href":"https:\/\/semanasantabraga.com\/es\/wp-json\/wp\/v2\/types\/page"}],"author":[{"embeddable":true,"href":"https:\/\/semanasantabraga.com\/es\/wp-json\/wp\/v2\/users\/3"}],"replies":[{"embeddable":true,"href":"https:\/\/semanasantabraga.com\/es\/wp-json\/wp\/v2\/comments?post=4425"}],"version-history":[{"count":1,"href":"https:\/\/semanasantabraga.com\/es\/wp-json\/wp\/v2\/pages\/4425\/revisions"}],"predecessor-version":[{"id":4426,"href":"https:\/\/semanasantabraga.com\/es\/wp-json\/wp\/v2\/pages\/4425\/revisions\/4426"}],"up":[{"embeddable":true,"href":"https:\/\/semanasantabraga.com\/es\/wp-json\/wp\/v2\/pages\/4423"}],"wp:featuredmedia":[{"embeddable":true,"href":"https:\/\/semanasantabraga.com\/es\/wp-json\/wp\/v2\/media\/626"}],"wp:attachment":[{"href":"https:\/\/semanasantabraga.com\/es\/wp-json\/wp\/v2\/media?parent=4425"}],"curies":[{"name":"wp","href":"https:\/\/api.w.org\/{rel}","templated":true}]}}