{"id":4439,"date":"2018-01-26T10:38:37","date_gmt":"2018-01-26T10:38:37","guid":{"rendered":"http:\/\/semanasantabraga.com\/?page_id=4439"},"modified":"2019-05-17T11:04:02","modified_gmt":"2019-05-17T11:04:02","slug":"bienvenido","status":"publish","type":"page","link":"https:\/\/semanasantabraga.com\/es\/semana-santa\/bienvenido\/","title":{"rendered":"Bienvenido"},"content":{"rendered":"<h3>\nEstimado\/a el visitante de la Semana Santa de Braga,<\/h3>\n<p>Sea bienvenido a esta presencia digital. Es nuestra presencia en la web, donde se pueden encontrar fotos e informaci\u00f3n sobre lo que es sin duda la m\u00e1s famosa Semana Santa en Portugal y uno de los m\u00e1s importantes de todo el mundo cristiano. Aqu\u00ed podr\u00e1 ver el \u00abprograma completo\u00bb de la Semana Santa, as\u00ed como las celebraciones cuaresmales que la preparan.<\/p>\n<p style=\"text-align: left;\">\u00a0<\/p>\n<p style=\"text-align: left;\">Pretendemos tambi\u00e9n retendemos una explicaci\u00f3n del sentido de cada una de las principales acciones. Podr\u00e1 encontrar otras caracter\u00edsticas que, esperamos, ayuden a disfrutar mejor de la amplia oferta, tales como un mapa interactivo para la investigaci\u00f3n de las procesiones y el Lausperene Cuaresmal. Ofrecemos, tambi\u00e9n, un \u00e1lbum con folio fotogr\u00e1fico, que integra registros desde el inicio del siglo XX, as\u00ed como una parte reservada al archivo hist\u00f3rico.<\/p>\n<p style=\"text-align: left;\">\u00a0<\/p>\n<p style=\"text-align: left;\">Esta p\u00e1gina digital se asemeja, as\u00ed, como una plataforma que aspira a la calidad, donde se puede encontrar informaci\u00f3n sobre toda la realidad del m\u00e1s significativo e imponente evento internacional de la ciudad de Braga. En nombre de la Comisi\u00f3n promotora, le doy la bienvenida y desaf\u00edo a gozar de esta oferta religiosa y cultural en la ciudad de Braga, recordando que esta presencia digital pretende ser s\u00f3lo una invitaci\u00f3n para que venga y disfrute de las diversas ofertas que la Braga tiene que ofrecerle.<\/p>\n<p style=\"text-align: left;\">\u00a0<\/p>\n<p style=\"text-align: left;\">Sea bienvenido!<\/p>\n<p style=\"text-align: left;\">\u00a0<\/p>\n<p><strong>C\u00f3nego Avelino Marques Amorim<\/strong><\/p>\n<p>Presidente<\/p>\n<p>&nbsp;<\/p>\n","protected":false},"excerpt":{"rendered":"<p>Estimado\/a el visitante de la Semana Santa de Braga, Sea bienvenido a esta presencia digital. Es nuestra presencia en la web, donde se pueden encontrar fotos e informaci\u00f3n sobre lo que es sin duda la m\u00e1s famosa Semana Santa en Portugal y uno de los m\u00e1s importantes de todo el mundo cristiano. Aqu\u00ed podr\u00e1 ver [&hellip;]<\/p>\n","protected":false},"author":3,"featured_media":1090,"parent":4433,"menu_order":32,"comment_status":"closed","ping_status":"closed","template":"template-paginasimples.php","meta":{"_acf_changed":false,"inline_featured_image":false,"footnotes":""},"class_list":["post-4439","page","type-page","status-publish","has-post-thumbnail","hentry"],"acf":{"titulo_banner":"","texto_banner":"","alias_slider":""},"yoast_head":"<!-- This site is optimized with the Yoast SEO plugin v27.4 - https:\/\/yoast.com\/product\/yoast-seo-wordpress\/ -->\n<title>Bienvenido - Semana Santa de Braga - S\u00edtio Oficial<\/title>\n<meta name=\"robots\" content=\"index, follow, max-snippet:-1, max-image-preview:large, max-video-preview:-1\" \/>\n<link rel=\"canonical\" href=\"https:\/\/semanasantabraga.com\/es\/semana-santa\/bienvenido\/\" \/>\n<meta name=\"twitter:card\" content=\"summary_large_image\" \/>\n<meta name=\"twitter:title\" content=\"Bienvenido - Semana Santa de Braga - S\u00edtio Oficial\" \/>\n<meta name=\"twitter:description\" content=\"Estimado\/a el visitante de la Semana Santa de Braga, Sea bienvenido a esta presencia digital. Es nuestra presencia en la web, donde se pueden encontrar fotos e informaci\u00f3n sobre lo que es sin duda la m\u00e1s famosa Semana Santa en Portugal y uno de los m\u00e1s importantes de todo el mundo cristiano. Aqu\u00ed podr\u00e1 ver [&hellip;]\" \/>\n<meta name=\"twitter:image\" content=\"https:\/\/semanasantabraga.com\/wp-content\/uploads\/2017\/03\/se-braga-3.jpg\" \/>\n<meta name=\"twitter:label1\" content=\"Tiempo de lectura\" \/>\n\t<meta name=\"twitter:data1\" content=\"1 minuto\" \/>\n<script type=\"application\/ld+json\" class=\"yoast-schema-graph\">{\"@context\":\"https:\\\/\\\/schema.org\",\"@graph\":[{\"@type\":\"WebPage\",\"@id\":\"https:\\\/\\\/semanasantabraga.com\\\/es\\\/semana-santa\\\/bienvenido\\\/\",\"url\":\"https:\\\/\\\/semanasantabraga.com\\\/es\\\/semana-santa\\\/bienvenido\\\/\",\"name\":\"Bienvenido - Semana Santa de Braga - S\u00edtio Oficial\",\"isPartOf\":{\"@id\":\"https:\\\/\\\/semanasantabraga.com\\\/#website\"},\"primaryImageOfPage\":{\"@id\":\"https:\\\/\\\/semanasantabraga.com\\\/es\\\/semana-santa\\\/bienvenido\\\/#primaryimage\"},\"image\":{\"@id\":\"https:\\\/\\\/semanasantabraga.com\\\/es\\\/semana-santa\\\/bienvenido\\\/#primaryimage\"},\"thumbnailUrl\":\"https:\\\/\\\/semanasantabraga.com\\\/wp-content\\\/uploads\\\/2017\\\/03\\\/se-braga-3.jpg\",\"datePublished\":\"2018-01-26T10:38:37+00:00\",\"dateModified\":\"2019-05-17T11:04:02+00:00\",\"breadcrumb\":{\"@id\":\"https:\\\/\\\/semanasantabraga.com\\\/es\\\/semana-santa\\\/bienvenido\\\/#breadcrumb\"},\"inLanguage\":\"es\",\"potentialAction\":[{\"@type\":\"ReadAction\",\"target\":[\"https:\\\/\\\/semanasantabraga.com\\\/es\\\/semana-santa\\\/bienvenido\\\/\"]}]},{\"@type\":\"ImageObject\",\"inLanguage\":\"es\",\"@id\":\"https:\\\/\\\/semanasantabraga.com\\\/es\\\/semana-santa\\\/bienvenido\\\/#primaryimage\",\"url\":\"https:\\\/\\\/semanasantabraga.com\\\/wp-content\\\/uploads\\\/2017\\\/03\\\/se-braga-3.jpg\",\"contentUrl\":\"https:\\\/\\\/semanasantabraga.com\\\/wp-content\\\/uploads\\\/2017\\\/03\\\/se-braga-3.jpg\",\"width\":1920,\"height\":350},{\"@type\":\"BreadcrumbList\",\"@id\":\"https:\\\/\\\/semanasantabraga.com\\\/es\\\/semana-santa\\\/bienvenido\\\/#breadcrumb\",\"itemListElement\":[{\"@type\":\"ListItem\",\"position\":1,\"name\":\"In\u00edcio\",\"item\":\"https:\\\/\\\/semanasantabraga.com\\\/es\\\/\"},{\"@type\":\"ListItem\",\"position\":2,\"name\":\"Semana Santa\",\"item\":\"https:\\\/\\\/semanasantabraga.com\\\/es\\\/semana-santa\\\/\"},{\"@type\":\"ListItem\",\"position\":3,\"name\":\"Bienvenido\"}]},{\"@type\":\"WebSite\",\"@id\":\"https:\\\/\\\/semanasantabraga.com\\\/#website\",\"url\":\"https:\\\/\\\/semanasantabraga.com\\\/\",\"name\":\"Semana Santa de Braga - S\u00edtio Oficial\",\"description\":\"\",\"potentialAction\":[{\"@type\":\"SearchAction\",\"target\":{\"@type\":\"EntryPoint\",\"urlTemplate\":\"https:\\\/\\\/semanasantabraga.com\\\/?s={search_term_string}\"},\"query-input\":{\"@type\":\"PropertyValueSpecification\",\"valueRequired\":true,\"valueName\":\"search_term_string\"}}],\"inLanguage\":\"es\"}]}<\/script>\n<!-- \/ Yoast SEO plugin. -->","yoast_head_json":{"title":"Bienvenido - Semana Santa de Braga - S\u00edtio Oficial","robots":{"index":"index","follow":"follow","max-snippet":"max-snippet:-1","max-image-preview":"max-image-preview:large","max-video-preview":"max-video-preview:-1"},"canonical":"https:\/\/semanasantabraga.com\/es\/semana-santa\/bienvenido\/","twitter_card":"summary_large_image","twitter_title":"Bienvenido - Semana Santa de Braga - S\u00edtio Oficial","twitter_description":"Estimado\/a el visitante de la Semana Santa de Braga, Sea bienvenido a esta presencia digital. Es nuestra presencia en la web, donde se pueden encontrar fotos e informaci\u00f3n sobre lo que es sin duda la m\u00e1s famosa Semana Santa en Portugal y uno de los m\u00e1s importantes de todo el mundo cristiano. Aqu\u00ed podr\u00e1 ver [&hellip;]","twitter_image":"https:\/\/semanasantabraga.com\/wp-content\/uploads\/2017\/03\/se-braga-3.jpg","twitter_misc":{"Tiempo de lectura":"1 minuto"},"schema":{"@context":"https:\/\/schema.org","@graph":[{"@type":"WebPage","@id":"https:\/\/semanasantabraga.com\/es\/semana-santa\/bienvenido\/","url":"https:\/\/semanasantabraga.com\/es\/semana-santa\/bienvenido\/","name":"Bienvenido - Semana Santa de Braga - S\u00edtio Oficial","isPartOf":{"@id":"https:\/\/semanasantabraga.com\/#website"},"primaryImageOfPage":{"@id":"https:\/\/semanasantabraga.com\/es\/semana-santa\/bienvenido\/#primaryimage"},"image":{"@id":"https:\/\/semanasantabraga.com\/es\/semana-santa\/bienvenido\/#primaryimage"},"thumbnailUrl":"https:\/\/semanasantabraga.com\/wp-content\/uploads\/2017\/03\/se-braga-3.jpg","datePublished":"2018-01-26T10:38:37+00:00","dateModified":"2019-05-17T11:04:02+00:00","breadcrumb":{"@id":"https:\/\/semanasantabraga.com\/es\/semana-santa\/bienvenido\/#breadcrumb"},"inLanguage":"es","potentialAction":[{"@type":"ReadAction","target":["https:\/\/semanasantabraga.com\/es\/semana-santa\/bienvenido\/"]}]},{"@type":"ImageObject","inLanguage":"es","@id":"https:\/\/semanasantabraga.com\/es\/semana-santa\/bienvenido\/#primaryimage","url":"https:\/\/semanasantabraga.com\/wp-content\/uploads\/2017\/03\/se-braga-3.jpg","contentUrl":"https:\/\/semanasantabraga.com\/wp-content\/uploads\/2017\/03\/se-braga-3.jpg","width":1920,"height":350},{"@type":"BreadcrumbList","@id":"https:\/\/semanasantabraga.com\/es\/semana-santa\/bienvenido\/#breadcrumb","itemListElement":[{"@type":"ListItem","position":1,"name":"In\u00edcio","item":"https:\/\/semanasantabraga.com\/es\/"},{"@type":"ListItem","position":2,"name":"Semana Santa","item":"https:\/\/semanasantabraga.com\/es\/semana-santa\/"},{"@type":"ListItem","position":3,"name":"Bienvenido"}]},{"@type":"WebSite","@id":"https:\/\/semanasantabraga.com\/#website","url":"https:\/\/semanasantabraga.com\/","name":"Semana Santa de Braga - S\u00edtio Oficial","description":"","potentialAction":[{"@type":"SearchAction","target":{"@type":"EntryPoint","urlTemplate":"https:\/\/semanasantabraga.com\/?s={search_term_string}"},"query-input":{"@type":"PropertyValueSpecification","valueRequired":true,"valueName":"search_term_string"}}],"inLanguage":"es"}]}},"_links":{"self":[{"href":"https:\/\/semanasantabraga.com\/es\/wp-json\/wp\/v2\/pages\/4439","targetHints":{"allow":["GET"]}}],"collection":[{"href":"https:\/\/semanasantabraga.com\/es\/wp-json\/wp\/v2\/pages"}],"about":[{"href":"https:\/\/semanasantabraga.com\/es\/wp-json\/wp\/v2\/types\/page"}],"author":[{"embeddable":true,"href":"https:\/\/semanasantabraga.com\/es\/wp-json\/wp\/v2\/users\/3"}],"replies":[{"embeddable":true,"href":"https:\/\/semanasantabraga.com\/es\/wp-json\/wp\/v2\/comments?post=4439"}],"version-history":[{"count":3,"href":"https:\/\/semanasantabraga.com\/es\/wp-json\/wp\/v2\/pages\/4439\/revisions"}],"predecessor-version":[{"id":6822,"href":"https:\/\/semanasantabraga.com\/es\/wp-json\/wp\/v2\/pages\/4439\/revisions\/6822"}],"up":[{"embeddable":true,"href":"https:\/\/semanasantabraga.com\/es\/wp-json\/wp\/v2\/pages\/4433"}],"wp:featuredmedia":[{"embeddable":true,"href":"https:\/\/semanasantabraga.com\/es\/wp-json\/wp\/v2\/media\/1090"}],"wp:attachment":[{"href":"https:\/\/semanasantabraga.com\/es\/wp-json\/wp\/v2\/media?parent=4439"}],"curies":[{"name":"wp","href":"https:\/\/api.w.org\/{rel}","templated":true}]}}