{"id":4441,"date":"2018-01-26T10:44:10","date_gmt":"2018-01-26T10:44:10","guid":{"rendered":"http:\/\/semanasantabraga.com\/?page_id=4441"},"modified":"2023-04-14T14:38:13","modified_gmt":"2023-04-14T14:38:13","slug":"contactos-generales","status":"publish","type":"page","link":"https:\/\/semanasantabraga.com\/es\/semana-santa\/contactos-generales\/","title":{"rendered":"Contactos Generales"},"content":{"rendered":"<h3>Morada<\/h3>\n<p>Cabido Metropolitano y Primacial Bracarense<br \/>\nComisi\u00f3n de Cuaresma y solemnidades de la Semana Santa de Braga<br \/>\nRua D. Paio Mendes<br \/>\n4700-424 Braga, Portugal<br \/>\nT +(351) 253 263 317 (llamada a una red fija nacional)<br \/>\nF +(351) 253 263 731 (llamada a una red fija nacional)<\/p>\n<p>&nbsp;<\/p>\n<h3>Presidente de la Comisi\u00f3n<\/h3>\n<p>C\u00f3nego Dr. Luis Miguel Figueiredo Rodrigues<br \/>\nT + (351) 962 454 750 (llamar a una red m\u00f3vil nacional)<br \/>\ne-mail: figueiredorodrigues@arquidiocese-braga.pt<\/p>\n<p>&nbsp;<\/p>\n<h3>Comunicaci\u00f3n y relaci\u00f3n con los m\u00e9dios<\/h3>\n<p>Sr. Abel Rocha<br \/>\nT + (351) 962 145 519 (llamar a una red m\u00f3vil nacional)<br \/>\ne-mail: info@semanasantabraga.com<\/p>\n<p>&nbsp;<\/p>\n<h3>Formulario de contacto<\/h3>\n<p>Todas las sugerencias, ideas, opiniones y comentarios son bienvenidos. <a href=\"#\" data-toggle=\"modal\" data-target=\"#modalSugestoes\"> Utilice este formulario<\/a> para este prop\u00f3sito.<\/p>\n<p>&nbsp;<\/p>\n<p>&nbsp;<\/p>\n","protected":false},"excerpt":{"rendered":"<p>Morada Cabido Metropolitano y Primacial Bracarense Comisi\u00f3n de Cuaresma y solemnidades de la Semana Santa de Braga Rua D. Paio Mendes 4700-424 Braga, Portugal T +(351) 253 263 317 (llamada a una red fija nacional) F +(351) 253 263 731 (llamada a una red fija nacional) &nbsp; Presidente de la Comisi\u00f3n C\u00f3nego Dr. Luis Miguel [&hellip;]<\/p>\n","protected":false},"author":3,"featured_media":755,"parent":4433,"menu_order":122,"comment_status":"closed","ping_status":"closed","template":"template-paginasimples.php","meta":{"_acf_changed":false,"inline_featured_image":false,"footnotes":""},"class_list":["post-4441","page","type-page","status-publish","has-post-thumbnail","hentry"],"acf":{"titulo_banner":"","texto_banner":"","alias_slider":""},"yoast_head":"<!-- This site is optimized with the Yoast SEO plugin v27.4 - https:\/\/yoast.com\/product\/yoast-seo-wordpress\/ -->\n<title>Contactos Generales - Semana Santa de Braga - S\u00edtio Oficial<\/title>\n<meta name=\"robots\" content=\"index, follow, max-snippet:-1, max-image-preview:large, max-video-preview:-1\" \/>\n<link rel=\"canonical\" href=\"https:\/\/semanasantabraga.com\/es\/semana-santa\/contactos-generales\/\" \/>\n<meta name=\"twitter:card\" content=\"summary_large_image\" \/>\n<meta name=\"twitter:title\" content=\"Contactos Generales - Semana Santa de Braga - S\u00edtio Oficial\" \/>\n<meta name=\"twitter:description\" content=\"Morada Cabido Metropolitano y Primacial Bracarense Comisi\u00f3n de Cuaresma y solemnidades de la Semana Santa de Braga Rua D. Paio Mendes 4700-424 Braga, Portugal T +(351) 253 263 317 (llamada a una red fija nacional) F +(351) 253 263 731 (llamada a una red fija nacional) &nbsp; Presidente de la Comisi\u00f3n C\u00f3nego Dr. Luis Miguel [&hellip;]\" \/>\n<meta name=\"twitter:image\" content=\"https:\/\/semanasantabraga.com\/wp-content\/uploads\/2017\/03\/vista-aerea-se-braga.jpg\" \/>\n<meta name=\"twitter:label1\" content=\"Tiempo de lectura\" \/>\n\t<meta name=\"twitter:data1\" content=\"1 minuto\" \/>\n<script type=\"application\/ld+json\" class=\"yoast-schema-graph\">{\"@context\":\"https:\\\/\\\/schema.org\",\"@graph\":[{\"@type\":\"WebPage\",\"@id\":\"https:\\\/\\\/semanasantabraga.com\\\/es\\\/semana-santa\\\/contactos-generales\\\/\",\"url\":\"https:\\\/\\\/semanasantabraga.com\\\/es\\\/semana-santa\\\/contactos-generales\\\/\",\"name\":\"Contactos Generales - Semana Santa de Braga - S\u00edtio Oficial\",\"isPartOf\":{\"@id\":\"https:\\\/\\\/semanasantabraga.com\\\/#website\"},\"primaryImageOfPage\":{\"@id\":\"https:\\\/\\\/semanasantabraga.com\\\/es\\\/semana-santa\\\/contactos-generales\\\/#primaryimage\"},\"image\":{\"@id\":\"https:\\\/\\\/semanasantabraga.com\\\/es\\\/semana-santa\\\/contactos-generales\\\/#primaryimage\"},\"thumbnailUrl\":\"https:\\\/\\\/semanasantabraga.com\\\/wp-content\\\/uploads\\\/2017\\\/03\\\/vista-aerea-se-braga.jpg\",\"datePublished\":\"2018-01-26T10:44:10+00:00\",\"dateModified\":\"2023-04-14T14:38:13+00:00\",\"breadcrumb\":{\"@id\":\"https:\\\/\\\/semanasantabraga.com\\\/es\\\/semana-santa\\\/contactos-generales\\\/#breadcrumb\"},\"inLanguage\":\"es\",\"potentialAction\":[{\"@type\":\"ReadAction\",\"target\":[\"https:\\\/\\\/semanasantabraga.com\\\/es\\\/semana-santa\\\/contactos-generales\\\/\"]}]},{\"@type\":\"ImageObject\",\"inLanguage\":\"es\",\"@id\":\"https:\\\/\\\/semanasantabraga.com\\\/es\\\/semana-santa\\\/contactos-generales\\\/#primaryimage\",\"url\":\"https:\\\/\\\/semanasantabraga.com\\\/wp-content\\\/uploads\\\/2017\\\/03\\\/vista-aerea-se-braga.jpg\",\"contentUrl\":\"https:\\\/\\\/semanasantabraga.com\\\/wp-content\\\/uploads\\\/2017\\\/03\\\/vista-aerea-se-braga.jpg\",\"width\":1920,\"height\":400},{\"@type\":\"BreadcrumbList\",\"@id\":\"https:\\\/\\\/semanasantabraga.com\\\/es\\\/semana-santa\\\/contactos-generales\\\/#breadcrumb\",\"itemListElement\":[{\"@type\":\"ListItem\",\"position\":1,\"name\":\"In\u00edcio\",\"item\":\"https:\\\/\\\/semanasantabraga.com\\\/es\\\/\"},{\"@type\":\"ListItem\",\"position\":2,\"name\":\"Semana Santa\",\"item\":\"https:\\\/\\\/semanasantabraga.com\\\/es\\\/semana-santa\\\/\"},{\"@type\":\"ListItem\",\"position\":3,\"name\":\"Contactos Generales\"}]},{\"@type\":\"WebSite\",\"@id\":\"https:\\\/\\\/semanasantabraga.com\\\/#website\",\"url\":\"https:\\\/\\\/semanasantabraga.com\\\/\",\"name\":\"Semana Santa de Braga - S\u00edtio Oficial\",\"description\":\"\",\"potentialAction\":[{\"@type\":\"SearchAction\",\"target\":{\"@type\":\"EntryPoint\",\"urlTemplate\":\"https:\\\/\\\/semanasantabraga.com\\\/?s={search_term_string}\"},\"query-input\":{\"@type\":\"PropertyValueSpecification\",\"valueRequired\":true,\"valueName\":\"search_term_string\"}}],\"inLanguage\":\"es\"}]}<\/script>\n<!-- \/ Yoast SEO plugin. -->","yoast_head_json":{"title":"Contactos Generales - Semana Santa de Braga - S\u00edtio Oficial","robots":{"index":"index","follow":"follow","max-snippet":"max-snippet:-1","max-image-preview":"max-image-preview:large","max-video-preview":"max-video-preview:-1"},"canonical":"https:\/\/semanasantabraga.com\/es\/semana-santa\/contactos-generales\/","twitter_card":"summary_large_image","twitter_title":"Contactos Generales - Semana Santa de Braga - S\u00edtio Oficial","twitter_description":"Morada Cabido Metropolitano y Primacial Bracarense Comisi\u00f3n de Cuaresma y solemnidades de la Semana Santa de Braga Rua D. Paio Mendes 4700-424 Braga, Portugal T +(351) 253 263 317 (llamada a una red fija nacional) F +(351) 253 263 731 (llamada a una red fija nacional) &nbsp; Presidente de la Comisi\u00f3n C\u00f3nego Dr. Luis Miguel [&hellip;]","twitter_image":"https:\/\/semanasantabraga.com\/wp-content\/uploads\/2017\/03\/vista-aerea-se-braga.jpg","twitter_misc":{"Tiempo de lectura":"1 minuto"},"schema":{"@context":"https:\/\/schema.org","@graph":[{"@type":"WebPage","@id":"https:\/\/semanasantabraga.com\/es\/semana-santa\/contactos-generales\/","url":"https:\/\/semanasantabraga.com\/es\/semana-santa\/contactos-generales\/","name":"Contactos Generales - Semana Santa de Braga - S\u00edtio Oficial","isPartOf":{"@id":"https:\/\/semanasantabraga.com\/#website"},"primaryImageOfPage":{"@id":"https:\/\/semanasantabraga.com\/es\/semana-santa\/contactos-generales\/#primaryimage"},"image":{"@id":"https:\/\/semanasantabraga.com\/es\/semana-santa\/contactos-generales\/#primaryimage"},"thumbnailUrl":"https:\/\/semanasantabraga.com\/wp-content\/uploads\/2017\/03\/vista-aerea-se-braga.jpg","datePublished":"2018-01-26T10:44:10+00:00","dateModified":"2023-04-14T14:38:13+00:00","breadcrumb":{"@id":"https:\/\/semanasantabraga.com\/es\/semana-santa\/contactos-generales\/#breadcrumb"},"inLanguage":"es","potentialAction":[{"@type":"ReadAction","target":["https:\/\/semanasantabraga.com\/es\/semana-santa\/contactos-generales\/"]}]},{"@type":"ImageObject","inLanguage":"es","@id":"https:\/\/semanasantabraga.com\/es\/semana-santa\/contactos-generales\/#primaryimage","url":"https:\/\/semanasantabraga.com\/wp-content\/uploads\/2017\/03\/vista-aerea-se-braga.jpg","contentUrl":"https:\/\/semanasantabraga.com\/wp-content\/uploads\/2017\/03\/vista-aerea-se-braga.jpg","width":1920,"height":400},{"@type":"BreadcrumbList","@id":"https:\/\/semanasantabraga.com\/es\/semana-santa\/contactos-generales\/#breadcrumb","itemListElement":[{"@type":"ListItem","position":1,"name":"In\u00edcio","item":"https:\/\/semanasantabraga.com\/es\/"},{"@type":"ListItem","position":2,"name":"Semana Santa","item":"https:\/\/semanasantabraga.com\/es\/semana-santa\/"},{"@type":"ListItem","position":3,"name":"Contactos Generales"}]},{"@type":"WebSite","@id":"https:\/\/semanasantabraga.com\/#website","url":"https:\/\/semanasantabraga.com\/","name":"Semana Santa de Braga - S\u00edtio Oficial","description":"","potentialAction":[{"@type":"SearchAction","target":{"@type":"EntryPoint","urlTemplate":"https:\/\/semanasantabraga.com\/?s={search_term_string}"},"query-input":{"@type":"PropertyValueSpecification","valueRequired":true,"valueName":"search_term_string"}}],"inLanguage":"es"}]}},"_links":{"self":[{"href":"https:\/\/semanasantabraga.com\/es\/wp-json\/wp\/v2\/pages\/4441","targetHints":{"allow":["GET"]}}],"collection":[{"href":"https:\/\/semanasantabraga.com\/es\/wp-json\/wp\/v2\/pages"}],"about":[{"href":"https:\/\/semanasantabraga.com\/es\/wp-json\/wp\/v2\/types\/page"}],"author":[{"embeddable":true,"href":"https:\/\/semanasantabraga.com\/es\/wp-json\/wp\/v2\/users\/3"}],"replies":[{"embeddable":true,"href":"https:\/\/semanasantabraga.com\/es\/wp-json\/wp\/v2\/comments?post=4441"}],"version-history":[{"count":3,"href":"https:\/\/semanasantabraga.com\/es\/wp-json\/wp\/v2\/pages\/4441\/revisions"}],"predecessor-version":[{"id":9730,"href":"https:\/\/semanasantabraga.com\/es\/wp-json\/wp\/v2\/pages\/4441\/revisions\/9730"}],"up":[{"embeddable":true,"href":"https:\/\/semanasantabraga.com\/es\/wp-json\/wp\/v2\/pages\/4433"}],"wp:featuredmedia":[{"embeddable":true,"href":"https:\/\/semanasantabraga.com\/es\/wp-json\/wp\/v2\/media\/755"}],"wp:attachment":[{"href":"https:\/\/semanasantabraga.com\/es\/wp-json\/wp\/v2\/media?parent=4441"}],"curies":[{"name":"wp","href":"https:\/\/api.w.org\/{rel}","templated":true}]}}