{"id":4444,"date":"2018-01-26T10:48:35","date_gmt":"2018-01-26T10:48:35","guid":{"rendered":"http:\/\/semanasantabraga.com\/?page_id=4444"},"modified":"2019-05-14T16:39:47","modified_gmt":"2019-05-14T16:39:47","slug":"distinciones-y-premios","status":"publish","type":"page","link":"https:\/\/semanasantabraga.com\/es\/semana-santa\/distinciones-y-premios\/","title":{"rendered":"Distinciones y pr\u00e9mios"},"content":{"rendered":"<h3>\n Patrimonio intangible de Portugal<\/h3>\n<p>El proceso de solicitud para el Patrimonio Inmaterial de Portugal, est\u00e1 terminado. Esto es, despu\u00e9s de 14 meses de duro trabajo en su preparaci\u00f3n, la candidatura fue ya sometida en la plataforma de la Direcci\u00f3n General del Patrimonio Cultural. Se sigue un per\u00edodo de 30 d\u00edas de evaluaci\u00f3n de la solicitud y 120 d\u00edas de consulta p\u00fablica. Al fin y al cabo se anunciar\u00e1 la integraci\u00f3n en la Lista del Inventario Nacional del Patrimonio Cultural e Inmaterial.<\/p>\n<p>&nbsp;<\/p>\n<h3>Patrimonio Inmaterial de la Humanidad<\/h3>\n<p>Sin embargo, un equipo compuesto por diversos miembros de la Comisi\u00f3n contin\u00faa la preparaci\u00f3n de la candidatura de la Semana Santa de Braga a Patrimonio Inmaterial de la Humanidad ante la UNESCO. Esta candidatura ya ha sido despojada del Ministerio de Asuntos Exteriores y de la Comisi\u00f3n Nacional de la UNESCO, que la han acogido muy bien. Es posible que en 2018 se pueda formalizar, pero es un proceso que nunca tardar\u00e1 menos de dos a\u00f1os en completarse.<\/p>\n<p>&nbsp;<\/p>\n<h3>Declarada de Inter\u00e9s para el Turismo<\/h3>\n<p class=\"p1\">Semana Santa de deportes de Braga, desde 2012, el t\u00edtulo de \u00abDeclarado de inter\u00e9s para el turismo\u00bb, otorgado por Turismo de Portugal, por cierto, la primera otorgada en Portugal.<\/p>\n<p class=\"p1\">\u00a0<\/p>\n<h3 class=\"p1\">Medalla Municipal de M\u00e9rito<\/h3>\n<p class=\"p1\">El Municipio de Braga atribuy\u00f3, a la Comisi\u00f3n de Cuaresma y Solemnidades de la Semana Santa de Braga, la \u00abMedalla Municipal de M\u00e9rito &#8211; Grado Oro\u00bb, el 5 de diciembre de 2012, d\u00eda del patrono de la ciudad, San Geraldo.<\/p>\n<p class=\"p1\">\u00a0<\/p>\n<p class=\"p1\">\u00a0<\/p>\n","protected":false},"excerpt":{"rendered":"<p>Patrimonio intangible de Portugal El proceso de solicitud para el Patrimonio Inmaterial de Portugal, est\u00e1 terminado. Esto es, despu\u00e9s de 14 meses de duro trabajo en su preparaci\u00f3n, la candidatura fue ya sometida en la plataforma de la Direcci\u00f3n General del Patrimonio Cultural. Se sigue un per\u00edodo de 30 d\u00edas de evaluaci\u00f3n de la solicitud [&hellip;]<\/p>\n","protected":false},"author":3,"featured_media":1097,"parent":4433,"menu_order":30,"comment_status":"closed","ping_status":"closed","template":"template-paginasimples.php","meta":{"_acf_changed":false,"inline_featured_image":false,"footnotes":""},"class_list":["post-4444","page","type-page","status-publish","has-post-thumbnail","hentry"],"acf":{"titulo_banner":null,"texto_banner":null,"alias_slider":null},"yoast_head":"<!-- This site is optimized with the Yoast SEO plugin v27.4 - https:\/\/yoast.com\/product\/yoast-seo-wordpress\/ -->\n<title>Distinciones y pr\u00e9mios - Semana Santa de Braga - S\u00edtio Oficial<\/title>\n<meta name=\"robots\" content=\"index, follow, max-snippet:-1, max-image-preview:large, max-video-preview:-1\" \/>\n<link rel=\"canonical\" href=\"https:\/\/semanasantabraga.com\/es\/semana-santa\/distinciones-y-premios\/\" \/>\n<meta name=\"twitter:card\" content=\"summary_large_image\" \/>\n<meta name=\"twitter:title\" content=\"Distinciones y pr\u00e9mios - Semana Santa de Braga - S\u00edtio Oficial\" \/>\n<meta name=\"twitter:description\" content=\"Patrimonio intangible de Portugal El proceso de solicitud para el Patrimonio Inmaterial de Portugal, est\u00e1 terminado. Esto es, despu\u00e9s de 14 meses de duro trabajo en su preparaci\u00f3n, la candidatura fue ya sometida en la plataforma de la Direcci\u00f3n General del Patrimonio Cultural. Se sigue un per\u00edodo de 30 d\u00edas de evaluaci\u00f3n de la solicitud [&hellip;]\" \/>\n<meta name=\"twitter:image\" content=\"https:\/\/semanasantabraga.com\/wp-content\/uploads\/2017\/03\/procissao-passos-braga.jpg\" \/>\n<meta name=\"twitter:label1\" content=\"Tiempo de lectura\" \/>\n\t<meta name=\"twitter:data1\" content=\"1 minuto\" \/>\n<script type=\"application\/ld+json\" class=\"yoast-schema-graph\">{\"@context\":\"https:\\\/\\\/schema.org\",\"@graph\":[{\"@type\":\"WebPage\",\"@id\":\"https:\\\/\\\/semanasantabraga.com\\\/es\\\/semana-santa\\\/distinciones-y-premios\\\/\",\"url\":\"https:\\\/\\\/semanasantabraga.com\\\/es\\\/semana-santa\\\/distinciones-y-premios\\\/\",\"name\":\"Distinciones y pr\u00e9mios - Semana Santa de Braga - S\u00edtio Oficial\",\"isPartOf\":{\"@id\":\"https:\\\/\\\/semanasantabraga.com\\\/#website\"},\"primaryImageOfPage\":{\"@id\":\"https:\\\/\\\/semanasantabraga.com\\\/es\\\/semana-santa\\\/distinciones-y-premios\\\/#primaryimage\"},\"image\":{\"@id\":\"https:\\\/\\\/semanasantabraga.com\\\/es\\\/semana-santa\\\/distinciones-y-premios\\\/#primaryimage\"},\"thumbnailUrl\":\"https:\\\/\\\/semanasantabraga.com\\\/wp-content\\\/uploads\\\/2017\\\/03\\\/procissao-passos-braga.jpg\",\"datePublished\":\"2018-01-26T10:48:35+00:00\",\"dateModified\":\"2019-05-14T16:39:47+00:00\",\"breadcrumb\":{\"@id\":\"https:\\\/\\\/semanasantabraga.com\\\/es\\\/semana-santa\\\/distinciones-y-premios\\\/#breadcrumb\"},\"inLanguage\":\"es\",\"potentialAction\":[{\"@type\":\"ReadAction\",\"target\":[\"https:\\\/\\\/semanasantabraga.com\\\/es\\\/semana-santa\\\/distinciones-y-premios\\\/\"]}]},{\"@type\":\"ImageObject\",\"inLanguage\":\"es\",\"@id\":\"https:\\\/\\\/semanasantabraga.com\\\/es\\\/semana-santa\\\/distinciones-y-premios\\\/#primaryimage\",\"url\":\"https:\\\/\\\/semanasantabraga.com\\\/wp-content\\\/uploads\\\/2017\\\/03\\\/procissao-passos-braga.jpg\",\"contentUrl\":\"https:\\\/\\\/semanasantabraga.com\\\/wp-content\\\/uploads\\\/2017\\\/03\\\/procissao-passos-braga.jpg\",\"width\":1920,\"height\":400},{\"@type\":\"BreadcrumbList\",\"@id\":\"https:\\\/\\\/semanasantabraga.com\\\/es\\\/semana-santa\\\/distinciones-y-premios\\\/#breadcrumb\",\"itemListElement\":[{\"@type\":\"ListItem\",\"position\":1,\"name\":\"In\u00edcio\",\"item\":\"https:\\\/\\\/semanasantabraga.com\\\/es\\\/\"},{\"@type\":\"ListItem\",\"position\":2,\"name\":\"Semana Santa\",\"item\":\"https:\\\/\\\/semanasantabraga.com\\\/es\\\/semana-santa\\\/\"},{\"@type\":\"ListItem\",\"position\":3,\"name\":\"Distinciones y pr\u00e9mios\"}]},{\"@type\":\"WebSite\",\"@id\":\"https:\\\/\\\/semanasantabraga.com\\\/#website\",\"url\":\"https:\\\/\\\/semanasantabraga.com\\\/\",\"name\":\"Semana Santa de Braga - S\u00edtio Oficial\",\"description\":\"\",\"potentialAction\":[{\"@type\":\"SearchAction\",\"target\":{\"@type\":\"EntryPoint\",\"urlTemplate\":\"https:\\\/\\\/semanasantabraga.com\\\/?s={search_term_string}\"},\"query-input\":{\"@type\":\"PropertyValueSpecification\",\"valueRequired\":true,\"valueName\":\"search_term_string\"}}],\"inLanguage\":\"es\"}]}<\/script>\n<!-- \/ Yoast SEO plugin. -->","yoast_head_json":{"title":"Distinciones y pr\u00e9mios - Semana Santa de Braga - S\u00edtio Oficial","robots":{"index":"index","follow":"follow","max-snippet":"max-snippet:-1","max-image-preview":"max-image-preview:large","max-video-preview":"max-video-preview:-1"},"canonical":"https:\/\/semanasantabraga.com\/es\/semana-santa\/distinciones-y-premios\/","twitter_card":"summary_large_image","twitter_title":"Distinciones y pr\u00e9mios - Semana Santa de Braga - S\u00edtio Oficial","twitter_description":"Patrimonio intangible de Portugal El proceso de solicitud para el Patrimonio Inmaterial de Portugal, est\u00e1 terminado. Esto es, despu\u00e9s de 14 meses de duro trabajo en su preparaci\u00f3n, la candidatura fue ya sometida en la plataforma de la Direcci\u00f3n General del Patrimonio Cultural. Se sigue un per\u00edodo de 30 d\u00edas de evaluaci\u00f3n de la solicitud [&hellip;]","twitter_image":"https:\/\/semanasantabraga.com\/wp-content\/uploads\/2017\/03\/procissao-passos-braga.jpg","twitter_misc":{"Tiempo de lectura":"1 minuto"},"schema":{"@context":"https:\/\/schema.org","@graph":[{"@type":"WebPage","@id":"https:\/\/semanasantabraga.com\/es\/semana-santa\/distinciones-y-premios\/","url":"https:\/\/semanasantabraga.com\/es\/semana-santa\/distinciones-y-premios\/","name":"Distinciones y pr\u00e9mios - Semana Santa de Braga - S\u00edtio Oficial","isPartOf":{"@id":"https:\/\/semanasantabraga.com\/#website"},"primaryImageOfPage":{"@id":"https:\/\/semanasantabraga.com\/es\/semana-santa\/distinciones-y-premios\/#primaryimage"},"image":{"@id":"https:\/\/semanasantabraga.com\/es\/semana-santa\/distinciones-y-premios\/#primaryimage"},"thumbnailUrl":"https:\/\/semanasantabraga.com\/wp-content\/uploads\/2017\/03\/procissao-passos-braga.jpg","datePublished":"2018-01-26T10:48:35+00:00","dateModified":"2019-05-14T16:39:47+00:00","breadcrumb":{"@id":"https:\/\/semanasantabraga.com\/es\/semana-santa\/distinciones-y-premios\/#breadcrumb"},"inLanguage":"es","potentialAction":[{"@type":"ReadAction","target":["https:\/\/semanasantabraga.com\/es\/semana-santa\/distinciones-y-premios\/"]}]},{"@type":"ImageObject","inLanguage":"es","@id":"https:\/\/semanasantabraga.com\/es\/semana-santa\/distinciones-y-premios\/#primaryimage","url":"https:\/\/semanasantabraga.com\/wp-content\/uploads\/2017\/03\/procissao-passos-braga.jpg","contentUrl":"https:\/\/semanasantabraga.com\/wp-content\/uploads\/2017\/03\/procissao-passos-braga.jpg","width":1920,"height":400},{"@type":"BreadcrumbList","@id":"https:\/\/semanasantabraga.com\/es\/semana-santa\/distinciones-y-premios\/#breadcrumb","itemListElement":[{"@type":"ListItem","position":1,"name":"In\u00edcio","item":"https:\/\/semanasantabraga.com\/es\/"},{"@type":"ListItem","position":2,"name":"Semana Santa","item":"https:\/\/semanasantabraga.com\/es\/semana-santa\/"},{"@type":"ListItem","position":3,"name":"Distinciones y pr\u00e9mios"}]},{"@type":"WebSite","@id":"https:\/\/semanasantabraga.com\/#website","url":"https:\/\/semanasantabraga.com\/","name":"Semana Santa de Braga - S\u00edtio Oficial","description":"","potentialAction":[{"@type":"SearchAction","target":{"@type":"EntryPoint","urlTemplate":"https:\/\/semanasantabraga.com\/?s={search_term_string}"},"query-input":{"@type":"PropertyValueSpecification","valueRequired":true,"valueName":"search_term_string"}}],"inLanguage":"es"}]}},"_links":{"self":[{"href":"https:\/\/semanasantabraga.com\/es\/wp-json\/wp\/v2\/pages\/4444","targetHints":{"allow":["GET"]}}],"collection":[{"href":"https:\/\/semanasantabraga.com\/es\/wp-json\/wp\/v2\/pages"}],"about":[{"href":"https:\/\/semanasantabraga.com\/es\/wp-json\/wp\/v2\/types\/page"}],"author":[{"embeddable":true,"href":"https:\/\/semanasantabraga.com\/es\/wp-json\/wp\/v2\/users\/3"}],"replies":[{"embeddable":true,"href":"https:\/\/semanasantabraga.com\/es\/wp-json\/wp\/v2\/comments?post=4444"}],"version-history":[{"count":1,"href":"https:\/\/semanasantabraga.com\/es\/wp-json\/wp\/v2\/pages\/4444\/revisions"}],"predecessor-version":[{"id":4445,"href":"https:\/\/semanasantabraga.com\/es\/wp-json\/wp\/v2\/pages\/4444\/revisions\/4445"}],"up":[{"embeddable":true,"href":"https:\/\/semanasantabraga.com\/es\/wp-json\/wp\/v2\/pages\/4433"}],"wp:featuredmedia":[{"embeddable":true,"href":"https:\/\/semanasantabraga.com\/es\/wp-json\/wp\/v2\/media\/1097"}],"wp:attachment":[{"href":"https:\/\/semanasantabraga.com\/es\/wp-json\/wp\/v2\/media?parent=4444"}],"curies":[{"name":"wp","href":"https:\/\/api.w.org\/{rel}","templated":true}]}}