{"id":4448,"date":"2018-01-26T10:55:33","date_gmt":"2018-01-26T10:55:33","guid":{"rendered":"http:\/\/semanasantabraga.com\/?page_id=4448"},"modified":"2018-01-26T10:55:33","modified_gmt":"2018-01-26T10:55:33","slug":"hacer-donacion","status":"publish","type":"page","link":"https:\/\/semanasantabraga.com\/es\/semana-santa\/hacer-donacion\/","title":{"rendered":"Hacer donaci\u00f3n"},"content":{"rendered":"<p>\n La Comisi\u00f3n de la Semana Santa agradece su contribuci\u00f3n e informa que las donaciones son deducibles dentro de los l\u00edmites previstos en los c\u00f3digos de IRS e IRC.\u00a0<\/p>\n<p>&nbsp;<\/p>\n<p>Hay al menos 4 formas de hacernos llegar su donaci\u00f3n:<\/p>\n<p>&nbsp;<\/p>\n<p>&nbsp;<\/p>\n","protected":false},"excerpt":{"rendered":"<p>La Comisi\u00f3n de la Semana Santa agradece su contribuci\u00f3n e informa que las donaciones son deducibles dentro de los l\u00edmites previstos en los c\u00f3digos de IRS e IRC.\u00a0 &nbsp; Hay al menos 4 formas de hacernos llegar su donaci\u00f3n: &nbsp; &nbsp;<\/p>\n","protected":false},"author":3,"featured_media":1093,"parent":4433,"menu_order":104,"comment_status":"closed","ping_status":"closed","template":"template-fazerdonativo.php","meta":{"_acf_changed":false,"inline_featured_image":false,"footnotes":""},"class_list":["post-4448","page","type-page","status-publish","has-post-thumbnail","hentry"],"acf":[],"yoast_head":"<!-- This site is optimized with the Yoast SEO plugin v27.4 - https:\/\/yoast.com\/product\/yoast-seo-wordpress\/ -->\n<title>Hacer donaci\u00f3n - Semana Santa de Braga - S\u00edtio Oficial<\/title>\n<meta name=\"robots\" content=\"index, follow, max-snippet:-1, max-image-preview:large, max-video-preview:-1\" \/>\n<link rel=\"canonical\" href=\"https:\/\/semanasantabraga.com\/es\/semana-santa\/hacer-donacion\/\" \/>\n<meta name=\"twitter:card\" content=\"summary_large_image\" \/>\n<meta name=\"twitter:title\" content=\"Hacer donaci\u00f3n - Semana Santa de Braga - S\u00edtio Oficial\" \/>\n<meta name=\"twitter:description\" content=\"La Comisi\u00f3n de la Semana Santa agradece su contribuci\u00f3n e informa que las donaciones son deducibles dentro de los l\u00edmites previstos en los c\u00f3digos de IRS e IRC.\u00a0 &nbsp; Hay al menos 4 formas de hacernos llegar su donaci\u00f3n: &nbsp; &nbsp;\" \/>\n<meta name=\"twitter:image\" content=\"https:\/\/semanasantabraga.com\/wp-content\/uploads\/2017\/03\/decoracao-semana-santa-braga.jpg\" \/>\n<script type=\"application\/ld+json\" class=\"yoast-schema-graph\">{\"@context\":\"https:\\\/\\\/schema.org\",\"@graph\":[{\"@type\":\"WebPage\",\"@id\":\"https:\\\/\\\/semanasantabraga.com\\\/es\\\/semana-santa\\\/hacer-donacion\\\/\",\"url\":\"https:\\\/\\\/semanasantabraga.com\\\/es\\\/semana-santa\\\/hacer-donacion\\\/\",\"name\":\"Hacer donaci\u00f3n - Semana Santa de Braga - S\u00edtio Oficial\",\"isPartOf\":{\"@id\":\"https:\\\/\\\/semanasantabraga.com\\\/#website\"},\"primaryImageOfPage\":{\"@id\":\"https:\\\/\\\/semanasantabraga.com\\\/es\\\/semana-santa\\\/hacer-donacion\\\/#primaryimage\"},\"image\":{\"@id\":\"https:\\\/\\\/semanasantabraga.com\\\/es\\\/semana-santa\\\/hacer-donacion\\\/#primaryimage\"},\"thumbnailUrl\":\"https:\\\/\\\/semanasantabraga.com\\\/wp-content\\\/uploads\\\/2017\\\/03\\\/decoracao-semana-santa-braga.jpg\",\"datePublished\":\"2018-01-26T10:55:33+00:00\",\"breadcrumb\":{\"@id\":\"https:\\\/\\\/semanasantabraga.com\\\/es\\\/semana-santa\\\/hacer-donacion\\\/#breadcrumb\"},\"inLanguage\":\"es\",\"potentialAction\":[{\"@type\":\"ReadAction\",\"target\":[\"https:\\\/\\\/semanasantabraga.com\\\/es\\\/semana-santa\\\/hacer-donacion\\\/\"]}]},{\"@type\":\"ImageObject\",\"inLanguage\":\"es\",\"@id\":\"https:\\\/\\\/semanasantabraga.com\\\/es\\\/semana-santa\\\/hacer-donacion\\\/#primaryimage\",\"url\":\"https:\\\/\\\/semanasantabraga.com\\\/wp-content\\\/uploads\\\/2017\\\/03\\\/decoracao-semana-santa-braga.jpg\",\"contentUrl\":\"https:\\\/\\\/semanasantabraga.com\\\/wp-content\\\/uploads\\\/2017\\\/03\\\/decoracao-semana-santa-braga.jpg\",\"width\":1920,\"height\":400},{\"@type\":\"BreadcrumbList\",\"@id\":\"https:\\\/\\\/semanasantabraga.com\\\/es\\\/semana-santa\\\/hacer-donacion\\\/#breadcrumb\",\"itemListElement\":[{\"@type\":\"ListItem\",\"position\":1,\"name\":\"In\u00edcio\",\"item\":\"https:\\\/\\\/semanasantabraga.com\\\/es\\\/\"},{\"@type\":\"ListItem\",\"position\":2,\"name\":\"Semana Santa\",\"item\":\"https:\\\/\\\/semanasantabraga.com\\\/es\\\/semana-santa\\\/\"},{\"@type\":\"ListItem\",\"position\":3,\"name\":\"Hacer donaci\u00f3n\"}]},{\"@type\":\"WebSite\",\"@id\":\"https:\\\/\\\/semanasantabraga.com\\\/#website\",\"url\":\"https:\\\/\\\/semanasantabraga.com\\\/\",\"name\":\"Semana Santa de Braga - S\u00edtio Oficial\",\"description\":\"\",\"potentialAction\":[{\"@type\":\"SearchAction\",\"target\":{\"@type\":\"EntryPoint\",\"urlTemplate\":\"https:\\\/\\\/semanasantabraga.com\\\/?s={search_term_string}\"},\"query-input\":{\"@type\":\"PropertyValueSpecification\",\"valueRequired\":true,\"valueName\":\"search_term_string\"}}],\"inLanguage\":\"es\"}]}<\/script>\n<!-- \/ Yoast SEO plugin. -->","yoast_head_json":{"title":"Hacer donaci\u00f3n - Semana Santa de Braga - S\u00edtio Oficial","robots":{"index":"index","follow":"follow","max-snippet":"max-snippet:-1","max-image-preview":"max-image-preview:large","max-video-preview":"max-video-preview:-1"},"canonical":"https:\/\/semanasantabraga.com\/es\/semana-santa\/hacer-donacion\/","twitter_card":"summary_large_image","twitter_title":"Hacer donaci\u00f3n - Semana Santa de Braga - S\u00edtio Oficial","twitter_description":"La Comisi\u00f3n de la Semana Santa agradece su contribuci\u00f3n e informa que las donaciones son deducibles dentro de los l\u00edmites previstos en los c\u00f3digos de IRS e IRC.\u00a0 &nbsp; Hay al menos 4 formas de hacernos llegar su donaci\u00f3n: &nbsp; &nbsp;","twitter_image":"https:\/\/semanasantabraga.com\/wp-content\/uploads\/2017\/03\/decoracao-semana-santa-braga.jpg","schema":{"@context":"https:\/\/schema.org","@graph":[{"@type":"WebPage","@id":"https:\/\/semanasantabraga.com\/es\/semana-santa\/hacer-donacion\/","url":"https:\/\/semanasantabraga.com\/es\/semana-santa\/hacer-donacion\/","name":"Hacer donaci\u00f3n - Semana Santa de Braga - S\u00edtio Oficial","isPartOf":{"@id":"https:\/\/semanasantabraga.com\/#website"},"primaryImageOfPage":{"@id":"https:\/\/semanasantabraga.com\/es\/semana-santa\/hacer-donacion\/#primaryimage"},"image":{"@id":"https:\/\/semanasantabraga.com\/es\/semana-santa\/hacer-donacion\/#primaryimage"},"thumbnailUrl":"https:\/\/semanasantabraga.com\/wp-content\/uploads\/2017\/03\/decoracao-semana-santa-braga.jpg","datePublished":"2018-01-26T10:55:33+00:00","breadcrumb":{"@id":"https:\/\/semanasantabraga.com\/es\/semana-santa\/hacer-donacion\/#breadcrumb"},"inLanguage":"es","potentialAction":[{"@type":"ReadAction","target":["https:\/\/semanasantabraga.com\/es\/semana-santa\/hacer-donacion\/"]}]},{"@type":"ImageObject","inLanguage":"es","@id":"https:\/\/semanasantabraga.com\/es\/semana-santa\/hacer-donacion\/#primaryimage","url":"https:\/\/semanasantabraga.com\/wp-content\/uploads\/2017\/03\/decoracao-semana-santa-braga.jpg","contentUrl":"https:\/\/semanasantabraga.com\/wp-content\/uploads\/2017\/03\/decoracao-semana-santa-braga.jpg","width":1920,"height":400},{"@type":"BreadcrumbList","@id":"https:\/\/semanasantabraga.com\/es\/semana-santa\/hacer-donacion\/#breadcrumb","itemListElement":[{"@type":"ListItem","position":1,"name":"In\u00edcio","item":"https:\/\/semanasantabraga.com\/es\/"},{"@type":"ListItem","position":2,"name":"Semana Santa","item":"https:\/\/semanasantabraga.com\/es\/semana-santa\/"},{"@type":"ListItem","position":3,"name":"Hacer donaci\u00f3n"}]},{"@type":"WebSite","@id":"https:\/\/semanasantabraga.com\/#website","url":"https:\/\/semanasantabraga.com\/","name":"Semana Santa de Braga - S\u00edtio Oficial","description":"","potentialAction":[{"@type":"SearchAction","target":{"@type":"EntryPoint","urlTemplate":"https:\/\/semanasantabraga.com\/?s={search_term_string}"},"query-input":{"@type":"PropertyValueSpecification","valueRequired":true,"valueName":"search_term_string"}}],"inLanguage":"es"}]}},"_links":{"self":[{"href":"https:\/\/semanasantabraga.com\/es\/wp-json\/wp\/v2\/pages\/4448","targetHints":{"allow":["GET"]}}],"collection":[{"href":"https:\/\/semanasantabraga.com\/es\/wp-json\/wp\/v2\/pages"}],"about":[{"href":"https:\/\/semanasantabraga.com\/es\/wp-json\/wp\/v2\/types\/page"}],"author":[{"embeddable":true,"href":"https:\/\/semanasantabraga.com\/es\/wp-json\/wp\/v2\/users\/3"}],"replies":[{"embeddable":true,"href":"https:\/\/semanasantabraga.com\/es\/wp-json\/wp\/v2\/comments?post=4448"}],"version-history":[{"count":1,"href":"https:\/\/semanasantabraga.com\/es\/wp-json\/wp\/v2\/pages\/4448\/revisions"}],"predecessor-version":[{"id":4449,"href":"https:\/\/semanasantabraga.com\/es\/wp-json\/wp\/v2\/pages\/4448\/revisions\/4449"}],"up":[{"embeddable":true,"href":"https:\/\/semanasantabraga.com\/es\/wp-json\/wp\/v2\/pages\/4433"}],"wp:featuredmedia":[{"embeddable":true,"href":"https:\/\/semanasantabraga.com\/es\/wp-json\/wp\/v2\/media\/1093"}],"wp:attachment":[{"href":"https:\/\/semanasantabraga.com\/es\/wp-json\/wp\/v2\/media?parent=4448"}],"curies":[{"name":"wp","href":"https:\/\/api.w.org\/{rel}","templated":true}]}}