{"id":4450,"date":"2018-01-26T10:59:29","date_gmt":"2018-01-26T10:59:29","guid":{"rendered":"http:\/\/semanasantabraga.com\/?page_id=4450"},"modified":"2019-10-02T10:36:20","modified_gmt":"2019-10-02T10:36:20","slug":"hermandades-y-protocolos","status":"publish","type":"page","link":"https:\/\/semanasantabraga.com\/es\/semana-santa\/hermandades-y-protocolos\/","title":{"rendered":"Hermandades y Protocolos"},"content":{"rendered":"<h3>Red Europea de Celebraciones de la Semana Santa y Pascua<\/h3>\n<p>La comisi\u00f3n de la Semana Santa est\u00e1 envuelta en un proyecto de candidatura a un futuro Itinerario Cultural Europeo, del Consejo de Europa.<\/p>\n<p>&nbsp;<\/p>\n<p>Liderada por la ruta andaluza <a href=\"https:\/\/www.caminosdepasion.com\/\" target=\"_blank\" rel=\"noopener\">\u201cCaminos de Pasi\u00f3n\u201d<\/a> la nueva Red inicia su recorrido teniendo por socios fundadores Espa\u00f1a, Portugal (con la Semana Santa de Braga), Malta, Eslovenia e Italia, con un total de nueve entidades, que organizan, en sus diferentes regiones geogr\u00e1ficas, ceremonias relacionadas con la Semana Santa y Pascua.<\/p>\n<p>&nbsp;<\/p>\n<p>&nbsp;<\/p>\n<p><strong>Sobre los itinerarios Culturales del Consejo de Europa<\/strong><\/p>\n<p>El programa Itinerarios Culturales del Consejo de Europa fue lanzado en 1987 por el Consejo de Europa con la finalidad de demostrar, viajando a trav\u00e9s del espacio y el tiempo, c\u00f3mo el patrimonio cultural de Europa se desarrolla a trav\u00e9s de fronteras.<\/p>\n<p>&nbsp;<\/p>\n<p>Un Itinerario cultural europeo es una ruta que abarca pa\u00edses y regiones y que se organiza en base a un tema cuya historia, inter\u00e9s art\u00edstico y cultural que sea claramente europeo, sea por su localizaci\u00f3n geogr\u00e1fica o por su contenido y significado.<\/p>\n<p>&nbsp;<\/p>\n<p>&nbsp;<\/p>\n<p><strong>Sobre la \u201cRed Europea de Celebraciones de la Semana Santa de Pascua\u201d<\/strong><\/p>\n<p>Esta red europea de las Semanas Santas y celebraciones de Pascua est\u00e1 formada como una asociaci\u00f3n sin \u00e1nimo de lucro, abierta a todas las religiones y creencias que conmemoran la pasi\u00f3n y resurrecci\u00f3n de Jesucristo, cuyo patrimonio cultural es un punto de referencia en sus respectivas regiones y\/o pa\u00edses.<\/p>\n<p>&nbsp;<\/p>\n<p>La Asociaci\u00f3n pretende reunir esfuerzos y aprovechar sinergias en la consolidaci\u00f3n de un modelo de la conservaci\u00f3n y la difusi\u00f3n del patrimonio material e inmaterial de la Semana Santa y la Pascua, al mismo tiempo que promueve estas expresiones, de los diferentes miembros y \u00e1reas geogr\u00e1ficas envueltas, como destinos tur\u00edsticos de calidad.<\/p>\n<p>&nbsp;<\/p>\n<p>Esta asociaci\u00f3n tiene desde su inicio, como socios fundadores, diferentes entidades que promueven y dan valor representando las tradiciones y fiestas emblem\u00e1ticas a nivel europeo: <br \/>\n\u2013 La Italiana Fundaci\u00f3n Federico II, de Sicilia, en representaci\u00f3n de los municipios Palermo y Caltanissetta<br \/>\n\u2013 Lo municipio de Birgu, en Malta<br \/>\n\u2013 La Comisi\u00f3n de Cuaresma y Celebraciones de la Semana Santa de Braga, en Portugal. <br \/>\n\u2013 Las Representaciones de la Pasi\u00f3n de Cristo en Skofja Loka, en Eslovenia<br \/>\n\u2013 La ruta andaluza Caminos de Pasi\u00f3n, que representa las celebraciones de la Semana Santa de los municipios de Alcal\u00e1 la Real en Ja\u00e9n, Baena, Cabra, Carmona, Lucena, Priego de C\u00f3rdoba y Puente Genil, de la provincia de C\u00f3rdoba y, \u00c9cija, Osuna y Utrera, de la provincia de Sevilla.<br \/>\n\u2013 Dentro de la geograf\u00eda espa\u00f1ola tambi\u00e9n est\u00e1 integrada a la Red las celebraciones de la Semana Santa de Orihuela (Alicante), Lorca (Murcia) y Viveiro (Lugo).<\/p>\n<p>&nbsp;<\/p>\n<p><a href=\"http:\/\/holyweek-easter-routes.caminosdepasion.com\/\" target=\"_blank\" rel=\"noopener\">Aqu\u00ed<\/a> se presenta el proyecto.<\/p>\n<p>&nbsp;<\/p>\n<p>&nbsp;<\/p>\n<p><strong>Motivos de la candidatura<\/strong><\/p>\n<p>Este proyecto de itinerario Cultural es una formidable oportunidad y una plataforma para diseminar y dar a conocer el patrimonio relacionado con las celebraciones de la Semana Santa y Pascua (en donde Braga est\u00e1 incluida), d\u00e1ndole visibilidad a nivel europeo e incluso mundial.<\/p>\n<p>&nbsp;<\/p>\n<p style=\"text-align: center;\"><strong>\u2013\u00a0\u00a0\u2013\u00a0\u00a0\u2013\u00a0\u00a0\u2013\u00a0\u00a0\u2013\u00a0\u00a0\u2013\u00a0\u00a0\u2013\u00a0\u00a0\u2013\u00a0\u00a0\u2013\u00a0\u00a0\u2013\u00a0\u2013\u00a0\u00a0\u2013\u00a0\u00a0\u2013\u00a0\u00a0\u2013\u00a0\u00a0\u2013\u00a0\u00a0\u2013\u00a0\u00a0\u2013\u00a0\u00a0\u2013\u00a0\u00a0\u2013\u00a0\u00a0\u2013\u00a0<\/strong><\/p>\n<p>&nbsp;<\/p>\n<p>&nbsp;<\/p>\n<h3 style=\"text-align: left;\">Geminada con la Semana Santa de Medina del Campo<\/h3>\n<p style=\"text-align: left;\">La Semana Santa de Braga est\u00e1 hermanada con la Semana Santa de Medina del Campo (Valladolid, Espa\u00f1a), con quien por otra parte firm\u00f3 el primer acuerdo de cooperaci\u00f3n e intercambio. Visita el <a href=\"http:\/\/www.semanasantamedina.es\/\">site<\/a> de la Junta de Semana Santa de Medina del Campo, \u00abLas procesiones de disciplina m\u00e1s antiguas de Espa\u00f1a\u00bb.<\/p>\n<p style=\"text-align: left;\">La Comisi\u00f3n pretende llevar a cabo otros acuerdos de cooperaci\u00f3n e intercambio con otras Semanas Santas, especialmente en Espa\u00f1a, y trabaja para lograrlo.<\/p>\n","protected":false},"excerpt":{"rendered":"<p>Red Europea de Celebraciones de la Semana Santa y Pascua La comisi\u00f3n de la Semana Santa est\u00e1 envuelta en un proyecto de candidatura a un futuro Itinerario Cultural Europeo, del Consejo de Europa. &nbsp; Liderada por la ruta andaluza \u201cCaminos de Pasi\u00f3n\u201d la nueva Red inicia su recorrido teniendo por socios fundadores Espa\u00f1a, Portugal (con [&hellip;]<\/p>\n","protected":false},"author":3,"featured_media":622,"parent":4433,"menu_order":27,"comment_status":"closed","ping_status":"closed","template":"template-paginasimples.php","meta":{"_acf_changed":false,"inline_featured_image":false,"footnotes":""},"class_list":["post-4450","page","type-page","status-publish","has-post-thumbnail","hentry"],"acf":{"titulo_banner":"","texto_banner":"","alias_slider":""},"yoast_head":"<!-- This site is optimized with the Yoast SEO plugin v27.4 - https:\/\/yoast.com\/product\/yoast-seo-wordpress\/ -->\n<title>Hermandades y Protocolos - Semana Santa de Braga - S\u00edtio Oficial<\/title>\n<meta name=\"robots\" content=\"index, follow, max-snippet:-1, max-image-preview:large, max-video-preview:-1\" \/>\n<link rel=\"canonical\" href=\"https:\/\/semanasantabraga.com\/es\/semana-santa\/hermandades-y-protocolos\/\" \/>\n<meta name=\"twitter:card\" content=\"summary_large_image\" \/>\n<meta name=\"twitter:title\" content=\"Hermandades y Protocolos - Semana Santa de Braga - S\u00edtio Oficial\" \/>\n<meta name=\"twitter:description\" content=\"Red Europea de Celebraciones de la Semana Santa y Pascua La comisi\u00f3n de la Semana Santa est\u00e1 envuelta en un proyecto de candidatura a un futuro Itinerario Cultural Europeo, del Consejo de Europa. &nbsp; Liderada por la ruta andaluza \u201cCaminos de Pasi\u00f3n\u201d la nueva Red inicia su recorrido teniendo por socios fundadores Espa\u00f1a, Portugal (con [&hellip;]\" \/>\n<meta name=\"twitter:image\" content=\"https:\/\/semanasantabraga.com\/wp-content\/uploads\/2017\/02\/geminacoes-medina-del-campo.jpg\" \/>\n<meta name=\"twitter:label1\" content=\"Tiempo de lectura\" \/>\n\t<meta name=\"twitter:data1\" content=\"3 minutos\" \/>\n<script type=\"application\/ld+json\" class=\"yoast-schema-graph\">{\"@context\":\"https:\\\/\\\/schema.org\",\"@graph\":[{\"@type\":\"WebPage\",\"@id\":\"https:\\\/\\\/semanasantabraga.com\\\/es\\\/semana-santa\\\/hermandades-y-protocolos\\\/\",\"url\":\"https:\\\/\\\/semanasantabraga.com\\\/es\\\/semana-santa\\\/hermandades-y-protocolos\\\/\",\"name\":\"Hermandades y Protocolos - Semana Santa de Braga - S\u00edtio Oficial\",\"isPartOf\":{\"@id\":\"https:\\\/\\\/semanasantabraga.com\\\/#website\"},\"primaryImageOfPage\":{\"@id\":\"https:\\\/\\\/semanasantabraga.com\\\/es\\\/semana-santa\\\/hermandades-y-protocolos\\\/#primaryimage\"},\"image\":{\"@id\":\"https:\\\/\\\/semanasantabraga.com\\\/es\\\/semana-santa\\\/hermandades-y-protocolos\\\/#primaryimage\"},\"thumbnailUrl\":\"https:\\\/\\\/semanasantabraga.com\\\/wp-content\\\/uploads\\\/2017\\\/02\\\/geminacoes-medina-del-campo.jpg\",\"datePublished\":\"2018-01-26T10:59:29+00:00\",\"dateModified\":\"2019-10-02T10:36:20+00:00\",\"breadcrumb\":{\"@id\":\"https:\\\/\\\/semanasantabraga.com\\\/es\\\/semana-santa\\\/hermandades-y-protocolos\\\/#breadcrumb\"},\"inLanguage\":\"es\",\"potentialAction\":[{\"@type\":\"ReadAction\",\"target\":[\"https:\\\/\\\/semanasantabraga.com\\\/es\\\/semana-santa\\\/hermandades-y-protocolos\\\/\"]}]},{\"@type\":\"ImageObject\",\"inLanguage\":\"es\",\"@id\":\"https:\\\/\\\/semanasantabraga.com\\\/es\\\/semana-santa\\\/hermandades-y-protocolos\\\/#primaryimage\",\"url\":\"https:\\\/\\\/semanasantabraga.com\\\/wp-content\\\/uploads\\\/2017\\\/02\\\/geminacoes-medina-del-campo.jpg\",\"contentUrl\":\"https:\\\/\\\/semanasantabraga.com\\\/wp-content\\\/uploads\\\/2017\\\/02\\\/geminacoes-medina-del-campo.jpg\",\"width\":1920,\"height\":400},{\"@type\":\"BreadcrumbList\",\"@id\":\"https:\\\/\\\/semanasantabraga.com\\\/es\\\/semana-santa\\\/hermandades-y-protocolos\\\/#breadcrumb\",\"itemListElement\":[{\"@type\":\"ListItem\",\"position\":1,\"name\":\"In\u00edcio\",\"item\":\"https:\\\/\\\/semanasantabraga.com\\\/es\\\/\"},{\"@type\":\"ListItem\",\"position\":2,\"name\":\"Semana Santa\",\"item\":\"https:\\\/\\\/semanasantabraga.com\\\/es\\\/semana-santa\\\/\"},{\"@type\":\"ListItem\",\"position\":3,\"name\":\"Hermandades y Protocolos\"}]},{\"@type\":\"WebSite\",\"@id\":\"https:\\\/\\\/semanasantabraga.com\\\/#website\",\"url\":\"https:\\\/\\\/semanasantabraga.com\\\/\",\"name\":\"Semana Santa de Braga - S\u00edtio Oficial\",\"description\":\"\",\"potentialAction\":[{\"@type\":\"SearchAction\",\"target\":{\"@type\":\"EntryPoint\",\"urlTemplate\":\"https:\\\/\\\/semanasantabraga.com\\\/?s={search_term_string}\"},\"query-input\":{\"@type\":\"PropertyValueSpecification\",\"valueRequired\":true,\"valueName\":\"search_term_string\"}}],\"inLanguage\":\"es\"}]}<\/script>\n<!-- \/ Yoast SEO plugin. -->","yoast_head_json":{"title":"Hermandades y Protocolos - Semana Santa de Braga - S\u00edtio Oficial","robots":{"index":"index","follow":"follow","max-snippet":"max-snippet:-1","max-image-preview":"max-image-preview:large","max-video-preview":"max-video-preview:-1"},"canonical":"https:\/\/semanasantabraga.com\/es\/semana-santa\/hermandades-y-protocolos\/","twitter_card":"summary_large_image","twitter_title":"Hermandades y Protocolos - Semana Santa de Braga - S\u00edtio Oficial","twitter_description":"Red Europea de Celebraciones de la Semana Santa y Pascua La comisi\u00f3n de la Semana Santa est\u00e1 envuelta en un proyecto de candidatura a un futuro Itinerario Cultural Europeo, del Consejo de Europa. &nbsp; Liderada por la ruta andaluza \u201cCaminos de Pasi\u00f3n\u201d la nueva Red inicia su recorrido teniendo por socios fundadores Espa\u00f1a, Portugal (con [&hellip;]","twitter_image":"https:\/\/semanasantabraga.com\/wp-content\/uploads\/2017\/02\/geminacoes-medina-del-campo.jpg","twitter_misc":{"Tiempo de lectura":"3 minutos"},"schema":{"@context":"https:\/\/schema.org","@graph":[{"@type":"WebPage","@id":"https:\/\/semanasantabraga.com\/es\/semana-santa\/hermandades-y-protocolos\/","url":"https:\/\/semanasantabraga.com\/es\/semana-santa\/hermandades-y-protocolos\/","name":"Hermandades y Protocolos - Semana Santa de Braga - S\u00edtio Oficial","isPartOf":{"@id":"https:\/\/semanasantabraga.com\/#website"},"primaryImageOfPage":{"@id":"https:\/\/semanasantabraga.com\/es\/semana-santa\/hermandades-y-protocolos\/#primaryimage"},"image":{"@id":"https:\/\/semanasantabraga.com\/es\/semana-santa\/hermandades-y-protocolos\/#primaryimage"},"thumbnailUrl":"https:\/\/semanasantabraga.com\/wp-content\/uploads\/2017\/02\/geminacoes-medina-del-campo.jpg","datePublished":"2018-01-26T10:59:29+00:00","dateModified":"2019-10-02T10:36:20+00:00","breadcrumb":{"@id":"https:\/\/semanasantabraga.com\/es\/semana-santa\/hermandades-y-protocolos\/#breadcrumb"},"inLanguage":"es","potentialAction":[{"@type":"ReadAction","target":["https:\/\/semanasantabraga.com\/es\/semana-santa\/hermandades-y-protocolos\/"]}]},{"@type":"ImageObject","inLanguage":"es","@id":"https:\/\/semanasantabraga.com\/es\/semana-santa\/hermandades-y-protocolos\/#primaryimage","url":"https:\/\/semanasantabraga.com\/wp-content\/uploads\/2017\/02\/geminacoes-medina-del-campo.jpg","contentUrl":"https:\/\/semanasantabraga.com\/wp-content\/uploads\/2017\/02\/geminacoes-medina-del-campo.jpg","width":1920,"height":400},{"@type":"BreadcrumbList","@id":"https:\/\/semanasantabraga.com\/es\/semana-santa\/hermandades-y-protocolos\/#breadcrumb","itemListElement":[{"@type":"ListItem","position":1,"name":"In\u00edcio","item":"https:\/\/semanasantabraga.com\/es\/"},{"@type":"ListItem","position":2,"name":"Semana Santa","item":"https:\/\/semanasantabraga.com\/es\/semana-santa\/"},{"@type":"ListItem","position":3,"name":"Hermandades y Protocolos"}]},{"@type":"WebSite","@id":"https:\/\/semanasantabraga.com\/#website","url":"https:\/\/semanasantabraga.com\/","name":"Semana Santa de Braga - S\u00edtio Oficial","description":"","potentialAction":[{"@type":"SearchAction","target":{"@type":"EntryPoint","urlTemplate":"https:\/\/semanasantabraga.com\/?s={search_term_string}"},"query-input":{"@type":"PropertyValueSpecification","valueRequired":true,"valueName":"search_term_string"}}],"inLanguage":"es"}]}},"_links":{"self":[{"href":"https:\/\/semanasantabraga.com\/es\/wp-json\/wp\/v2\/pages\/4450","targetHints":{"allow":["GET"]}}],"collection":[{"href":"https:\/\/semanasantabraga.com\/es\/wp-json\/wp\/v2\/pages"}],"about":[{"href":"https:\/\/semanasantabraga.com\/es\/wp-json\/wp\/v2\/types\/page"}],"author":[{"embeddable":true,"href":"https:\/\/semanasantabraga.com\/es\/wp-json\/wp\/v2\/users\/3"}],"replies":[{"embeddable":true,"href":"https:\/\/semanasantabraga.com\/es\/wp-json\/wp\/v2\/comments?post=4450"}],"version-history":[{"count":4,"href":"https:\/\/semanasantabraga.com\/es\/wp-json\/wp\/v2\/pages\/4450\/revisions"}],"predecessor-version":[{"id":6929,"href":"https:\/\/semanasantabraga.com\/es\/wp-json\/wp\/v2\/pages\/4450\/revisions\/6929"}],"up":[{"embeddable":true,"href":"https:\/\/semanasantabraga.com\/es\/wp-json\/wp\/v2\/pages\/4433"}],"wp:featuredmedia":[{"embeddable":true,"href":"https:\/\/semanasantabraga.com\/es\/wp-json\/wp\/v2\/media\/622"}],"wp:attachment":[{"href":"https:\/\/semanasantabraga.com\/es\/wp-json\/wp\/v2\/media?parent=4450"}],"curies":[{"name":"wp","href":"https:\/\/api.w.org\/{rel}","templated":true}]}}