{"id":4452,"date":"2018-01-26T11:07:52","date_gmt":"2018-01-26T11:07:52","guid":{"rendered":"http:\/\/semanasantabraga.com\/?page_id=4452"},"modified":"2018-01-26T11:08:36","modified_gmt":"2018-01-26T11:08:36","slug":"premio-jorge-coutinho","status":"publish","type":"page","link":"https:\/\/semanasantabraga.com\/es\/semana-santa\/premio-jorge-coutinho\/","title":{"rendered":"Premio Jorge Coutinho"},"content":{"rendered":"<p><strong>Pre\u00e1mbulo<\/strong><\/p>\n<p>&nbsp;<\/p>\n<p>La Comisi\u00f3n de Cuaresma y Solemnidades de la Semana Santa de Braga tiene como objetivo promover la realizaci\u00f3n de las solemnidades cuaresmales, valor\u00e1ndolas.<\/p>\n<p>&nbsp;<\/p>\n<p>Considerando que la investigaci\u00f3n acad\u00e9mica ayuda a su mejor comprensi\u00f3n y, por consiguiente, a dignificar su realizaci\u00f3n; y que la Comisi\u00f3n desea expresar su gratitud a todos los que, a lo largo de los siglos y en el pasado reciente, hicieron posible la dimensi\u00f3n y la calidad que las ceremonias de la Cuaresma y Semana Santa adquirieron en Braga, decidi\u00f3 la Comisi\u00f3n asignar el nombre del can\u00f3nigo Jorge Coutinho a este Premio, bien por su empe\u00f1o en esta Comisi\u00f3n, bien por su dedicaci\u00f3n a la academia bracarense.<\/p>\n<p>&nbsp;<\/p>\n<p>Este premio ser\u00e1 bienal, con la primera edici\u00f3n al final de este a\u00f1o civil (2018).<\/p>\n<p>&nbsp;<\/p>\n<p>&nbsp;<\/p>\n<p><strong>La biograf\u00eda del dr. Jorge Coutinho<\/strong><\/p>\n<p>&nbsp;<\/p>\n<p>Jorge Peixoto Coutinho era natural de Alvar\u00e3es, Viana do Castelo, donde naci\u00f3 el 7 de noviembre de 1939. Fue ordenado sacerdote, el 15 de julio de 1962, en el Seminario de la Arquidi\u00f3cesis de Braga. Falleci\u00f3 el 9 de noviembre de 2015..<\/p>\n<p>&nbsp;<\/p>\n<p>El C\u00f3nego Jorge Coutinho dedic\u00f3 toda su vida a la ense\u00f1anza, la investigaci\u00f3n y la formaci\u00f3n. En 1970, fue nombrado vicerrector del Seminario Conciliar.<\/p>\n<p>&nbsp;<\/p>\n<p>Se mov\u00eda, tambi\u00e9n, un celo particular por los m\u00e1s desfavorecidos, como testimonian los a\u00f1os en que fue capell\u00e1n del Colegio de S. Caetano y Presidente de la Asamblea General de la Fraternidad Sacerdotal.<\/p>\n<p>&nbsp;<\/p>\n<p>Las licenciaturas en Filosof\u00eda por la Universidad Gregoriana en Roma (1965) y en Filolog\u00eda Rom\u00e1nica por la Facultad de Letras de la Universidad de Coimbra (1974) dieron al Prof. Jorge Coutinho las bases s\u00f3lidas para proseguir con su doctorado en Filosof\u00eda por la Facultad de Filosof\u00eda de Braga. El escogi\u00f3 para tema de disertaci\u00f3n \u00abEl pensamiento de Teixeira de Pascuaes\u00bb (1995).<\/p>\n<p>&nbsp;<\/p>\n<p>A nivel acad\u00e9mico, fue docente del Seminario Conciliar de Braga, posteriormente de la Facultad de Teolog\u00eda y de la Facultad de Filosof\u00eda, donde ense\u00f1\u00f3 diversas disciplinas, tales como Filosof\u00eda, Filosof\u00eda del Conocimiento, Historia de la Filosof\u00eda y Teolog\u00eda Filos\u00f3fica. En el horizonte de Dios, public\u00f3 tres libros, siendo el m\u00e1s reciente \u00abCaminos de la raz\u00f3n en el horizonte de Dios, sobre las razones de creer\u00bb (2010).<\/p>\n<p>&nbsp;<\/p>\n<p>Tambi\u00e9n public\u00f3 decenas de art\u00edculos y recensiones.<\/p>\n<p>&nbsp;<\/p>\n<p>En 1985, fue elegido can\u00f3nigo capitular del Cabido Metropolitano y Primacial Bracarense y, en 2003, Arcediago do Cabido. En este \u00e1mbito, es de subrayar la enorme contribuci\u00f3n que el C\u00f3nego Jorge Coutinho dio, por varios a\u00f1os, a la organizaci\u00f3n de la Semana Santa, lo que le vali\u00f3 el reconocimiento de las m\u00e1s diversas instituciones eclesiales y civiles.<\/p>\n<p>&nbsp;<\/p>\n<p>&nbsp;<\/p>\n<p><strong>Regulaci\u00f3n<\/strong><\/p>\n<p>&nbsp;<\/p>\n<p>1\u00ba &#8211; El \u00abPremio de Investigaci\u00f3n &#8211; C\u00f3nego Jorge Coutinho\u00bb es un premio bienal instituido por la Comisi\u00f3n de Cuaresma y Solemnidades de la Semana Santa de Braga, destinado a premiar el mejor trabajo de investigaci\u00f3n sobre la Cuaresma y Semana Santa bracarenses, en las diversas \u00e1reas del saber como, por ejemplo, Artes, Arquitectura, Econom\u00eda, Estudios de Religi\u00f3n, Gesti\u00f3n, Historia, Teolog\u00eda, y tantas otras.<\/p>\n<p>&nbsp;<\/p>\n<p>2\u00ba &#8211; Son elegibles para concurso las disertaciones de maestr\u00eda defendidas, p\u00fablicamente, en el a\u00f1o en que concurren o en el a\u00f1o anterior.<\/p>\n<p>&nbsp;<\/p>\n<p>3\u00ba &#8211; La Comisi\u00f3n de Cuaresma y Semana Santa indicar\u00e1, hasta el mes de octubre, la Composici\u00f3n del Jurado, que ser\u00e1 presidido siempre por un miembro de la Comisi\u00f3n, a la que se unir\u00e1n otras personalidades del medio acad\u00e9mico y de la sociedad bracarense. La composici\u00f3n del Jurado ser\u00e1 impar, tendr\u00e1 un m\u00e1ximo de cuatro vocales, y el Presidente dispondr\u00e1 de voto de calidad.<\/p>\n<p>&nbsp;<\/p>\n<p>4\u00ba &#8211; Las candidaturas se formalizan mediante una carta dirigida a la Comisi\u00f3n de Cuaresma y Semana Santa de Braga, firmada por el propio y manifestando la voluntad de participar en el concurso.<\/p>\n<p>&nbsp;<\/p>\n<p>5\u00ba &#8211; La presentaci\u00f3n de candidatura implica el conocimiento y aceptaci\u00f3n, integral y sin reservas, de los t\u00e9rminos y condiciones previstos en el presente Reglamento.<\/p>\n<p>&nbsp;<\/p>\n<p>6\u00ba &#8211; Las candidaturas deben presentarse cada a\u00f1o par, durante el mes de diciembre. Se pueden entregar en mano o enviadas por correo (con fecha de sello del mes de diciembre) para la Comisi\u00f3n de Cuaresma y Semana Santa de Braga, Rua D. Paio Mendes, 4700-424 Braga y, al mismo tiempo, para el email info @ semanasantabraga.com.<\/p>\n<p>&nbsp;<\/p>\n<p>7\u00ba &#8211; En la segunda semana de enero, los candidatos ser\u00e1n informados de su admisi\u00f3n a concurso, y tambi\u00e9n de su no admisi\u00f3n, si es el caso, aduciendo los motivos.<\/p>\n<p>&nbsp;<\/p>\n<p>8\u00ba &#8211; El Jurado es soberano y decide en total autonom\u00eda, y sus decisiones son definitivas.<\/p>\n<p>&nbsp;<\/p>\n<p>9\u00ba &#8211; El Jurado puede optar por la atribuci\u00f3n del Premio ex aequo, por su no atribuci\u00f3n y por la atribuci\u00f3n de Menciones Honorables.<\/p>\n<p>&nbsp;<\/p>\n<p>10\u00ba &#8211; El Jurado presentar\u00e1 su decisi\u00f3n, al final del mes de febrero siguiente, y el premio ser\u00e1 entregado en fecha y evento a programar. Se levantar\u00e1 el acta de la reuni\u00f3n decisoria del Jurado.<\/p>\n<p>&nbsp;<\/p>\n<p>11\u00ba &#8211; El Premio tiene el valor pecuniario global de 1500,00 \u20ac, independientemente del n\u00famero de trabajos premiados.<\/p>\n<p>&nbsp;<\/p>\n<p>12 &#8211; Toda la informaci\u00f3n sobre este Premio se har\u00e1 p\u00fablica en la p\u00e1gina de la Comisi\u00f3n (http:\/\/semanasantabraga.com), siendo \u00e9ste el \u00fanico medio de comunicaci\u00f3n oficial.<\/p>\n<p>&nbsp;<\/p>\n<p>13\u00ba &#8211; Los trabajos sometidos a concurso pueden, por decisi\u00f3n del Jurado, ser divulgados en la p\u00e1gina oficial de la Comisi\u00f3n.<\/p>\n<p>&nbsp;<\/p>\n<p>14\u00ba &#8211; El trabajo ganador ser\u00e1 divulgado en la p\u00e1gina de la Comisi\u00f3n y, quiz\u00e1, en otros soportes, si se considera oportuno.<\/p>\n<p>&nbsp;<\/p>\n<p>15\u00ba &#8211; Con la entrega de los trabajos, todos los candidatos ceden gratuitamente sus derechos de autor, en lo que se refiere a la publicaci\u00f3n de la obra en la p\u00e1gina de la Comisi\u00f3n o en cualquier publicaci\u00f3n editada por la misma.<\/p>\n<p>&nbsp;<\/p>\n<p>16\u00ba &#8211; Todas las situaciones omitidas en este reglamento relativas a la concesi\u00f3n de la prima ser\u00e1n resueltas por el respeto del Jurado.<\/p>\n<p>&nbsp;<\/p>\n<p>17\u00ba &#8211; Todas las situaciones omitidas en este reglamento relativas a la realizaci\u00f3n de este concurso ser\u00e1n deliberadas por la Comisi\u00f3n de Cuaresma y Semana Santa de Braga.<\/p>\n<p>&nbsp;<\/p>\n<p>&nbsp;<\/p>\n<p>Nota final: cualquier duda debe ponerse a trav\u00e9s de <a href=\"mailto:info@semanasantabraga.com\">email<\/a>.<\/p>\n","protected":false},"excerpt":{"rendered":"<p>Pre\u00e1mbulo &nbsp; La Comisi\u00f3n de Cuaresma y Solemnidades de la Semana Santa de Braga tiene como objetivo promover la realizaci\u00f3n de las solemnidades cuaresmales, valor\u00e1ndolas. &nbsp; Considerando que la investigaci\u00f3n acad\u00e9mica ayuda a su mejor comprensi\u00f3n y, por consiguiente, a dignificar su realizaci\u00f3n; y que la Comisi\u00f3n desea expresar su gratitud a todos los que, [&hellip;]<\/p>\n","protected":false},"author":3,"featured_media":4284,"parent":4433,"menu_order":101,"comment_status":"closed","ping_status":"closed","template":"template-paginasimples.php","meta":{"_acf_changed":false,"inline_featured_image":false,"footnotes":""},"class_list":["post-4452","page","type-page","status-publish","has-post-thumbnail","hentry"],"acf":{"titulo_banner":"","texto_banner":"","alias_slider":""},"yoast_head":"<!-- This site is optimized with the Yoast SEO plugin v27.4 - https:\/\/yoast.com\/product\/yoast-seo-wordpress\/ -->\n<title>Premio Jorge Coutinho - Semana Santa de Braga - S\u00edtio Oficial<\/title>\n<meta name=\"robots\" content=\"index, follow, max-snippet:-1, max-image-preview:large, max-video-preview:-1\" \/>\n<link rel=\"canonical\" href=\"https:\/\/semanasantabraga.com\/es\/semana-santa\/premio-jorge-coutinho\/\" \/>\n<meta name=\"twitter:card\" content=\"summary_large_image\" \/>\n<meta name=\"twitter:title\" content=\"Premio Jorge Coutinho - Semana Santa de Braga - S\u00edtio Oficial\" \/>\n<meta name=\"twitter:description\" content=\"Pre\u00e1mbulo &nbsp; La Comisi\u00f3n de Cuaresma y Solemnidades de la Semana Santa de Braga tiene como objetivo promover la realizaci\u00f3n de las solemnidades cuaresmales, valor\u00e1ndolas. &nbsp; Considerando que la investigaci\u00f3n acad\u00e9mica ayuda a su mejor comprensi\u00f3n y, por consiguiente, a dignificar su realizaci\u00f3n; y que la Comisi\u00f3n desea expresar su gratitud a todos los que, [&hellip;]\" \/>\n<meta name=\"twitter:image\" content=\"https:\/\/semanasantabraga.com\/wp-content\/uploads\/2018\/01\/Dr_Jorge_Coutinho_1920x350.jpg\" \/>\n<meta name=\"twitter:label1\" content=\"Tiempo de lectura\" \/>\n\t<meta name=\"twitter:data1\" content=\"5 minutos\" \/>\n<script type=\"application\/ld+json\" class=\"yoast-schema-graph\">{\"@context\":\"https:\\\/\\\/schema.org\",\"@graph\":[{\"@type\":\"WebPage\",\"@id\":\"https:\\\/\\\/semanasantabraga.com\\\/es\\\/semana-santa\\\/premio-jorge-coutinho\\\/\",\"url\":\"https:\\\/\\\/semanasantabraga.com\\\/es\\\/semana-santa\\\/premio-jorge-coutinho\\\/\",\"name\":\"Premio Jorge Coutinho - Semana Santa de Braga - S\u00edtio Oficial\",\"isPartOf\":{\"@id\":\"https:\\\/\\\/semanasantabraga.com\\\/#website\"},\"primaryImageOfPage\":{\"@id\":\"https:\\\/\\\/semanasantabraga.com\\\/es\\\/semana-santa\\\/premio-jorge-coutinho\\\/#primaryimage\"},\"image\":{\"@id\":\"https:\\\/\\\/semanasantabraga.com\\\/es\\\/semana-santa\\\/premio-jorge-coutinho\\\/#primaryimage\"},\"thumbnailUrl\":\"https:\\\/\\\/semanasantabraga.com\\\/wp-content\\\/uploads\\\/2018\\\/01\\\/Dr_Jorge_Coutinho_1920x350.jpg\",\"datePublished\":\"2018-01-26T11:07:52+00:00\",\"dateModified\":\"2018-01-26T11:08:36+00:00\",\"breadcrumb\":{\"@id\":\"https:\\\/\\\/semanasantabraga.com\\\/es\\\/semana-santa\\\/premio-jorge-coutinho\\\/#breadcrumb\"},\"inLanguage\":\"es\",\"potentialAction\":[{\"@type\":\"ReadAction\",\"target\":[\"https:\\\/\\\/semanasantabraga.com\\\/es\\\/semana-santa\\\/premio-jorge-coutinho\\\/\"]}]},{\"@type\":\"ImageObject\",\"inLanguage\":\"es\",\"@id\":\"https:\\\/\\\/semanasantabraga.com\\\/es\\\/semana-santa\\\/premio-jorge-coutinho\\\/#primaryimage\",\"url\":\"https:\\\/\\\/semanasantabraga.com\\\/wp-content\\\/uploads\\\/2018\\\/01\\\/Dr_Jorge_Coutinho_1920x350.jpg\",\"contentUrl\":\"https:\\\/\\\/semanasantabraga.com\\\/wp-content\\\/uploads\\\/2018\\\/01\\\/Dr_Jorge_Coutinho_1920x350.jpg\",\"width\":1920,\"height\":350},{\"@type\":\"BreadcrumbList\",\"@id\":\"https:\\\/\\\/semanasantabraga.com\\\/es\\\/semana-santa\\\/premio-jorge-coutinho\\\/#breadcrumb\",\"itemListElement\":[{\"@type\":\"ListItem\",\"position\":1,\"name\":\"In\u00edcio\",\"item\":\"https:\\\/\\\/semanasantabraga.com\\\/es\\\/\"},{\"@type\":\"ListItem\",\"position\":2,\"name\":\"Semana Santa\",\"item\":\"https:\\\/\\\/semanasantabraga.com\\\/es\\\/semana-santa\\\/\"},{\"@type\":\"ListItem\",\"position\":3,\"name\":\"Premio Jorge Coutinho\"}]},{\"@type\":\"WebSite\",\"@id\":\"https:\\\/\\\/semanasantabraga.com\\\/#website\",\"url\":\"https:\\\/\\\/semanasantabraga.com\\\/\",\"name\":\"Semana Santa de Braga - S\u00edtio Oficial\",\"description\":\"\",\"potentialAction\":[{\"@type\":\"SearchAction\",\"target\":{\"@type\":\"EntryPoint\",\"urlTemplate\":\"https:\\\/\\\/semanasantabraga.com\\\/?s={search_term_string}\"},\"query-input\":{\"@type\":\"PropertyValueSpecification\",\"valueRequired\":true,\"valueName\":\"search_term_string\"}}],\"inLanguage\":\"es\"}]}<\/script>\n<!-- \/ Yoast SEO plugin. -->","yoast_head_json":{"title":"Premio Jorge Coutinho - Semana Santa de Braga - S\u00edtio Oficial","robots":{"index":"index","follow":"follow","max-snippet":"max-snippet:-1","max-image-preview":"max-image-preview:large","max-video-preview":"max-video-preview:-1"},"canonical":"https:\/\/semanasantabraga.com\/es\/semana-santa\/premio-jorge-coutinho\/","twitter_card":"summary_large_image","twitter_title":"Premio Jorge Coutinho - Semana Santa de Braga - S\u00edtio Oficial","twitter_description":"Pre\u00e1mbulo &nbsp; La Comisi\u00f3n de Cuaresma y Solemnidades de la Semana Santa de Braga tiene como objetivo promover la realizaci\u00f3n de las solemnidades cuaresmales, valor\u00e1ndolas. &nbsp; Considerando que la investigaci\u00f3n acad\u00e9mica ayuda a su mejor comprensi\u00f3n y, por consiguiente, a dignificar su realizaci\u00f3n; y que la Comisi\u00f3n desea expresar su gratitud a todos los que, [&hellip;]","twitter_image":"https:\/\/semanasantabraga.com\/wp-content\/uploads\/2018\/01\/Dr_Jorge_Coutinho_1920x350.jpg","twitter_misc":{"Tiempo de lectura":"5 minutos"},"schema":{"@context":"https:\/\/schema.org","@graph":[{"@type":"WebPage","@id":"https:\/\/semanasantabraga.com\/es\/semana-santa\/premio-jorge-coutinho\/","url":"https:\/\/semanasantabraga.com\/es\/semana-santa\/premio-jorge-coutinho\/","name":"Premio Jorge Coutinho - Semana Santa de Braga - S\u00edtio Oficial","isPartOf":{"@id":"https:\/\/semanasantabraga.com\/#website"},"primaryImageOfPage":{"@id":"https:\/\/semanasantabraga.com\/es\/semana-santa\/premio-jorge-coutinho\/#primaryimage"},"image":{"@id":"https:\/\/semanasantabraga.com\/es\/semana-santa\/premio-jorge-coutinho\/#primaryimage"},"thumbnailUrl":"https:\/\/semanasantabraga.com\/wp-content\/uploads\/2018\/01\/Dr_Jorge_Coutinho_1920x350.jpg","datePublished":"2018-01-26T11:07:52+00:00","dateModified":"2018-01-26T11:08:36+00:00","breadcrumb":{"@id":"https:\/\/semanasantabraga.com\/es\/semana-santa\/premio-jorge-coutinho\/#breadcrumb"},"inLanguage":"es","potentialAction":[{"@type":"ReadAction","target":["https:\/\/semanasantabraga.com\/es\/semana-santa\/premio-jorge-coutinho\/"]}]},{"@type":"ImageObject","inLanguage":"es","@id":"https:\/\/semanasantabraga.com\/es\/semana-santa\/premio-jorge-coutinho\/#primaryimage","url":"https:\/\/semanasantabraga.com\/wp-content\/uploads\/2018\/01\/Dr_Jorge_Coutinho_1920x350.jpg","contentUrl":"https:\/\/semanasantabraga.com\/wp-content\/uploads\/2018\/01\/Dr_Jorge_Coutinho_1920x350.jpg","width":1920,"height":350},{"@type":"BreadcrumbList","@id":"https:\/\/semanasantabraga.com\/es\/semana-santa\/premio-jorge-coutinho\/#breadcrumb","itemListElement":[{"@type":"ListItem","position":1,"name":"In\u00edcio","item":"https:\/\/semanasantabraga.com\/es\/"},{"@type":"ListItem","position":2,"name":"Semana Santa","item":"https:\/\/semanasantabraga.com\/es\/semana-santa\/"},{"@type":"ListItem","position":3,"name":"Premio Jorge Coutinho"}]},{"@type":"WebSite","@id":"https:\/\/semanasantabraga.com\/#website","url":"https:\/\/semanasantabraga.com\/","name":"Semana Santa de Braga - S\u00edtio Oficial","description":"","potentialAction":[{"@type":"SearchAction","target":{"@type":"EntryPoint","urlTemplate":"https:\/\/semanasantabraga.com\/?s={search_term_string}"},"query-input":{"@type":"PropertyValueSpecification","valueRequired":true,"valueName":"search_term_string"}}],"inLanguage":"es"}]}},"_links":{"self":[{"href":"https:\/\/semanasantabraga.com\/es\/wp-json\/wp\/v2\/pages\/4452","targetHints":{"allow":["GET"]}}],"collection":[{"href":"https:\/\/semanasantabraga.com\/es\/wp-json\/wp\/v2\/pages"}],"about":[{"href":"https:\/\/semanasantabraga.com\/es\/wp-json\/wp\/v2\/types\/page"}],"author":[{"embeddable":true,"href":"https:\/\/semanasantabraga.com\/es\/wp-json\/wp\/v2\/users\/3"}],"replies":[{"embeddable":true,"href":"https:\/\/semanasantabraga.com\/es\/wp-json\/wp\/v2\/comments?post=4452"}],"version-history":[{"count":1,"href":"https:\/\/semanasantabraga.com\/es\/wp-json\/wp\/v2\/pages\/4452\/revisions"}],"predecessor-version":[{"id":4453,"href":"https:\/\/semanasantabraga.com\/es\/wp-json\/wp\/v2\/pages\/4452\/revisions\/4453"}],"up":[{"embeddable":true,"href":"https:\/\/semanasantabraga.com\/es\/wp-json\/wp\/v2\/pages\/4433"}],"wp:featuredmedia":[{"embeddable":true,"href":"https:\/\/semanasantabraga.com\/es\/wp-json\/wp\/v2\/media\/4284"}],"wp:attachment":[{"href":"https:\/\/semanasantabraga.com\/es\/wp-json\/wp\/v2\/media?parent=4452"}],"curies":[{"name":"wp","href":"https:\/\/api.w.org\/{rel}","templated":true}]}}