{"id":4456,"date":"2018-01-26T11:37:14","date_gmt":"2018-01-26T11:37:14","guid":{"rendered":"http:\/\/semanasantabraga.com\/?page_id=4456"},"modified":"2025-10-23T17:10:18","modified_gmt":"2025-10-23T17:10:18","slug":"alojamiento-y-restauracion","status":"publish","type":"page","link":"https:\/\/semanasantabraga.com\/es\/turismo\/alojamiento-y-restauracion\/","title":{"rendered":"Alojamiento y Restauraci\u00f3n"},"content":{"rendered":"<p>&nbsp;<\/p>\n<p>La ciudad de Braga tiene para ofrecer una gastronom\u00eda riqu\u00edsima, suculenta y variada, seg\u00fan la tradici\u00f3n de varias generaciones, con carnes y peces, pero donde el bacalao se asume como el plato predilecto, hasta por influencia de la pr\u00e1ctica religiosa en la Cuaresma, en que se cumplen estrictamente los per\u00edodos de abstinencia.<\/p>\n<p>El famoso vino verde de la regi\u00f3n, blanco o tinto, permite un buen acompa\u00f1amiento, cualquiera que sea el plato elegido.<\/p>\n<p>Es en la dulzura que la cocina de Braga alcanza una mayor originalidad y refinamiento, con el pud\u00edn Abad de Priscos, los dulces de romer\u00eda y las galletas secas para acompa\u00f1ar el t\u00e9, as\u00ed como otras especialidades ricas, de larga tradici\u00f3n conventual y popular.<\/p>\n<p>&nbsp;<\/p>\n<p>Las unidades de alojamiento tambi\u00e9n son de gran calidad y diversidad de oferta.\u00a0<\/p>\n<p>&nbsp;<\/p>\n<h6>\u00a0<\/h6>\n<h6>En caso de ser propietario de un Establecimiento de Alojamiento Tur\u00edstico o Restaurante, debidamente licenciado, y que no figure en la lista, entre en contacto con la Comisi\u00f3n, <a href=\"mail:info@semanasantabraga.com\">por esta via<\/a>.<\/h6>\n<p>&nbsp;<\/p>\n<p>&nbsp;<\/p>\n","protected":false},"excerpt":{"rendered":"<p>&nbsp; La ciudad de Braga tiene para ofrecer una gastronom\u00eda riqu\u00edsima, suculenta y variada, seg\u00fan la tradici\u00f3n de varias generaciones, con carnes y peces, pero donde el bacalao se asume como el plato predilecto, hasta por influencia de la pr\u00e1ctica religiosa en la Cuaresma, en que se cumplen estrictamente los per\u00edodos de abstinencia. El famoso [&hellip;]<\/p>\n","protected":false},"author":3,"featured_media":1074,"parent":4454,"menu_order":103,"comment_status":"closed","ping_status":"closed","template":"template-alojamento.php","meta":{"_acf_changed":false,"inline_featured_image":false,"footnotes":""},"class_list":["post-4456","page","type-page","status-publish","has-post-thumbnail","hentry"],"acf":[],"yoast_head":"<!-- This site is optimized with the Yoast SEO plugin v27.4 - https:\/\/yoast.com\/product\/yoast-seo-wordpress\/ -->\n<title>Alojamiento y Restauraci\u00f3n - Semana Santa de Braga - S\u00edtio Oficial<\/title>\n<meta name=\"robots\" content=\"index, follow, max-snippet:-1, max-image-preview:large, max-video-preview:-1\" \/>\n<link rel=\"canonical\" href=\"https:\/\/semanasantabraga.com\/es\/turismo\/alojamiento-y-restauracion\/\" \/>\n<meta name=\"twitter:card\" content=\"summary_large_image\" \/>\n<meta name=\"twitter:title\" content=\"Alojamiento y Restauraci\u00f3n - Semana Santa de Braga - S\u00edtio Oficial\" \/>\n<meta name=\"twitter:description\" content=\"&nbsp; La ciudad de Braga tiene para ofrecer una gastronom\u00eda riqu\u00edsima, suculenta y variada, seg\u00fan la tradici\u00f3n de varias generaciones, con carnes y peces, pero donde el bacalao se asume como el plato predilecto, hasta por influencia de la pr\u00e1ctica religiosa en la Cuaresma, en que se cumplen estrictamente los per\u00edodos de abstinencia. El famoso [&hellip;]\" \/>\n<meta name=\"twitter:image\" content=\"https:\/\/semanasantabraga.com\/wp-content\/uploads\/2017\/03\/avenida-central-braga-1.jpg\" \/>\n<meta name=\"twitter:label1\" content=\"Tiempo de lectura\" \/>\n\t<meta name=\"twitter:data1\" content=\"2 minutos\" \/>\n<script type=\"application\/ld+json\" class=\"yoast-schema-graph\">{\"@context\":\"https:\\\/\\\/schema.org\",\"@graph\":[{\"@type\":\"WebPage\",\"@id\":\"https:\\\/\\\/semanasantabraga.com\\\/es\\\/turismo\\\/alojamiento-y-restauracion\\\/\",\"url\":\"https:\\\/\\\/semanasantabraga.com\\\/es\\\/turismo\\\/alojamiento-y-restauracion\\\/\",\"name\":\"Alojamiento y Restauraci\u00f3n - Semana Santa de Braga - S\u00edtio Oficial\",\"isPartOf\":{\"@id\":\"https:\\\/\\\/semanasantabraga.com\\\/#website\"},\"primaryImageOfPage\":{\"@id\":\"https:\\\/\\\/semanasantabraga.com\\\/es\\\/turismo\\\/alojamiento-y-restauracion\\\/#primaryimage\"},\"image\":{\"@id\":\"https:\\\/\\\/semanasantabraga.com\\\/es\\\/turismo\\\/alojamiento-y-restauracion\\\/#primaryimage\"},\"thumbnailUrl\":\"https:\\\/\\\/semanasantabraga.com\\\/wp-content\\\/uploads\\\/2017\\\/03\\\/avenida-central-braga-1.jpg\",\"datePublished\":\"2018-01-26T11:37:14+00:00\",\"dateModified\":\"2025-10-23T17:10:18+00:00\",\"breadcrumb\":{\"@id\":\"https:\\\/\\\/semanasantabraga.com\\\/es\\\/turismo\\\/alojamiento-y-restauracion\\\/#breadcrumb\"},\"inLanguage\":\"es\",\"potentialAction\":[{\"@type\":\"ReadAction\",\"target\":[\"https:\\\/\\\/semanasantabraga.com\\\/es\\\/turismo\\\/alojamiento-y-restauracion\\\/\"]}]},{\"@type\":\"ImageObject\",\"inLanguage\":\"es\",\"@id\":\"https:\\\/\\\/semanasantabraga.com\\\/es\\\/turismo\\\/alojamiento-y-restauracion\\\/#primaryimage\",\"url\":\"https:\\\/\\\/semanasantabraga.com\\\/wp-content\\\/uploads\\\/2017\\\/03\\\/avenida-central-braga-1.jpg\",\"contentUrl\":\"https:\\\/\\\/semanasantabraga.com\\\/wp-content\\\/uploads\\\/2017\\\/03\\\/avenida-central-braga-1.jpg\",\"width\":1920,\"height\":350},{\"@type\":\"BreadcrumbList\",\"@id\":\"https:\\\/\\\/semanasantabraga.com\\\/es\\\/turismo\\\/alojamiento-y-restauracion\\\/#breadcrumb\",\"itemListElement\":[{\"@type\":\"ListItem\",\"position\":1,\"name\":\"In\u00edcio\",\"item\":\"https:\\\/\\\/semanasantabraga.com\\\/es\\\/\"},{\"@type\":\"ListItem\",\"position\":2,\"name\":\"Turismo\",\"item\":\"https:\\\/\\\/semanasantabraga.com\\\/es\\\/turismo\\\/\"},{\"@type\":\"ListItem\",\"position\":3,\"name\":\"Alojamiento y Restauraci\u00f3n\"}]},{\"@type\":\"WebSite\",\"@id\":\"https:\\\/\\\/semanasantabraga.com\\\/#website\",\"url\":\"https:\\\/\\\/semanasantabraga.com\\\/\",\"name\":\"Semana Santa de Braga - S\u00edtio Oficial\",\"description\":\"\",\"potentialAction\":[{\"@type\":\"SearchAction\",\"target\":{\"@type\":\"EntryPoint\",\"urlTemplate\":\"https:\\\/\\\/semanasantabraga.com\\\/?s={search_term_string}\"},\"query-input\":{\"@type\":\"PropertyValueSpecification\",\"valueRequired\":true,\"valueName\":\"search_term_string\"}}],\"inLanguage\":\"es\"}]}<\/script>\n<!-- \/ Yoast SEO plugin. -->","yoast_head_json":{"title":"Alojamiento y Restauraci\u00f3n - Semana Santa de Braga - S\u00edtio Oficial","robots":{"index":"index","follow":"follow","max-snippet":"max-snippet:-1","max-image-preview":"max-image-preview:large","max-video-preview":"max-video-preview:-1"},"canonical":"https:\/\/semanasantabraga.com\/es\/turismo\/alojamiento-y-restauracion\/","twitter_card":"summary_large_image","twitter_title":"Alojamiento y Restauraci\u00f3n - Semana Santa de Braga - S\u00edtio Oficial","twitter_description":"&nbsp; La ciudad de Braga tiene para ofrecer una gastronom\u00eda riqu\u00edsima, suculenta y variada, seg\u00fan la tradici\u00f3n de varias generaciones, con carnes y peces, pero donde el bacalao se asume como el plato predilecto, hasta por influencia de la pr\u00e1ctica religiosa en la Cuaresma, en que se cumplen estrictamente los per\u00edodos de abstinencia. El famoso [&hellip;]","twitter_image":"https:\/\/semanasantabraga.com\/wp-content\/uploads\/2017\/03\/avenida-central-braga-1.jpg","twitter_misc":{"Tiempo de lectura":"2 minutos"},"schema":{"@context":"https:\/\/schema.org","@graph":[{"@type":"WebPage","@id":"https:\/\/semanasantabraga.com\/es\/turismo\/alojamiento-y-restauracion\/","url":"https:\/\/semanasantabraga.com\/es\/turismo\/alojamiento-y-restauracion\/","name":"Alojamiento y Restauraci\u00f3n - Semana Santa de Braga - S\u00edtio Oficial","isPartOf":{"@id":"https:\/\/semanasantabraga.com\/#website"},"primaryImageOfPage":{"@id":"https:\/\/semanasantabraga.com\/es\/turismo\/alojamiento-y-restauracion\/#primaryimage"},"image":{"@id":"https:\/\/semanasantabraga.com\/es\/turismo\/alojamiento-y-restauracion\/#primaryimage"},"thumbnailUrl":"https:\/\/semanasantabraga.com\/wp-content\/uploads\/2017\/03\/avenida-central-braga-1.jpg","datePublished":"2018-01-26T11:37:14+00:00","dateModified":"2025-10-23T17:10:18+00:00","breadcrumb":{"@id":"https:\/\/semanasantabraga.com\/es\/turismo\/alojamiento-y-restauracion\/#breadcrumb"},"inLanguage":"es","potentialAction":[{"@type":"ReadAction","target":["https:\/\/semanasantabraga.com\/es\/turismo\/alojamiento-y-restauracion\/"]}]},{"@type":"ImageObject","inLanguage":"es","@id":"https:\/\/semanasantabraga.com\/es\/turismo\/alojamiento-y-restauracion\/#primaryimage","url":"https:\/\/semanasantabraga.com\/wp-content\/uploads\/2017\/03\/avenida-central-braga-1.jpg","contentUrl":"https:\/\/semanasantabraga.com\/wp-content\/uploads\/2017\/03\/avenida-central-braga-1.jpg","width":1920,"height":350},{"@type":"BreadcrumbList","@id":"https:\/\/semanasantabraga.com\/es\/turismo\/alojamiento-y-restauracion\/#breadcrumb","itemListElement":[{"@type":"ListItem","position":1,"name":"In\u00edcio","item":"https:\/\/semanasantabraga.com\/es\/"},{"@type":"ListItem","position":2,"name":"Turismo","item":"https:\/\/semanasantabraga.com\/es\/turismo\/"},{"@type":"ListItem","position":3,"name":"Alojamiento y Restauraci\u00f3n"}]},{"@type":"WebSite","@id":"https:\/\/semanasantabraga.com\/#website","url":"https:\/\/semanasantabraga.com\/","name":"Semana Santa de Braga - S\u00edtio Oficial","description":"","potentialAction":[{"@type":"SearchAction","target":{"@type":"EntryPoint","urlTemplate":"https:\/\/semanasantabraga.com\/?s={search_term_string}"},"query-input":{"@type":"PropertyValueSpecification","valueRequired":true,"valueName":"search_term_string"}}],"inLanguage":"es"}]}},"_links":{"self":[{"href":"https:\/\/semanasantabraga.com\/es\/wp-json\/wp\/v2\/pages\/4456","targetHints":{"allow":["GET"]}}],"collection":[{"href":"https:\/\/semanasantabraga.com\/es\/wp-json\/wp\/v2\/pages"}],"about":[{"href":"https:\/\/semanasantabraga.com\/es\/wp-json\/wp\/v2\/types\/page"}],"author":[{"embeddable":true,"href":"https:\/\/semanasantabraga.com\/es\/wp-json\/wp\/v2\/users\/3"}],"replies":[{"embeddable":true,"href":"https:\/\/semanasantabraga.com\/es\/wp-json\/wp\/v2\/comments?post=4456"}],"version-history":[{"count":2,"href":"https:\/\/semanasantabraga.com\/es\/wp-json\/wp\/v2\/pages\/4456\/revisions"}],"predecessor-version":[{"id":12035,"href":"https:\/\/semanasantabraga.com\/es\/wp-json\/wp\/v2\/pages\/4456\/revisions\/12035"}],"up":[{"embeddable":true,"href":"https:\/\/semanasantabraga.com\/es\/wp-json\/wp\/v2\/pages\/4454"}],"wp:featuredmedia":[{"embeddable":true,"href":"https:\/\/semanasantabraga.com\/es\/wp-json\/wp\/v2\/media\/1074"}],"wp:attachment":[{"href":"https:\/\/semanasantabraga.com\/es\/wp-json\/wp\/v2\/media?parent=4456"}],"curies":[{"name":"wp","href":"https:\/\/api.w.org\/{rel}","templated":true}]}}