{"id":4458,"date":"2018-01-26T11:39:30","date_gmt":"2018-01-26T11:39:30","guid":{"rendered":"http:\/\/semanasantabraga.com\/?page_id=4458"},"modified":"2025-10-23T17:08:34","modified_gmt":"2025-10-23T17:08:34","slug":"puntos-de-interes","status":"publish","type":"page","link":"https:\/\/semanasantabraga.com\/es\/turismo\/puntos-de-interes\/","title":{"rendered":"Puntos de inter\u00e9s"},"content":{"rendered":"<h3 style=\"text-align: left;\">Principal centro religioso de Portugal<\/h3>\n<p style=\"text-align: left;\">Braga es una ciudad joven y tradicional pero repleta de tradiciones y lugares para visitar.<\/p>\n<p style=\"text-align: left;\">Tal vez el principal centro religioso del pa\u00eds, es conocido por sus iglesias barrocas, espl\u00e9ndidas casas del siglo XVIII, jardines y parques elaborados. Conocida en tiempos romanos como Bracara Augusta y asiento del episcopado portugu\u00e9s en el siglo XII.<\/p>\n<p style=\"text-align: left;\">Por lo tanto, hay que visitarlo. A continuaci\u00f3n, podr\u00e1 encontrar algunos de los lugares m\u00e1s bonitos y emblem\u00e1ticos de la ciudad. Disfrute de lo que le ofrecemos. Braga le espera!<\/p>\n","protected":false},"excerpt":{"rendered":"<p>Principal centro religioso de Portugal Braga es una ciudad joven y tradicional pero repleta de tradiciones y lugares para visitar. Tal vez el principal centro religioso del pa\u00eds, es conocido por sus iglesias barrocas, espl\u00e9ndidas casas del siglo XVIII, jardines y parques elaborados. Conocida en tiempos romanos como Bracara Augusta y asiento del episcopado portugu\u00e9s [&hellip;]<\/p>\n","protected":false},"author":3,"featured_media":0,"parent":4454,"menu_order":120,"comment_status":"closed","ping_status":"closed","template":"template-paginasimplesgaleria.php","meta":{"_acf_changed":false,"inline_featured_image":false,"footnotes":""},"class_list":["post-4458","page","type-page","status-publish","hentry"],"acf":{"titulo_banner":"","texto_banner":"","alias_slider":"pontosinteresse","imagens":[{"ID":7568,"id":7568,"title":"CIMMB \/ Pal\u00e1cio do Raio","filename":"palacio-raio-braga.jpg","filesize":53034,"url":"https:\/\/semanasantabraga.com\/wp-content\/uploads\/2017\/02\/palacio-raio-braga.jpg","link":"https:\/\/semanasantabraga.com\/es\/turismo\/puntos-de-interes\/palacio-raio-braga-3\/","alt":"","author":"14","description":"","caption":"","name":"palacio-raio-braga-3","status":"inherit","uploaded_to":4458,"date":"2017-03-06 11:24:07","modified":"2017-03-06 11:24:07","menu_order":0,"mime_type":"image\/jpeg","type":"image","subtype":"jpeg","icon":"https:\/\/semanasantabraga.com\/wp-includes\/images\/media\/default.png","width":280,"height":280,"sizes":{"thumbnail":"https:\/\/semanasantabraga.com\/wp-content\/uploads\/2017\/02\/palacio-raio-braga-280x270.jpg","thumbnail-width":239,"thumbnail-height":230,"medium":"https:\/\/semanasantabraga.com\/wp-content\/uploads\/2017\/02\/palacio-raio-braga.jpg","medium-width":280,"medium-height":280,"medium_large":"https:\/\/semanasantabraga.com\/wp-content\/uploads\/2017\/02\/palacio-raio-braga.jpg","medium_large-width":280,"medium_large-height":280,"large":"https:\/\/semanasantabraga.com\/wp-content\/uploads\/2017\/02\/palacio-raio-braga.jpg","large-width":280,"large-height":280,"1536x1536":"https:\/\/semanasantabraga.com\/wp-content\/uploads\/2017\/02\/palacio-raio-braga.jpg","1536x1536-width":280,"1536x1536-height":280,"2048x2048":"https:\/\/semanasantabraga.com\/wp-content\/uploads\/2017\/02\/palacio-raio-braga.jpg","2048x2048-width":280,"2048x2048-height":280}},{"ID":7024,"id":7024,"title":"Biblioteca P\u00fablica de Braga","filename":"biblioteca-publica-braga.jpg","filesize":52008,"url":"https:\/\/semanasantabraga.com\/wp-content\/uploads\/2017\/02\/biblioteca-publica-braga.jpg","link":"https:\/\/semanasantabraga.com\/es\/turismo\/puntos-de-interes\/biblioteca-publica-braga-2\/","alt":"http:\/\/www.bpb.uminho.pt","author":"14","description":"","caption":"","name":"biblioteca-publica-braga-2","status":"inherit","uploaded_to":4458,"date":"2017-03-06 11:11:28","modified":"2025-10-23 16:54:24","menu_order":0,"mime_type":"image\/jpeg","type":"image","subtype":"jpeg","icon":"https:\/\/semanasantabraga.com\/wp-includes\/images\/media\/default.png","width":280,"height":280,"sizes":{"thumbnail":"https:\/\/semanasantabraga.com\/wp-content\/uploads\/2017\/02\/biblioteca-publica-braga-280x270.jpg","thumbnail-width":239,"thumbnail-height":230,"medium":"https:\/\/semanasantabraga.com\/wp-content\/uploads\/2017\/02\/biblioteca-publica-braga.jpg","medium-width":280,"medium-height":280,"medium_large":"https:\/\/semanasantabraga.com\/wp-content\/uploads\/2017\/02\/biblioteca-publica-braga.jpg","medium_large-width":280,"medium_large-height":280,"large":"https:\/\/semanasantabraga.com\/wp-content\/uploads\/2017\/02\/biblioteca-publica-braga.jpg","large-width":280,"large-height":280,"1536x1536":"https:\/\/semanasantabraga.com\/wp-content\/uploads\/2017\/02\/biblioteca-publica-braga.jpg","1536x1536-width":280,"1536x1536-height":280,"2048x2048":"https:\/\/semanasantabraga.com\/wp-content\/uploads\/2017\/02\/biblioteca-publica-braga.jpg","2048x2048-width":280,"2048x2048-height":280}},{"ID":7026,"id":7026,"title":"Catedral de Braga","filename":"se-braga.jpg","filesize":51331,"url":"https:\/\/semanasantabraga.com\/wp-content\/uploads\/2017\/02\/se-braga.jpg","link":"https:\/\/semanasantabraga.com\/es\/turismo\/puntos-de-interes\/se-braga-4\/","alt":"http:\/\/se-braga.pt","author":"14","description":"","caption":"","name":"se-braga-4","status":"inherit","uploaded_to":4458,"date":"2017-03-06 11:27:44","modified":"2025-10-23 16:55:40","menu_order":0,"mime_type":"image\/jpeg","type":"image","subtype":"jpeg","icon":"https:\/\/semanasantabraga.com\/wp-includes\/images\/media\/default.png","width":280,"height":280,"sizes":{"thumbnail":"https:\/\/semanasantabraga.com\/wp-content\/uploads\/2017\/02\/se-braga-280x270.jpg","thumbnail-width":239,"thumbnail-height":230,"medium":"https:\/\/semanasantabraga.com\/wp-content\/uploads\/2017\/02\/se-braga.jpg","medium-width":280,"medium-height":280,"medium_large":"https:\/\/semanasantabraga.com\/wp-content\/uploads\/2017\/02\/se-braga.jpg","medium_large-width":280,"medium_large-height":280,"large":"https:\/\/semanasantabraga.com\/wp-content\/uploads\/2017\/02\/se-braga.jpg","large-width":280,"large-height":280,"1536x1536":"https:\/\/semanasantabraga.com\/wp-content\/uploads\/2017\/02\/se-braga.jpg","1536x1536-width":280,"1536x1536-height":280,"2048x2048":"https:\/\/semanasantabraga.com\/wp-content\/uploads\/2017\/02\/se-braga.jpg","2048x2048-width":280,"2048x2048-height":280}},{"ID":12028,"id":12028,"title":"Museo Pio XII","filename":"museu-pio-xii-braga.jpg","filesize":41786,"url":"https:\/\/semanasantabraga.com\/wp-content\/uploads\/2025\/10\/museu-pio-xii-braga.jpg","link":"https:\/\/semanasantabraga.com\/es\/turismo\/puntos-de-interes\/museu-pio-xii-braga-4\/","alt":"http:\/\/www.museupioxii.com\/","author":"3","description":"","caption":"","name":"museu-pio-xii-braga-4","status":"inherit","uploaded_to":4458,"date":"2025-10-23 17:00:09","modified":"2025-10-23 17:01:06","menu_order":0,"mime_type":"image\/jpeg","type":"image","subtype":"jpeg","icon":"https:\/\/semanasantabraga.com\/wp-includes\/images\/media\/default.png","width":280,"height":280,"sizes":{"thumbnail":"https:\/\/semanasantabraga.com\/wp-content\/uploads\/2025\/10\/museu-pio-xii-braga-280x230.jpg","thumbnail-width":280,"thumbnail-height":230,"medium":"https:\/\/semanasantabraga.com\/wp-content\/uploads\/2025\/10\/museu-pio-xii-braga.jpg","medium-width":280,"medium-height":280,"medium_large":"https:\/\/semanasantabraga.com\/wp-content\/uploads\/2025\/10\/museu-pio-xii-braga.jpg","medium_large-width":280,"medium_large-height":280,"large":"https:\/\/semanasantabraga.com\/wp-content\/uploads\/2025\/10\/museu-pio-xii-braga.jpg","large-width":280,"large-height":280,"1536x1536":"https:\/\/semanasantabraga.com\/wp-content\/uploads\/2025\/10\/museu-pio-xii-braga.jpg","1536x1536-width":280,"1536x1536-height":280,"2048x2048":"https:\/\/semanasantabraga.com\/wp-content\/uploads\/2025\/10\/museu-pio-xii-braga.jpg","2048x2048-width":280,"2048x2048-height":280}},{"ID":12021,"id":12021,"title":"Museo dos Bisca\u00ednhos","filename":"museu-biscainhos-braga.jpg","filesize":44653,"url":"https:\/\/semanasantabraga.com\/wp-content\/uploads\/2017\/02\/museu-biscainhos-braga.jpg","link":"https:\/\/semanasantabraga.com\/es\/turismo\/puntos-de-interes\/museu-biscainhos-braga\/","alt":"http:\/\/culturanorte.pt\/pt\/patrimonio\/museu-dos-biscainhos\/","author":"14","description":"","caption":"","name":"museu-biscainhos-braga","status":"inherit","uploaded_to":4458,"date":"2017-03-06 11:19:12","modified":"2025-10-23 17:02:35","menu_order":0,"mime_type":"image\/jpeg","type":"image","subtype":"jpeg","icon":"https:\/\/semanasantabraga.com\/wp-includes\/images\/media\/default.png","width":280,"height":280,"sizes":{"thumbnail":"https:\/\/semanasantabraga.com\/wp-content\/uploads\/2017\/02\/museu-biscainhos-braga-280x270.jpg","thumbnail-width":239,"thumbnail-height":230,"medium":"https:\/\/semanasantabraga.com\/wp-content\/uploads\/2017\/02\/museu-biscainhos-braga.jpg","medium-width":280,"medium-height":280,"medium_large":"https:\/\/semanasantabraga.com\/wp-content\/uploads\/2017\/02\/museu-biscainhos-braga.jpg","medium_large-width":280,"medium_large-height":280,"large":"https:\/\/semanasantabraga.com\/wp-content\/uploads\/2017\/02\/museu-biscainhos-braga.jpg","large-width":280,"large-height":280,"1536x1536":"https:\/\/semanasantabraga.com\/wp-content\/uploads\/2017\/02\/museu-biscainhos-braga.jpg","1536x1536-width":280,"1536x1536-height":280,"2048x2048":"https:\/\/semanasantabraga.com\/wp-content\/uploads\/2017\/02\/museu-biscainhos-braga.jpg","2048x2048-width":280,"2048x2048-height":280}},{"ID":12022,"id":12022,"title":"Museo D. Diogo de Sousa","filename":"museu-d-diogo-sousa-braga.jpg","filesize":59214,"url":"https:\/\/semanasantabraga.com\/wp-content\/uploads\/2017\/02\/museu-d-diogo-sousa-braga.jpg","link":"https:\/\/semanasantabraga.com\/es\/turismo\/puntos-de-interes\/museu-d-diogo-sousa-braga\/","alt":"http:\/\/mdds.culturanorte.pt\/","author":"14","description":"","caption":"","name":"museu-d-diogo-sousa-braga","status":"inherit","uploaded_to":4458,"date":"2017-03-06 11:20:10","modified":"2025-10-23 17:03:13","menu_order":0,"mime_type":"image\/jpeg","type":"image","subtype":"jpeg","icon":"https:\/\/semanasantabraga.com\/wp-includes\/images\/media\/default.png","width":280,"height":280,"sizes":{"thumbnail":"https:\/\/semanasantabraga.com\/wp-content\/uploads\/2017\/02\/museu-d-diogo-sousa-braga-280x270.jpg","thumbnail-width":239,"thumbnail-height":230,"medium":"https:\/\/semanasantabraga.com\/wp-content\/uploads\/2017\/02\/museu-d-diogo-sousa-braga.jpg","medium-width":280,"medium-height":280,"medium_large":"https:\/\/semanasantabraga.com\/wp-content\/uploads\/2017\/02\/museu-d-diogo-sousa-braga.jpg","medium_large-width":280,"medium_large-height":280,"large":"https:\/\/semanasantabraga.com\/wp-content\/uploads\/2017\/02\/museu-d-diogo-sousa-braga.jpg","large-width":280,"large-height":280,"1536x1536":"https:\/\/semanasantabraga.com\/wp-content\/uploads\/2017\/02\/museu-d-diogo-sousa-braga.jpg","1536x1536-width":280,"1536x1536-height":280,"2048x2048":"https:\/\/semanasantabraga.com\/wp-content\/uploads\/2017\/02\/museu-d-diogo-sousa-braga.jpg","2048x2048-width":280,"2048x2048-height":280}},{"ID":12023,"id":12023,"title":"Museo de la Imagen","filename":"museu-imagem-braga.jpg","filesize":53782,"url":"https:\/\/semanasantabraga.com\/wp-content\/uploads\/2017\/02\/museu-imagem-braga.jpg","link":"https:\/\/semanasantabraga.com\/es\/turismo\/puntos-de-interes\/museu-imagem-braga\/","alt":"http:\/\/museudaimagem.blogspot.pt\/","author":"14","description":"","caption":"","name":"museu-imagem-braga","status":"inherit","uploaded_to":4458,"date":"2017-03-06 11:21:09","modified":"2025-10-23 17:04:54","menu_order":0,"mime_type":"image\/jpeg","type":"image","subtype":"jpeg","icon":"https:\/\/semanasantabraga.com\/wp-includes\/images\/media\/default.png","width":280,"height":280,"sizes":{"thumbnail":"https:\/\/semanasantabraga.com\/wp-content\/uploads\/2017\/02\/museu-imagem-braga-280x270.jpg","thumbnail-width":239,"thumbnail-height":230,"medium":"https:\/\/semanasantabraga.com\/wp-content\/uploads\/2017\/02\/museu-imagem-braga.jpg","medium-width":280,"medium-height":280,"medium_large":"https:\/\/semanasantabraga.com\/wp-content\/uploads\/2017\/02\/museu-imagem-braga.jpg","medium_large-width":280,"medium_large-height":280,"large":"https:\/\/semanasantabraga.com\/wp-content\/uploads\/2017\/02\/museu-imagem-braga.jpg","large-width":280,"large-height":280,"1536x1536":"https:\/\/semanasantabraga.com\/wp-content\/uploads\/2017\/02\/museu-imagem-braga.jpg","1536x1536-width":280,"1536x1536-height":280,"2048x2048":"https:\/\/semanasantabraga.com\/wp-content\/uploads\/2017\/02\/museu-imagem-braga.jpg","2048x2048-width":280,"2048x2048-height":280}},{"ID":12024,"id":12024,"title":"Museo Nogueira da Silva","filename":"museu-nogueira-silva-braga.jpg","filesize":53650,"url":"https:\/\/semanasantabraga.com\/wp-content\/uploads\/2017\/02\/museu-nogueira-silva-braga.jpg","link":"https:\/\/semanasantabraga.com\/es\/turismo\/puntos-de-interes\/museu-nogueira-silva-braga\/","alt":"http:\/\/www.mns.uminho.pt","author":"14","description":"","caption":"","name":"museu-nogueira-silva-braga","status":"inherit","uploaded_to":4458,"date":"2017-03-06 11:21:37","modified":"2025-10-23 17:04:22","menu_order":0,"mime_type":"image\/jpeg","type":"image","subtype":"jpeg","icon":"https:\/\/semanasantabraga.com\/wp-includes\/images\/media\/default.png","width":280,"height":280,"sizes":{"thumbnail":"https:\/\/semanasantabraga.com\/wp-content\/uploads\/2017\/02\/museu-nogueira-silva-braga-280x270.jpg","thumbnail-width":239,"thumbnail-height":230,"medium":"https:\/\/semanasantabraga.com\/wp-content\/uploads\/2017\/02\/museu-nogueira-silva-braga.jpg","medium-width":280,"medium-height":280,"medium_large":"https:\/\/semanasantabraga.com\/wp-content\/uploads\/2017\/02\/museu-nogueira-silva-braga.jpg","medium_large-width":280,"medium_large-height":280,"large":"https:\/\/semanasantabraga.com\/wp-content\/uploads\/2017\/02\/museu-nogueira-silva-braga.jpg","large-width":280,"large-height":280,"1536x1536":"https:\/\/semanasantabraga.com\/wp-content\/uploads\/2017\/02\/museu-nogueira-silva-braga.jpg","1536x1536-width":280,"1536x1536-height":280,"2048x2048":"https:\/\/semanasantabraga.com\/wp-content\/uploads\/2017\/02\/museu-nogueira-silva-braga.jpg","2048x2048-width":280,"2048x2048-height":280}},{"ID":12020,"id":12020,"title":"Monasterio de Tib\u00e3es","filename":"mosteiro-tibaes-braga.jpg","filesize":45813,"url":"https:\/\/semanasantabraga.com\/wp-content\/uploads\/2017\/02\/mosteiro-tibaes-braga.jpg","link":"https:\/\/semanasantabraga.com\/es\/turismo\/puntos-de-interes\/mosteiro-tibaes-braga\/","alt":"http:\/\/mosteirodetibaes.org","author":"14","description":"","caption":"","name":"mosteiro-tibaes-braga","status":"inherit","uploaded_to":4458,"date":"2017-03-06 11:17:31","modified":"2025-10-23 17:05:44","menu_order":0,"mime_type":"image\/jpeg","type":"image","subtype":"jpeg","icon":"https:\/\/semanasantabraga.com\/wp-includes\/images\/media\/default.png","width":280,"height":280,"sizes":{"thumbnail":"https:\/\/semanasantabraga.com\/wp-content\/uploads\/2017\/02\/mosteiro-tibaes-braga-280x270.jpg","thumbnail-width":239,"thumbnail-height":230,"medium":"https:\/\/semanasantabraga.com\/wp-content\/uploads\/2017\/02\/mosteiro-tibaes-braga.jpg","medium-width":280,"medium-height":280,"medium_large":"https:\/\/semanasantabraga.com\/wp-content\/uploads\/2017\/02\/mosteiro-tibaes-braga.jpg","medium_large-width":280,"medium_large-height":280,"large":"https:\/\/semanasantabraga.com\/wp-content\/uploads\/2017\/02\/mosteiro-tibaes-braga.jpg","large-width":280,"large-height":280,"1536x1536":"https:\/\/semanasantabraga.com\/wp-content\/uploads\/2017\/02\/mosteiro-tibaes-braga.jpg","1536x1536-width":280,"1536x1536-height":280,"2048x2048":"https:\/\/semanasantabraga.com\/wp-content\/uploads\/2017\/02\/mosteiro-tibaes-braga.jpg","2048x2048-width":280,"2048x2048-height":280}},{"ID":12016,"id":12016,"title":"Casa de los Crivos","filename":"casa-crivos-braga.jpg","filesize":47466,"url":"https:\/\/semanasantabraga.com\/wp-content\/uploads\/2017\/02\/casa-crivos-braga.jpg","link":"https:\/\/semanasantabraga.com\/es\/turismo\/puntos-de-interes\/casa-crivos-braga\/","alt":"","author":"14","description":"","caption":"","name":"casa-crivos-braga","status":"inherit","uploaded_to":4458,"date":"2017-03-06 11:13:57","modified":"2025-10-23 17:06:30","menu_order":0,"mime_type":"image\/jpeg","type":"image","subtype":"jpeg","icon":"https:\/\/semanasantabraga.com\/wp-includes\/images\/media\/default.png","width":280,"height":280,"sizes":{"thumbnail":"https:\/\/semanasantabraga.com\/wp-content\/uploads\/2017\/02\/casa-crivos-braga-280x270.jpg","thumbnail-width":239,"thumbnail-height":230,"medium":"https:\/\/semanasantabraga.com\/wp-content\/uploads\/2017\/02\/casa-crivos-braga.jpg","medium-width":280,"medium-height":280,"medium_large":"https:\/\/semanasantabraga.com\/wp-content\/uploads\/2017\/02\/casa-crivos-braga.jpg","medium_large-width":280,"medium_large-height":280,"large":"https:\/\/semanasantabraga.com\/wp-content\/uploads\/2017\/02\/casa-crivos-braga.jpg","large-width":280,"large-height":280,"1536x1536":"https:\/\/semanasantabraga.com\/wp-content\/uploads\/2017\/02\/casa-crivos-braga.jpg","1536x1536-width":280,"1536x1536-height":280,"2048x2048":"https:\/\/semanasantabraga.com\/wp-content\/uploads\/2017\/02\/casa-crivos-braga.jpg","2048x2048-width":280,"2048x2048-height":280}},{"ID":12017,"id":12017,"title":"Fuente del \u00cddolo","filename":"fonte-idolo-braga.jpg","filesize":44305,"url":"https:\/\/semanasantabraga.com\/wp-content\/uploads\/2017\/02\/fonte-idolo-braga.jpg","link":"https:\/\/semanasantabraga.com\/es\/turismo\/puntos-de-interes\/fonte-idolo-braga\/","alt":"","author":"14","description":"","caption":"","name":"fonte-idolo-braga","status":"inherit","uploaded_to":4458,"date":"2017-03-06 11:15:43","modified":"2025-10-23 17:07:38","menu_order":0,"mime_type":"image\/jpeg","type":"image","subtype":"jpeg","icon":"https:\/\/semanasantabraga.com\/wp-includes\/images\/media\/default.png","width":280,"height":280,"sizes":{"thumbnail":"https:\/\/semanasantabraga.com\/wp-content\/uploads\/2017\/02\/fonte-idolo-braga-280x270.jpg","thumbnail-width":239,"thumbnail-height":230,"medium":"https:\/\/semanasantabraga.com\/wp-content\/uploads\/2017\/02\/fonte-idolo-braga.jpg","medium-width":280,"medium-height":280,"medium_large":"https:\/\/semanasantabraga.com\/wp-content\/uploads\/2017\/02\/fonte-idolo-braga.jpg","medium_large-width":280,"medium_large-height":280,"large":"https:\/\/semanasantabraga.com\/wp-content\/uploads\/2017\/02\/fonte-idolo-braga.jpg","large-width":280,"large-height":280,"1536x1536":"https:\/\/semanasantabraga.com\/wp-content\/uploads\/2017\/02\/fonte-idolo-braga.jpg","1536x1536-width":280,"1536x1536-height":280,"2048x2048":"https:\/\/semanasantabraga.com\/wp-content\/uploads\/2017\/02\/fonte-idolo-braga.jpg","2048x2048-width":280,"2048x2048-height":280}},{"ID":7028,"id":7028,"title":"Termas Romanas de Cividade","filename":"termas-romanas-cividade-braga.jpg","filesize":53306,"url":"https:\/\/semanasantabraga.com\/wp-content\/uploads\/2017\/02\/termas-romanas-cividade-braga.jpg","link":"https:\/\/semanasantabraga.com\/es\/turismo\/puntos-de-interes\/termas-romanas-cividade-braga-2\/","alt":"","author":"14","description":"","caption":"","name":"termas-romanas-cividade-braga-2","status":"inherit","uploaded_to":4458,"date":"2017-03-06 11:32:11","modified":"2025-10-23 17:08:31","menu_order":0,"mime_type":"image\/jpeg","type":"image","subtype":"jpeg","icon":"https:\/\/semanasantabraga.com\/wp-includes\/images\/media\/default.png","width":280,"height":280,"sizes":{"thumbnail":"https:\/\/semanasantabraga.com\/wp-content\/uploads\/2017\/02\/termas-romanas-cividade-braga-280x270.jpg","thumbnail-width":239,"thumbnail-height":230,"medium":"https:\/\/semanasantabraga.com\/wp-content\/uploads\/2017\/02\/termas-romanas-cividade-braga.jpg","medium-width":280,"medium-height":280,"medium_large":"https:\/\/semanasantabraga.com\/wp-content\/uploads\/2017\/02\/termas-romanas-cividade-braga.jpg","medium_large-width":280,"medium_large-height":280,"large":"https:\/\/semanasantabraga.com\/wp-content\/uploads\/2017\/02\/termas-romanas-cividade-braga.jpg","large-width":280,"large-height":280,"1536x1536":"https:\/\/semanasantabraga.com\/wp-content\/uploads\/2017\/02\/termas-romanas-cividade-braga.jpg","1536x1536-width":280,"1536x1536-height":280,"2048x2048":"https:\/\/semanasantabraga.com\/wp-content\/uploads\/2017\/02\/termas-romanas-cividade-braga.jpg","2048x2048-width":280,"2048x2048-height":280}}]},"yoast_head":"<!-- This site is optimized with the Yoast SEO plugin v27.4 - https:\/\/yoast.com\/product\/yoast-seo-wordpress\/ -->\n<title>Puntos de inter\u00e9s - Semana Santa de Braga - S\u00edtio Oficial<\/title>\n<meta name=\"robots\" content=\"index, follow, max-snippet:-1, max-image-preview:large, max-video-preview:-1\" \/>\n<link rel=\"canonical\" href=\"https:\/\/semanasantabraga.com\/es\/turismo\/puntos-de-interes\/\" \/>\n<meta name=\"twitter:card\" content=\"summary_large_image\" \/>\n<meta name=\"twitter:title\" content=\"Puntos de inter\u00e9s - Semana Santa de Braga - S\u00edtio Oficial\" \/>\n<meta name=\"twitter:description\" content=\"Principal centro religioso de Portugal Braga es una ciudad joven y tradicional pero repleta de tradiciones y lugares para visitar. Tal vez el principal centro religioso del pa\u00eds, es conocido por sus iglesias barrocas, espl\u00e9ndidas casas del siglo XVIII, jardines y parques elaborados. Conocida en tiempos romanos como Bracara Augusta y asiento del episcopado portugu\u00e9s [&hellip;]\" \/>\n<meta name=\"twitter:label1\" content=\"Tiempo de lectura\" \/>\n\t<meta name=\"twitter:data1\" content=\"1 minuto\" \/>\n<script type=\"application\/ld+json\" class=\"yoast-schema-graph\">{\"@context\":\"https:\\\/\\\/schema.org\",\"@graph\":[{\"@type\":\"WebPage\",\"@id\":\"https:\\\/\\\/semanasantabraga.com\\\/es\\\/turismo\\\/puntos-de-interes\\\/\",\"url\":\"https:\\\/\\\/semanasantabraga.com\\\/es\\\/turismo\\\/puntos-de-interes\\\/\",\"name\":\"Puntos de inter\u00e9s - Semana Santa de Braga - S\u00edtio Oficial\",\"isPartOf\":{\"@id\":\"https:\\\/\\\/semanasantabraga.com\\\/#website\"},\"datePublished\":\"2018-01-26T11:39:30+00:00\",\"dateModified\":\"2025-10-23T17:08:34+00:00\",\"breadcrumb\":{\"@id\":\"https:\\\/\\\/semanasantabraga.com\\\/es\\\/turismo\\\/puntos-de-interes\\\/#breadcrumb\"},\"inLanguage\":\"es\",\"potentialAction\":[{\"@type\":\"ReadAction\",\"target\":[\"https:\\\/\\\/semanasantabraga.com\\\/es\\\/turismo\\\/puntos-de-interes\\\/\"]}]},{\"@type\":\"BreadcrumbList\",\"@id\":\"https:\\\/\\\/semanasantabraga.com\\\/es\\\/turismo\\\/puntos-de-interes\\\/#breadcrumb\",\"itemListElement\":[{\"@type\":\"ListItem\",\"position\":1,\"name\":\"In\u00edcio\",\"item\":\"https:\\\/\\\/semanasantabraga.com\\\/es\\\/\"},{\"@type\":\"ListItem\",\"position\":2,\"name\":\"Turismo\",\"item\":\"https:\\\/\\\/semanasantabraga.com\\\/es\\\/turismo\\\/\"},{\"@type\":\"ListItem\",\"position\":3,\"name\":\"Puntos de inter\u00e9s\"}]},{\"@type\":\"WebSite\",\"@id\":\"https:\\\/\\\/semanasantabraga.com\\\/#website\",\"url\":\"https:\\\/\\\/semanasantabraga.com\\\/\",\"name\":\"Semana Santa de Braga - S\u00edtio Oficial\",\"description\":\"\",\"potentialAction\":[{\"@type\":\"SearchAction\",\"target\":{\"@type\":\"EntryPoint\",\"urlTemplate\":\"https:\\\/\\\/semanasantabraga.com\\\/?s={search_term_string}\"},\"query-input\":{\"@type\":\"PropertyValueSpecification\",\"valueRequired\":true,\"valueName\":\"search_term_string\"}}],\"inLanguage\":\"es\"}]}<\/script>\n<!-- \/ Yoast SEO plugin. -->","yoast_head_json":{"title":"Puntos de inter\u00e9s - Semana Santa de Braga - S\u00edtio Oficial","robots":{"index":"index","follow":"follow","max-snippet":"max-snippet:-1","max-image-preview":"max-image-preview:large","max-video-preview":"max-video-preview:-1"},"canonical":"https:\/\/semanasantabraga.com\/es\/turismo\/puntos-de-interes\/","twitter_card":"summary_large_image","twitter_title":"Puntos de inter\u00e9s - Semana Santa de Braga - S\u00edtio Oficial","twitter_description":"Principal centro religioso de Portugal Braga es una ciudad joven y tradicional pero repleta de tradiciones y lugares para visitar. Tal vez el principal centro religioso del pa\u00eds, es conocido por sus iglesias barrocas, espl\u00e9ndidas casas del siglo XVIII, jardines y parques elaborados. Conocida en tiempos romanos como Bracara Augusta y asiento del episcopado portugu\u00e9s [&hellip;]","twitter_misc":{"Tiempo de lectura":"1 minuto"},"schema":{"@context":"https:\/\/schema.org","@graph":[{"@type":"WebPage","@id":"https:\/\/semanasantabraga.com\/es\/turismo\/puntos-de-interes\/","url":"https:\/\/semanasantabraga.com\/es\/turismo\/puntos-de-interes\/","name":"Puntos de inter\u00e9s - Semana Santa de Braga - S\u00edtio Oficial","isPartOf":{"@id":"https:\/\/semanasantabraga.com\/#website"},"datePublished":"2018-01-26T11:39:30+00:00","dateModified":"2025-10-23T17:08:34+00:00","breadcrumb":{"@id":"https:\/\/semanasantabraga.com\/es\/turismo\/puntos-de-interes\/#breadcrumb"},"inLanguage":"es","potentialAction":[{"@type":"ReadAction","target":["https:\/\/semanasantabraga.com\/es\/turismo\/puntos-de-interes\/"]}]},{"@type":"BreadcrumbList","@id":"https:\/\/semanasantabraga.com\/es\/turismo\/puntos-de-interes\/#breadcrumb","itemListElement":[{"@type":"ListItem","position":1,"name":"In\u00edcio","item":"https:\/\/semanasantabraga.com\/es\/"},{"@type":"ListItem","position":2,"name":"Turismo","item":"https:\/\/semanasantabraga.com\/es\/turismo\/"},{"@type":"ListItem","position":3,"name":"Puntos de inter\u00e9s"}]},{"@type":"WebSite","@id":"https:\/\/semanasantabraga.com\/#website","url":"https:\/\/semanasantabraga.com\/","name":"Semana Santa de Braga - S\u00edtio Oficial","description":"","potentialAction":[{"@type":"SearchAction","target":{"@type":"EntryPoint","urlTemplate":"https:\/\/semanasantabraga.com\/?s={search_term_string}"},"query-input":{"@type":"PropertyValueSpecification","valueRequired":true,"valueName":"search_term_string"}}],"inLanguage":"es"}]}},"_links":{"self":[{"href":"https:\/\/semanasantabraga.com\/es\/wp-json\/wp\/v2\/pages\/4458","targetHints":{"allow":["GET"]}}],"collection":[{"href":"https:\/\/semanasantabraga.com\/es\/wp-json\/wp\/v2\/pages"}],"about":[{"href":"https:\/\/semanasantabraga.com\/es\/wp-json\/wp\/v2\/types\/page"}],"author":[{"embeddable":true,"href":"https:\/\/semanasantabraga.com\/es\/wp-json\/wp\/v2\/users\/3"}],"replies":[{"embeddable":true,"href":"https:\/\/semanasantabraga.com\/es\/wp-json\/wp\/v2\/comments?post=4458"}],"version-history":[{"count":3,"href":"https:\/\/semanasantabraga.com\/es\/wp-json\/wp\/v2\/pages\/4458\/revisions"}],"predecessor-version":[{"id":12034,"href":"https:\/\/semanasantabraga.com\/es\/wp-json\/wp\/v2\/pages\/4458\/revisions\/12034"}],"up":[{"embeddable":true,"href":"https:\/\/semanasantabraga.com\/es\/wp-json\/wp\/v2\/pages\/4454"}],"wp:attachment":[{"href":"https:\/\/semanasantabraga.com\/es\/wp-json\/wp\/v2\/media?parent=4458"}],"curies":[{"name":"wp","href":"https:\/\/api.w.org\/{rel}","templated":true}]}}