{"id":4460,"date":"2018-01-26T11:42:16","date_gmt":"2018-01-26T11:42:16","guid":{"rendered":"http:\/\/semanasantabraga.com\/?page_id=4460"},"modified":"2025-10-23T16:29:33","modified_gmt":"2025-10-23T16:29:33","slug":"resena-historica","status":"publish","type":"page","link":"https:\/\/semanasantabraga.com\/es\/turismo\/resena-historica\/","title":{"rendered":"Rese\u00f1a hist\u00f3rica"},"content":{"rendered":"<h3>\nCiudad de Roma arzobispos y portugu\u00eas<\/h3>\n<p>Con m\u00e1s de 2000 a\u00f1os de historia, Braga es la ciudad portuguesa m\u00e1s antigua y una de las ciudades cristianas m\u00e1s antiguas del mundo.<\/p>\n<p>&nbsp;<\/p>\n<p>Fundada por los romanos en el a\u00f1o 16 a. C. y denominada \u00abBracara Augusta\u00bb en honor del emperador C\u00e9sar Augusto. Fue capital de Galicia, de donde irradiaban 5 Vias Romanas, con un vasto territorio que desde el norte del Duero hasta el Cant\u00e1brico. Despu\u00e9s de conquistas y reconquistas de varios pueblos, el rey de Le\u00f3n, don Alfonso IV, la don\u00f3 como dote a su hija D. Teresa, en el momento de su matrimonio con el Conde D. Henrique de Borgo\u00f1a.<\/p>\n<p>&nbsp;<\/p>\n<p>La larga historia de Braga es visible en sus monumentos e iglesias, siendo la Catedral m\u00e1s imponente, y que exhibe varios estilos, desde el romano al barroco, orgull\u00e1ndose tambi\u00e9n de las espl\u00e9ndidas casas, particularmente del siglo XVIII.<\/p>\n<p>&nbsp;<\/p>\n<p>La ciudad joven, cosmopolita y multicolor, Braga exhibe con confianza un amplio abanico de escenarios de \u00e9xito y prosperidad, extendiendo sus brazos tutelares y emprendedores a \u00e1reas tan vitales como la cultura, el comercio, la industria y los servicios.<\/p>\n<p>&nbsp;<\/p>\n<p>Quien nos visita tiene la posibilidad de hacer un recorrido civilizacional documentado, desde la Prehistoria hasta nuestros d\u00edas, y vivir la aut\u00e9ntica cultura del Minho, grabada en el vasto patrimonio, en los grupos etnogr\u00e1ficos y en la artesan\u00eda, en las fiestas, ferias y romer\u00edas, as\u00ed como en una gastronom\u00eda rica y variada.<\/p>\n<p>&nbsp;<\/p>\n<p>Semana Santa de Braga es uno de los mejores ejemplos de un gran turismo y el programa cultural, que seduce y atrae a los visitantes a la ciudad de Braga, conocida por diversos ep\u00edpetos meritorios, como \u00abla ciudad de los arzobispos\u00bb y \u00abRoma de Portugal\u00bb, y donde el sonido perenne de las campanas de sus innumerables iglesias y capillas resuena en el coraz\u00f3n de quien nos visita y provoca un sentimiento nost\u00e1lgico de nostalgia y voluntad de regresar.<\/p>\n<p>&nbsp;<\/p>\n<p>&nbsp;<\/p>\n","protected":false},"excerpt":{"rendered":"<p>Ciudad de Roma arzobispos y portugu\u00eas Con m\u00e1s de 2000 a\u00f1os de historia, Braga es la ciudad portuguesa m\u00e1s antigua y una de las ciudades cristianas m\u00e1s antiguas del mundo. &nbsp; Fundada por los romanos en el a\u00f1o 16 a. C. y denominada \u00abBracara Augusta\u00bb en honor del emperador C\u00e9sar Augusto. Fue capital de Galicia, [&hellip;]<\/p>\n","protected":false},"author":3,"featured_media":0,"parent":4454,"menu_order":116,"comment_status":"closed","ping_status":"closed","template":"template-paginasimples.php","meta":{"_acf_changed":false,"inline_featured_image":false,"footnotes":""},"class_list":["post-4460","page","type-page","status-publish","hentry"],"acf":{"titulo_banner":"","texto_banner":"","alias_slider":"resenha-historica"},"yoast_head":"<!-- This site is optimized with the Yoast SEO plugin v27.4 - https:\/\/yoast.com\/product\/yoast-seo-wordpress\/ -->\n<title>Rese\u00f1a hist\u00f3rica - Semana Santa de Braga - S\u00edtio Oficial<\/title>\n<meta name=\"description\" content=\"Resena historica - Con m\u00e1s de 2000 a\u00f1os de historia, Braga es la ciudad portuguesa m\u00e1s antigua.\" \/>\n<meta name=\"robots\" content=\"index, follow, max-snippet:-1, max-image-preview:large, max-video-preview:-1\" \/>\n<link rel=\"canonical\" href=\"https:\/\/semanasantabraga.com\/es\/turismo\/resena-historica\/\" \/>\n<meta name=\"twitter:card\" content=\"summary_large_image\" \/>\n<meta name=\"twitter:title\" content=\"Rese\u00f1a hist\u00f3rica - Semana Santa de Braga - S\u00edtio Oficial\" \/>\n<meta name=\"twitter:description\" content=\"Resena historica - Con m\u00e1s de 2000 a\u00f1os de historia, Braga es la ciudad portuguesa m\u00e1s antigua.\" \/>\n<meta name=\"twitter:label1\" content=\"Tiempo de lectura\" \/>\n\t<meta name=\"twitter:data1\" content=\"2 minutos\" \/>\n<script type=\"application\/ld+json\" class=\"yoast-schema-graph\">{\"@context\":\"https:\\\/\\\/schema.org\",\"@graph\":[{\"@type\":\"WebPage\",\"@id\":\"https:\\\/\\\/semanasantabraga.com\\\/es\\\/turismo\\\/resena-historica\\\/\",\"url\":\"https:\\\/\\\/semanasantabraga.com\\\/es\\\/turismo\\\/resena-historica\\\/\",\"name\":\"Rese\u00f1a hist\u00f3rica - Semana Santa de Braga - S\u00edtio Oficial\",\"isPartOf\":{\"@id\":\"https:\\\/\\\/semanasantabraga.com\\\/#website\"},\"datePublished\":\"2018-01-26T11:42:16+00:00\",\"dateModified\":\"2025-10-23T16:29:33+00:00\",\"description\":\"Resena historica - Con m\u00e1s de 2000 a\u00f1os de historia, Braga es la ciudad portuguesa m\u00e1s antigua.\",\"breadcrumb\":{\"@id\":\"https:\\\/\\\/semanasantabraga.com\\\/es\\\/turismo\\\/resena-historica\\\/#breadcrumb\"},\"inLanguage\":\"es\",\"potentialAction\":[{\"@type\":\"ReadAction\",\"target\":[\"https:\\\/\\\/semanasantabraga.com\\\/es\\\/turismo\\\/resena-historica\\\/\"]}]},{\"@type\":\"BreadcrumbList\",\"@id\":\"https:\\\/\\\/semanasantabraga.com\\\/es\\\/turismo\\\/resena-historica\\\/#breadcrumb\",\"itemListElement\":[{\"@type\":\"ListItem\",\"position\":1,\"name\":\"In\u00edcio\",\"item\":\"https:\\\/\\\/semanasantabraga.com\\\/es\\\/\"},{\"@type\":\"ListItem\",\"position\":2,\"name\":\"Turismo\",\"item\":\"https:\\\/\\\/semanasantabraga.com\\\/es\\\/turismo\\\/\"},{\"@type\":\"ListItem\",\"position\":3,\"name\":\"Rese\u00f1a hist\u00f3rica\"}]},{\"@type\":\"WebSite\",\"@id\":\"https:\\\/\\\/semanasantabraga.com\\\/#website\",\"url\":\"https:\\\/\\\/semanasantabraga.com\\\/\",\"name\":\"Semana Santa de Braga - S\u00edtio Oficial\",\"description\":\"\",\"potentialAction\":[{\"@type\":\"SearchAction\",\"target\":{\"@type\":\"EntryPoint\",\"urlTemplate\":\"https:\\\/\\\/semanasantabraga.com\\\/?s={search_term_string}\"},\"query-input\":{\"@type\":\"PropertyValueSpecification\",\"valueRequired\":true,\"valueName\":\"search_term_string\"}}],\"inLanguage\":\"es\"}]}<\/script>\n<!-- \/ Yoast SEO plugin. -->","yoast_head_json":{"title":"Rese\u00f1a hist\u00f3rica - Semana Santa de Braga - S\u00edtio Oficial","description":"Resena historica - Con m\u00e1s de 2000 a\u00f1os de historia, Braga es la ciudad portuguesa m\u00e1s antigua.","robots":{"index":"index","follow":"follow","max-snippet":"max-snippet:-1","max-image-preview":"max-image-preview:large","max-video-preview":"max-video-preview:-1"},"canonical":"https:\/\/semanasantabraga.com\/es\/turismo\/resena-historica\/","twitter_card":"summary_large_image","twitter_title":"Rese\u00f1a hist\u00f3rica - Semana Santa de Braga - S\u00edtio Oficial","twitter_description":"Resena historica - Con m\u00e1s de 2000 a\u00f1os de historia, Braga es la ciudad portuguesa m\u00e1s antigua.","twitter_misc":{"Tiempo de lectura":"2 minutos"},"schema":{"@context":"https:\/\/schema.org","@graph":[{"@type":"WebPage","@id":"https:\/\/semanasantabraga.com\/es\/turismo\/resena-historica\/","url":"https:\/\/semanasantabraga.com\/es\/turismo\/resena-historica\/","name":"Rese\u00f1a hist\u00f3rica - Semana Santa de Braga - S\u00edtio Oficial","isPartOf":{"@id":"https:\/\/semanasantabraga.com\/#website"},"datePublished":"2018-01-26T11:42:16+00:00","dateModified":"2025-10-23T16:29:33+00:00","description":"Resena historica - Con m\u00e1s de 2000 a\u00f1os de historia, Braga es la ciudad portuguesa m\u00e1s antigua.","breadcrumb":{"@id":"https:\/\/semanasantabraga.com\/es\/turismo\/resena-historica\/#breadcrumb"},"inLanguage":"es","potentialAction":[{"@type":"ReadAction","target":["https:\/\/semanasantabraga.com\/es\/turismo\/resena-historica\/"]}]},{"@type":"BreadcrumbList","@id":"https:\/\/semanasantabraga.com\/es\/turismo\/resena-historica\/#breadcrumb","itemListElement":[{"@type":"ListItem","position":1,"name":"In\u00edcio","item":"https:\/\/semanasantabraga.com\/es\/"},{"@type":"ListItem","position":2,"name":"Turismo","item":"https:\/\/semanasantabraga.com\/es\/turismo\/"},{"@type":"ListItem","position":3,"name":"Rese\u00f1a hist\u00f3rica"}]},{"@type":"WebSite","@id":"https:\/\/semanasantabraga.com\/#website","url":"https:\/\/semanasantabraga.com\/","name":"Semana Santa de Braga - S\u00edtio Oficial","description":"","potentialAction":[{"@type":"SearchAction","target":{"@type":"EntryPoint","urlTemplate":"https:\/\/semanasantabraga.com\/?s={search_term_string}"},"query-input":{"@type":"PropertyValueSpecification","valueRequired":true,"valueName":"search_term_string"}}],"inLanguage":"es"}]}},"_links":{"self":[{"href":"https:\/\/semanasantabraga.com\/es\/wp-json\/wp\/v2\/pages\/4460","targetHints":{"allow":["GET"]}}],"collection":[{"href":"https:\/\/semanasantabraga.com\/es\/wp-json\/wp\/v2\/pages"}],"about":[{"href":"https:\/\/semanasantabraga.com\/es\/wp-json\/wp\/v2\/types\/page"}],"author":[{"embeddable":true,"href":"https:\/\/semanasantabraga.com\/es\/wp-json\/wp\/v2\/users\/3"}],"replies":[{"embeddable":true,"href":"https:\/\/semanasantabraga.com\/es\/wp-json\/wp\/v2\/comments?post=4460"}],"version-history":[{"count":2,"href":"https:\/\/semanasantabraga.com\/es\/wp-json\/wp\/v2\/pages\/4460\/revisions"}],"predecessor-version":[{"id":11998,"href":"https:\/\/semanasantabraga.com\/es\/wp-json\/wp\/v2\/pages\/4460\/revisions\/11998"}],"up":[{"embeddable":true,"href":"https:\/\/semanasantabraga.com\/es\/wp-json\/wp\/v2\/pages\/4454"}],"wp:attachment":[{"href":"https:\/\/semanasantabraga.com\/es\/wp-json\/wp\/v2\/media?parent=4460"}],"curies":[{"name":"wp","href":"https:\/\/api.w.org\/{rel}","templated":true}]}}