{"id":4472,"date":"2018-02-08T11:18:15","date_gmt":"2018-02-08T11:18:15","guid":{"rendered":"http:\/\/semanasantabraga.com\/?page_id=4472"},"modified":"2024-02-19T12:45:05","modified_gmt":"2024-02-19T12:45:05","slug":"bienvenido","status":"publish","type":"page","link":"https:\/\/semanasantabraga.com\/es\/","title":{"rendered":"Bienvenido!"},"content":{"rendered":"<p>Bienvenido a la p\u00e1gina oficial de la Semana Santa de Braga.<\/p>\n<p>&nbsp;<\/p>\n<p>Sea bienvenido a esta presencia digital. Esta es nuestra presencia en la web, donde se pueden encontrar fotos e informaci\u00f3n sobre lo que es sin duda la m\u00e1s afamada Semana Santa en Portugal y una de las m\u00e1s importantes de todo el mundo cristiano.<\/p>\n<p>&nbsp;<\/p>\n<p>Si no encuentra lo que busca o desea hacernos alguna cuesti\u00f3n, por favor <a href=\"mailto:info@semanasantabraga.com\">env\u00edenos un correo<\/a>.<\/p>\n<p>&nbsp;<\/p>\n<h5 style=\"text-align: center;\"><a href=\"http:\/\/semanasantabraga.com\/wp-content\/uploads\/2018\/02\/Brochure_EN_holy-week-braga_Folleto_ES_semana-santa-braga-portugal.pdf\">Folleto para descargar.<\/a><\/h5>\n","protected":false},"excerpt":{"rendered":"<p>Bienvenido a la p\u00e1gina oficial de la Semana Santa de Braga. &nbsp; Sea bienvenido a esta presencia digital. Esta es nuestra presencia en la web, donde se pueden encontrar fotos e informaci\u00f3n sobre lo que es sin duda la m\u00e1s afamada Semana Santa en Portugal y una de las m\u00e1s importantes de todo el mundo [&hellip;]<\/p>\n","protected":false},"author":14,"featured_media":0,"parent":0,"menu_order":102,"comment_status":"closed","ping_status":"closed","template":"template-homepage-foraQuaresma.php","meta":{"_acf_changed":false,"inline_featured_image":false,"footnotes":""},"class_list":["post-4472","page","type-page","status-publish","hentry"],"acf":[],"yoast_head":"<!-- This site is optimized with the Yoast SEO plugin v27.4 - https:\/\/yoast.com\/product\/yoast-seo-wordpress\/ -->\n<title>P\u00e1gina oficial de la Semana Santa de Braga, Portugal<\/title>\n<meta name=\"description\" content=\"La Semana Santa de Braga es, sin lugar a dudas, la m\u00e1s impresionante y la m\u00e1s afamada de Portugal. Es considerada la principal atracci\u00f3n tur\u00edstica de la ciudad de Braga. Los visitantes buscan esencialmente las grandes procesiones nocturnas, pero est\u00e1n disponibles para el visitante todo un conjunto de manifestaciones culturales, como sean las exposiciones y los conciertos, y religiosas, especialmente en la Catedral. Algunas de ellas son \u00fanicas en el mundo.\" \/>\n<meta name=\"robots\" content=\"index, follow, max-snippet:-1, max-image-preview:large, max-video-preview:-1\" \/>\n<link rel=\"canonical\" href=\"https:\/\/semanasantabraga.com\/es\/\" \/>\n<meta name=\"twitter:card\" content=\"summary_large_image\" \/>\n<meta name=\"twitter:title\" content=\"P\u00e1gina oficial de la Semana Santa de Braga, Portugal\" \/>\n<meta name=\"twitter:description\" content=\"La Semana Santa de Braga es, sin lugar a dudas, la m\u00e1s impresionante y la m\u00e1s afamada de Portugal. Es considerada la principal atracci\u00f3n tur\u00edstica de la ciudad de Braga. Los visitantes buscan esencialmente las grandes procesiones nocturnas, pero est\u00e1n disponibles para el visitante todo un conjunto de manifestaciones culturales, como sean las exposiciones y los conciertos, y religiosas, especialmente en la Catedral. Algunas de ellas son \u00fanicas en el mundo.\" \/>\n<meta name=\"twitter:label1\" content=\"Tiempo de lectura\" \/>\n\t<meta name=\"twitter:data1\" content=\"1 minuto\" \/>\n<script type=\"application\/ld+json\" class=\"yoast-schema-graph\">{\"@context\":\"https:\\\/\\\/schema.org\",\"@graph\":[{\"@type\":\"WebPage\",\"@id\":\"https:\\\/\\\/semanasantabraga.com\\\/es\\\/\",\"url\":\"https:\\\/\\\/semanasantabraga.com\\\/es\\\/\",\"name\":\"P\u00e1gina oficial de la Semana Santa de Braga, Portugal\",\"isPartOf\":{\"@id\":\"https:\\\/\\\/semanasantabraga.com\\\/#website\"},\"datePublished\":\"2018-02-08T11:18:15+00:00\",\"dateModified\":\"2024-02-19T12:45:05+00:00\",\"description\":\"La Semana Santa de Braga es, sin lugar a dudas, la m\u00e1s impresionante y la m\u00e1s afamada de Portugal. Es considerada la principal atracci\u00f3n tur\u00edstica de la ciudad de Braga. Los visitantes buscan esencialmente las grandes procesiones nocturnas, pero est\u00e1n disponibles para el visitante todo un conjunto de manifestaciones culturales, como sean las exposiciones y los conciertos, y religiosas, especialmente en la Catedral. Algunas de ellas son \u00fanicas en el mundo.\",\"breadcrumb\":{\"@id\":\"https:\\\/\\\/semanasantabraga.com\\\/es\\\/#breadcrumb\"},\"inLanguage\":\"es\",\"potentialAction\":[{\"@type\":\"ReadAction\",\"target\":[\"https:\\\/\\\/semanasantabraga.com\\\/es\\\/\"]}]},{\"@type\":\"BreadcrumbList\",\"@id\":\"https:\\\/\\\/semanasantabraga.com\\\/es\\\/#breadcrumb\",\"itemListElement\":[{\"@type\":\"ListItem\",\"position\":1,\"name\":\"In\u00edcio\",\"item\":\"https:\\\/\\\/semanasantabraga.com\\\/es\\\/\"},{\"@type\":\"ListItem\",\"position\":2,\"name\":\"Bienvenido!\"}]},{\"@type\":\"WebSite\",\"@id\":\"https:\\\/\\\/semanasantabraga.com\\\/#website\",\"url\":\"https:\\\/\\\/semanasantabraga.com\\\/\",\"name\":\"Semana Santa de Braga - S\u00edtio Oficial\",\"description\":\"\",\"potentialAction\":[{\"@type\":\"SearchAction\",\"target\":{\"@type\":\"EntryPoint\",\"urlTemplate\":\"https:\\\/\\\/semanasantabraga.com\\\/?s={search_term_string}\"},\"query-input\":{\"@type\":\"PropertyValueSpecification\",\"valueRequired\":true,\"valueName\":\"search_term_string\"}}],\"inLanguage\":\"es\"}]}<\/script>\n<!-- \/ Yoast SEO plugin. -->","yoast_head_json":{"title":"P\u00e1gina oficial de la Semana Santa de Braga, Portugal","description":"La Semana Santa de Braga es, sin lugar a dudas, la m\u00e1s impresionante y la m\u00e1s afamada de Portugal. Es considerada la principal atracci\u00f3n tur\u00edstica de la ciudad de Braga. Los visitantes buscan esencialmente las grandes procesiones nocturnas, pero est\u00e1n disponibles para el visitante todo un conjunto de manifestaciones culturales, como sean las exposiciones y los conciertos, y religiosas, especialmente en la Catedral. Algunas de ellas son \u00fanicas en el mundo.","robots":{"index":"index","follow":"follow","max-snippet":"max-snippet:-1","max-image-preview":"max-image-preview:large","max-video-preview":"max-video-preview:-1"},"canonical":"https:\/\/semanasantabraga.com\/es\/","twitter_card":"summary_large_image","twitter_title":"P\u00e1gina oficial de la Semana Santa de Braga, Portugal","twitter_description":"La Semana Santa de Braga es, sin lugar a dudas, la m\u00e1s impresionante y la m\u00e1s afamada de Portugal. Es considerada la principal atracci\u00f3n tur\u00edstica de la ciudad de Braga. Los visitantes buscan esencialmente las grandes procesiones nocturnas, pero est\u00e1n disponibles para el visitante todo un conjunto de manifestaciones culturales, como sean las exposiciones y los conciertos, y religiosas, especialmente en la Catedral. Algunas de ellas son \u00fanicas en el mundo.","twitter_misc":{"Tiempo de lectura":"1 minuto"},"schema":{"@context":"https:\/\/schema.org","@graph":[{"@type":"WebPage","@id":"https:\/\/semanasantabraga.com\/es\/","url":"https:\/\/semanasantabraga.com\/es\/","name":"P\u00e1gina oficial de la Semana Santa de Braga, Portugal","isPartOf":{"@id":"https:\/\/semanasantabraga.com\/#website"},"datePublished":"2018-02-08T11:18:15+00:00","dateModified":"2024-02-19T12:45:05+00:00","description":"La Semana Santa de Braga es, sin lugar a dudas, la m\u00e1s impresionante y la m\u00e1s afamada de Portugal. Es considerada la principal atracci\u00f3n tur\u00edstica de la ciudad de Braga. Los visitantes buscan esencialmente las grandes procesiones nocturnas, pero est\u00e1n disponibles para el visitante todo un conjunto de manifestaciones culturales, como sean las exposiciones y los conciertos, y religiosas, especialmente en la Catedral. Algunas de ellas son \u00fanicas en el mundo.","breadcrumb":{"@id":"https:\/\/semanasantabraga.com\/es\/#breadcrumb"},"inLanguage":"es","potentialAction":[{"@type":"ReadAction","target":["https:\/\/semanasantabraga.com\/es\/"]}]},{"@type":"BreadcrumbList","@id":"https:\/\/semanasantabraga.com\/es\/#breadcrumb","itemListElement":[{"@type":"ListItem","position":1,"name":"In\u00edcio","item":"https:\/\/semanasantabraga.com\/es\/"},{"@type":"ListItem","position":2,"name":"Bienvenido!"}]},{"@type":"WebSite","@id":"https:\/\/semanasantabraga.com\/#website","url":"https:\/\/semanasantabraga.com\/","name":"Semana Santa de Braga - S\u00edtio Oficial","description":"","potentialAction":[{"@type":"SearchAction","target":{"@type":"EntryPoint","urlTemplate":"https:\/\/semanasantabraga.com\/?s={search_term_string}"},"query-input":{"@type":"PropertyValueSpecification","valueRequired":true,"valueName":"search_term_string"}}],"inLanguage":"es"}]}},"_links":{"self":[{"href":"https:\/\/semanasantabraga.com\/es\/wp-json\/wp\/v2\/pages\/4472","targetHints":{"allow":["GET"]}}],"collection":[{"href":"https:\/\/semanasantabraga.com\/es\/wp-json\/wp\/v2\/pages"}],"about":[{"href":"https:\/\/semanasantabraga.com\/es\/wp-json\/wp\/v2\/types\/page"}],"author":[{"embeddable":true,"href":"https:\/\/semanasantabraga.com\/es\/wp-json\/wp\/v2\/users\/14"}],"replies":[{"embeddable":true,"href":"https:\/\/semanasantabraga.com\/es\/wp-json\/wp\/v2\/comments?post=4472"}],"version-history":[{"count":3,"href":"https:\/\/semanasantabraga.com\/es\/wp-json\/wp\/v2\/pages\/4472\/revisions"}],"predecessor-version":[{"id":4566,"href":"https:\/\/semanasantabraga.com\/es\/wp-json\/wp\/v2\/pages\/4472\/revisions\/4566"}],"wp:attachment":[{"href":"https:\/\/semanasantabraga.com\/es\/wp-json\/wp\/v2\/media?parent=4472"}],"curies":[{"name":"wp","href":"https:\/\/api.w.org\/{rel}","templated":true}]}}