{"id":9345,"date":"2023-02-28T11:19:54","date_gmt":"2023-02-28T11:19:54","guid":{"rendered":"https:\/\/semanasantabraga.com\/exposicao-ingles\/"},"modified":"2023-03-14T10:50:24","modified_gmt":"2023-03-14T10:50:24","slug":"ecija-espana","status":"publish","type":"page","link":"https:\/\/semanasantabraga.com\/es\/ecija-espana\/","title":{"rendered":"\u00c9cija, Espa\u00f1a"},"content":{"rendered":"<p><strong>FOTOGRAF\u00cdA 1<\/strong><\/p>\n<p>&nbsp;<\/p>\n<p><em>Autor<\/em>: Nio G\u00f3mez<\/p>\n<p>&nbsp;<\/p>\n<p>La Semana Santa es, sin duda, la celebraci\u00f3n m\u00e1s importante de \u00c9cija. Cada a\u00f1o acuden a ella con fervor ecijanos y visitantes de todas las latitudes, ansiosos de ver procesionar su imponente legado art\u00edstico que cuentan con siglos de historia, como la talla del Cristo de la Salud que data de 1500. Herederas de una devoci\u00f3n de siglos, son trece las cofrad\u00edas que se dan cita en la Semana Santa ecijana. En la imagen, observamos la imponente talla del Cristo de la Yedra, obra atribuida a Juan de Mesa y una de las m\u00e1s populares de la ciudad. Se venera en la Iglesia de Santa Ana del siglo XVIII. El Cristo realiza es el protagonista del Lunes Santo ecijano y pertenece a la Hermandad de la Yedra, nacida en 1959 por un grupo de vecinos del Barrio del Puente.<\/p>\n<p>&nbsp;<\/p>\n<p>&nbsp;<\/p>\n<p>&nbsp;<\/p>\n<p><strong>FOTOGRAF\u00cdA 2<\/strong><\/p>\n<p>&nbsp;<\/p>\n<p><em>Autor<\/em>: Nio G\u00f3mez<\/p>\n<p>&nbsp;<\/p>\n<p>Declarada Conjunto Hist\u00f3rico y considerada como uno de los centros art\u00edsticos m\u00e1s importantes de Andaluc\u00eda, la Ciudad de las Torres y del Sol sorprende por\u00a0 su excepcional patrimonio. Destaca, por tanto, su rico patrimonio barroco que se fusiona con los desfiles procesionales durante la Semana Santa. En la imagen, observamos a los titulares de la Real Hermandad de Nuestro Padre Jes\u00fas Nazareno Abrazado a la Cruz y Nuestra Se\u00f1ora de la Amargura (Hermandad del Silencio), fundada en 1666. La imagen del Cristo se sit\u00faa dentro de las obras del taller de Pedro Rold\u00e1n, mientras que la imagen de Nuestra Se\u00f1ora de la Amargura fue realizada en 1964 por el imaginero sevillano Antonio Castillo Lastrucci. Procesionan cada madrugada del Viernes Santo desde la Parroquia Mayor de Santa Cruz, construida entre 1776 y 1836.<\/p>\n<p>&nbsp;<\/p>\n<p>&nbsp;<\/p>\n<p>&nbsp;<\/p>\n<p><strong>FOTOGRAF\u00cdA 3<\/strong><\/p>\n<p>&nbsp;<\/p>\n<p><em>Autor<\/em>: Nio G\u00f3mez<\/p>\n<p>&nbsp;<\/p>\n<p>Los cortejos de la Semana Santa de \u00c9cija destacan por su solemnidad y barroquismo, unos desfiles en los que es habitual la participaci\u00f3n de los hermanos de cada cofrad\u00eda portando los enseres propios de la misma: cruz de gu\u00eda, estandartes e insignias elaborados con ricos y ancestrales bordados. En la fotograf\u00eda observamos al grupo de romanos que escolta la urna de Jes\u00fas en su Santo Sepulcro, realizada en 1711 por el sevillano Crist\u00f3bal de Yerpes en madera y recubierta por finas l\u00e1minas de carey con incrustaciones de plata de ley. El Cristo Yacente, por su parte, data de los siglos XIV y XV, y forma parte de la Real, Muy Ilustre, Antigua y Noble Cofrad\u00eda de Nazarenos de Nuestra Se\u00f1ora en la Consideraci\u00f3n de Sus Angustias y Soledad, Santo Entierro de Nuestro Se\u00f1or Jesucristo y del Dulce Nombre de Jes\u00fas.<\/p>\n<p><strong>\u00a0<\/strong><\/p>\n<p>&nbsp;<\/p>\n<p>&nbsp;<\/p>\n<p><strong>FOTOGRAF\u00cdA 4<\/strong><\/p>\n<p>&nbsp;<\/p>\n<p><em>Autor<\/em>: Nio G\u00f3mez<\/p>\n<p>&nbsp;<\/p>\n<p>Entre los numerosos pasos de \u00c9cija, algunos destacan por conservar en distinta medida el estilo llamado ecijano, en contraposici\u00f3n al estilo sevillano cuya est\u00e9tica ha terminado imponi\u00e9ndose no s\u00f3lo en \u00c9cija, sino en una gran parte de Andaluc\u00eda Occidental. Los pasos de estilo ecijano eran portados a hombros por hombres vestidos con t\u00fanicas y capillos (cubrerrostro). Las im\u00e1genes se colocaban sobre altas peanas o canastillas de proporciones cuadradas a diferencia de las canastillas actuales, que son rectangulares, y se iluminaban con candelabros de guardabrisas. Las coronas de las Dolorosas ten\u00edan r\u00e1fagas, como las que podemos observar en numerosas v\u00edrgenes de Gloria que procesionan en nuestros d\u00edas. En la imagen, observamos al Sant\u00edsimos Cristo de Confal\u00f3n, de autor an\u00f3nimo tallado en el siglo XVI. Es uno de los que procesiona al m\u00e1s puro estilo ecijano, sobre todo por las proporciones cuadradas y por ser llevado a hombros por una cuadrilla (o rem\u00faa) de hermanos vestidos con la t\u00fanica de la Cofrad\u00eda y con el rostro cubierto por un capillo. Procesiona sobre una peana barroca dorada del siglo XVIII.\u00a0<\/p>\n<p>&nbsp;<\/p>\n<p>&nbsp;<\/p>\n<p>&nbsp;<\/p>\n<p><strong>FOTOGRAF\u00cdA 5<\/strong><\/p>\n<p>&nbsp;<\/p>\n<p><em>Autor<\/em>: Nio G\u00f3mez<\/p>\n<p>&nbsp;<\/p>\n<p>La Semana Santa de \u00c9cija destaca tambi\u00e9n por mantener una Carrera Oficial por la que han de desfilar todos los pasos durante sus recorridos en la Semana Santa, al margen de los itinerarios particulares que conserva cada hermandad. En la fotograf\u00eda, observamos a la Hermandad del Sant\u00edsimo Cristo de la Expiraci\u00f3n, Nuestra Se\u00f1ora de los Dolores y Nuestro Padre Jes\u00fas Nazareno de la Misericordia, fundada en 1579, a su paso por la Carrera Oficial durante su estaci\u00f3n penitencial del Martes Santo. La hermandad conserva tallas de Jos\u00e9 Montes de Oca, Rafael Amadeo Rojas, La Roldana o Pedro Rold\u00e1n, quien tallase en 1680 el Cristo de la Expiraci\u00f3n. Igualmente, podemos observar como el paso es seguido por una Banda de Cornetas y Tambores, acompa\u00f1amiento musical habitual, junto a las Agrupaciones Musicales, en los desfiles procesionales que mantienen el estilo sevillano.<\/p>\n<p>&nbsp;<\/p>\n","protected":false},"excerpt":{"rendered":"<p>FOTOGRAF\u00cdA 1 &nbsp; Autor: Nio G\u00f3mez &nbsp; La Semana Santa es, sin duda, la celebraci\u00f3n m\u00e1s importante de \u00c9cija. Cada a\u00f1o acuden a ella con fervor ecijanos y visitantes de todas las latitudes, ansiosos de ver procesionar su imponente legado art\u00edstico que cuentan con siglos de historia, como la talla del Cristo de la Salud [&hellip;]<\/p>\n","protected":false},"author":12,"featured_media":0,"parent":0,"menu_order":9,"comment_status":"closed","ping_status":"closed","template":"template-paginaexposicao.php","meta":{"_acf_changed":false,"inline_featured_image":false,"footnotes":""},"class_list":["post-9345","page","type-page","status-publish","hentry"],"acf":{"subtitulo_do_tipo_de_pagina":"Exposici\u00f3n de fotograf\u00eda","titulo_do_tipo_de_pagina":"Semana Santa, una perspetiva europea","texto_do_tipo_de_pagina":"","titulo_botao":"Saber mas","link_externo":"https:\/\/www.holyweekeurope.com\/","organizadores":[{"ID":9363,"id":9363,"title":"Braga - Cidade Aut\u00eantica","filename":"1.jpg","filesize":"9081","url":"https:\/\/semanasantabraga.com\/wp-content\/uploads\/2023\/03\/1.jpg","link":"https:\/\/semanasantabraga.com\/es\/ecija-espana\/attachment\/1\/","alt":"","author":"12","description":"","caption":"","name":"1","status":"inherit","uploaded_to":9345,"date":"2023-03-01 15:36:41","modified":"2023-03-01 15:41:10","menu_order":0,"mime_type":"image\/jpeg","type":"image","subtype":"jpeg","icon":"https:\/\/semanasantabraga.com\/wp-includes\/images\/media\/default.png","width":103,"height":123,"sizes":{"thumbnail":"https:\/\/semanasantabraga.com\/wp-content\/uploads\/2023\/03\/1.jpg","thumbnail-width":103,"thumbnail-height":123,"medium":"https:\/\/semanasantabraga.com\/wp-content\/uploads\/2023\/03\/1.jpg","medium-width":103,"medium-height":123,"medium_large":"https:\/\/semanasantabraga.com\/wp-content\/uploads\/2023\/03\/1.jpg","medium_large-width":103,"medium_large-height":123,"large":"https:\/\/semanasantabraga.com\/wp-content\/uploads\/2023\/03\/1.jpg","large-width":103,"large-height":123,"1536x1536":"https:\/\/semanasantabraga.com\/wp-content\/uploads\/2023\/03\/1.jpg","1536x1536-width":103,"1536x1536-height":123,"2048x2048":"https:\/\/semanasantabraga.com\/wp-content\/uploads\/2023\/03\/1.jpg","2048x2048-width":103,"2048x2048-height":123}},{"ID":9360,"id":9360,"title":"Comiss\u00e3o da Quaresma e Solenidades da Semana Santa de Braga","filename":"2.jpg","filesize":"9238","url":"https:\/\/semanasantabraga.com\/wp-content\/uploads\/2023\/03\/2.jpg","link":"https:\/\/semanasantabraga.com\/es\/ecija-espana\/attachment\/2\/","alt":"","author":"12","description":"","caption":"","name":"2","status":"inherit","uploaded_to":9345,"date":"2023-03-01 15:36:40","modified":"2023-03-01 15:40:55","menu_order":0,"mime_type":"image\/jpeg","type":"image","subtype":"jpeg","icon":"https:\/\/semanasantabraga.com\/wp-includes\/images\/media\/default.png","width":136,"height":123,"sizes":{"thumbnail":"https:\/\/semanasantabraga.com\/wp-content\/uploads\/2023\/03\/2.jpg","thumbnail-width":136,"thumbnail-height":123,"medium":"https:\/\/semanasantabraga.com\/wp-content\/uploads\/2023\/03\/2.jpg","medium-width":136,"medium-height":123,"medium_large":"https:\/\/semanasantabraga.com\/wp-content\/uploads\/2023\/03\/2.jpg","medium_large-width":136,"medium_large-height":123,"large":"https:\/\/semanasantabraga.com\/wp-content\/uploads\/2023\/03\/2.jpg","large-width":136,"large-height":123,"1536x1536":"https:\/\/semanasantabraga.com\/wp-content\/uploads\/2023\/03\/2.jpg","1536x1536-width":136,"1536x1536-height":123,"2048x2048":"https:\/\/semanasantabraga.com\/wp-content\/uploads\/2023\/03\/2.jpg","2048x2048-width":136,"2048x2048-height":123}},{"ID":9357,"id":9357,"title":"Rede Europeia de Celebra\u00e7\u00f5es da Semana Santa e P\u00e1scoa","filename":"3.jpg","filesize":"20989","url":"https:\/\/semanasantabraga.com\/wp-content\/uploads\/2023\/03\/3.jpg","link":"https:\/\/semanasantabraga.com\/es\/ecija-espana\/attachment\/3\/","alt":"","author":"12","description":"","caption":"","name":"3","status":"inherit","uploaded_to":9345,"date":"2023-03-01 15:36:38","modified":"2023-03-01 15:41:35","menu_order":0,"mime_type":"image\/jpeg","type":"image","subtype":"jpeg","icon":"https:\/\/semanasantabraga.com\/wp-includes\/images\/media\/default.png","width":270,"height":123,"sizes":{"thumbnail":"https:\/\/semanasantabraga.com\/wp-content\/uploads\/2023\/03\/3.jpg","thumbnail-width":270,"thumbnail-height":123,"medium":"https:\/\/semanasantabraga.com\/wp-content\/uploads\/2023\/03\/3.jpg","medium-width":270,"medium-height":123,"medium_large":"https:\/\/semanasantabraga.com\/wp-content\/uploads\/2023\/03\/3.jpg","medium_large-width":270,"medium_large-height":123,"large":"https:\/\/semanasantabraga.com\/wp-content\/uploads\/2023\/03\/3.jpg","large-width":270,"large-height":123,"1536x1536":"https:\/\/semanasantabraga.com\/wp-content\/uploads\/2023\/03\/3.jpg","1536x1536-width":270,"1536x1536-height":123,"2048x2048":"https:\/\/semanasantabraga.com\/wp-content\/uploads\/2023\/03\/3.jpg","2048x2048-width":270,"2048x2048-height":123}}]},"yoast_head":"<!-- This site is optimized with the Yoast SEO plugin v27.3 - https:\/\/yoast.com\/product\/yoast-seo-wordpress\/ -->\n<title>\u00c9cija, Espa\u00f1a - Semana Santa de Braga - S\u00edtio Oficial<\/title>\n<meta name=\"robots\" content=\"index, follow, max-snippet:-1, max-image-preview:large, max-video-preview:-1\" \/>\n<link rel=\"canonical\" href=\"https:\/\/semanasantabraga.com\/es\/ecija-espana\/\" \/>\n<meta name=\"twitter:card\" content=\"summary_large_image\" \/>\n<meta name=\"twitter:title\" content=\"\u00c9cija, Espa\u00f1a - Semana Santa de Braga - S\u00edtio Oficial\" \/>\n<meta name=\"twitter:description\" content=\"FOTOGRAF\u00cdA 1 &nbsp; Autor: Nio G\u00f3mez &nbsp; La Semana Santa es, sin duda, la celebraci\u00f3n m\u00e1s importante de \u00c9cija. Cada a\u00f1o acuden a ella con fervor ecijanos y visitantes de todas las latitudes, ansiosos de ver procesionar su imponente legado art\u00edstico que cuentan con siglos de historia, como la talla del Cristo de la Salud [&hellip;]\" \/>\n<meta name=\"twitter:label1\" content=\"Tiempo de lectura\" \/>\n\t<meta name=\"twitter:data1\" content=\"5 minutos\" \/>\n<script type=\"application\/ld+json\" class=\"yoast-schema-graph\">{\"@context\":\"https:\\\/\\\/schema.org\",\"@graph\":[{\"@type\":\"WebPage\",\"@id\":\"https:\\\/\\\/semanasantabraga.com\\\/es\\\/ecija-espana\\\/\",\"url\":\"https:\\\/\\\/semanasantabraga.com\\\/es\\\/ecija-espana\\\/\",\"name\":\"\u00c9cija, Espa\u00f1a - Semana Santa de Braga - S\u00edtio Oficial\",\"isPartOf\":{\"@id\":\"https:\\\/\\\/semanasantabraga.com\\\/#website\"},\"datePublished\":\"2023-02-28T11:19:54+00:00\",\"dateModified\":\"2023-03-14T10:50:24+00:00\",\"breadcrumb\":{\"@id\":\"https:\\\/\\\/semanasantabraga.com\\\/es\\\/ecija-espana\\\/#breadcrumb\"},\"inLanguage\":\"es\",\"potentialAction\":[{\"@type\":\"ReadAction\",\"target\":[\"https:\\\/\\\/semanasantabraga.com\\\/es\\\/ecija-espana\\\/\"]}]},{\"@type\":\"BreadcrumbList\",\"@id\":\"https:\\\/\\\/semanasantabraga.com\\\/es\\\/ecija-espana\\\/#breadcrumb\",\"itemListElement\":[{\"@type\":\"ListItem\",\"position\":1,\"name\":\"In\u00edcio\",\"item\":\"https:\\\/\\\/semanasantabraga.com\\\/es\\\/\"},{\"@type\":\"ListItem\",\"position\":2,\"name\":\"\u00c9cija, Espa\u00f1a\"}]},{\"@type\":\"WebSite\",\"@id\":\"https:\\\/\\\/semanasantabraga.com\\\/#website\",\"url\":\"https:\\\/\\\/semanasantabraga.com\\\/\",\"name\":\"Semana Santa de Braga - S\u00edtio Oficial\",\"description\":\"\",\"potentialAction\":[{\"@type\":\"SearchAction\",\"target\":{\"@type\":\"EntryPoint\",\"urlTemplate\":\"https:\\\/\\\/semanasantabraga.com\\\/?s={search_term_string}\"},\"query-input\":{\"@type\":\"PropertyValueSpecification\",\"valueRequired\":true,\"valueName\":\"search_term_string\"}}],\"inLanguage\":\"es\"}]}<\/script>\n<!-- \/ Yoast SEO plugin. -->","yoast_head_json":{"title":"\u00c9cija, Espa\u00f1a - Semana Santa de Braga - S\u00edtio Oficial","robots":{"index":"index","follow":"follow","max-snippet":"max-snippet:-1","max-image-preview":"max-image-preview:large","max-video-preview":"max-video-preview:-1"},"canonical":"https:\/\/semanasantabraga.com\/es\/ecija-espana\/","twitter_card":"summary_large_image","twitter_title":"\u00c9cija, Espa\u00f1a - Semana Santa de Braga - S\u00edtio Oficial","twitter_description":"FOTOGRAF\u00cdA 1 &nbsp; Autor: Nio G\u00f3mez &nbsp; La Semana Santa es, sin duda, la celebraci\u00f3n m\u00e1s importante de \u00c9cija. Cada a\u00f1o acuden a ella con fervor ecijanos y visitantes de todas las latitudes, ansiosos de ver procesionar su imponente legado art\u00edstico que cuentan con siglos de historia, como la talla del Cristo de la Salud [&hellip;]","twitter_misc":{"Tiempo de lectura":"5 minutos"},"schema":{"@context":"https:\/\/schema.org","@graph":[{"@type":"WebPage","@id":"https:\/\/semanasantabraga.com\/es\/ecija-espana\/","url":"https:\/\/semanasantabraga.com\/es\/ecija-espana\/","name":"\u00c9cija, Espa\u00f1a - Semana Santa de Braga - S\u00edtio Oficial","isPartOf":{"@id":"https:\/\/semanasantabraga.com\/#website"},"datePublished":"2023-02-28T11:19:54+00:00","dateModified":"2023-03-14T10:50:24+00:00","breadcrumb":{"@id":"https:\/\/semanasantabraga.com\/es\/ecija-espana\/#breadcrumb"},"inLanguage":"es","potentialAction":[{"@type":"ReadAction","target":["https:\/\/semanasantabraga.com\/es\/ecija-espana\/"]}]},{"@type":"BreadcrumbList","@id":"https:\/\/semanasantabraga.com\/es\/ecija-espana\/#breadcrumb","itemListElement":[{"@type":"ListItem","position":1,"name":"In\u00edcio","item":"https:\/\/semanasantabraga.com\/es\/"},{"@type":"ListItem","position":2,"name":"\u00c9cija, Espa\u00f1a"}]},{"@type":"WebSite","@id":"https:\/\/semanasantabraga.com\/#website","url":"https:\/\/semanasantabraga.com\/","name":"Semana Santa de Braga - S\u00edtio Oficial","description":"","potentialAction":[{"@type":"SearchAction","target":{"@type":"EntryPoint","urlTemplate":"https:\/\/semanasantabraga.com\/?s={search_term_string}"},"query-input":{"@type":"PropertyValueSpecification","valueRequired":true,"valueName":"search_term_string"}}],"inLanguage":"es"}]}},"_links":{"self":[{"href":"https:\/\/semanasantabraga.com\/es\/wp-json\/wp\/v2\/pages\/9345","targetHints":{"allow":["GET"]}}],"collection":[{"href":"https:\/\/semanasantabraga.com\/es\/wp-json\/wp\/v2\/pages"}],"about":[{"href":"https:\/\/semanasantabraga.com\/es\/wp-json\/wp\/v2\/types\/page"}],"author":[{"embeddable":true,"href":"https:\/\/semanasantabraga.com\/es\/wp-json\/wp\/v2\/users\/12"}],"replies":[{"embeddable":true,"href":"https:\/\/semanasantabraga.com\/es\/wp-json\/wp\/v2\/comments?post=9345"}],"version-history":[{"count":4,"href":"https:\/\/semanasantabraga.com\/es\/wp-json\/wp\/v2\/pages\/9345\/revisions"}],"predecessor-version":[{"id":9480,"href":"https:\/\/semanasantabraga.com\/es\/wp-json\/wp\/v2\/pages\/9345\/revisions\/9480"}],"wp:attachment":[{"href":"https:\/\/semanasantabraga.com\/es\/wp-json\/wp\/v2\/media?parent=9345"}],"curies":[{"name":"wp","href":"https:\/\/api.w.org\/{rel}","templated":true}]}}