{"id":9411,"date":"2023-03-08T16:28:17","date_gmt":"2023-03-08T16:28:17","guid":{"rendered":"https:\/\/semanasantabraga.com\/?page_id=9411"},"modified":"2023-03-09T12:49:23","modified_gmt":"2023-03-09T12:49:23","slug":"baena-espana","status":"publish","type":"page","link":"https:\/\/semanasantabraga.com\/es\/baena-espana\/","title":{"rendered":"Baena, Espa\u00f1a"},"content":{"rendered":"<p><strong>FOTOGRAF\u00cdA 1<\/strong><\/p>\n<p>&nbsp;<\/p>\n<p><em>Autor<\/em>: Juan Pulido Pariente<\/p>\n<p>&nbsp;<\/p>\n<p>El sonido del tambor (Patrimonio Inmaterial de la Humanidad por la UNESCO) de las turbas de jud\u00edos, coliblancos y colinegros, marcan el devenir de la Cuaresma y la Semana Santa de Baena, celebraci\u00f3n que se desarrolla entre la rectitud de los desfiles y sus particulares pasos o escenificaciones, representaciones evang\u00e9licas gestuales con reminiscencias de los autos sacramentales. Desde el Barroco hasta nuestros d\u00edas, han permanecido invariables gracias a la tradici\u00f3n. Cada una de las cofrad\u00edas baenenses debe entenderse como un compendio de distintas hermandades y cuadrillas que se unen en un mismo desfile a fin de demostrar su devoci\u00f3n a una misma advocaci\u00f3n, desarrolladas en orden cronol\u00f3gico durante la semana. En la imagen, observamos a jud\u00edos pertenecientes a las cuadrilles coliblancas durante el Mi\u00e9rcoles Santo, en la calle San Francisco, donde observamos tambi\u00e9n el tambor de Baena.<\/p>\n<p>&nbsp;<\/p>\n<p>&nbsp;<\/p>\n<p>&nbsp;<\/p>\n<p><strong>Fotograf\u00eda 2<\/strong><\/p>\n<p>&nbsp;<\/p>\n<p><em>Autor<\/em>: Juan Pulido Pariente<\/p>\n<p>&nbsp;<\/p>\n<p>La imagen de Nuestro Padre Jes\u00fas Nazareno de Baena data de 1589 y es obra de Miguel Perea. Es una imagen que posee un brazo articulado para dar la bendici\u00f3n. Durante el recorrido, es acompa\u00f1ado por la Vera Cruz, Mar\u00eda Magdalena, la Santa Mujer Ver\u00f3nica, San Juan y la Virgen de los Dolores. Es tradicional que, en el transcurso de la procesi\u00f3n, centenares de devotos alumbren con su presencia el inicio de la procesi\u00f3n, un recorrido que deja ver la tradici\u00f3n y la honda devoci\u00f3n que profesa el pueblo a sus im\u00e1genes.\u00a0En la fotograf\u00eda observamos la imagen de Jes\u00fas Nazareno en la calle Mesones durante el desfile procesional del Viernes Santo.<\/p>\n<p>&nbsp;<\/p>\n<p>&nbsp;<\/p>\n<p>&nbsp;<\/p>\n<p><strong>Fotograf\u00eda 3<\/strong><\/p>\n<p>&nbsp;<\/p>\n<p><em>Autor<\/em>: Juan Pulido Pariente<\/p>\n<p>&nbsp;<\/p>\n<p>Baena vive con especial intensidad la teatralizaci\u00f3n de la pasi\u00f3n a trav\u00e9s de los Pasos Vivientes. Son escenas que representan distintos momentos de la Pasi\u00f3n de Jes\u00fas o escenas b\u00edblicas, ligadas desde su origen a finales del siglo XVII a los jud\u00edos. Por su finalidad catequ\u00e9tica fue impulsada por los franciscanos que, de esta forma visual, hac\u00edan presente las escenas pasionistas a los ojos de los creyentes. En la fotograf\u00eda, observamos la escena de la Venta de Jes\u00fas en la Plaza de la Constituci\u00f3n durante su escenificaci\u00f3n el Mi\u00e9rcoles Santo. Representa el pago de los jud\u00edos a Judas por su entrega. \u00c9ste es llamado por los jud\u00edos que le hablan y le echan monedas en una bandeja, que no acepta y se retira. Se repite la escena tres veces y, posteriormente, tiene lugar el Prendimiento de Jes\u00fas Nazareno en la Plaza del Coso o de la Constituci\u00f3n.<\/p>\n<p>&nbsp;<\/p>\n<p>&nbsp;<\/p>\n<p>&nbsp;<\/p>\n<p><strong>Fotograf\u00eda 4<\/strong><\/p>\n<p>&nbsp;<\/p>\n<p><em>Autor<\/em>: Oficina de Caminos de Pasi\u00f3n\u00a0<\/p>\n<p>&nbsp;<\/p>\n<p>Adem\u00e1s de los jud\u00edos y los pasos vivientes, la Semana Santa de Baena atesora multitud de tradiciones que acompa\u00f1an los desfiles procesionales que tienen lugar cada d\u00eda de la Semana de Pasi\u00f3n. En la imagen, observamos a los hermanos de los Trajecillos Blancos en la entrada de la Iglesia Conventual de San Francisco, pertenecientes a la Hermandad de Jes\u00fas en el Huerto, fundada en el siglo XVI, y que procesiona cada Mi\u00e9rcoles Santo.<\/p>\n<p>&nbsp;<\/p>\n","protected":false},"excerpt":{"rendered":"<p>FOTOGRAF\u00cdA 1 &nbsp; Autor: Juan Pulido Pariente &nbsp; El sonido del tambor (Patrimonio Inmaterial de la Humanidad por la UNESCO) de las turbas de jud\u00edos, coliblancos y colinegros, marcan el devenir de la Cuaresma y la Semana Santa de Baena, celebraci\u00f3n que se desarrolla entre la rectitud de los desfiles y sus particulares pasos o [&hellip;]<\/p>\n","protected":false},"author":3,"featured_media":0,"parent":0,"menu_order":15,"comment_status":"closed","ping_status":"closed","template":"template-paginaexposicao.php","meta":{"_acf_changed":false,"inline_featured_image":false,"footnotes":""},"class_list":["post-9411","page","type-page","status-publish","hentry"],"acf":{"subtitulo_do_tipo_de_pagina":"Exposici\u00f3n de fotograf\u00eda","titulo_do_tipo_de_pagina":"Semana Santa, una perspetiva europea","texto_do_tipo_de_pagina":"","titulo_botao":"Saber mas","link_externo":"https:\/\/www.holyweekeurope.com\/","organizadores":[{"ID":9363,"id":9363,"title":"Braga - Cidade Aut\u00eantica","filename":"1.jpg","filesize":"9081","url":"https:\/\/semanasantabraga.com\/wp-content\/uploads\/2023\/03\/1.jpg","link":"https:\/\/semanasantabraga.com\/es\/ecija-espana\/attachment\/1\/","alt":"","author":"12","description":"","caption":"","name":"1","status":"inherit","uploaded_to":9345,"date":"2023-03-01 15:36:41","modified":"2023-03-01 15:41:10","menu_order":0,"mime_type":"image\/jpeg","type":"image","subtype":"jpeg","icon":"https:\/\/semanasantabraga.com\/wp-includes\/images\/media\/default.png","width":103,"height":123,"sizes":{"thumbnail":"https:\/\/semanasantabraga.com\/wp-content\/uploads\/2023\/03\/1.jpg","thumbnail-width":103,"thumbnail-height":123,"medium":"https:\/\/semanasantabraga.com\/wp-content\/uploads\/2023\/03\/1.jpg","medium-width":103,"medium-height":123,"medium_large":"https:\/\/semanasantabraga.com\/wp-content\/uploads\/2023\/03\/1.jpg","medium_large-width":103,"medium_large-height":123,"large":"https:\/\/semanasantabraga.com\/wp-content\/uploads\/2023\/03\/1.jpg","large-width":103,"large-height":123,"1536x1536":"https:\/\/semanasantabraga.com\/wp-content\/uploads\/2023\/03\/1.jpg","1536x1536-width":103,"1536x1536-height":123,"2048x2048":"https:\/\/semanasantabraga.com\/wp-content\/uploads\/2023\/03\/1.jpg","2048x2048-width":103,"2048x2048-height":123}},{"ID":9360,"id":9360,"title":"Comiss\u00e3o da Quaresma e Solenidades da Semana Santa de Braga","filename":"2.jpg","filesize":"9238","url":"https:\/\/semanasantabraga.com\/wp-content\/uploads\/2023\/03\/2.jpg","link":"https:\/\/semanasantabraga.com\/es\/ecija-espana\/attachment\/2\/","alt":"","author":"12","description":"","caption":"","name":"2","status":"inherit","uploaded_to":9345,"date":"2023-03-01 15:36:40","modified":"2023-03-01 15:40:55","menu_order":0,"mime_type":"image\/jpeg","type":"image","subtype":"jpeg","icon":"https:\/\/semanasantabraga.com\/wp-includes\/images\/media\/default.png","width":136,"height":123,"sizes":{"thumbnail":"https:\/\/semanasantabraga.com\/wp-content\/uploads\/2023\/03\/2.jpg","thumbnail-width":136,"thumbnail-height":123,"medium":"https:\/\/semanasantabraga.com\/wp-content\/uploads\/2023\/03\/2.jpg","medium-width":136,"medium-height":123,"medium_large":"https:\/\/semanasantabraga.com\/wp-content\/uploads\/2023\/03\/2.jpg","medium_large-width":136,"medium_large-height":123,"large":"https:\/\/semanasantabraga.com\/wp-content\/uploads\/2023\/03\/2.jpg","large-width":136,"large-height":123,"1536x1536":"https:\/\/semanasantabraga.com\/wp-content\/uploads\/2023\/03\/2.jpg","1536x1536-width":136,"1536x1536-height":123,"2048x2048":"https:\/\/semanasantabraga.com\/wp-content\/uploads\/2023\/03\/2.jpg","2048x2048-width":136,"2048x2048-height":123}},{"ID":9357,"id":9357,"title":"Rede Europeia de Celebra\u00e7\u00f5es da Semana Santa e P\u00e1scoa","filename":"3.jpg","filesize":"20989","url":"https:\/\/semanasantabraga.com\/wp-content\/uploads\/2023\/03\/3.jpg","link":"https:\/\/semanasantabraga.com\/es\/ecija-espana\/attachment\/3\/","alt":"","author":"12","description":"","caption":"","name":"3","status":"inherit","uploaded_to":9345,"date":"2023-03-01 15:36:38","modified":"2023-03-01 15:41:35","menu_order":0,"mime_type":"image\/jpeg","type":"image","subtype":"jpeg","icon":"https:\/\/semanasantabraga.com\/wp-includes\/images\/media\/default.png","width":270,"height":123,"sizes":{"thumbnail":"https:\/\/semanasantabraga.com\/wp-content\/uploads\/2023\/03\/3.jpg","thumbnail-width":270,"thumbnail-height":123,"medium":"https:\/\/semanasantabraga.com\/wp-content\/uploads\/2023\/03\/3.jpg","medium-width":270,"medium-height":123,"medium_large":"https:\/\/semanasantabraga.com\/wp-content\/uploads\/2023\/03\/3.jpg","medium_large-width":270,"medium_large-height":123,"large":"https:\/\/semanasantabraga.com\/wp-content\/uploads\/2023\/03\/3.jpg","large-width":270,"large-height":123,"1536x1536":"https:\/\/semanasantabraga.com\/wp-content\/uploads\/2023\/03\/3.jpg","1536x1536-width":270,"1536x1536-height":123,"2048x2048":"https:\/\/semanasantabraga.com\/wp-content\/uploads\/2023\/03\/3.jpg","2048x2048-width":270,"2048x2048-height":123}}]},"yoast_head":"<!-- This site is optimized with the Yoast SEO plugin v27.3 - https:\/\/yoast.com\/product\/yoast-seo-wordpress\/ -->\n<title>Baena, Espa\u00f1a - Semana Santa de Braga - S\u00edtio Oficial<\/title>\n<meta name=\"robots\" content=\"index, follow, max-snippet:-1, max-image-preview:large, max-video-preview:-1\" \/>\n<link rel=\"canonical\" href=\"https:\/\/semanasantabraga.com\/es\/baena-espana\/\" \/>\n<meta name=\"twitter:card\" content=\"summary_large_image\" \/>\n<meta name=\"twitter:title\" content=\"Baena, Espa\u00f1a - Semana Santa de Braga - S\u00edtio Oficial\" \/>\n<meta name=\"twitter:description\" content=\"FOTOGRAF\u00cdA 1 &nbsp; Autor: Juan Pulido Pariente &nbsp; El sonido del tambor (Patrimonio Inmaterial de la Humanidad por la UNESCO) de las turbas de jud\u00edos, coliblancos y colinegros, marcan el devenir de la Cuaresma y la Semana Santa de Baena, celebraci\u00f3n que se desarrolla entre la rectitud de los desfiles y sus particulares pasos o [&hellip;]\" \/>\n<meta name=\"twitter:label1\" content=\"Tiempo de lectura\" \/>\n\t<meta name=\"twitter:data1\" content=\"3 minutos\" \/>\n<script type=\"application\/ld+json\" class=\"yoast-schema-graph\">{\"@context\":\"https:\\\/\\\/schema.org\",\"@graph\":[{\"@type\":\"WebPage\",\"@id\":\"https:\\\/\\\/semanasantabraga.com\\\/es\\\/baena-espana\\\/\",\"url\":\"https:\\\/\\\/semanasantabraga.com\\\/es\\\/baena-espana\\\/\",\"name\":\"Baena, Espa\u00f1a - Semana Santa de Braga - S\u00edtio Oficial\",\"isPartOf\":{\"@id\":\"https:\\\/\\\/semanasantabraga.com\\\/#website\"},\"datePublished\":\"2023-03-08T16:28:17+00:00\",\"dateModified\":\"2023-03-09T12:49:23+00:00\",\"breadcrumb\":{\"@id\":\"https:\\\/\\\/semanasantabraga.com\\\/es\\\/baena-espana\\\/#breadcrumb\"},\"inLanguage\":\"es\",\"potentialAction\":[{\"@type\":\"ReadAction\",\"target\":[\"https:\\\/\\\/semanasantabraga.com\\\/es\\\/baena-espana\\\/\"]}]},{\"@type\":\"BreadcrumbList\",\"@id\":\"https:\\\/\\\/semanasantabraga.com\\\/es\\\/baena-espana\\\/#breadcrumb\",\"itemListElement\":[{\"@type\":\"ListItem\",\"position\":1,\"name\":\"In\u00edcio\",\"item\":\"https:\\\/\\\/semanasantabraga.com\\\/es\\\/\"},{\"@type\":\"ListItem\",\"position\":2,\"name\":\"Baena, Espa\u00f1a\"}]},{\"@type\":\"WebSite\",\"@id\":\"https:\\\/\\\/semanasantabraga.com\\\/#website\",\"url\":\"https:\\\/\\\/semanasantabraga.com\\\/\",\"name\":\"Semana Santa de Braga - S\u00edtio Oficial\",\"description\":\"\",\"potentialAction\":[{\"@type\":\"SearchAction\",\"target\":{\"@type\":\"EntryPoint\",\"urlTemplate\":\"https:\\\/\\\/semanasantabraga.com\\\/?s={search_term_string}\"},\"query-input\":{\"@type\":\"PropertyValueSpecification\",\"valueRequired\":true,\"valueName\":\"search_term_string\"}}],\"inLanguage\":\"es\"}]}<\/script>\n<!-- \/ Yoast SEO plugin. -->","yoast_head_json":{"title":"Baena, Espa\u00f1a - Semana Santa de Braga - S\u00edtio Oficial","robots":{"index":"index","follow":"follow","max-snippet":"max-snippet:-1","max-image-preview":"max-image-preview:large","max-video-preview":"max-video-preview:-1"},"canonical":"https:\/\/semanasantabraga.com\/es\/baena-espana\/","twitter_card":"summary_large_image","twitter_title":"Baena, Espa\u00f1a - Semana Santa de Braga - S\u00edtio Oficial","twitter_description":"FOTOGRAF\u00cdA 1 &nbsp; Autor: Juan Pulido Pariente &nbsp; El sonido del tambor (Patrimonio Inmaterial de la Humanidad por la UNESCO) de las turbas de jud\u00edos, coliblancos y colinegros, marcan el devenir de la Cuaresma y la Semana Santa de Baena, celebraci\u00f3n que se desarrolla entre la rectitud de los desfiles y sus particulares pasos o [&hellip;]","twitter_misc":{"Tiempo de lectura":"3 minutos"},"schema":{"@context":"https:\/\/schema.org","@graph":[{"@type":"WebPage","@id":"https:\/\/semanasantabraga.com\/es\/baena-espana\/","url":"https:\/\/semanasantabraga.com\/es\/baena-espana\/","name":"Baena, Espa\u00f1a - Semana Santa de Braga - S\u00edtio Oficial","isPartOf":{"@id":"https:\/\/semanasantabraga.com\/#website"},"datePublished":"2023-03-08T16:28:17+00:00","dateModified":"2023-03-09T12:49:23+00:00","breadcrumb":{"@id":"https:\/\/semanasantabraga.com\/es\/baena-espana\/#breadcrumb"},"inLanguage":"es","potentialAction":[{"@type":"ReadAction","target":["https:\/\/semanasantabraga.com\/es\/baena-espana\/"]}]},{"@type":"BreadcrumbList","@id":"https:\/\/semanasantabraga.com\/es\/baena-espana\/#breadcrumb","itemListElement":[{"@type":"ListItem","position":1,"name":"In\u00edcio","item":"https:\/\/semanasantabraga.com\/es\/"},{"@type":"ListItem","position":2,"name":"Baena, Espa\u00f1a"}]},{"@type":"WebSite","@id":"https:\/\/semanasantabraga.com\/#website","url":"https:\/\/semanasantabraga.com\/","name":"Semana Santa de Braga - S\u00edtio Oficial","description":"","potentialAction":[{"@type":"SearchAction","target":{"@type":"EntryPoint","urlTemplate":"https:\/\/semanasantabraga.com\/?s={search_term_string}"},"query-input":{"@type":"PropertyValueSpecification","valueRequired":true,"valueName":"search_term_string"}}],"inLanguage":"es"}]}},"_links":{"self":[{"href":"https:\/\/semanasantabraga.com\/es\/wp-json\/wp\/v2\/pages\/9411","targetHints":{"allow":["GET"]}}],"collection":[{"href":"https:\/\/semanasantabraga.com\/es\/wp-json\/wp\/v2\/pages"}],"about":[{"href":"https:\/\/semanasantabraga.com\/es\/wp-json\/wp\/v2\/types\/page"}],"author":[{"embeddable":true,"href":"https:\/\/semanasantabraga.com\/es\/wp-json\/wp\/v2\/users\/3"}],"replies":[{"embeddable":true,"href":"https:\/\/semanasantabraga.com\/es\/wp-json\/wp\/v2\/comments?post=9411"}],"version-history":[{"count":3,"href":"https:\/\/semanasantabraga.com\/es\/wp-json\/wp\/v2\/pages\/9411\/revisions"}],"predecessor-version":[{"id":9473,"href":"https:\/\/semanasantabraga.com\/es\/wp-json\/wp\/v2\/pages\/9411\/revisions\/9473"}],"wp:attachment":[{"href":"https:\/\/semanasantabraga.com\/es\/wp-json\/wp\/v2\/media?parent=9411"}],"curies":[{"name":"wp","href":"https:\/\/api.w.org\/{rel}","templated":true}]}}