{"id":9415,"date":"2023-03-08T16:36:48","date_gmt":"2023-03-08T16:36:48","guid":{"rendered":"https:\/\/semanasantabraga.com\/?page_id=9415"},"modified":"2023-03-09T15:56:54","modified_gmt":"2023-03-09T15:56:54","slug":"birgu-malta","status":"publish","type":"page","link":"https:\/\/semanasantabraga.com\/es\/birgu-malta\/","title":{"rendered":"Birgu, Malta"},"content":{"rendered":"<p>La Semana Santa se celebra con gran celo. La Cuaresma est\u00e1 marcada por muestras semanales de piedad que se intensifican durante la Semana Santa, cuando se celebran dos procesiones solemnes con estatuas de tama\u00f1o natural. En la actualidad, a\u00fan puede verse el ciclo de ocho grupos de estatuas, adornadas con terciopelo y finas sedas, que incluyen adornos para la cara y otros objetos de plata. Estos grupos incluyen: los cinco misterios dolorosos del rosario, la Ver\u00f3nica mencionada en las estaciones del V\u00eda Crucis, el monumento de Cristo muerto en un sepulcro decorado y Nuestra Se\u00f1ora de los Dolores.<\/p>\n<p>&nbsp;<\/p>\n<p>Desde 1975, la procesi\u00f3n del Viernes Santo adopta la forma de un desfile con estatuas tradicionales talladas, algunas de las cuales fueron tra\u00eddas de Espa\u00f1a por marineros malteses, y nativos vestidos con t\u00fanicas que representan a personajes b\u00edblicos. Junto a estos personajes, tambi\u00e9n participan miembros de la cofrad\u00eda del crucifijo fundada a principios del siglo XVIII, el cabildo colegial y ni\u00f1os que portan s\u00edmbolos de la pasi\u00f3n. La banda de San Lorenzo di Vittoriosa, interpretando marchas f\u00fanebres de compositores extranjeros y locales, contribuye a crear una atm\u00f3sfera melanc\u00f3lica.<\/p>\n<p>&nbsp;<\/p>\n<p>En el Domingo de Resurrecci\u00f3n, el tono desolador se transforma en j\u00fabilo, sobre todo durante el tradicional recorrido con la estatua de Cristo resucitado. A\u00f1o tras a\u00f1o, estos actos religiosos atraen a miles de creyentes y turistas.<\/p>\n<p>&nbsp;<\/p>\n<p>&nbsp;<\/p>\n<p>&nbsp;<\/p>\n<p><strong>FOTOGRAF\u00cdA 1<\/strong><\/p>\n<p><strong>Ni\u00f1os portando s\u00edmbolos de la pasi\u00f3n<\/strong><\/p>\n<p>&nbsp;<\/p>\n<p><em>Autor<\/em>: Birgu Citt\u00e0 Vittoriosa Malta<\/p>\n<p>&nbsp;<\/p>\n<p>Hombres, mujeres y ni\u00f1os participan con diversos disfraces, como soldados romanos y personajes b\u00edblicos. Caminan entre las estatuas que representan una fase diferente de la pasi\u00f3n. Participan cientos de personas, desde los m\u00e1s peque\u00f1os hasta los m\u00e1s mayores.<\/p>\n<p>&nbsp;<\/p>\n<p>&nbsp;<\/p>\n<p>&nbsp;<\/p>\n<p><strong>FOTOGRAF\u00cdA 2<\/strong><\/p>\n<p><strong>La Cofrad\u00eda del Santo Crucifijo de Vittoriosa<\/strong><\/p>\n<p>&nbsp;<\/p>\n<p><em>Autor<\/em>: Birgu Citt\u00e0 Vittoriosa Malta<\/p>\n<p>&nbsp;<\/p>\n<p>Los miembros de la Cofrad\u00eda del Santo Crucifijo fundada en Vittoriosa a principios del siglo XVIII, participan tambi\u00e9n junto con el cap\u00edtulo colegial y la banda San Lorenzo de Vittoriosa, interpretando marchas f\u00fanebres de compositores extranjeros y locales, creando una atm\u00f3sfera melanc\u00f3lica.<\/p>\n<p>&nbsp;<\/p>\n<p>&nbsp;<\/p>\n<p>&nbsp;<\/p>\n<p><strong>FOTOGRAF\u00cdA 3<\/strong><\/p>\n<p><strong>La estatua de la Crucifixi\u00f3n<\/strong><\/p>\n<p>&nbsp;<\/p>\n<p><em>Autor<\/em>: Elton Randich<\/p>\n<p>&nbsp;<\/p>\n<p>El centro de la estatua es Cristo crucificado en agon\u00eda mirando al cielo. Debajo de la cruz, a la derecha, est\u00e1 la Virgen con los brazos abiertos, mientras que a la izquierda est\u00e1 el Ap\u00f3stol San Juan llev\u00e1ndose la mano derecha al pecho. Mar\u00eda Magdalena abraza la cruz. Las cabezas, manos y pies de las tres figuras son obra espa\u00f1ola del siglo XVII, mientras que sus cuerpos y ropajes se fabricaron localmente.<\/p>\n<p>&nbsp;<\/p>\n<p>&nbsp;<\/p>\n<p>&nbsp;<\/p>\n<p><strong>FOTOGRAF\u00cdA 4<\/strong><\/p>\n<p><strong>La urna del Cristo muerto<\/strong><\/p>\n<p>&nbsp;<\/p>\n<p><em>Autor<\/em>: Elton Randich<\/p>\n<p>&nbsp;<\/p>\n<p>La Urna del cuerpo muerto de Cristo \u00abil-Monument\u00bb es como una cama, sobre la que se transporta la estatua del Cristo muerto y comenz\u00f3 a construirse en 1750. El trabajo en el armaz\u00f3n de madera de la Urna fue realizado por el maestro Angelo Zarb. La orfebrer\u00eda corri\u00f3 a cargo del orfebre Fillipo Vella. En el pasado, esta estatua era portada por sacerdotes. El cuerpo de Cristo muerto que vemos hoy en la urna es obra del escultor Wistin Camilleri. \u00c9ste sustituy\u00f3 a otro m\u00e1s antiguo que ahora se expone en el palacio de la Inquisici\u00f3n.<\/p>\n<p>&nbsp;<\/p>\n<p>&nbsp;<\/p>\n<p>&nbsp;<\/p>\n<p><strong>FOTOGRAF\u00cdA 5<\/strong><\/p>\n<p><strong>La Estatua de Cristo Resucitado en Vittoriosa<\/strong><\/p>\n<p>&nbsp;<\/p>\n<p><em>Autor<\/em>: Elton Randich<\/p>\n<p>&nbsp;<\/p>\n<p>La estatua de Cristo resucitado fue tallada en madera en 1833 por el escultor Salvatore Psaila. El Domingo de Resurrecci\u00f3n por la ma\u00f1ana, la estatua de Cristo Resucitado sale en procesi\u00f3n de la iglesia parroquial. Una caracter\u00edstica de esta procesi\u00f3n son los recorridos tradicionales en los que se despeja el camino y los portadores de la estatua corren para llevar al Cristo Resucitado.<\/p>\n<p>&nbsp;<\/p>\n","protected":false},"excerpt":{"rendered":"<p>La Semana Santa se celebra con gran celo. La Cuaresma est\u00e1 marcada por muestras semanales de piedad que se intensifican durante la Semana Santa, cuando se celebran dos procesiones solemnes con estatuas de tama\u00f1o natural. En la actualidad, a\u00fan puede verse el ciclo de ocho grupos de estatuas, adornadas con terciopelo y finas sedas, que [&hellip;]<\/p>\n","protected":false},"author":3,"featured_media":0,"parent":0,"menu_order":14,"comment_status":"closed","ping_status":"closed","template":"template-paginaexposicao.php","meta":{"_acf_changed":false,"inline_featured_image":false,"footnotes":""},"class_list":["post-9415","page","type-page","status-publish","hentry"],"acf":{"subtitulo_do_tipo_de_pagina":"Exposici\u00f3n de fotograf\u00eda","titulo_do_tipo_de_pagina":"Semana Santa, una perspetiva europea","texto_do_tipo_de_pagina":"","titulo_botao":"Saber mas","link_externo":"https:\/\/www.holyweekeurope.com\/","organizadores":[{"ID":9363,"id":9363,"title":"Braga - Cidade Aut\u00eantica","filename":"1.jpg","filesize":"9081","url":"https:\/\/semanasantabraga.com\/wp-content\/uploads\/2023\/03\/1.jpg","link":"https:\/\/semanasantabraga.com\/es\/ecija-espana\/attachment\/1\/","alt":"","author":"12","description":"","caption":"","name":"1","status":"inherit","uploaded_to":9345,"date":"2023-03-01 15:36:41","modified":"2023-03-01 15:41:10","menu_order":0,"mime_type":"image\/jpeg","type":"image","subtype":"jpeg","icon":"https:\/\/semanasantabraga.com\/wp-includes\/images\/media\/default.png","width":103,"height":123,"sizes":{"thumbnail":"https:\/\/semanasantabraga.com\/wp-content\/uploads\/2023\/03\/1.jpg","thumbnail-width":103,"thumbnail-height":123,"medium":"https:\/\/semanasantabraga.com\/wp-content\/uploads\/2023\/03\/1.jpg","medium-width":103,"medium-height":123,"medium_large":"https:\/\/semanasantabraga.com\/wp-content\/uploads\/2023\/03\/1.jpg","medium_large-width":103,"medium_large-height":123,"large":"https:\/\/semanasantabraga.com\/wp-content\/uploads\/2023\/03\/1.jpg","large-width":103,"large-height":123,"1536x1536":"https:\/\/semanasantabraga.com\/wp-content\/uploads\/2023\/03\/1.jpg","1536x1536-width":103,"1536x1536-height":123,"2048x2048":"https:\/\/semanasantabraga.com\/wp-content\/uploads\/2023\/03\/1.jpg","2048x2048-width":103,"2048x2048-height":123}},{"ID":9360,"id":9360,"title":"Comiss\u00e3o da Quaresma e Solenidades da Semana Santa de Braga","filename":"2.jpg","filesize":"9238","url":"https:\/\/semanasantabraga.com\/wp-content\/uploads\/2023\/03\/2.jpg","link":"https:\/\/semanasantabraga.com\/es\/ecija-espana\/attachment\/2\/","alt":"","author":"12","description":"","caption":"","name":"2","status":"inherit","uploaded_to":9345,"date":"2023-03-01 15:36:40","modified":"2023-03-01 15:40:55","menu_order":0,"mime_type":"image\/jpeg","type":"image","subtype":"jpeg","icon":"https:\/\/semanasantabraga.com\/wp-includes\/images\/media\/default.png","width":136,"height":123,"sizes":{"thumbnail":"https:\/\/semanasantabraga.com\/wp-content\/uploads\/2023\/03\/2.jpg","thumbnail-width":136,"thumbnail-height":123,"medium":"https:\/\/semanasantabraga.com\/wp-content\/uploads\/2023\/03\/2.jpg","medium-width":136,"medium-height":123,"medium_large":"https:\/\/semanasantabraga.com\/wp-content\/uploads\/2023\/03\/2.jpg","medium_large-width":136,"medium_large-height":123,"large":"https:\/\/semanasantabraga.com\/wp-content\/uploads\/2023\/03\/2.jpg","large-width":136,"large-height":123,"1536x1536":"https:\/\/semanasantabraga.com\/wp-content\/uploads\/2023\/03\/2.jpg","1536x1536-width":136,"1536x1536-height":123,"2048x2048":"https:\/\/semanasantabraga.com\/wp-content\/uploads\/2023\/03\/2.jpg","2048x2048-width":136,"2048x2048-height":123}},{"ID":9357,"id":9357,"title":"Rede Europeia de Celebra\u00e7\u00f5es da Semana Santa e P\u00e1scoa","filename":"3.jpg","filesize":"20989","url":"https:\/\/semanasantabraga.com\/wp-content\/uploads\/2023\/03\/3.jpg","link":"https:\/\/semanasantabraga.com\/es\/ecija-espana\/attachment\/3\/","alt":"","author":"12","description":"","caption":"","name":"3","status":"inherit","uploaded_to":9345,"date":"2023-03-01 15:36:38","modified":"2023-03-01 15:41:35","menu_order":0,"mime_type":"image\/jpeg","type":"image","subtype":"jpeg","icon":"https:\/\/semanasantabraga.com\/wp-includes\/images\/media\/default.png","width":270,"height":123,"sizes":{"thumbnail":"https:\/\/semanasantabraga.com\/wp-content\/uploads\/2023\/03\/3.jpg","thumbnail-width":270,"thumbnail-height":123,"medium":"https:\/\/semanasantabraga.com\/wp-content\/uploads\/2023\/03\/3.jpg","medium-width":270,"medium-height":123,"medium_large":"https:\/\/semanasantabraga.com\/wp-content\/uploads\/2023\/03\/3.jpg","medium_large-width":270,"medium_large-height":123,"large":"https:\/\/semanasantabraga.com\/wp-content\/uploads\/2023\/03\/3.jpg","large-width":270,"large-height":123,"1536x1536":"https:\/\/semanasantabraga.com\/wp-content\/uploads\/2023\/03\/3.jpg","1536x1536-width":270,"1536x1536-height":123,"2048x2048":"https:\/\/semanasantabraga.com\/wp-content\/uploads\/2023\/03\/3.jpg","2048x2048-width":270,"2048x2048-height":123}}]},"yoast_head":"<!-- This site is optimized with the Yoast SEO plugin v27.4 - https:\/\/yoast.com\/product\/yoast-seo-wordpress\/ -->\n<title>Birgu, Malta - Semana Santa de Braga - S\u00edtio Oficial<\/title>\n<meta name=\"robots\" content=\"index, follow, max-snippet:-1, max-image-preview:large, max-video-preview:-1\" \/>\n<link rel=\"canonical\" href=\"https:\/\/semanasantabraga.com\/es\/birgu-malta\/\" \/>\n<meta name=\"twitter:card\" content=\"summary_large_image\" \/>\n<meta name=\"twitter:title\" content=\"Birgu, Malta - Semana Santa de Braga - S\u00edtio Oficial\" \/>\n<meta name=\"twitter:description\" content=\"La Semana Santa se celebra con gran celo. La Cuaresma est\u00e1 marcada por muestras semanales de piedad que se intensifican durante la Semana Santa, cuando se celebran dos procesiones solemnes con estatuas de tama\u00f1o natural. En la actualidad, a\u00fan puede verse el ciclo de ocho grupos de estatuas, adornadas con terciopelo y finas sedas, que [&hellip;]\" \/>\n<meta name=\"twitter:label1\" content=\"Tiempo de lectura\" \/>\n\t<meta name=\"twitter:data1\" content=\"4 minutos\" \/>\n<script type=\"application\/ld+json\" class=\"yoast-schema-graph\">{\"@context\":\"https:\\\/\\\/schema.org\",\"@graph\":[{\"@type\":\"WebPage\",\"@id\":\"https:\\\/\\\/semanasantabraga.com\\\/es\\\/birgu-malta\\\/\",\"url\":\"https:\\\/\\\/semanasantabraga.com\\\/es\\\/birgu-malta\\\/\",\"name\":\"Birgu, Malta - Semana Santa de Braga - S\u00edtio Oficial\",\"isPartOf\":{\"@id\":\"https:\\\/\\\/semanasantabraga.com\\\/#website\"},\"datePublished\":\"2023-03-08T16:36:48+00:00\",\"dateModified\":\"2023-03-09T15:56:54+00:00\",\"breadcrumb\":{\"@id\":\"https:\\\/\\\/semanasantabraga.com\\\/es\\\/birgu-malta\\\/#breadcrumb\"},\"inLanguage\":\"es\",\"potentialAction\":[{\"@type\":\"ReadAction\",\"target\":[\"https:\\\/\\\/semanasantabraga.com\\\/es\\\/birgu-malta\\\/\"]}]},{\"@type\":\"BreadcrumbList\",\"@id\":\"https:\\\/\\\/semanasantabraga.com\\\/es\\\/birgu-malta\\\/#breadcrumb\",\"itemListElement\":[{\"@type\":\"ListItem\",\"position\":1,\"name\":\"In\u00edcio\",\"item\":\"https:\\\/\\\/semanasantabraga.com\\\/es\\\/\"},{\"@type\":\"ListItem\",\"position\":2,\"name\":\"Birgu, Malta\"}]},{\"@type\":\"WebSite\",\"@id\":\"https:\\\/\\\/semanasantabraga.com\\\/#website\",\"url\":\"https:\\\/\\\/semanasantabraga.com\\\/\",\"name\":\"Semana Santa de Braga - S\u00edtio Oficial\",\"description\":\"\",\"potentialAction\":[{\"@type\":\"SearchAction\",\"target\":{\"@type\":\"EntryPoint\",\"urlTemplate\":\"https:\\\/\\\/semanasantabraga.com\\\/?s={search_term_string}\"},\"query-input\":{\"@type\":\"PropertyValueSpecification\",\"valueRequired\":true,\"valueName\":\"search_term_string\"}}],\"inLanguage\":\"es\"}]}<\/script>\n<!-- \/ Yoast SEO plugin. -->","yoast_head_json":{"title":"Birgu, Malta - Semana Santa de Braga - S\u00edtio Oficial","robots":{"index":"index","follow":"follow","max-snippet":"max-snippet:-1","max-image-preview":"max-image-preview:large","max-video-preview":"max-video-preview:-1"},"canonical":"https:\/\/semanasantabraga.com\/es\/birgu-malta\/","twitter_card":"summary_large_image","twitter_title":"Birgu, Malta - Semana Santa de Braga - S\u00edtio Oficial","twitter_description":"La Semana Santa se celebra con gran celo. La Cuaresma est\u00e1 marcada por muestras semanales de piedad que se intensifican durante la Semana Santa, cuando se celebran dos procesiones solemnes con estatuas de tama\u00f1o natural. En la actualidad, a\u00fan puede verse el ciclo de ocho grupos de estatuas, adornadas con terciopelo y finas sedas, que [&hellip;]","twitter_misc":{"Tiempo de lectura":"4 minutos"},"schema":{"@context":"https:\/\/schema.org","@graph":[{"@type":"WebPage","@id":"https:\/\/semanasantabraga.com\/es\/birgu-malta\/","url":"https:\/\/semanasantabraga.com\/es\/birgu-malta\/","name":"Birgu, Malta - Semana Santa de Braga - S\u00edtio Oficial","isPartOf":{"@id":"https:\/\/semanasantabraga.com\/#website"},"datePublished":"2023-03-08T16:36:48+00:00","dateModified":"2023-03-09T15:56:54+00:00","breadcrumb":{"@id":"https:\/\/semanasantabraga.com\/es\/birgu-malta\/#breadcrumb"},"inLanguage":"es","potentialAction":[{"@type":"ReadAction","target":["https:\/\/semanasantabraga.com\/es\/birgu-malta\/"]}]},{"@type":"BreadcrumbList","@id":"https:\/\/semanasantabraga.com\/es\/birgu-malta\/#breadcrumb","itemListElement":[{"@type":"ListItem","position":1,"name":"In\u00edcio","item":"https:\/\/semanasantabraga.com\/es\/"},{"@type":"ListItem","position":2,"name":"Birgu, Malta"}]},{"@type":"WebSite","@id":"https:\/\/semanasantabraga.com\/#website","url":"https:\/\/semanasantabraga.com\/","name":"Semana Santa de Braga - S\u00edtio Oficial","description":"","potentialAction":[{"@type":"SearchAction","target":{"@type":"EntryPoint","urlTemplate":"https:\/\/semanasantabraga.com\/?s={search_term_string}"},"query-input":{"@type":"PropertyValueSpecification","valueRequired":true,"valueName":"search_term_string"}}],"inLanguage":"es"}]}},"_links":{"self":[{"href":"https:\/\/semanasantabraga.com\/es\/wp-json\/wp\/v2\/pages\/9415","targetHints":{"allow":["GET"]}}],"collection":[{"href":"https:\/\/semanasantabraga.com\/es\/wp-json\/wp\/v2\/pages"}],"about":[{"href":"https:\/\/semanasantabraga.com\/es\/wp-json\/wp\/v2\/types\/page"}],"author":[{"embeddable":true,"href":"https:\/\/semanasantabraga.com\/es\/wp-json\/wp\/v2\/users\/3"}],"replies":[{"embeddable":true,"href":"https:\/\/semanasantabraga.com\/es\/wp-json\/wp\/v2\/comments?post=9415"}],"version-history":[{"count":4,"href":"https:\/\/semanasantabraga.com\/es\/wp-json\/wp\/v2\/pages\/9415\/revisions"}],"predecessor-version":[{"id":9524,"href":"https:\/\/semanasantabraga.com\/es\/wp-json\/wp\/v2\/pages\/9415\/revisions\/9524"}],"wp:attachment":[{"href":"https:\/\/semanasantabraga.com\/es\/wp-json\/wp\/v2\/media?parent=9415"}],"curies":[{"name":"wp","href":"https:\/\/api.w.org\/{rel}","templated":true}]}}