{"id":9437,"date":"2023-03-08T17:57:20","date_gmt":"2023-03-08T17:57:20","guid":{"rendered":"https:\/\/semanasantabraga.com\/?page_id=9437"},"modified":"2023-03-09T13:02:36","modified_gmt":"2023-03-09T13:02:36","slug":"carmona-espana","status":"publish","type":"page","link":"https:\/\/semanasantabraga.com\/es\/carmona-espana\/","title":{"rendered":"Carmona, Espa\u00f1a"},"content":{"rendered":"<p><strong>FOTOGRAF\u00cdA 1<\/strong><\/p>\n<p>&nbsp;<\/p>\n<p><em>Autor<\/em>: Jos\u00e9 Ramos<\/p>\n<p>&nbsp;<\/p>\n<p>El indudable inter\u00e9s art\u00edstico de la celebraci\u00f3n de la Semana Santa en Carmona se ve reflejado en su admirable imaginer\u00eda, de la que destaca la pieza m\u00e1s antigua datada que procesiona en la Semana Santa andaluza: El Se\u00f1or de la Amargura, realizado en 1521 por Fern\u00e1ndez Alem\u00e1n. Figuras crist\u00edferas, marianas y secundarias que pertenecen a las manos de los m\u00e1s prestigiosos escultores que han pasado por el occidente andaluz.\u00a0 Tambi\u00e9n destacan obras realizadas por imagineros como Ocampo, Montes de Oca, Pedro y Francisca Rold\u00e1n, Castillo Lastrucci, Duque Cornejo, Hita del Castillo y los carmonenses Francisco Buiza y Antonio Eslava. En la imagen, observamos al Sant\u00edsimo Cristo de la Amargura a su paso por la Puerta de Sevilla, enclave singular en el marco de la Semana Santa carmonense al ser una construcci\u00f3n coet\u00e1nea a Jesucristo.<\/p>\n<p>&nbsp;<\/p>\n<p>&nbsp;<\/p>\n<p>&nbsp;<\/p>\n<p><strong>FOTOGRAF\u00cdA 2<\/strong><\/p>\n<p>&nbsp;<\/p>\n<p><em>Autor<\/em>: Ram\u00f3n Rodr\u00edguez<\/p>\n<p>&nbsp;<\/p>\n<p>La Semana Santa de Carmona es un v\u00eda crucis de pasiones repartidas entre sus muros de piedra, estrechas calles y rec\u00f3nditas plazas en un ejercicio de sobriedad, devoci\u00f3n y belleza. La propia monumentalidad de la ciudad es un marco excepcional para el discurrir de sus ocho cofrad\u00edas. En la imagen observamos a Nuestro Padre Jes\u00fas Nazareno dentro de la iglesia Prioral de Santa Mar\u00eda de la Asunci\u00f3n, templo construido entre los siglos XV y XVI. Nuestro Padre Jes\u00fas Nazareno es obra del destacado imaginero Francisco de Ocampo, 1607. Destacan las piezas de orfebrer\u00eda y la cruz realizada en plata y carey. Importante mencionar que es la primera filial de la Hermandad del Silencio de Sevilla.<\/p>\n<p>&nbsp;<\/p>\n<p>&nbsp;<\/p>\n<p>&nbsp;<\/p>\n<p><strong>FOTOGRAF\u00cdA 3<\/strong><\/p>\n<p>&nbsp;<\/p>\n<p><em>Autor<\/em>: Francisco J. P\u00e9rez Garc\u00eda<\/p>\n<p>&nbsp;<\/p>\n<p>Como si de un cortejo real se tratara, las procesiones carmonenses destacan por su solemnidad y respeto. Los diferentes pasos procesionales est\u00e1n acompa\u00f1ados por un nutrido grupo de nazarenos, monaguillos que perfuman de incienso el recorrido, ac\u00f3litos que portan ciriales encendidos y hermanos con insignias simb\u00f3licas de la pasi\u00f3n, son apreciables en esta imagen del Paso de misterio de Nuestro Padre Jes\u00fas de la Coronaci\u00f3n de Espinas pasando por la Plaza de San Fernando y entrando en la carrera oficial a pocos metros de la iglesia Prioral de Santa Mar\u00eda.<\/p>\n<p>&nbsp;<\/p>\n<p>&nbsp;<\/p>\n<p>&nbsp;<\/p>\n<p><strong>FOTOGRAF\u00cdA 4<\/strong><\/p>\n<p>&nbsp;<\/p>\n<p><em>Autor<\/em>: Rafa Morales Mora<\/p>\n<p>&nbsp;<\/p>\n<p>La devoci\u00f3n por su Semana Santa hace que los carmonenses vivan cada a\u00f1o esta tradici\u00f3n con tremendo fervor. Uno de los momentos m\u00e1s caracter\u00edsticos de la Semana Santa de Carmona es la lluvia de p\u00e9talos con la que se recibe a las im\u00e1genes de v\u00edrgenes por las calles de sus barrios y enclaves monumentales. El barrio de San Francisco alfombra todos los a\u00f1os las calles de p\u00e9talos al paso del palio de Nuestra Se\u00f1ora y Madre de las Angustias, una imagen de Castillo Lastrucci, 1963. Destacan en la Semana Santa de Carmona el ajuar de las hermandades, los bordados, las tallas de imagineros destacados y la orfebrer\u00eda todo ello forma parte de este bello conjunto. El palio es obra de Hijos de Olmo y Cayetano Gonz\u00e1lez, 1939, adquirido a la Hermandad del Amor en 1966. La orfebrer\u00eda es de Manuel Villarreal.<\/p>\n<p>&nbsp;<\/p>\n","protected":false},"excerpt":{"rendered":"<p>FOTOGRAF\u00cdA 1 &nbsp; Autor: Jos\u00e9 Ramos &nbsp; El indudable inter\u00e9s art\u00edstico de la celebraci\u00f3n de la Semana Santa en Carmona se ve reflejado en su admirable imaginer\u00eda, de la que destaca la pieza m\u00e1s antigua datada que procesiona en la Semana Santa andaluza: El Se\u00f1or de la Amargura, realizado en 1521 por Fern\u00e1ndez Alem\u00e1n. Figuras [&hellip;]<\/p>\n","protected":false},"author":3,"featured_media":0,"parent":0,"menu_order":10,"comment_status":"closed","ping_status":"closed","template":"template-paginaexposicao.php","meta":{"_acf_changed":false,"inline_featured_image":false,"footnotes":""},"class_list":["post-9437","page","type-page","status-publish","hentry"],"acf":{"subtitulo_do_tipo_de_pagina":"Exposici\u00f3n de fotograf\u00eda","titulo_do_tipo_de_pagina":"Semana Santa, una perspetiva europea","texto_do_tipo_de_pagina":"","titulo_botao":"Saber mas","link_externo":"https:\/\/www.holyweekeurope.com\/","organizadores":[{"ID":9363,"id":9363,"title":"Braga - Cidade Aut\u00eantica","filename":"1.jpg","filesize":"9081","url":"https:\/\/semanasantabraga.com\/wp-content\/uploads\/2023\/03\/1.jpg","link":"https:\/\/semanasantabraga.com\/es\/ecija-espana\/attachment\/1\/","alt":"","author":"12","description":"","caption":"","name":"1","status":"inherit","uploaded_to":9345,"date":"2023-03-01 15:36:41","modified":"2023-03-01 15:41:10","menu_order":0,"mime_type":"image\/jpeg","type":"image","subtype":"jpeg","icon":"https:\/\/semanasantabraga.com\/wp-includes\/images\/media\/default.png","width":103,"height":123,"sizes":{"thumbnail":"https:\/\/semanasantabraga.com\/wp-content\/uploads\/2023\/03\/1.jpg","thumbnail-width":103,"thumbnail-height":123,"medium":"https:\/\/semanasantabraga.com\/wp-content\/uploads\/2023\/03\/1.jpg","medium-width":103,"medium-height":123,"medium_large":"https:\/\/semanasantabraga.com\/wp-content\/uploads\/2023\/03\/1.jpg","medium_large-width":103,"medium_large-height":123,"large":"https:\/\/semanasantabraga.com\/wp-content\/uploads\/2023\/03\/1.jpg","large-width":103,"large-height":123,"1536x1536":"https:\/\/semanasantabraga.com\/wp-content\/uploads\/2023\/03\/1.jpg","1536x1536-width":103,"1536x1536-height":123,"2048x2048":"https:\/\/semanasantabraga.com\/wp-content\/uploads\/2023\/03\/1.jpg","2048x2048-width":103,"2048x2048-height":123}},{"ID":9360,"id":9360,"title":"Comiss\u00e3o da Quaresma e Solenidades da Semana Santa de Braga","filename":"2.jpg","filesize":"9238","url":"https:\/\/semanasantabraga.com\/wp-content\/uploads\/2023\/03\/2.jpg","link":"https:\/\/semanasantabraga.com\/es\/ecija-espana\/attachment\/2\/","alt":"","author":"12","description":"","caption":"","name":"2","status":"inherit","uploaded_to":9345,"date":"2023-03-01 15:36:40","modified":"2023-03-01 15:40:55","menu_order":0,"mime_type":"image\/jpeg","type":"image","subtype":"jpeg","icon":"https:\/\/semanasantabraga.com\/wp-includes\/images\/media\/default.png","width":136,"height":123,"sizes":{"thumbnail":"https:\/\/semanasantabraga.com\/wp-content\/uploads\/2023\/03\/2.jpg","thumbnail-width":136,"thumbnail-height":123,"medium":"https:\/\/semanasantabraga.com\/wp-content\/uploads\/2023\/03\/2.jpg","medium-width":136,"medium-height":123,"medium_large":"https:\/\/semanasantabraga.com\/wp-content\/uploads\/2023\/03\/2.jpg","medium_large-width":136,"medium_large-height":123,"large":"https:\/\/semanasantabraga.com\/wp-content\/uploads\/2023\/03\/2.jpg","large-width":136,"large-height":123,"1536x1536":"https:\/\/semanasantabraga.com\/wp-content\/uploads\/2023\/03\/2.jpg","1536x1536-width":136,"1536x1536-height":123,"2048x2048":"https:\/\/semanasantabraga.com\/wp-content\/uploads\/2023\/03\/2.jpg","2048x2048-width":136,"2048x2048-height":123}},{"ID":9357,"id":9357,"title":"Rede Europeia de Celebra\u00e7\u00f5es da Semana Santa e P\u00e1scoa","filename":"3.jpg","filesize":"20989","url":"https:\/\/semanasantabraga.com\/wp-content\/uploads\/2023\/03\/3.jpg","link":"https:\/\/semanasantabraga.com\/es\/ecija-espana\/attachment\/3\/","alt":"","author":"12","description":"","caption":"","name":"3","status":"inherit","uploaded_to":9345,"date":"2023-03-01 15:36:38","modified":"2023-03-01 15:41:35","menu_order":0,"mime_type":"image\/jpeg","type":"image","subtype":"jpeg","icon":"https:\/\/semanasantabraga.com\/wp-includes\/images\/media\/default.png","width":270,"height":123,"sizes":{"thumbnail":"https:\/\/semanasantabraga.com\/wp-content\/uploads\/2023\/03\/3.jpg","thumbnail-width":270,"thumbnail-height":123,"medium":"https:\/\/semanasantabraga.com\/wp-content\/uploads\/2023\/03\/3.jpg","medium-width":270,"medium-height":123,"medium_large":"https:\/\/semanasantabraga.com\/wp-content\/uploads\/2023\/03\/3.jpg","medium_large-width":270,"medium_large-height":123,"large":"https:\/\/semanasantabraga.com\/wp-content\/uploads\/2023\/03\/3.jpg","large-width":270,"large-height":123,"1536x1536":"https:\/\/semanasantabraga.com\/wp-content\/uploads\/2023\/03\/3.jpg","1536x1536-width":270,"1536x1536-height":123,"2048x2048":"https:\/\/semanasantabraga.com\/wp-content\/uploads\/2023\/03\/3.jpg","2048x2048-width":270,"2048x2048-height":123}}]},"yoast_head":"<!-- This site is optimized with the Yoast SEO plugin v27.3 - https:\/\/yoast.com\/product\/yoast-seo-wordpress\/ -->\n<title>Carmona, Espa\u00f1a - Semana Santa de Braga - S\u00edtio Oficial<\/title>\n<meta name=\"robots\" content=\"index, follow, max-snippet:-1, max-image-preview:large, max-video-preview:-1\" \/>\n<link rel=\"canonical\" href=\"https:\/\/semanasantabraga.com\/es\/carmona-espana\/\" \/>\n<meta name=\"twitter:card\" content=\"summary_large_image\" \/>\n<meta name=\"twitter:title\" content=\"Carmona, Espa\u00f1a - Semana Santa de Braga - S\u00edtio Oficial\" \/>\n<meta name=\"twitter:description\" content=\"FOTOGRAF\u00cdA 1 &nbsp; Autor: Jos\u00e9 Ramos &nbsp; El indudable inter\u00e9s art\u00edstico de la celebraci\u00f3n de la Semana Santa en Carmona se ve reflejado en su admirable imaginer\u00eda, de la que destaca la pieza m\u00e1s antigua datada que procesiona en la Semana Santa andaluza: El Se\u00f1or de la Amargura, realizado en 1521 por Fern\u00e1ndez Alem\u00e1n. Figuras [&hellip;]\" \/>\n<meta name=\"twitter:label1\" content=\"Tiempo de lectura\" \/>\n\t<meta name=\"twitter:data1\" content=\"3 minutos\" \/>\n<script type=\"application\/ld+json\" class=\"yoast-schema-graph\">{\"@context\":\"https:\\\/\\\/schema.org\",\"@graph\":[{\"@type\":\"WebPage\",\"@id\":\"https:\\\/\\\/semanasantabraga.com\\\/es\\\/carmona-espana\\\/\",\"url\":\"https:\\\/\\\/semanasantabraga.com\\\/es\\\/carmona-espana\\\/\",\"name\":\"Carmona, Espa\u00f1a - Semana Santa de Braga - S\u00edtio Oficial\",\"isPartOf\":{\"@id\":\"https:\\\/\\\/semanasantabraga.com\\\/#website\"},\"datePublished\":\"2023-03-08T17:57:20+00:00\",\"dateModified\":\"2023-03-09T13:02:36+00:00\",\"breadcrumb\":{\"@id\":\"https:\\\/\\\/semanasantabraga.com\\\/es\\\/carmona-espana\\\/#breadcrumb\"},\"inLanguage\":\"es\",\"potentialAction\":[{\"@type\":\"ReadAction\",\"target\":[\"https:\\\/\\\/semanasantabraga.com\\\/es\\\/carmona-espana\\\/\"]}]},{\"@type\":\"BreadcrumbList\",\"@id\":\"https:\\\/\\\/semanasantabraga.com\\\/es\\\/carmona-espana\\\/#breadcrumb\",\"itemListElement\":[{\"@type\":\"ListItem\",\"position\":1,\"name\":\"In\u00edcio\",\"item\":\"https:\\\/\\\/semanasantabraga.com\\\/es\\\/\"},{\"@type\":\"ListItem\",\"position\":2,\"name\":\"Carmona, Espa\u00f1a\"}]},{\"@type\":\"WebSite\",\"@id\":\"https:\\\/\\\/semanasantabraga.com\\\/#website\",\"url\":\"https:\\\/\\\/semanasantabraga.com\\\/\",\"name\":\"Semana Santa de Braga - S\u00edtio Oficial\",\"description\":\"\",\"potentialAction\":[{\"@type\":\"SearchAction\",\"target\":{\"@type\":\"EntryPoint\",\"urlTemplate\":\"https:\\\/\\\/semanasantabraga.com\\\/?s={search_term_string}\"},\"query-input\":{\"@type\":\"PropertyValueSpecification\",\"valueRequired\":true,\"valueName\":\"search_term_string\"}}],\"inLanguage\":\"es\"}]}<\/script>\n<!-- \/ Yoast SEO plugin. -->","yoast_head_json":{"title":"Carmona, Espa\u00f1a - Semana Santa de Braga - S\u00edtio Oficial","robots":{"index":"index","follow":"follow","max-snippet":"max-snippet:-1","max-image-preview":"max-image-preview:large","max-video-preview":"max-video-preview:-1"},"canonical":"https:\/\/semanasantabraga.com\/es\/carmona-espana\/","twitter_card":"summary_large_image","twitter_title":"Carmona, Espa\u00f1a - Semana Santa de Braga - S\u00edtio Oficial","twitter_description":"FOTOGRAF\u00cdA 1 &nbsp; Autor: Jos\u00e9 Ramos &nbsp; El indudable inter\u00e9s art\u00edstico de la celebraci\u00f3n de la Semana Santa en Carmona se ve reflejado en su admirable imaginer\u00eda, de la que destaca la pieza m\u00e1s antigua datada que procesiona en la Semana Santa andaluza: El Se\u00f1or de la Amargura, realizado en 1521 por Fern\u00e1ndez Alem\u00e1n. Figuras [&hellip;]","twitter_misc":{"Tiempo de lectura":"3 minutos"},"schema":{"@context":"https:\/\/schema.org","@graph":[{"@type":"WebPage","@id":"https:\/\/semanasantabraga.com\/es\/carmona-espana\/","url":"https:\/\/semanasantabraga.com\/es\/carmona-espana\/","name":"Carmona, Espa\u00f1a - Semana Santa de Braga - S\u00edtio Oficial","isPartOf":{"@id":"https:\/\/semanasantabraga.com\/#website"},"datePublished":"2023-03-08T17:57:20+00:00","dateModified":"2023-03-09T13:02:36+00:00","breadcrumb":{"@id":"https:\/\/semanasantabraga.com\/es\/carmona-espana\/#breadcrumb"},"inLanguage":"es","potentialAction":[{"@type":"ReadAction","target":["https:\/\/semanasantabraga.com\/es\/carmona-espana\/"]}]},{"@type":"BreadcrumbList","@id":"https:\/\/semanasantabraga.com\/es\/carmona-espana\/#breadcrumb","itemListElement":[{"@type":"ListItem","position":1,"name":"In\u00edcio","item":"https:\/\/semanasantabraga.com\/es\/"},{"@type":"ListItem","position":2,"name":"Carmona, Espa\u00f1a"}]},{"@type":"WebSite","@id":"https:\/\/semanasantabraga.com\/#website","url":"https:\/\/semanasantabraga.com\/","name":"Semana Santa de Braga - S\u00edtio Oficial","description":"","potentialAction":[{"@type":"SearchAction","target":{"@type":"EntryPoint","urlTemplate":"https:\/\/semanasantabraga.com\/?s={search_term_string}"},"query-input":{"@type":"PropertyValueSpecification","valueRequired":true,"valueName":"search_term_string"}}],"inLanguage":"es"}]}},"_links":{"self":[{"href":"https:\/\/semanasantabraga.com\/es\/wp-json\/wp\/v2\/pages\/9437","targetHints":{"allow":["GET"]}}],"collection":[{"href":"https:\/\/semanasantabraga.com\/es\/wp-json\/wp\/v2\/pages"}],"about":[{"href":"https:\/\/semanasantabraga.com\/es\/wp-json\/wp\/v2\/types\/page"}],"author":[{"embeddable":true,"href":"https:\/\/semanasantabraga.com\/es\/wp-json\/wp\/v2\/users\/3"}],"replies":[{"embeddable":true,"href":"https:\/\/semanasantabraga.com\/es\/wp-json\/wp\/v2\/comments?post=9437"}],"version-history":[{"count":2,"href":"https:\/\/semanasantabraga.com\/es\/wp-json\/wp\/v2\/pages\/9437\/revisions"}],"predecessor-version":[{"id":9479,"href":"https:\/\/semanasantabraga.com\/es\/wp-json\/wp\/v2\/pages\/9437\/revisions\/9479"}],"wp:attachment":[{"href":"https:\/\/semanasantabraga.com\/es\/wp-json\/wp\/v2\/media?parent=9437"}],"curies":[{"name":"wp","href":"https:\/\/api.w.org\/{rel}","templated":true}]}}