{"id":9449,"date":"2023-03-09T09:42:26","date_gmt":"2023-03-09T09:42:26","guid":{"rendered":"https:\/\/semanasantabraga.com\/?page_id=9449"},"modified":"2023-03-09T09:44:11","modified_gmt":"2023-03-09T09:44:11","slug":"palermo-italia","status":"publish","type":"page","link":"https:\/\/semanasantabraga.com\/es\/palermo-italia\/","title":{"rendered":"Palermo, Italia"},"content":{"rendered":"<p>Palermo es la capital de la regi\u00f3n italiana de Sicilia. Esta ciudad hist\u00f3rica es uno de los destinos m\u00e1s interessantes para visitar em sur de Italia. Los ritos de Semana Santa en la capital siciliana son un evento religioso popular t\u00edpico. Este conjunto de rituales se originan durante la Sicilia espa\u00f1ola de 1516 a 1713, cuando la isla estuvo bajo el dominio de la Corona de Arag\u00f3n, em conjunto con el Reino de N\u00e1poles. En total, 38 processiones de variadas dimensiones recorren las calles de Palermo durante la Semana Santa.<\/p>\n<p>&nbsp;<\/p>\n","protected":false},"excerpt":{"rendered":"<p>Palermo es la capital de la regi\u00f3n italiana de Sicilia. Esta ciudad hist\u00f3rica es uno de los destinos m\u00e1s interessantes para visitar em sur de Italia. Los ritos de Semana Santa en la capital siciliana son un evento religioso popular t\u00edpico. Este conjunto de rituales se originan durante la Sicilia espa\u00f1ola de 1516 a 1713, [&hellip;]<\/p>\n","protected":false},"author":3,"featured_media":0,"parent":0,"menu_order":5,"comment_status":"closed","ping_status":"closed","template":"template-paginaexposicao.php","meta":{"_acf_changed":false,"inline_featured_image":false,"footnotes":""},"class_list":["post-9449","page","type-page","status-publish","hentry"],"acf":{"subtitulo_do_tipo_de_pagina":"Exposici\u00f3n de fotograf\u00eda","titulo_do_tipo_de_pagina":"Semana Santa, una perspetiva europea","texto_do_tipo_de_pagina":"","titulo_botao":"Saber mas","link_externo":"https:\/\/www.holyweekeurope.com\/","organizadores":[{"ID":9363,"id":9363,"title":"Braga - Cidade Aut\u00eantica","filename":"1.jpg","filesize":"9081","url":"https:\/\/semanasantabraga.com\/wp-content\/uploads\/2023\/03\/1.jpg","link":"https:\/\/semanasantabraga.com\/es\/ecija-espana\/attachment\/1\/","alt":"","author":"12","description":"","caption":"","name":"1","status":"inherit","uploaded_to":9345,"date":"2023-03-01 15:36:41","modified":"2023-03-01 15:41:10","menu_order":0,"mime_type":"image\/jpeg","type":"image","subtype":"jpeg","icon":"https:\/\/semanasantabraga.com\/wp-includes\/images\/media\/default.png","width":103,"height":123,"sizes":{"thumbnail":"https:\/\/semanasantabraga.com\/wp-content\/uploads\/2023\/03\/1.jpg","thumbnail-width":103,"thumbnail-height":123,"medium":"https:\/\/semanasantabraga.com\/wp-content\/uploads\/2023\/03\/1.jpg","medium-width":103,"medium-height":123,"medium_large":"https:\/\/semanasantabraga.com\/wp-content\/uploads\/2023\/03\/1.jpg","medium_large-width":103,"medium_large-height":123,"large":"https:\/\/semanasantabraga.com\/wp-content\/uploads\/2023\/03\/1.jpg","large-width":103,"large-height":123,"1536x1536":"https:\/\/semanasantabraga.com\/wp-content\/uploads\/2023\/03\/1.jpg","1536x1536-width":103,"1536x1536-height":123,"2048x2048":"https:\/\/semanasantabraga.com\/wp-content\/uploads\/2023\/03\/1.jpg","2048x2048-width":103,"2048x2048-height":123}},{"ID":9360,"id":9360,"title":"Comiss\u00e3o da Quaresma e Solenidades da Semana Santa de Braga","filename":"2.jpg","filesize":"9238","url":"https:\/\/semanasantabraga.com\/wp-content\/uploads\/2023\/03\/2.jpg","link":"https:\/\/semanasantabraga.com\/es\/ecija-espana\/attachment\/2\/","alt":"","author":"12","description":"","caption":"","name":"2","status":"inherit","uploaded_to":9345,"date":"2023-03-01 15:36:40","modified":"2023-03-01 15:40:55","menu_order":0,"mime_type":"image\/jpeg","type":"image","subtype":"jpeg","icon":"https:\/\/semanasantabraga.com\/wp-includes\/images\/media\/default.png","width":136,"height":123,"sizes":{"thumbnail":"https:\/\/semanasantabraga.com\/wp-content\/uploads\/2023\/03\/2.jpg","thumbnail-width":136,"thumbnail-height":123,"medium":"https:\/\/semanasantabraga.com\/wp-content\/uploads\/2023\/03\/2.jpg","medium-width":136,"medium-height":123,"medium_large":"https:\/\/semanasantabraga.com\/wp-content\/uploads\/2023\/03\/2.jpg","medium_large-width":136,"medium_large-height":123,"large":"https:\/\/semanasantabraga.com\/wp-content\/uploads\/2023\/03\/2.jpg","large-width":136,"large-height":123,"1536x1536":"https:\/\/semanasantabraga.com\/wp-content\/uploads\/2023\/03\/2.jpg","1536x1536-width":136,"1536x1536-height":123,"2048x2048":"https:\/\/semanasantabraga.com\/wp-content\/uploads\/2023\/03\/2.jpg","2048x2048-width":136,"2048x2048-height":123}},{"ID":9357,"id":9357,"title":"Rede Europeia de Celebra\u00e7\u00f5es da Semana Santa e P\u00e1scoa","filename":"3.jpg","filesize":"20989","url":"https:\/\/semanasantabraga.com\/wp-content\/uploads\/2023\/03\/3.jpg","link":"https:\/\/semanasantabraga.com\/es\/ecija-espana\/attachment\/3\/","alt":"","author":"12","description":"","caption":"","name":"3","status":"inherit","uploaded_to":9345,"date":"2023-03-01 15:36:38","modified":"2023-03-01 15:41:35","menu_order":0,"mime_type":"image\/jpeg","type":"image","subtype":"jpeg","icon":"https:\/\/semanasantabraga.com\/wp-includes\/images\/media\/default.png","width":270,"height":123,"sizes":{"thumbnail":"https:\/\/semanasantabraga.com\/wp-content\/uploads\/2023\/03\/3.jpg","thumbnail-width":270,"thumbnail-height":123,"medium":"https:\/\/semanasantabraga.com\/wp-content\/uploads\/2023\/03\/3.jpg","medium-width":270,"medium-height":123,"medium_large":"https:\/\/semanasantabraga.com\/wp-content\/uploads\/2023\/03\/3.jpg","medium_large-width":270,"medium_large-height":123,"large":"https:\/\/semanasantabraga.com\/wp-content\/uploads\/2023\/03\/3.jpg","large-width":270,"large-height":123,"1536x1536":"https:\/\/semanasantabraga.com\/wp-content\/uploads\/2023\/03\/3.jpg","1536x1536-width":270,"1536x1536-height":123,"2048x2048":"https:\/\/semanasantabraga.com\/wp-content\/uploads\/2023\/03\/3.jpg","2048x2048-width":270,"2048x2048-height":123}}]},"yoast_head":"<!-- This site is optimized with the Yoast SEO plugin v27.4 - https:\/\/yoast.com\/product\/yoast-seo-wordpress\/ -->\n<title>Palermo, Italia - Semana Santa de Braga - S\u00edtio Oficial<\/title>\n<meta name=\"robots\" content=\"index, follow, max-snippet:-1, max-image-preview:large, max-video-preview:-1\" \/>\n<link rel=\"canonical\" href=\"https:\/\/semanasantabraga.com\/es\/palermo-italia\/\" \/>\n<meta name=\"twitter:card\" content=\"summary_large_image\" \/>\n<meta name=\"twitter:title\" content=\"Palermo, Italia - Semana Santa de Braga - S\u00edtio Oficial\" \/>\n<meta name=\"twitter:description\" content=\"Palermo es la capital de la regi\u00f3n italiana de Sicilia. Esta ciudad hist\u00f3rica es uno de los destinos m\u00e1s interessantes para visitar em sur de Italia. Los ritos de Semana Santa en la capital siciliana son un evento religioso popular t\u00edpico. Este conjunto de rituales se originan durante la Sicilia espa\u00f1ola de 1516 a 1713, [&hellip;]\" \/>\n<meta name=\"twitter:label1\" content=\"Tiempo de lectura\" \/>\n\t<meta name=\"twitter:data1\" content=\"1 minuto\" \/>\n<script type=\"application\/ld+json\" class=\"yoast-schema-graph\">{\"@context\":\"https:\\\/\\\/schema.org\",\"@graph\":[{\"@type\":\"WebPage\",\"@id\":\"https:\\\/\\\/semanasantabraga.com\\\/es\\\/palermo-italia\\\/\",\"url\":\"https:\\\/\\\/semanasantabraga.com\\\/es\\\/palermo-italia\\\/\",\"name\":\"Palermo, Italia - Semana Santa de Braga - S\u00edtio Oficial\",\"isPartOf\":{\"@id\":\"https:\\\/\\\/semanasantabraga.com\\\/#website\"},\"datePublished\":\"2023-03-09T09:42:26+00:00\",\"dateModified\":\"2023-03-09T09:44:11+00:00\",\"breadcrumb\":{\"@id\":\"https:\\\/\\\/semanasantabraga.com\\\/es\\\/palermo-italia\\\/#breadcrumb\"},\"inLanguage\":\"es\",\"potentialAction\":[{\"@type\":\"ReadAction\",\"target\":[\"https:\\\/\\\/semanasantabraga.com\\\/es\\\/palermo-italia\\\/\"]}]},{\"@type\":\"BreadcrumbList\",\"@id\":\"https:\\\/\\\/semanasantabraga.com\\\/es\\\/palermo-italia\\\/#breadcrumb\",\"itemListElement\":[{\"@type\":\"ListItem\",\"position\":1,\"name\":\"In\u00edcio\",\"item\":\"https:\\\/\\\/semanasantabraga.com\\\/es\\\/\"},{\"@type\":\"ListItem\",\"position\":2,\"name\":\"Palermo, Italia\"}]},{\"@type\":\"WebSite\",\"@id\":\"https:\\\/\\\/semanasantabraga.com\\\/#website\",\"url\":\"https:\\\/\\\/semanasantabraga.com\\\/\",\"name\":\"Semana Santa de Braga - S\u00edtio Oficial\",\"description\":\"\",\"potentialAction\":[{\"@type\":\"SearchAction\",\"target\":{\"@type\":\"EntryPoint\",\"urlTemplate\":\"https:\\\/\\\/semanasantabraga.com\\\/?s={search_term_string}\"},\"query-input\":{\"@type\":\"PropertyValueSpecification\",\"valueRequired\":true,\"valueName\":\"search_term_string\"}}],\"inLanguage\":\"es\"}]}<\/script>\n<!-- \/ Yoast SEO plugin. -->","yoast_head_json":{"title":"Palermo, Italia - Semana Santa de Braga - S\u00edtio Oficial","robots":{"index":"index","follow":"follow","max-snippet":"max-snippet:-1","max-image-preview":"max-image-preview:large","max-video-preview":"max-video-preview:-1"},"canonical":"https:\/\/semanasantabraga.com\/es\/palermo-italia\/","twitter_card":"summary_large_image","twitter_title":"Palermo, Italia - Semana Santa de Braga - S\u00edtio Oficial","twitter_description":"Palermo es la capital de la regi\u00f3n italiana de Sicilia. Esta ciudad hist\u00f3rica es uno de los destinos m\u00e1s interessantes para visitar em sur de Italia. Los ritos de Semana Santa en la capital siciliana son un evento religioso popular t\u00edpico. Este conjunto de rituales se originan durante la Sicilia espa\u00f1ola de 1516 a 1713, [&hellip;]","twitter_misc":{"Tiempo de lectura":"1 minuto"},"schema":{"@context":"https:\/\/schema.org","@graph":[{"@type":"WebPage","@id":"https:\/\/semanasantabraga.com\/es\/palermo-italia\/","url":"https:\/\/semanasantabraga.com\/es\/palermo-italia\/","name":"Palermo, Italia - Semana Santa de Braga - S\u00edtio Oficial","isPartOf":{"@id":"https:\/\/semanasantabraga.com\/#website"},"datePublished":"2023-03-09T09:42:26+00:00","dateModified":"2023-03-09T09:44:11+00:00","breadcrumb":{"@id":"https:\/\/semanasantabraga.com\/es\/palermo-italia\/#breadcrumb"},"inLanguage":"es","potentialAction":[{"@type":"ReadAction","target":["https:\/\/semanasantabraga.com\/es\/palermo-italia\/"]}]},{"@type":"BreadcrumbList","@id":"https:\/\/semanasantabraga.com\/es\/palermo-italia\/#breadcrumb","itemListElement":[{"@type":"ListItem","position":1,"name":"In\u00edcio","item":"https:\/\/semanasantabraga.com\/es\/"},{"@type":"ListItem","position":2,"name":"Palermo, Italia"}]},{"@type":"WebSite","@id":"https:\/\/semanasantabraga.com\/#website","url":"https:\/\/semanasantabraga.com\/","name":"Semana Santa de Braga - S\u00edtio Oficial","description":"","potentialAction":[{"@type":"SearchAction","target":{"@type":"EntryPoint","urlTemplate":"https:\/\/semanasantabraga.com\/?s={search_term_string}"},"query-input":{"@type":"PropertyValueSpecification","valueRequired":true,"valueName":"search_term_string"}}],"inLanguage":"es"}]}},"_links":{"self":[{"href":"https:\/\/semanasantabraga.com\/es\/wp-json\/wp\/v2\/pages\/9449","targetHints":{"allow":["GET"]}}],"collection":[{"href":"https:\/\/semanasantabraga.com\/es\/wp-json\/wp\/v2\/pages"}],"about":[{"href":"https:\/\/semanasantabraga.com\/es\/wp-json\/wp\/v2\/types\/page"}],"author":[{"embeddable":true,"href":"https:\/\/semanasantabraga.com\/es\/wp-json\/wp\/v2\/users\/3"}],"replies":[{"embeddable":true,"href":"https:\/\/semanasantabraga.com\/es\/wp-json\/wp\/v2\/comments?post=9449"}],"version-history":[{"count":2,"href":"https:\/\/semanasantabraga.com\/es\/wp-json\/wp\/v2\/pages\/9449\/revisions"}],"predecessor-version":[{"id":9452,"href":"https:\/\/semanasantabraga.com\/es\/wp-json\/wp\/v2\/pages\/9449\/revisions\/9452"}],"wp:attachment":[{"href":"https:\/\/semanasantabraga.com\/es\/wp-json\/wp\/v2\/media?parent=9449"}],"curies":[{"name":"wp","href":"https:\/\/api.w.org\/{rel}","templated":true}]}}