{"id":9459,"date":"2023-03-09T09:58:30","date_gmt":"2023-03-09T09:58:30","guid":{"rendered":"https:\/\/semanasantabraga.com\/?page_id=9459"},"modified":"2023-03-09T15:13:45","modified_gmt":"2023-03-09T15:13:45","slug":"skofjaloka-eslovenia","status":"publish","type":"page","link":"https:\/\/semanasantabraga.com\/es\/skofjaloka-eslovenia\/","title":{"rendered":"Skofja Loka, Eslovenia"},"content":{"rendered":"<p>SKOFJA LOKA es una peque\u00f1a ciudad ubicada en la regi\u00f3n de Liubliana, y est\u00e1 considerada como la ciudad medieval mejor preservada de Eslovenia. \u00ab\u0160kofja Loka Passion Play\u00bb es una obra de teatro realizada como procesi\u00f3n en las calles del centro de la ciudad durante la Cuaresma y la Pascua. Involucra a m\u00e1s de 900 artistas locales y se basa en un manuscrito secular. Toda la comunidad participa en la obra, que se presenta en el dialecto de la \u00e9poca en la que fue escrita. Su ejecuci\u00f3n es tan compleja que solo se realiza cada seis a\u00f1os. Es considerada Patrimonio Cultural Inmaterial de la Humanidad.<\/p>\n","protected":false},"excerpt":{"rendered":"<p>SKOFJA LOKA es una peque\u00f1a ciudad ubicada en la regi\u00f3n de Liubliana, y est\u00e1 considerada como la ciudad medieval mejor preservada de Eslovenia. \u00ab\u0160kofja Loka Passion Play\u00bb es una obra de teatro realizada como procesi\u00f3n en las calles del centro de la ciudad durante la Cuaresma y la Pascua. Involucra a m\u00e1s de 900 artistas [&hellip;]<\/p>\n","protected":false},"author":3,"featured_media":0,"parent":0,"menu_order":2,"comment_status":"closed","ping_status":"closed","template":"template-paginaexposicao.php","meta":{"_acf_changed":false,"inline_featured_image":false,"footnotes":""},"class_list":["post-9459","page","type-page","status-publish","hentry"],"acf":{"subtitulo_do_tipo_de_pagina":"Exposici\u00f3n de fotograf\u00eda","titulo_do_tipo_de_pagina":"Semana Santa, una perspetiva europea","texto_do_tipo_de_pagina":"","titulo_botao":"Saber mas","link_externo":"https:\/\/www.holyweekeurope.com\/","organizadores":[{"ID":9363,"id":9363,"title":"Braga - Cidade Aut\u00eantica","filename":"1.jpg","filesize":"9081","url":"https:\/\/semanasantabraga.com\/wp-content\/uploads\/2023\/03\/1.jpg","link":"https:\/\/semanasantabraga.com\/es\/ecija-espana\/attachment\/1\/","alt":"","author":"12","description":"","caption":"","name":"1","status":"inherit","uploaded_to":9345,"date":"2023-03-01 15:36:41","modified":"2023-03-01 15:41:10","menu_order":0,"mime_type":"image\/jpeg","type":"image","subtype":"jpeg","icon":"https:\/\/semanasantabraga.com\/wp-includes\/images\/media\/default.png","width":103,"height":123,"sizes":{"thumbnail":"https:\/\/semanasantabraga.com\/wp-content\/uploads\/2023\/03\/1.jpg","thumbnail-width":103,"thumbnail-height":123,"medium":"https:\/\/semanasantabraga.com\/wp-content\/uploads\/2023\/03\/1.jpg","medium-width":103,"medium-height":123,"medium_large":"https:\/\/semanasantabraga.com\/wp-content\/uploads\/2023\/03\/1.jpg","medium_large-width":103,"medium_large-height":123,"large":"https:\/\/semanasantabraga.com\/wp-content\/uploads\/2023\/03\/1.jpg","large-width":103,"large-height":123,"1536x1536":"https:\/\/semanasantabraga.com\/wp-content\/uploads\/2023\/03\/1.jpg","1536x1536-width":103,"1536x1536-height":123,"2048x2048":"https:\/\/semanasantabraga.com\/wp-content\/uploads\/2023\/03\/1.jpg","2048x2048-width":103,"2048x2048-height":123}},{"ID":9360,"id":9360,"title":"Comiss\u00e3o da Quaresma e Solenidades da Semana Santa de Braga","filename":"2.jpg","filesize":"9238","url":"https:\/\/semanasantabraga.com\/wp-content\/uploads\/2023\/03\/2.jpg","link":"https:\/\/semanasantabraga.com\/es\/ecija-espana\/attachment\/2\/","alt":"","author":"12","description":"","caption":"","name":"2","status":"inherit","uploaded_to":9345,"date":"2023-03-01 15:36:40","modified":"2023-03-01 15:40:55","menu_order":0,"mime_type":"image\/jpeg","type":"image","subtype":"jpeg","icon":"https:\/\/semanasantabraga.com\/wp-includes\/images\/media\/default.png","width":136,"height":123,"sizes":{"thumbnail":"https:\/\/semanasantabraga.com\/wp-content\/uploads\/2023\/03\/2.jpg","thumbnail-width":136,"thumbnail-height":123,"medium":"https:\/\/semanasantabraga.com\/wp-content\/uploads\/2023\/03\/2.jpg","medium-width":136,"medium-height":123,"medium_large":"https:\/\/semanasantabraga.com\/wp-content\/uploads\/2023\/03\/2.jpg","medium_large-width":136,"medium_large-height":123,"large":"https:\/\/semanasantabraga.com\/wp-content\/uploads\/2023\/03\/2.jpg","large-width":136,"large-height":123,"1536x1536":"https:\/\/semanasantabraga.com\/wp-content\/uploads\/2023\/03\/2.jpg","1536x1536-width":136,"1536x1536-height":123,"2048x2048":"https:\/\/semanasantabraga.com\/wp-content\/uploads\/2023\/03\/2.jpg","2048x2048-width":136,"2048x2048-height":123}},{"ID":9357,"id":9357,"title":"Rede Europeia de Celebra\u00e7\u00f5es da Semana Santa e P\u00e1scoa","filename":"3.jpg","filesize":"20989","url":"https:\/\/semanasantabraga.com\/wp-content\/uploads\/2023\/03\/3.jpg","link":"https:\/\/semanasantabraga.com\/es\/ecija-espana\/attachment\/3\/","alt":"","author":"12","description":"","caption":"","name":"3","status":"inherit","uploaded_to":9345,"date":"2023-03-01 15:36:38","modified":"2023-03-01 15:41:35","menu_order":0,"mime_type":"image\/jpeg","type":"image","subtype":"jpeg","icon":"https:\/\/semanasantabraga.com\/wp-includes\/images\/media\/default.png","width":270,"height":123,"sizes":{"thumbnail":"https:\/\/semanasantabraga.com\/wp-content\/uploads\/2023\/03\/3.jpg","thumbnail-width":270,"thumbnail-height":123,"medium":"https:\/\/semanasantabraga.com\/wp-content\/uploads\/2023\/03\/3.jpg","medium-width":270,"medium-height":123,"medium_large":"https:\/\/semanasantabraga.com\/wp-content\/uploads\/2023\/03\/3.jpg","medium_large-width":270,"medium_large-height":123,"large":"https:\/\/semanasantabraga.com\/wp-content\/uploads\/2023\/03\/3.jpg","large-width":270,"large-height":123,"1536x1536":"https:\/\/semanasantabraga.com\/wp-content\/uploads\/2023\/03\/3.jpg","1536x1536-width":270,"1536x1536-height":123,"2048x2048":"https:\/\/semanasantabraga.com\/wp-content\/uploads\/2023\/03\/3.jpg","2048x2048-width":270,"2048x2048-height":123}}]},"yoast_head":"<!-- This site is optimized with the Yoast SEO plugin v27.5 - https:\/\/yoast.com\/product\/yoast-seo-wordpress\/ -->\n<title>Skofja Loka, Eslovenia - Semana Santa de Braga - S\u00edtio Oficial<\/title>\n<meta name=\"robots\" content=\"index, follow, max-snippet:-1, max-image-preview:large, max-video-preview:-1\" \/>\n<link rel=\"canonical\" href=\"https:\/\/semanasantabraga.com\/es\/skofjaloka-eslovenia\/\" \/>\n<meta name=\"twitter:card\" content=\"summary_large_image\" \/>\n<meta name=\"twitter:title\" content=\"Skofja Loka, Eslovenia - Semana Santa de Braga - S\u00edtio Oficial\" \/>\n<meta name=\"twitter:description\" content=\"SKOFJA LOKA es una peque\u00f1a ciudad ubicada en la regi\u00f3n de Liubliana, y est\u00e1 considerada como la ciudad medieval mejor preservada de Eslovenia. \u00ab\u0160kofja Loka Passion Play\u00bb es una obra de teatro realizada como procesi\u00f3n en las calles del centro de la ciudad durante la Cuaresma y la Pascua. Involucra a m\u00e1s de 900 artistas [&hellip;]\" \/>\n<meta name=\"twitter:label1\" content=\"Tiempo de lectura\" \/>\n\t<meta name=\"twitter:data1\" content=\"1 minuto\" \/>\n<script type=\"application\/ld+json\" class=\"yoast-schema-graph\">{\"@context\":\"https:\\\/\\\/schema.org\",\"@graph\":[{\"@type\":\"WebPage\",\"@id\":\"https:\\\/\\\/semanasantabraga.com\\\/es\\\/skofjaloka-eslovenia\\\/\",\"url\":\"https:\\\/\\\/semanasantabraga.com\\\/es\\\/skofjaloka-eslovenia\\\/\",\"name\":\"Skofja Loka, Eslovenia - Semana Santa de Braga - S\u00edtio Oficial\",\"isPartOf\":{\"@id\":\"https:\\\/\\\/semanasantabraga.com\\\/#website\"},\"datePublished\":\"2023-03-09T09:58:30+00:00\",\"dateModified\":\"2023-03-09T15:13:45+00:00\",\"breadcrumb\":{\"@id\":\"https:\\\/\\\/semanasantabraga.com\\\/es\\\/skofjaloka-eslovenia\\\/#breadcrumb\"},\"inLanguage\":\"es\",\"potentialAction\":[{\"@type\":\"ReadAction\",\"target\":[\"https:\\\/\\\/semanasantabraga.com\\\/es\\\/skofjaloka-eslovenia\\\/\"]}]},{\"@type\":\"BreadcrumbList\",\"@id\":\"https:\\\/\\\/semanasantabraga.com\\\/es\\\/skofjaloka-eslovenia\\\/#breadcrumb\",\"itemListElement\":[{\"@type\":\"ListItem\",\"position\":1,\"name\":\"In\u00edcio\",\"item\":\"https:\\\/\\\/semanasantabraga.com\\\/es\\\/\"},{\"@type\":\"ListItem\",\"position\":2,\"name\":\"Skofja Loka, Eslovenia\"}]},{\"@type\":\"WebSite\",\"@id\":\"https:\\\/\\\/semanasantabraga.com\\\/#website\",\"url\":\"https:\\\/\\\/semanasantabraga.com\\\/\",\"name\":\"Semana Santa de Braga - S\u00edtio Oficial\",\"description\":\"\",\"potentialAction\":[{\"@type\":\"SearchAction\",\"target\":{\"@type\":\"EntryPoint\",\"urlTemplate\":\"https:\\\/\\\/semanasantabraga.com\\\/?s={search_term_string}\"},\"query-input\":{\"@type\":\"PropertyValueSpecification\",\"valueRequired\":true,\"valueName\":\"search_term_string\"}}],\"inLanguage\":\"es\"}]}<\/script>\n<!-- \/ Yoast SEO plugin. -->","yoast_head_json":{"title":"Skofja Loka, Eslovenia - Semana Santa de Braga - S\u00edtio Oficial","robots":{"index":"index","follow":"follow","max-snippet":"max-snippet:-1","max-image-preview":"max-image-preview:large","max-video-preview":"max-video-preview:-1"},"canonical":"https:\/\/semanasantabraga.com\/es\/skofjaloka-eslovenia\/","twitter_card":"summary_large_image","twitter_title":"Skofja Loka, Eslovenia - Semana Santa de Braga - S\u00edtio Oficial","twitter_description":"SKOFJA LOKA es una peque\u00f1a ciudad ubicada en la regi\u00f3n de Liubliana, y est\u00e1 considerada como la ciudad medieval mejor preservada de Eslovenia. \u00ab\u0160kofja Loka Passion Play\u00bb es una obra de teatro realizada como procesi\u00f3n en las calles del centro de la ciudad durante la Cuaresma y la Pascua. Involucra a m\u00e1s de 900 artistas [&hellip;]","twitter_misc":{"Tiempo de lectura":"1 minuto"},"schema":{"@context":"https:\/\/schema.org","@graph":[{"@type":"WebPage","@id":"https:\/\/semanasantabraga.com\/es\/skofjaloka-eslovenia\/","url":"https:\/\/semanasantabraga.com\/es\/skofjaloka-eslovenia\/","name":"Skofja Loka, Eslovenia - Semana Santa de Braga - S\u00edtio Oficial","isPartOf":{"@id":"https:\/\/semanasantabraga.com\/#website"},"datePublished":"2023-03-09T09:58:30+00:00","dateModified":"2023-03-09T15:13:45+00:00","breadcrumb":{"@id":"https:\/\/semanasantabraga.com\/es\/skofjaloka-eslovenia\/#breadcrumb"},"inLanguage":"es","potentialAction":[{"@type":"ReadAction","target":["https:\/\/semanasantabraga.com\/es\/skofjaloka-eslovenia\/"]}]},{"@type":"BreadcrumbList","@id":"https:\/\/semanasantabraga.com\/es\/skofjaloka-eslovenia\/#breadcrumb","itemListElement":[{"@type":"ListItem","position":1,"name":"In\u00edcio","item":"https:\/\/semanasantabraga.com\/es\/"},{"@type":"ListItem","position":2,"name":"Skofja Loka, Eslovenia"}]},{"@type":"WebSite","@id":"https:\/\/semanasantabraga.com\/#website","url":"https:\/\/semanasantabraga.com\/","name":"Semana Santa de Braga - S\u00edtio Oficial","description":"","potentialAction":[{"@type":"SearchAction","target":{"@type":"EntryPoint","urlTemplate":"https:\/\/semanasantabraga.com\/?s={search_term_string}"},"query-input":{"@type":"PropertyValueSpecification","valueRequired":true,"valueName":"search_term_string"}}],"inLanguage":"es"}]}},"_links":{"self":[{"href":"https:\/\/semanasantabraga.com\/es\/wp-json\/wp\/v2\/pages\/9459","targetHints":{"allow":["GET"]}}],"collection":[{"href":"https:\/\/semanasantabraga.com\/es\/wp-json\/wp\/v2\/pages"}],"about":[{"href":"https:\/\/semanasantabraga.com\/es\/wp-json\/wp\/v2\/types\/page"}],"author":[{"embeddable":true,"href":"https:\/\/semanasantabraga.com\/es\/wp-json\/wp\/v2\/users\/3"}],"replies":[{"embeddable":true,"href":"https:\/\/semanasantabraga.com\/es\/wp-json\/wp\/v2\/comments?post=9459"}],"version-history":[{"count":3,"href":"https:\/\/semanasantabraga.com\/es\/wp-json\/wp\/v2\/pages\/9459\/revisions"}],"predecessor-version":[{"id":9487,"href":"https:\/\/semanasantabraga.com\/es\/wp-json\/wp\/v2\/pages\/9459\/revisions\/9487"}],"wp:attachment":[{"href":"https:\/\/semanasantabraga.com\/es\/wp-json\/wp\/v2\/media?parent=9459"}],"curies":[{"name":"wp","href":"https:\/\/api.w.org\/{rel}","templated":true}]}}