{"id":9462,"date":"2023-03-09T10:07:03","date_gmt":"2023-03-09T10:07:03","guid":{"rendered":"https:\/\/semanasantabraga.com\/?page_id=9462"},"modified":"2023-03-09T10:07:03","modified_gmt":"2023-03-09T10:07:03","slug":"utrera-espana","status":"publish","type":"page","link":"https:\/\/semanasantabraga.com\/es\/utrera-espana\/","title":{"rendered":"Utrera, Espa\u00f1a"},"content":{"rendered":"<p><strong>FOTOGRAF\u00edA 1<\/strong><\/p>\n<p>&nbsp;<\/p>\n<p><em>Autor<\/em>: Rafael Pe\u00f1a<\/p>\n<p>&nbsp;<\/p>\n<p>La Semana Santa de Utrera es uno de los acontecimientos, religioso y festivo, m\u00e1s importante de la ciudad, gozando de un enorme fervor entre sus vecinos. Durante los siete d\u00edas de la Semana de Pasi\u00f3n, procesionan un total de 13 cofrad\u00edas recorriendo las hermosas calles y plazas, discurriendo todas ellas por una carrera oficial situada en la Plaza del Altozano donde se instalan palcos y sillas. En los desfiles procesionales se aprecia el legado religioso y art\u00edstico de las hermandades utreranas, algunas de ellas fundadas entre los siglos XVI y XVIII. En la imagen, observamos a Nuestra Se\u00f1ora de los \u00c1ngeles en su Soledad a su paso por la calle San Fernando la tarde del Domingo de Ramos, obra tallada en el siglo XX. En el desfile procesional, le precede en grupo escult\u00f3rico de la Quinta Angustia vinculado a la Escuela Granadina del siglo XVIII. En Utrera, es tradicional recibir a las v\u00edrgenes con una lluvia de p\u00e9talos a su paso por las calles de la ciudad.<\/p>\n<p>&nbsp;<\/p>\n<p>&nbsp;<\/p>\n<p>&nbsp;<\/p>\n<p><strong>FOTOGRAF\u00edA 2<\/strong><\/p>\n<p>&nbsp;<\/p>\n<p><em>Autor<\/em>: Oficina de Caminos de Pasi\u00f3n<\/p>\n<p>&nbsp;<\/p>\n<p>En la madrugada del Viernes Santo se puede disfrutar de la conocida como la \u2018Madrug\u00e1 gitana\u2019, en la que los gitanos de Utrera le cantan a sus titulares: el Sant\u00edsimo Cristo de la Buena Muerte, obra de la primera mitad del siglo XVII relacionada con el c\u00edrculo de Francisco de Ocampo, y Nuestra Se\u00f1ora de la Esperanza, dolorosa de 1952 retallada dos d\u00e9cadas despu\u00e9s por Luis \u00c1lvarez Duarte. Su estaci\u00f3n de penitencia en la madrugada del Viernes Santo constituye uno de los momentos cumbres de la Semana Santa utrerana, por el ambiente festivo de cantes y palmas con que los gitanos celebran la salida de ambos pasos desde la Iglesia de Santiago El Mayor, templo g\u00f3tico de finales del siglo XIII. Esta hermandad tambi\u00e9n destaca por su labor caritativa y por organizar en el mes de junio el Potaje Gitano de Utrera, el festival flamenco m\u00e1s antiguo del mundo.<\/p>\n<p>&nbsp;<\/p>\n<p>&nbsp;<\/p>\n<p>&nbsp;<\/p>\n<p><strong>FOTOGRAF\u00edA 3<\/strong><\/p>\n<p>&nbsp;<\/p>\n<p><em>Autor<\/em>: Pablo Anaya<\/p>\n<p>&nbsp;<\/p>\n<p>La Muy Antigua Hermandad y Archicofrad\u00eda de Nazarenos de la Santa Veracruz es la m\u00e1s antigua de cuantas procesionan en la Semana Santa de Utrera, fechada en 1546. Entre sus titulares, se encuentran el Santo Entierro del Sant\u00edsimo Cristo Yacente y Nuestra Se\u00f1ora de los Dolores y en Soledad, realizada por Antonio Castillo Lastrucci en 1923 y que procesiona en ambas advocaciones, como Virgen de los Dolores y como Soledad el S\u00e1bado Santo, momento en que la vemos en la imagen vestida de riguroso luto bajo palio tambi\u00e9n negro, una de las joyas de la Semana Santa utrerana. Destacar que, cuando el desfile procesional alcanza la Parroquia de Santiago, se incorporan al cortejo los miembros del Consejo de Cofrad\u00edas y autoridades con objeto de acompa\u00f1ar en el duelo a su paso por la Carrera Oficial hasta su recogida en la Iglesia de San Francisco<\/p>\n<p>&nbsp;<\/p>\n<p>&nbsp;<\/p>\n<p>&nbsp;<\/p>\n<p><strong>FOTOGRAF\u00edA 4<\/strong><\/p>\n<p>&nbsp;<\/p>\n<p><em>Autor<\/em>: Pablo Anaya<\/p>\n<p>&nbsp;<\/p>\n<p>La Ilustre Hermandad de Nuestro Padre Jes\u00fas Atado a la Columna, Mar\u00eda Sant\u00edsima de la Paz y San Pedro Pr\u00edncipe de los Ap\u00f3stoles, conocida como la Hermandad de los Aceituneros, es la \u00fanica hermandad gremial existente en Utrera. Fue fundada en los a\u00f1os cincuenta del pasado siglo XX, momento en que el sector aceitunero era la principal industria utrerana y aglutinaba a un amplio sector de la poblaci\u00f3n. Realiza su estaci\u00f3n penitencial cada Mi\u00e9rcoles Santo desde la Parroquia de Santa Mar\u00eda de la Mesa, templo g\u00f3tico del siglo XV. En la imagen observamos la imagen de Nuestro Padre Jes\u00fas Atado a la Columna, atribuida a Benito de Hita y Castillo y fechada en 1759.<\/p>\n<p>&nbsp;<\/p>\n","protected":false},"excerpt":{"rendered":"<p>FOTOGRAF\u00edA 1 &nbsp; Autor: Rafael Pe\u00f1a &nbsp; La Semana Santa de Utrera es uno de los acontecimientos, religioso y festivo, m\u00e1s importante de la ciudad, gozando de un enorme fervor entre sus vecinos. Durante los siete d\u00edas de la Semana de Pasi\u00f3n, procesionan un total de 13 cofrad\u00edas recorriendo las hermosas calles y plazas, discurriendo [&hellip;]<\/p>\n","protected":false},"author":3,"featured_media":0,"parent":0,"menu_order":1,"comment_status":"closed","ping_status":"closed","template":"template-paginaexposicao.php","meta":{"_acf_changed":false,"inline_featured_image":false,"footnotes":""},"class_list":["post-9462","page","type-page","status-publish","hentry"],"acf":{"subtitulo_do_tipo_de_pagina":"Exposici\u00f3n de fotograf\u00eda","titulo_do_tipo_de_pagina":"Semana Santa, una perspetiva europea","texto_do_tipo_de_pagina":"","titulo_botao":"Saber mas","link_externo":"https:\/\/www.holyweekeurope.com\/","organizadores":[{"ID":9363,"id":9363,"title":"Braga - Cidade Aut\u00eantica","filename":"1.jpg","filesize":"9081","url":"https:\/\/semanasantabraga.com\/wp-content\/uploads\/2023\/03\/1.jpg","link":"https:\/\/semanasantabraga.com\/es\/ecija-espana\/attachment\/1\/","alt":"","author":"12","description":"","caption":"","name":"1","status":"inherit","uploaded_to":9345,"date":"2023-03-01 15:36:41","modified":"2023-03-01 15:41:10","menu_order":0,"mime_type":"image\/jpeg","type":"image","subtype":"jpeg","icon":"https:\/\/semanasantabraga.com\/wp-includes\/images\/media\/default.png","width":103,"height":123,"sizes":{"thumbnail":"https:\/\/semanasantabraga.com\/wp-content\/uploads\/2023\/03\/1.jpg","thumbnail-width":103,"thumbnail-height":123,"medium":"https:\/\/semanasantabraga.com\/wp-content\/uploads\/2023\/03\/1.jpg","medium-width":103,"medium-height":123,"medium_large":"https:\/\/semanasantabraga.com\/wp-content\/uploads\/2023\/03\/1.jpg","medium_large-width":103,"medium_large-height":123,"large":"https:\/\/semanasantabraga.com\/wp-content\/uploads\/2023\/03\/1.jpg","large-width":103,"large-height":123,"1536x1536":"https:\/\/semanasantabraga.com\/wp-content\/uploads\/2023\/03\/1.jpg","1536x1536-width":103,"1536x1536-height":123,"2048x2048":"https:\/\/semanasantabraga.com\/wp-content\/uploads\/2023\/03\/1.jpg","2048x2048-width":103,"2048x2048-height":123}},{"ID":9360,"id":9360,"title":"Comiss\u00e3o da Quaresma e Solenidades da Semana Santa de Braga","filename":"2.jpg","filesize":"9238","url":"https:\/\/semanasantabraga.com\/wp-content\/uploads\/2023\/03\/2.jpg","link":"https:\/\/semanasantabraga.com\/es\/ecija-espana\/attachment\/2\/","alt":"","author":"12","description":"","caption":"","name":"2","status":"inherit","uploaded_to":9345,"date":"2023-03-01 15:36:40","modified":"2023-03-01 15:40:55","menu_order":0,"mime_type":"image\/jpeg","type":"image","subtype":"jpeg","icon":"https:\/\/semanasantabraga.com\/wp-includes\/images\/media\/default.png","width":136,"height":123,"sizes":{"thumbnail":"https:\/\/semanasantabraga.com\/wp-content\/uploads\/2023\/03\/2.jpg","thumbnail-width":136,"thumbnail-height":123,"medium":"https:\/\/semanasantabraga.com\/wp-content\/uploads\/2023\/03\/2.jpg","medium-width":136,"medium-height":123,"medium_large":"https:\/\/semanasantabraga.com\/wp-content\/uploads\/2023\/03\/2.jpg","medium_large-width":136,"medium_large-height":123,"large":"https:\/\/semanasantabraga.com\/wp-content\/uploads\/2023\/03\/2.jpg","large-width":136,"large-height":123,"1536x1536":"https:\/\/semanasantabraga.com\/wp-content\/uploads\/2023\/03\/2.jpg","1536x1536-width":136,"1536x1536-height":123,"2048x2048":"https:\/\/semanasantabraga.com\/wp-content\/uploads\/2023\/03\/2.jpg","2048x2048-width":136,"2048x2048-height":123}},{"ID":9357,"id":9357,"title":"Rede Europeia de Celebra\u00e7\u00f5es da Semana Santa e P\u00e1scoa","filename":"3.jpg","filesize":"20989","url":"https:\/\/semanasantabraga.com\/wp-content\/uploads\/2023\/03\/3.jpg","link":"https:\/\/semanasantabraga.com\/es\/ecija-espana\/attachment\/3\/","alt":"","author":"12","description":"","caption":"","name":"3","status":"inherit","uploaded_to":9345,"date":"2023-03-01 15:36:38","modified":"2023-03-01 15:41:35","menu_order":0,"mime_type":"image\/jpeg","type":"image","subtype":"jpeg","icon":"https:\/\/semanasantabraga.com\/wp-includes\/images\/media\/default.png","width":270,"height":123,"sizes":{"thumbnail":"https:\/\/semanasantabraga.com\/wp-content\/uploads\/2023\/03\/3.jpg","thumbnail-width":270,"thumbnail-height":123,"medium":"https:\/\/semanasantabraga.com\/wp-content\/uploads\/2023\/03\/3.jpg","medium-width":270,"medium-height":123,"medium_large":"https:\/\/semanasantabraga.com\/wp-content\/uploads\/2023\/03\/3.jpg","medium_large-width":270,"medium_large-height":123,"large":"https:\/\/semanasantabraga.com\/wp-content\/uploads\/2023\/03\/3.jpg","large-width":270,"large-height":123,"1536x1536":"https:\/\/semanasantabraga.com\/wp-content\/uploads\/2023\/03\/3.jpg","1536x1536-width":270,"1536x1536-height":123,"2048x2048":"https:\/\/semanasantabraga.com\/wp-content\/uploads\/2023\/03\/3.jpg","2048x2048-width":270,"2048x2048-height":123}}]},"yoast_head":"<!-- This site is optimized with the Yoast SEO plugin v27.4 - https:\/\/yoast.com\/product\/yoast-seo-wordpress\/ -->\n<title>Utrera, Espa\u00f1a - Semana Santa de Braga - S\u00edtio Oficial<\/title>\n<meta name=\"robots\" content=\"index, follow, max-snippet:-1, max-image-preview:large, max-video-preview:-1\" \/>\n<link rel=\"canonical\" href=\"https:\/\/semanasantabraga.com\/es\/utrera-espana\/\" \/>\n<meta name=\"twitter:card\" content=\"summary_large_image\" \/>\n<meta name=\"twitter:title\" content=\"Utrera, Espa\u00f1a - Semana Santa de Braga - S\u00edtio Oficial\" \/>\n<meta name=\"twitter:description\" content=\"FOTOGRAF\u00edA 1 &nbsp; Autor: Rafael Pe\u00f1a &nbsp; La Semana Santa de Utrera es uno de los acontecimientos, religioso y festivo, m\u00e1s importante de la ciudad, gozando de un enorme fervor entre sus vecinos. Durante los siete d\u00edas de la Semana de Pasi\u00f3n, procesionan un total de 13 cofrad\u00edas recorriendo las hermosas calles y plazas, discurriendo [&hellip;]\" \/>\n<meta name=\"twitter:label1\" content=\"Tiempo de lectura\" \/>\n\t<meta name=\"twitter:data1\" content=\"4 minutos\" \/>\n<script type=\"application\/ld+json\" class=\"yoast-schema-graph\">{\"@context\":\"https:\\\/\\\/schema.org\",\"@graph\":[{\"@type\":\"WebPage\",\"@id\":\"https:\\\/\\\/semanasantabraga.com\\\/es\\\/utrera-espana\\\/\",\"url\":\"https:\\\/\\\/semanasantabraga.com\\\/es\\\/utrera-espana\\\/\",\"name\":\"Utrera, Espa\u00f1a - Semana Santa de Braga - S\u00edtio Oficial\",\"isPartOf\":{\"@id\":\"https:\\\/\\\/semanasantabraga.com\\\/#website\"},\"datePublished\":\"2023-03-09T10:07:03+00:00\",\"breadcrumb\":{\"@id\":\"https:\\\/\\\/semanasantabraga.com\\\/es\\\/utrera-espana\\\/#breadcrumb\"},\"inLanguage\":\"es\",\"potentialAction\":[{\"@type\":\"ReadAction\",\"target\":[\"https:\\\/\\\/semanasantabraga.com\\\/es\\\/utrera-espana\\\/\"]}]},{\"@type\":\"BreadcrumbList\",\"@id\":\"https:\\\/\\\/semanasantabraga.com\\\/es\\\/utrera-espana\\\/#breadcrumb\",\"itemListElement\":[{\"@type\":\"ListItem\",\"position\":1,\"name\":\"In\u00edcio\",\"item\":\"https:\\\/\\\/semanasantabraga.com\\\/es\\\/\"},{\"@type\":\"ListItem\",\"position\":2,\"name\":\"Utrera, Espa\u00f1a\"}]},{\"@type\":\"WebSite\",\"@id\":\"https:\\\/\\\/semanasantabraga.com\\\/#website\",\"url\":\"https:\\\/\\\/semanasantabraga.com\\\/\",\"name\":\"Semana Santa de Braga - S\u00edtio Oficial\",\"description\":\"\",\"potentialAction\":[{\"@type\":\"SearchAction\",\"target\":{\"@type\":\"EntryPoint\",\"urlTemplate\":\"https:\\\/\\\/semanasantabraga.com\\\/?s={search_term_string}\"},\"query-input\":{\"@type\":\"PropertyValueSpecification\",\"valueRequired\":true,\"valueName\":\"search_term_string\"}}],\"inLanguage\":\"es\"}]}<\/script>\n<!-- \/ Yoast SEO plugin. -->","yoast_head_json":{"title":"Utrera, Espa\u00f1a - Semana Santa de Braga - S\u00edtio Oficial","robots":{"index":"index","follow":"follow","max-snippet":"max-snippet:-1","max-image-preview":"max-image-preview:large","max-video-preview":"max-video-preview:-1"},"canonical":"https:\/\/semanasantabraga.com\/es\/utrera-espana\/","twitter_card":"summary_large_image","twitter_title":"Utrera, Espa\u00f1a - Semana Santa de Braga - S\u00edtio Oficial","twitter_description":"FOTOGRAF\u00edA 1 &nbsp; Autor: Rafael Pe\u00f1a &nbsp; La Semana Santa de Utrera es uno de los acontecimientos, religioso y festivo, m\u00e1s importante de la ciudad, gozando de un enorme fervor entre sus vecinos. Durante los siete d\u00edas de la Semana de Pasi\u00f3n, procesionan un total de 13 cofrad\u00edas recorriendo las hermosas calles y plazas, discurriendo [&hellip;]","twitter_misc":{"Tiempo de lectura":"4 minutos"},"schema":{"@context":"https:\/\/schema.org","@graph":[{"@type":"WebPage","@id":"https:\/\/semanasantabraga.com\/es\/utrera-espana\/","url":"https:\/\/semanasantabraga.com\/es\/utrera-espana\/","name":"Utrera, Espa\u00f1a - Semana Santa de Braga - S\u00edtio Oficial","isPartOf":{"@id":"https:\/\/semanasantabraga.com\/#website"},"datePublished":"2023-03-09T10:07:03+00:00","breadcrumb":{"@id":"https:\/\/semanasantabraga.com\/es\/utrera-espana\/#breadcrumb"},"inLanguage":"es","potentialAction":[{"@type":"ReadAction","target":["https:\/\/semanasantabraga.com\/es\/utrera-espana\/"]}]},{"@type":"BreadcrumbList","@id":"https:\/\/semanasantabraga.com\/es\/utrera-espana\/#breadcrumb","itemListElement":[{"@type":"ListItem","position":1,"name":"In\u00edcio","item":"https:\/\/semanasantabraga.com\/es\/"},{"@type":"ListItem","position":2,"name":"Utrera, Espa\u00f1a"}]},{"@type":"WebSite","@id":"https:\/\/semanasantabraga.com\/#website","url":"https:\/\/semanasantabraga.com\/","name":"Semana Santa de Braga - S\u00edtio Oficial","description":"","potentialAction":[{"@type":"SearchAction","target":{"@type":"EntryPoint","urlTemplate":"https:\/\/semanasantabraga.com\/?s={search_term_string}"},"query-input":{"@type":"PropertyValueSpecification","valueRequired":true,"valueName":"search_term_string"}}],"inLanguage":"es"}]}},"_links":{"self":[{"href":"https:\/\/semanasantabraga.com\/es\/wp-json\/wp\/v2\/pages\/9462","targetHints":{"allow":["GET"]}}],"collection":[{"href":"https:\/\/semanasantabraga.com\/es\/wp-json\/wp\/v2\/pages"}],"about":[{"href":"https:\/\/semanasantabraga.com\/es\/wp-json\/wp\/v2\/types\/page"}],"author":[{"embeddable":true,"href":"https:\/\/semanasantabraga.com\/es\/wp-json\/wp\/v2\/users\/3"}],"replies":[{"embeddable":true,"href":"https:\/\/semanasantabraga.com\/es\/wp-json\/wp\/v2\/comments?post=9462"}],"version-history":[{"count":1,"href":"https:\/\/semanasantabraga.com\/es\/wp-json\/wp\/v2\/pages\/9462\/revisions"}],"predecessor-version":[{"id":9464,"href":"https:\/\/semanasantabraga.com\/es\/wp-json\/wp\/v2\/pages\/9462\/revisions\/9464"}],"wp:attachment":[{"href":"https:\/\/semanasantabraga.com\/es\/wp-json\/wp\/v2\/media?parent=9462"}],"curies":[{"name":"wp","href":"https:\/\/api.w.org\/{rel}","templated":true}]}}