{"id":9465,"date":"2023-03-09T10:15:48","date_gmt":"2023-03-09T10:15:48","guid":{"rendered":"https:\/\/semanasantabraga.com\/?page_id=9465"},"modified":"2023-03-14T16:51:36","modified_gmt":"2023-03-14T16:51:36","slug":"viveiro-espana","status":"publish","type":"page","link":"https:\/\/semanasantabraga.com\/es\/viveiro-espana\/","title":{"rendered":"Viveiro, Espa\u00f1a"},"content":{"rendered":"<p><strong>FOTOGRAF\u00cdA 1<\/strong><\/p>\n<p><strong>El encuentro<\/strong><\/p>\n<p>&nbsp;<\/p>\n<p><em>Autor<\/em>: Jos\u00e9 Miguel Soto L\u00f3pez<\/p>\n<p>&nbsp;<\/p>\n<p>En la ma\u00f1ana de Viernes Santo tiene lugar El Encuentro, el acto m\u00e1s antiguo de la Semana Santa de Viveiro, se realiza desde tiempos inmemoriales y est\u00e1 organizado por la Venerable Orden Tercera franciscana. Consiste en un serm\u00f3n ilustrado con im\u00e1genes articuladas que van reproduciendo los misterios del Calvario siguiendo el relato b\u00edblico que el predicador pronuncia desde el p\u00falpito. Participan en este acto cuatro im\u00e1genes: Jes\u00fas con la cruz a cuestas (llamado \u00abEl Cristo que cae\u00bb, an\u00f3nimo, siglo XVI). La Dolorosa (an\u00f3nima-1741), San Juan y La Ver\u00f3nica (Juan Sarmiento-1775).<\/p>\n<p>&nbsp;<\/p>\n<p><em>Momento retratado de la imagen<\/em>:<\/p>\n<p>La imagen recoge el momento previo al abrazo de la Virgen de los Dolores (La Dolorosa) y Jes\u00fas, con la cruz a cuestas, en la calle de la Amargura de camino al monte Calvario. El Encuentro se celebra en la Plaza Mayor de Viveiro donde tienen lugar las dos primeras ca\u00eddas, tras recorrer las calles del centro hist\u00f3rico se llega al atrio de la iglesia de Santa Mar\u00eda del Campo donde se realiza la tercera ca\u00edda.<\/p>\n<p>&nbsp;<\/p>\n<p>&nbsp;<\/p>\n<p>&nbsp;<\/p>\n<p><strong>FOTOGRAF\u00cdA 2<\/strong><\/p>\n<p><strong>Sant\u00edsimo Cristo Yacente<\/strong><\/p>\n<p>&nbsp;<\/p>\n<p><em>Autor<\/em>: Mar\u00eda San Isidro Rego<\/p>\n<p>&nbsp;<\/p>\n<p>En la tarde de Viernes Santo despu\u00e9s del acto del Descendimiento, la escenificaci\u00f3n de la bajada de Jes\u00fas de la cruz, se celebra la procesi\u00f3n del Santo Entierro, organizada por la Ilustre y Venerable Cofrad\u00eda del Sant\u00edsimo Rosario. Participan los pasos de La Magdalena (Jos\u00e9 Tena-1916), San Juan (Jos\u00e9 Tena-1909), el Sant\u00edsimo Cristo Yacente (Jos\u00e9 Tena-1909, Rodr\u00edguez y Puente-1955) y la Virgen de la Soledad (Jos\u00e9 Rivas-s.XX).<\/p>\n<p>&nbsp;<\/p>\n<p><em>Momento retratado de la imagen<\/em>:<br \/>\nPaso del Sant\u00edsimo Cristo Yacente procesionando por la calle principal del centro hist\u00f3rico, va precedido por un grupo de soldados romanos, la imagen nos muestra a Cristo Yacente recostado en el sepulcro sobre una roca cubierta con un pa\u00f1o blanco, a modo de lecho, lo que ayuda a realzar el realismo de cuerpo inerte y semiflexionado, va escoltado por cuatro \u00e1ngeles que portan los atributos de la Pasi\u00f3n.<\/p>\n<p>&nbsp;<\/p>\n<p><strong>FOTOGRAF\u00cdA 3<\/strong><\/p>\n<p><strong>Sant\u00edsimo Cristo de la Piedad<\/strong><\/p>\n<p>&nbsp;<\/p>\n<p><em>Autor<\/em>: Sa\u00fal Jim\u00e9nez Rodr\u00edguez<\/p>\n<p>&nbsp;<\/p>\n<p>En la noche de Viernes Santo tiene lugar la procesi\u00f3n de la Pasi\u00f3n en la que participan alrededor de mil personas acompa\u00f1ando a las im\u00e1genes de El Prendimiento (Jos\u00e9 Rivas-1947), El Calvario (Jos\u00e9 Rivas-1946\/1949 y Rodr\u00edguez y Puente-1952), Sant\u00edsimo Cristo de la Piedad (Jos\u00e9 Rivas-1945) y Mar\u00eda al pie de la Cruz (Modesto Quilis-1908). Todos son pasos de gran tama\u00f1o, especialmente el Calvario que por las estrechas calles del centro hist\u00f3rico procesiona en una plataforma rodada y desde la plaza de Lugo lo hace a hombros de m\u00e1s de 100 llevadores y llevadoras. Mar\u00eda al pie de la cruz es portada exclusivamente por mujeres, y tambi\u00e9n resulta muy emotivo, ver llegar el paso del Sant\u00edsimo Cristo de la Piedad de regreso a la iglesia donde es bailado por los llevadores.<\/p>\n<p>&nbsp;<\/p>\n<p><em>Momento retratado de la imagen<\/em>:<br \/>\nSant\u00edsimo Cristo de la Piedad a su paso por la Plaza Mayor va precedido por la banda romana de tambores de la cofrad\u00eda; representa a la Virgen Mar\u00eda abatida de dolor sujetando en su regazo a Jes\u00fas despu\u00e9s de ser descendido de la cruz. Resulta muy impresionante ver procesionar esta imagen a la que iluminan cerca de doscientas velas.<\/p>\n<p>&nbsp;<\/p>\n<p>&nbsp;<\/p>\n<p>&nbsp;<\/p>\n<p><strong>FOTOGRAF\u00cdA 4<\/strong><\/p>\n<p><strong>El prendimiento<\/strong><\/p>\n<p>&nbsp;<\/p>\n<p><em>Autor<\/em>: Mar\u00eda San Isidro Rego<\/p>\n<p>&nbsp;<\/p>\n<p>En la noche de Jueves Santo tiene lugar la procesi\u00f3n del Prendimiento, una de las m\u00e1s completas en la que participan cinco im\u00e1genes: El Prendimiento o \u201cEl Beso de Judas\u201d (Jos\u00e9 Rivas-1947), Las Negaciones de San Pedro (Antonio Bernal-2010\/2019), Ecce-Homo \u201cCoraz\u00f3n de Jes\u00fas\u201d (s. XVII), Nuestro Padre Jes\u00fas Nazareno (Francisco Romero Zafra-2012) y la Virgen de los Dolores (principios s. XIX).<\/p>\n<p>&nbsp;<\/p>\n<p><em>Momento retratado de la imagen<\/em>:<br \/>\nEl Prendimiento o Beso de Judas incia su recorrido procesional en la carpa Antesala de un Museo, la imagen representa la traici\u00f3n de Judas en el momento de su beso para delatar a Jes\u00fas, este paso de misterio lo componen tambi\u00e9n un centuri\u00f3n y un say\u00f3n. La foto est\u00e1 tomada a escasos metros de la Plaza Mayor donde alcanza mayor esplendor la procesi\u00f3n.<\/p>\n<p>&nbsp;<\/p>\n<p>&nbsp;<\/p>\n<p>&nbsp;<\/p>\n<p><strong>FOTOGRAF\u00cdA 4<\/strong><\/p>\n<p><strong>Ecce Homo de la Misericordia<\/strong><\/p>\n<p>&nbsp;<\/p>\n<p><em>Autor<\/em>: To\u00f1o Go\u00e1s<\/p>\n<p>&nbsp;<\/p>\n<p>En las primeras horas de la madrugada de Viernes Santo tiene lugar la procesi\u00f3n de la Misericordia, su salida se efect\u00faa desde la capilla de la Misericordia para atravesar el puente del mismo nombre y en la que participan dos im\u00e1genes, el Ecce-Homo de la Misericordia (s. XVII) y Nuestra Se\u00f1ora de la Clemencia (Francisco Gij\u00f3n-2004).<\/p>\n<p>&nbsp;<\/p>\n<p><em>Momento retratado de la imagen<\/em>:<br \/>\nLa imagen representa la entrada del paso del Ecce-Homo despu\u00e9s de pasar el puente de la Misericordia para acceder al centro hist\u00f3rico a trav\u00e9s de la puerta de Carlos V, una de las antiguas puertas de la muralla, y el monumento m\u00e1s representativo de nuestra ciudad. Va precedido de nazarenos que portan velones rojos uno de los colores de la cofrad\u00eda.<\/p>\n<p>&nbsp;<\/p>\n","protected":false},"excerpt":{"rendered":"<p>FOTOGRAF\u00cdA 1 El encuentro &nbsp; Autor: Jos\u00e9 Miguel Soto L\u00f3pez &nbsp; En la ma\u00f1ana de Viernes Santo tiene lugar El Encuentro, el acto m\u00e1s antiguo de la Semana Santa de Viveiro, se realiza desde tiempos inmemoriales y est\u00e1 organizado por la Venerable Orden Tercera franciscana. Consiste en un serm\u00f3n ilustrado con im\u00e1genes articuladas que van [&hellip;]<\/p>\n","protected":false},"author":3,"featured_media":0,"parent":0,"menu_order":0,"comment_status":"closed","ping_status":"closed","template":"template-paginaexposicao.php","meta":{"_acf_changed":false,"inline_featured_image":false,"footnotes":""},"class_list":["post-9465","page","type-page","status-publish","hentry"],"acf":{"subtitulo_do_tipo_de_pagina":"Exposici\u00f3n de fotograf\u00eda","titulo_do_tipo_de_pagina":"Semana Santa, una perspetiva europea","texto_do_tipo_de_pagina":"","titulo_botao":"Saber mas","link_externo":"https:\/\/www.holyweekeurope.com\/","organizadores":[{"ID":9363,"id":9363,"title":"Braga - Cidade Aut\u00eantica","filename":"1.jpg","filesize":"9081","url":"https:\/\/semanasantabraga.com\/wp-content\/uploads\/2023\/03\/1.jpg","link":"https:\/\/semanasantabraga.com\/es\/ecija-espana\/attachment\/1\/","alt":"","author":"12","description":"","caption":"","name":"1","status":"inherit","uploaded_to":9345,"date":"2023-03-01 15:36:41","modified":"2023-03-01 15:41:10","menu_order":0,"mime_type":"image\/jpeg","type":"image","subtype":"jpeg","icon":"https:\/\/semanasantabraga.com\/wp-includes\/images\/media\/default.png","width":103,"height":123,"sizes":{"thumbnail":"https:\/\/semanasantabraga.com\/wp-content\/uploads\/2023\/03\/1.jpg","thumbnail-width":103,"thumbnail-height":123,"medium":"https:\/\/semanasantabraga.com\/wp-content\/uploads\/2023\/03\/1.jpg","medium-width":103,"medium-height":123,"medium_large":"https:\/\/semanasantabraga.com\/wp-content\/uploads\/2023\/03\/1.jpg","medium_large-width":103,"medium_large-height":123,"large":"https:\/\/semanasantabraga.com\/wp-content\/uploads\/2023\/03\/1.jpg","large-width":103,"large-height":123,"1536x1536":"https:\/\/semanasantabraga.com\/wp-content\/uploads\/2023\/03\/1.jpg","1536x1536-width":103,"1536x1536-height":123,"2048x2048":"https:\/\/semanasantabraga.com\/wp-content\/uploads\/2023\/03\/1.jpg","2048x2048-width":103,"2048x2048-height":123}},{"ID":9360,"id":9360,"title":"Comiss\u00e3o da Quaresma e Solenidades da Semana Santa de Braga","filename":"2.jpg","filesize":"9238","url":"https:\/\/semanasantabraga.com\/wp-content\/uploads\/2023\/03\/2.jpg","link":"https:\/\/semanasantabraga.com\/es\/ecija-espana\/attachment\/2\/","alt":"","author":"12","description":"","caption":"","name":"2","status":"inherit","uploaded_to":9345,"date":"2023-03-01 15:36:40","modified":"2023-03-01 15:40:55","menu_order":0,"mime_type":"image\/jpeg","type":"image","subtype":"jpeg","icon":"https:\/\/semanasantabraga.com\/wp-includes\/images\/media\/default.png","width":136,"height":123,"sizes":{"thumbnail":"https:\/\/semanasantabraga.com\/wp-content\/uploads\/2023\/03\/2.jpg","thumbnail-width":136,"thumbnail-height":123,"medium":"https:\/\/semanasantabraga.com\/wp-content\/uploads\/2023\/03\/2.jpg","medium-width":136,"medium-height":123,"medium_large":"https:\/\/semanasantabraga.com\/wp-content\/uploads\/2023\/03\/2.jpg","medium_large-width":136,"medium_large-height":123,"large":"https:\/\/semanasantabraga.com\/wp-content\/uploads\/2023\/03\/2.jpg","large-width":136,"large-height":123,"1536x1536":"https:\/\/semanasantabraga.com\/wp-content\/uploads\/2023\/03\/2.jpg","1536x1536-width":136,"1536x1536-height":123,"2048x2048":"https:\/\/semanasantabraga.com\/wp-content\/uploads\/2023\/03\/2.jpg","2048x2048-width":136,"2048x2048-height":123}},{"ID":9357,"id":9357,"title":"Rede Europeia de Celebra\u00e7\u00f5es da Semana Santa e P\u00e1scoa","filename":"3.jpg","filesize":"20989","url":"https:\/\/semanasantabraga.com\/wp-content\/uploads\/2023\/03\/3.jpg","link":"https:\/\/semanasantabraga.com\/es\/ecija-espana\/attachment\/3\/","alt":"","author":"12","description":"","caption":"","name":"3","status":"inherit","uploaded_to":9345,"date":"2023-03-01 15:36:38","modified":"2023-03-01 15:41:35","menu_order":0,"mime_type":"image\/jpeg","type":"image","subtype":"jpeg","icon":"https:\/\/semanasantabraga.com\/wp-includes\/images\/media\/default.png","width":270,"height":123,"sizes":{"thumbnail":"https:\/\/semanasantabraga.com\/wp-content\/uploads\/2023\/03\/3.jpg","thumbnail-width":270,"thumbnail-height":123,"medium":"https:\/\/semanasantabraga.com\/wp-content\/uploads\/2023\/03\/3.jpg","medium-width":270,"medium-height":123,"medium_large":"https:\/\/semanasantabraga.com\/wp-content\/uploads\/2023\/03\/3.jpg","medium_large-width":270,"medium_large-height":123,"large":"https:\/\/semanasantabraga.com\/wp-content\/uploads\/2023\/03\/3.jpg","large-width":270,"large-height":123,"1536x1536":"https:\/\/semanasantabraga.com\/wp-content\/uploads\/2023\/03\/3.jpg","1536x1536-width":270,"1536x1536-height":123,"2048x2048":"https:\/\/semanasantabraga.com\/wp-content\/uploads\/2023\/03\/3.jpg","2048x2048-width":270,"2048x2048-height":123}}]},"yoast_head":"<!-- This site is optimized with the Yoast SEO plugin v27.3 - https:\/\/yoast.com\/product\/yoast-seo-wordpress\/ -->\n<title>Viveiro, Espa\u00f1a - Semana Santa de Braga - S\u00edtio Oficial<\/title>\n<meta name=\"robots\" content=\"index, follow, max-snippet:-1, max-image-preview:large, max-video-preview:-1\" \/>\n<link rel=\"canonical\" href=\"https:\/\/semanasantabraga.com\/es\/viveiro-espana\/\" \/>\n<meta name=\"twitter:card\" content=\"summary_large_image\" \/>\n<meta name=\"twitter:title\" content=\"Viveiro, Espa\u00f1a - Semana Santa de Braga - S\u00edtio Oficial\" \/>\n<meta name=\"twitter:description\" content=\"FOTOGRAF\u00cdA 1 El encuentro &nbsp; Autor: Jos\u00e9 Miguel Soto L\u00f3pez &nbsp; En la ma\u00f1ana de Viernes Santo tiene lugar El Encuentro, el acto m\u00e1s antiguo de la Semana Santa de Viveiro, se realiza desde tiempos inmemoriales y est\u00e1 organizado por la Venerable Orden Tercera franciscana. Consiste en un serm\u00f3n ilustrado con im\u00e1genes articuladas que van [&hellip;]\" \/>\n<meta name=\"twitter:label1\" content=\"Tiempo de lectura\" \/>\n\t<meta name=\"twitter:data1\" content=\"5 minutos\" \/>\n<script type=\"application\/ld+json\" class=\"yoast-schema-graph\">{\"@context\":\"https:\\\/\\\/schema.org\",\"@graph\":[{\"@type\":\"WebPage\",\"@id\":\"https:\\\/\\\/semanasantabraga.com\\\/es\\\/viveiro-espana\\\/\",\"url\":\"https:\\\/\\\/semanasantabraga.com\\\/es\\\/viveiro-espana\\\/\",\"name\":\"Viveiro, Espa\u00f1a - Semana Santa de Braga - S\u00edtio Oficial\",\"isPartOf\":{\"@id\":\"https:\\\/\\\/semanasantabraga.com\\\/#website\"},\"datePublished\":\"2023-03-09T10:15:48+00:00\",\"dateModified\":\"2023-03-14T16:51:36+00:00\",\"breadcrumb\":{\"@id\":\"https:\\\/\\\/semanasantabraga.com\\\/es\\\/viveiro-espana\\\/#breadcrumb\"},\"inLanguage\":\"es\",\"potentialAction\":[{\"@type\":\"ReadAction\",\"target\":[\"https:\\\/\\\/semanasantabraga.com\\\/es\\\/viveiro-espana\\\/\"]}]},{\"@type\":\"BreadcrumbList\",\"@id\":\"https:\\\/\\\/semanasantabraga.com\\\/es\\\/viveiro-espana\\\/#breadcrumb\",\"itemListElement\":[{\"@type\":\"ListItem\",\"position\":1,\"name\":\"In\u00edcio\",\"item\":\"https:\\\/\\\/semanasantabraga.com\\\/es\\\/\"},{\"@type\":\"ListItem\",\"position\":2,\"name\":\"Viveiro, Espa\u00f1a\"}]},{\"@type\":\"WebSite\",\"@id\":\"https:\\\/\\\/semanasantabraga.com\\\/#website\",\"url\":\"https:\\\/\\\/semanasantabraga.com\\\/\",\"name\":\"Semana Santa de Braga - S\u00edtio Oficial\",\"description\":\"\",\"potentialAction\":[{\"@type\":\"SearchAction\",\"target\":{\"@type\":\"EntryPoint\",\"urlTemplate\":\"https:\\\/\\\/semanasantabraga.com\\\/?s={search_term_string}\"},\"query-input\":{\"@type\":\"PropertyValueSpecification\",\"valueRequired\":true,\"valueName\":\"search_term_string\"}}],\"inLanguage\":\"es\"}]}<\/script>\n<!-- \/ Yoast SEO plugin. -->","yoast_head_json":{"title":"Viveiro, Espa\u00f1a - Semana Santa de Braga - S\u00edtio Oficial","robots":{"index":"index","follow":"follow","max-snippet":"max-snippet:-1","max-image-preview":"max-image-preview:large","max-video-preview":"max-video-preview:-1"},"canonical":"https:\/\/semanasantabraga.com\/es\/viveiro-espana\/","twitter_card":"summary_large_image","twitter_title":"Viveiro, Espa\u00f1a - Semana Santa de Braga - S\u00edtio Oficial","twitter_description":"FOTOGRAF\u00cdA 1 El encuentro &nbsp; Autor: Jos\u00e9 Miguel Soto L\u00f3pez &nbsp; En la ma\u00f1ana de Viernes Santo tiene lugar El Encuentro, el acto m\u00e1s antiguo de la Semana Santa de Viveiro, se realiza desde tiempos inmemoriales y est\u00e1 organizado por la Venerable Orden Tercera franciscana. Consiste en un serm\u00f3n ilustrado con im\u00e1genes articuladas que van [&hellip;]","twitter_misc":{"Tiempo de lectura":"5 minutos"},"schema":{"@context":"https:\/\/schema.org","@graph":[{"@type":"WebPage","@id":"https:\/\/semanasantabraga.com\/es\/viveiro-espana\/","url":"https:\/\/semanasantabraga.com\/es\/viveiro-espana\/","name":"Viveiro, Espa\u00f1a - Semana Santa de Braga - S\u00edtio Oficial","isPartOf":{"@id":"https:\/\/semanasantabraga.com\/#website"},"datePublished":"2023-03-09T10:15:48+00:00","dateModified":"2023-03-14T16:51:36+00:00","breadcrumb":{"@id":"https:\/\/semanasantabraga.com\/es\/viveiro-espana\/#breadcrumb"},"inLanguage":"es","potentialAction":[{"@type":"ReadAction","target":["https:\/\/semanasantabraga.com\/es\/viveiro-espana\/"]}]},{"@type":"BreadcrumbList","@id":"https:\/\/semanasantabraga.com\/es\/viveiro-espana\/#breadcrumb","itemListElement":[{"@type":"ListItem","position":1,"name":"In\u00edcio","item":"https:\/\/semanasantabraga.com\/es\/"},{"@type":"ListItem","position":2,"name":"Viveiro, Espa\u00f1a"}]},{"@type":"WebSite","@id":"https:\/\/semanasantabraga.com\/#website","url":"https:\/\/semanasantabraga.com\/","name":"Semana Santa de Braga - S\u00edtio Oficial","description":"","potentialAction":[{"@type":"SearchAction","target":{"@type":"EntryPoint","urlTemplate":"https:\/\/semanasantabraga.com\/?s={search_term_string}"},"query-input":{"@type":"PropertyValueSpecification","valueRequired":true,"valueName":"search_term_string"}}],"inLanguage":"es"}]}},"_links":{"self":[{"href":"https:\/\/semanasantabraga.com\/es\/wp-json\/wp\/v2\/pages\/9465","targetHints":{"allow":["GET"]}}],"collection":[{"href":"https:\/\/semanasantabraga.com\/es\/wp-json\/wp\/v2\/pages"}],"about":[{"href":"https:\/\/semanasantabraga.com\/es\/wp-json\/wp\/v2\/types\/page"}],"author":[{"embeddable":true,"href":"https:\/\/semanasantabraga.com\/es\/wp-json\/wp\/v2\/users\/3"}],"replies":[{"embeddable":true,"href":"https:\/\/semanasantabraga.com\/es\/wp-json\/wp\/v2\/comments?post=9465"}],"version-history":[{"count":3,"href":"https:\/\/semanasantabraga.com\/es\/wp-json\/wp\/v2\/pages\/9465\/revisions"}],"predecessor-version":[{"id":9614,"href":"https:\/\/semanasantabraga.com\/es\/wp-json\/wp\/v2\/pages\/9465\/revisions\/9614"}],"wp:attachment":[{"href":"https:\/\/semanasantabraga.com\/es\/wp-json\/wp\/v2\/media?parent=9465"}],"curies":[{"name":"wp","href":"https:\/\/api.w.org\/{rel}","templated":true}]}}